{"id":475,"date":"2023-05-09T09:06:19","date_gmt":"2023-05-09T09:06:19","guid":{"rendered":"https:\/\/embryo.nl\/1770-the-multilingual-embryo\/"},"modified":"2023-09-13T11:23:00","modified_gmt":"2023-09-13T11:23:00","slug":"multilingual-embryo","status":"publish","type":"page","link":"https:\/\/www.embryo.nl\/en\/multilingual-embryo\/","title":{"rendered":"The Multilingual Embryo"},"content":{"rendered":"<p><span style=\"font-size: 133.333%;\">Only some articles are available in <\/span><span style=\"font-size: 133.333%;\"><b>other languages<\/b><\/span><span style=\"font-size: 133.333%;\"> than Dutch, German and English. Here below you will find links to articles in <b>French, Spanish, Italian, Russian and Portuguese<\/b>.<br \/>\n<\/span><span style=\"font-size: 18.6666px;\">For other information you have to deal with the Dutch, English or German version of the website.<br \/>\n<span style=\"font-size: 100%;\"><a title=\"\" href=\"https:\/\/embryo.nl\">Klik hier om terug te gaan en te beginnen met de internationale (Engelse) website.<\/a><\/span><br \/>\n<\/span><\/p>\n<p><span style=\"font-size: 133.333%; color: #851521;\"><b><img loading=\"lazy\" decoding=\"async\" class=\"alignnone wp-image-18619\" src=\"https:\/\/embryo.nl\/wp-content\/uploads\/2023\/09\/france-flag-icon-16.png\" alt=\"\" width=\"38\" height=\"26\" \/> FRANCAIS<\/b><\/span><br \/>\n<span style=\"font-size: 100%;\">Ici vous trouverez quelques informations\u00a0en d&#8217;autres langues. Seulement quelques articles sont disponibles dans d&#8217;autres langues que le n\u00e9erlandais, allemand et anglais. Pour d&#8217;autres informations que vous avez \u00e0 traiter avec les version Hollandais, Anglais ou Allemande du site. Voici ci-dessous, vous trouverez des liens vers des articles en fran\u00e7ais, espagnol, italien et russe.<br \/>\n<\/span><span style=\"font-size: 100%;\"><a href=\"https:\/\/embryo.nl\/publications-en-francais\/\">Clique ici pour le site en langue fran\u00e7aise<\/a><br \/>\n<\/span><span style=\"font-size: 100%;\"><a title=\"\" href=\"https:\/\/embryo.nl\">Cliquez ici pour revenir en arri\u00e8re et de commencer avec le (anglais) site internationa<\/a>l.<\/span><\/p>\n<p><span style=\"font-size: 133.333%; color: #851521;\"><b><img loading=\"lazy\" decoding=\"async\" class=\"alignnone wp-image-18620\" src=\"https:\/\/embryo.nl\/wp-content\/uploads\/2023\/09\/italy-flag-icon-16.png\" alt=\"\" width=\"39\" height=\"27\" \/> ITALIAN<\/b><\/span><br \/>\nQui troverete alcune informazioni in pi\u00f9 lingue. Solo alcuni articoli sono disponibili in altre lingue oltre olandese, tedesco e inglese. Per altre informazioni si ha a che fare con gli olandesi, inglesi o versione tedesca del sito. Qui di seguito troverete i link ad articoli in francese, spagnolo, italiano e russo.<br \/>\n<a href=\"https:\/\/embryo.nl\/pubblicazioni-in-italiano\/\">Clicca qui per vedere il sito italiano<\/a><br \/>\n<a title=\"\" href=\"https:\/\/embryo.nl\">Clicca qui per tornare indietro e ricominciare con la (inglese) sito internazionale<\/a>.<\/p>\n<p><span style=\"font-size: 133.333%; color: #851521;\"><b><img loading=\"lazy\" decoding=\"async\" class=\"alignnone wp-image-18616\" src=\"https:\/\/embryo.nl\/wp-content\/uploads\/2023\/09\/spain-flag-icon-16-3.png\" alt=\"\" width=\"36\" height=\"25\" \/> ESPAG\u00d1OL<\/b><\/span><br \/>\nAqu\u00ed usted encontrar\u00e1 informaci\u00f3n en m\u00e1s idiomas. S\u00f3lo algunos art\u00edculos est\u00e1n disponibles en otros idiomas aparte del holand\u00e9s, alem\u00e1n e Ingl\u00e9s. Para otra informaci\u00f3n que usted tiene que hacer frente a los holandeses, Ingl\u00e9s o versi\u00f3n alemana de la p\u00e1gina web. A continuaci\u00f3n encontrar\u00e1 enlaces a los art\u00edculos en franc\u00e9s, espa\u00f1ol, italiano y ruso.<br \/>\n<a href=\"https:\/\/embryo.nl\/publicaciones-en-espanol\/\">Clicca qui per visitare il sito in espagnolo<\/a><br \/>\n<a title=\"\" href=\"https:\/\/embryo.nl\">Haga clic\u00a0aqu\u00ed para volver atr\u00e1s y comenzar con el sitio web internacional (Ingl\u00e9s)<\/a>.<\/p>\n<p><span style=\"font-size: 133.333%; color: #851521;\"><b><img loading=\"lazy\" decoding=\"async\" class=\"alignnone wp-image-18618\" src=\"https:\/\/embryo.nl\/wp-content\/uploads\/2023\/09\/russia-flag-icon-16.png\" alt=\"\" width=\"35\" height=\"24\" \/>\u00a0\u0440\u0443\u0441\u0441\u043a\u043e\u043c<\/b><\/span><br \/>\n\u0417\u0434\u0435\u0441\u044c \u0432\u044b \u043d\u0430\u0439\u0434\u0435\u0442\u0435 \u043d\u0435\u043a\u043e\u0442\u043e\u0440\u0443\u044e \u0438\u043d\u0444\u043e\u0440\u043c\u0430\u0446\u0438\u044e \u0432 \u043d\u0435\u0441\u043a\u043e\u043b\u044c\u043a\u0438\u0445 \u044f\u0437\u044b\u043a\u0430\u0445. \u0422\u043e\u043b\u044c\u043a\u043e \u043d\u0435\u043a\u043e\u0442\u043e\u0440\u044b\u0435 \u0441\u0442\u0430\u0442\u044c\u0438 \u0434\u043e\u0441\u0442\u0443\u043f\u043d\u044b \u043d\u0430 \u0434\u0440\u0443\u0433\u0438\u0445 \u044f\u0437\u044b\u043a\u0430\u0445, \u0447\u0435\u043c \u0433\u043e\u043b\u043b\u0430\u043d\u0434\u0441\u043a\u0438\u0439, \u043d\u0435\u043c\u0435\u0446\u043a\u0438\u0439 \u0438 \u0430\u043d\u0433\u043b\u0438\u0439\u0441\u043a\u0438\u0439 \u044f\u0437\u044b\u043a\u0438. \u0414\u043b\u044f \u043f\u043e\u043b\u0443\u0447\u0435\u043d\u0438\u044f \u0434\u0440\u0443\u0433\u043e\u0439 \u0438\u043d\u0444\u043e\u0440\u043c\u0430\u0446\u0438\u0438 \u0432\u0430\u043c \u043f\u0440\u0438\u0434\u0435\u0442\u0441\u044f \u0438\u043c\u0435\u0442\u044c \u0434\u0435\u043b\u043e \u0441 \u0433\u043e\u043b\u043b\u0430\u043d\u0434\u0446\u0430\u043c\u0438, \u0430\u043d\u0433\u043b\u0438\u0439\u0441\u043a\u043e\u043c \u0438\u043b\u0438 \u043d\u0435\u043c\u0435\u0446\u043a\u043e\u043c \u044f\u0437\u044b\u043a\u0435 \u043d\u0430 \u0432\u0435\u0431-\u0441\u0430\u0439\u0442\u0435. \u0417\u0434\u0435\u0441\u044c \u043d\u0438\u0436\u0435 \u0432\u044b \u043d\u0430\u0439\u0434\u0435\u0442\u0435 \u0441\u0441\u044b\u043b\u043a\u0438 \u043d\u0430 \u0441\u0442\u0430\u0442\u044c\u0438 \u043d\u0430 \u0444\u0440\u0430\u043d\u0446\u0443\u0437\u0441\u043a\u043e\u043c, \u0438\u0441\u043f\u0430\u043d\u0441\u043a\u043e\u043c, \u0438\u0442\u0430\u043b\u044c\u044f\u043d\u0441\u043a\u043e\u043c \u0438 \u0440\u0443\u0441\u0441\u043a\u043e\u043c \u044f\u0437\u044b\u043a\u0430\u0445.<br \/>\n<a href=\"https:\/\/embryo.nl\/publications-in-russian\/\">\u0429\u0435\u043b\u043a\u043d\u0438\u0442\u0435 \u0437\u0434\u0435\u0441\u044c \u0434\u043b\u044f \u043f\u0435\u0440\u0435\u0445\u043e\u0434\u0430 \u043d\u0430 \u0440\u0443\u0441\u0441\u043a\u0438\u0439 \u0441\u0430\u0439\u0442<\/a><a title=\"\" href=\"https:\/\/embryo.nl\/publications-in-russian\/\"><br \/>\n<\/a><a title=\"\" href=\"https:\/\/embryo.nl\">\u041d\u0430\u0436\u043c\u0438\u0442\u0435 <\/a><a title=\"\" href=\"https:\/\/embryo.nl\/de\/publications-in-russian\/\">\u0437\u0434\u0435\u0441\u044c<\/a><a title=\"\" href=\"https:\/\/embryo.nl\/de\/publications-in-russian\/\">, \u0447\u0442\u043e\u0431\u044b \u0432\u0435\u0440\u043d\u0443\u0442\u044c\u0441\u044f \u0438 \u043d\u0430\u0447\u0430\u0442\u044c \u0441 \u0432 \u043c\u0435\u0436\u0434\u0443\u043d\u0430\u0440\u043e\u0434\u043d\u043e\u043c \u0441\u0430\u0439\u0442\u0435 (\u043d\u0430 \u0430\u043d\u0433\u043b\u0438\u0439\u0441\u043a\u043e\u043c \u044f\u0437\u044b\u043a\u0435<\/a><a title=\"\" href=\"https:\/\/embryo.nl\/publications-in-russian\/\">).<\/a><\/p>\n<p><span style=\"color: #993300;\"><strong><img loading=\"lazy\" decoding=\"async\" class=\"alignnone wp-image-18929\" src=\"https:\/\/embryo.nl\/wp-content\/uploads\/2023\/09\/portugal.png\" alt=\"\" width=\"42\" height=\"28\" \/> PORTUGU\u00caS<\/strong><\/span><br \/>\nAqui encontras algumas informa\u00e7\u00f5es em v\u00e1rias l\u00ednguas. Apenas alguns artigos est\u00e3o dispon\u00edveis noutras l\u00ednguas para al\u00e9m do neerland\u00eas, alem\u00e3o e ingl\u00eas. Para outras informa\u00e7\u00f5es, tens de consultar a vers\u00e3o holandesa, inglesa ou alem\u00e3 do s\u00edtio. Abaixo encontras liga\u00e7\u00f5es para artigos em franc\u00eas, espanhol, italiano e russo.<br \/>\n<a href=\"https:\/\/embryo.nl\/en\/publications-in-portuguese\/\">Clica aqui para acederes ao site portugu\u00eas<\/a><br \/>\n<a href=\"https:\/\/embryo.nl\">Clica aqui para voltar atr\u00e1s e come\u00e7ar de novo com o s\u00edtio internacional (ingl\u00eas).<\/a><\/p>\n","protected":false},"excerpt":{"rendered":"<p>Only some articles are available in other languages than Dutch, German and English. Here below you will find links to [&hellip;]<\/p>\n","protected":false},"author":2,"featured_media":214,"parent":0,"menu_order":42,"comment_status":"closed","ping_status":"closed","template":"","meta":{"footnotes":""},"categories":[],"class_list":["post-475","page","type-page","status-publish","has-post-thumbnail","hentry"],"yoast_head":"<!-- This site is optimized with the Yoast SEO plugin v27.4 - https:\/\/yoast.com\/product\/yoast-seo-wordpress\/ -->\n<title>The Multilingual Embryo<\/title>\n<meta name=\"robots\" content=\"index, follow, max-snippet:-1, max-image-preview:large, max-video-preview:-1\" \/>\n<link rel=\"canonical\" href=\"https:\/\/www.embryo.nl\/en\/multilingual-embryo\/\" \/>\n<meta property=\"og:locale\" content=\"en_US\" \/>\n<meta property=\"og:locale:alternate\" content=\"nl_NL\" \/>\n<meta property=\"og:locale:alternate\" content=\"de_DE\" \/>\n<meta property=\"og:type\" content=\"article\" \/>\n<meta property=\"og:title\" content=\"The Multilingual Embryo\" \/>\n<meta property=\"og:description\" content=\"Only some articles are available in other languages than Dutch, German and English. Here below you will find links to [&hellip;]\" \/>\n<meta property=\"og:url\" content=\"https:\/\/www.embryo.nl\/en\/multilingual-embryo\/\" \/>\n<meta property=\"og:site_name\" content=\"The Embryo in us\" \/>\n<meta property=\"article:publisher\" content=\"https:\/\/www.facebook.com\/jaapvanderwal01\" \/>\n<meta property=\"article:modified_time\" content=\"2023-09-13T11:23:00+00:00\" \/>\n<meta property=\"og:image\" content=\"https:\/\/www.embryo.nl\/wp-content\/uploads\/2023\/01\/header-embryo-ontwikkeling.jpg\" \/>\n\t<meta property=\"og:image:width\" content=\"1031\" \/>\n\t<meta property=\"og:image:height\" content=\"182\" \/>\n\t<meta property=\"og:image:type\" content=\"image\/jpeg\" \/>\n<meta name=\"twitter:card\" content=\"summary_large_image\" \/>\n<meta name=\"twitter:label1\" content=\"Est. reading time\" \/>\n\t<meta name=\"twitter:data1\" content=\"4 minutes\" \/>\n<script type=\"application\/ld+json\" class=\"yoast-schema-graph\">{\"@context\":\"https:\\\/\\\/schema.org\",\"@graph\":[{\"@type\":\"WebPage\",\"@id\":\"https:\\\/\\\/www.embryo.nl\\\/multilingual-embryo\\\/\",\"url\":\"https:\\\/\\\/www.embryo.nl\\\/multilingual-embryo\\\/\",\"name\":\"The Multilingual Embryo\",\"isPartOf\":{\"@id\":\"https:\\\/\\\/www.embryo.nl\\\/#website\"},\"primaryImageOfPage\":{\"@id\":\"https:\\\/\\\/www.embryo.nl\\\/multilingual-embryo\\\/#primaryimage\"},\"image\":{\"@id\":\"https:\\\/\\\/www.embryo.nl\\\/multilingual-embryo\\\/#primaryimage\"},\"thumbnailUrl\":\"https:\\\/\\\/www.embryo.nl\\\/wp-content\\\/uploads\\\/2023\\\/01\\\/header-embryo-ontwikkeling.jpg\",\"datePublished\":\"2023-05-09T09:06:19+00:00\",\"dateModified\":\"2023-09-13T11:23:00+00:00\",\"breadcrumb\":{\"@id\":\"https:\\\/\\\/www.embryo.nl\\\/multilingual-embryo\\\/#breadcrumb\"},\"inLanguage\":\"en-US\",\"potentialAction\":[{\"@type\":\"ReadAction\",\"target\":[\"https:\\\/\\\/www.embryo.nl\\\/multilingual-embryo\\\/\"]}]},{\"@type\":\"ImageObject\",\"inLanguage\":\"en-US\",\"@id\":\"https:\\\/\\\/www.embryo.nl\\\/multilingual-embryo\\\/#primaryimage\",\"url\":\"https:\\\/\\\/www.embryo.nl\\\/wp-content\\\/uploads\\\/2023\\\/01\\\/header-embryo-ontwikkeling.jpg\",\"contentUrl\":\"https:\\\/\\\/www.embryo.nl\\\/wp-content\\\/uploads\\\/2023\\\/01\\\/header-embryo-ontwikkeling.jpg\",\"width\":1031,\"height\":182},{\"@type\":\"BreadcrumbList\",\"@id\":\"https:\\\/\\\/www.embryo.nl\\\/multilingual-embryo\\\/#breadcrumb\",\"itemListElement\":[{\"@type\":\"ListItem\",\"position\":1,\"name\":\"Home\",\"item\":\"https:\\\/\\\/www.embryo.nl\\\/en\\\/\"},{\"@type\":\"ListItem\",\"position\":2,\"name\":\"The Multilingual Embryo\"}]},{\"@type\":\"WebSite\",\"@id\":\"https:\\\/\\\/www.embryo.nl\\\/#website\",\"url\":\"https:\\\/\\\/www.embryo.nl\\\/\",\"name\":\"The Embryo in us - Embryo in Motion\",\"description\":\"Mind and Body before and after birth\",\"publisher\":{\"@id\":\"https:\\\/\\\/www.embryo.nl\\\/#\\\/schema\\\/person\\\/0d402ade5f58756241163dc72bbedbe5\"},\"potentialAction\":[{\"@type\":\"SearchAction\",\"target\":{\"@type\":\"EntryPoint\",\"urlTemplate\":\"https:\\\/\\\/www.embryo.nl\\\/?s={search_term_string}\"},\"query-input\":{\"@type\":\"PropertyValueSpecification\",\"valueRequired\":true,\"valueName\":\"search_term_string\"}}],\"inLanguage\":\"en-US\"},{\"@type\":[\"Person\",\"Organization\"],\"@id\":\"https:\\\/\\\/www.embryo.nl\\\/#\\\/schema\\\/person\\\/0d402ade5f58756241163dc72bbedbe5\",\"name\":\"Jaap van der Wal\",\"image\":{\"@type\":\"ImageObject\",\"inLanguage\":\"en-US\",\"@id\":\"https:\\\/\\\/www.embryo.nl\\\/wp-content\\\/uploads\\\/2023\\\/06\\\/banner-EiB-1-kopie.jpg\",\"url\":\"https:\\\/\\\/www.embryo.nl\\\/wp-content\\\/uploads\\\/2023\\\/06\\\/banner-EiB-1-kopie.jpg\",\"contentUrl\":\"https:\\\/\\\/www.embryo.nl\\\/wp-content\\\/uploads\\\/2023\\\/06\\\/banner-EiB-1-kopie.jpg\",\"width\":872,\"height\":622,\"caption\":\"Jaap van der Wal\"},\"logo\":{\"@id\":\"https:\\\/\\\/www.embryo.nl\\\/wp-content\\\/uploads\\\/2023\\\/06\\\/banner-EiB-1-kopie.jpg\"},\"description\":\"Born 1947. Graduated as a physician in 1973 and received a PHD (specializing in movement sense and fascia) from Maastricht University in the Netherlands in 1988. From 1973-2012 active as associate university professor in human anatomy and embryology. From 1990 founder and leader of the project Dynamension with the objective of spreading understanding of the human embryo based on phenomenological approach. Publishes and gives courses on The Embryo in Us, also called Embryo in Motion: about mind and body, connection between spirituality and science. In addition, specializes in the phenomenology of fascia.\",\"sameAs\":[\"https:\\\/\\\/embryo.nl\",\"https:\\\/\\\/www.facebook.com\\\/jaapvanderwal01\",\"https:\\\/\\\/www.youtube.com\\\/@walembryo\"]}]}<\/script>\n<!-- \/ Yoast SEO plugin. -->","yoast_head_json":{"title":"The Multilingual Embryo","robots":{"index":"index","follow":"follow","max-snippet":"max-snippet:-1","max-image-preview":"max-image-preview:large","max-video-preview":"max-video-preview:-1"},"canonical":"https:\/\/www.embryo.nl\/en\/multilingual-embryo\/","og_locale":"en_US","og_type":"article","og_title":"[:en]The Multilingual Embryo[:nl]The Multilingual Embryo[:de]The Multilingual Embryo[:] - The Embryo in us","og_description":"Only some articles are available in other languages than Dutch, German and English. Here below you will find links to [&hellip;]","og_url":"https:\/\/www.embryo.nl\/en\/multilingual-embryo\/","og_site_name":"The Embryo in us","article_publisher":"https:\/\/www.facebook.com\/jaapvanderwal01","article_modified_time":"2023-09-13T11:23:00+00:00","og_image":[{"width":1031,"height":182,"url":"https:\/\/www.embryo.nl\/wp-content\/uploads\/2023\/01\/header-embryo-ontwikkeling.jpg","type":"image\/jpeg"}],"twitter_card":"summary_large_image","twitter_misc":{"Est. reading time":"4 minutes"},"schema":{"@context":"https:\/\/schema.org","@graph":[{"@type":"WebPage","@id":"https:\/\/www.embryo.nl\/multilingual-embryo\/","url":"https:\/\/www.embryo.nl\/multilingual-embryo\/","name":"The Multilingual Embryo","isPartOf":{"@id":"https:\/\/www.embryo.nl\/#website"},"primaryImageOfPage":{"@id":"https:\/\/www.embryo.nl\/multilingual-embryo\/#primaryimage"},"image":{"@id":"https:\/\/www.embryo.nl\/multilingual-embryo\/#primaryimage"},"thumbnailUrl":"https:\/\/www.embryo.nl\/wp-content\/uploads\/2023\/01\/header-embryo-ontwikkeling.jpg","datePublished":"2023-05-09T09:06:19+00:00","dateModified":"2023-09-13T11:23:00+00:00","breadcrumb":{"@id":"https:\/\/www.embryo.nl\/multilingual-embryo\/#breadcrumb"},"inLanguage":"en-US","potentialAction":[{"@type":"ReadAction","target":["https:\/\/www.embryo.nl\/multilingual-embryo\/"]}]},{"@type":"ImageObject","inLanguage":"en-US","@id":"https:\/\/www.embryo.nl\/multilingual-embryo\/#primaryimage","url":"https:\/\/www.embryo.nl\/wp-content\/uploads\/2023\/01\/header-embryo-ontwikkeling.jpg","contentUrl":"https:\/\/www.embryo.nl\/wp-content\/uploads\/2023\/01\/header-embryo-ontwikkeling.jpg","width":1031,"height":182},{"@type":"BreadcrumbList","@id":"https:\/\/www.embryo.nl\/multilingual-embryo\/#breadcrumb","itemListElement":[{"@type":"ListItem","position":1,"name":"Home","item":"https:\/\/www.embryo.nl\/en\/"},{"@type":"ListItem","position":2,"name":"The Multilingual Embryo"}]},{"@type":"WebSite","@id":"https:\/\/www.embryo.nl\/#website","url":"https:\/\/www.embryo.nl\/","name":"The Embryo in us - Embryo in Motion","description":"Mind and Body before and after birth","publisher":{"@id":"https:\/\/www.embryo.nl\/#\/schema\/person\/0d402ade5f58756241163dc72bbedbe5"},"potentialAction":[{"@type":"SearchAction","target":{"@type":"EntryPoint","urlTemplate":"https:\/\/www.embryo.nl\/?s={search_term_string}"},"query-input":{"@type":"PropertyValueSpecification","valueRequired":true,"valueName":"search_term_string"}}],"inLanguage":"en-US"},{"@type":["Person","Organization"],"@id":"https:\/\/www.embryo.nl\/#\/schema\/person\/0d402ade5f58756241163dc72bbedbe5","name":"Jaap van der Wal","image":{"@type":"ImageObject","inLanguage":"en-US","@id":"https:\/\/www.embryo.nl\/wp-content\/uploads\/2023\/06\/banner-EiB-1-kopie.jpg","url":"https:\/\/www.embryo.nl\/wp-content\/uploads\/2023\/06\/banner-EiB-1-kopie.jpg","contentUrl":"https:\/\/www.embryo.nl\/wp-content\/uploads\/2023\/06\/banner-EiB-1-kopie.jpg","width":872,"height":622,"caption":"Jaap van der Wal"},"logo":{"@id":"https:\/\/www.embryo.nl\/wp-content\/uploads\/2023\/06\/banner-EiB-1-kopie.jpg"},"description":"Born 1947. Graduated as a physician in 1973 and received a PHD (specializing in movement sense and fascia) from Maastricht University in the Netherlands in 1988. From 1973-2012 active as associate university professor in human anatomy and embryology. From 1990 founder and leader of the project Dynamension with the objective of spreading understanding of the human embryo based on phenomenological approach. Publishes and gives courses on The Embryo in Us, also called Embryo in Motion: about mind and body, connection between spirituality and science. In addition, specializes in the phenomenology of fascia.","sameAs":["https:\/\/embryo.nl","https:\/\/www.facebook.com\/jaapvanderwal01","https:\/\/www.youtube.com\/@walembryo"]}]}},"_links":{"self":[{"href":"https:\/\/www.embryo.nl\/en\/wp-json\/wp\/v2\/pages\/475","targetHints":{"allow":["GET"]}}],"collection":[{"href":"https:\/\/www.embryo.nl\/en\/wp-json\/wp\/v2\/pages"}],"about":[{"href":"https:\/\/www.embryo.nl\/en\/wp-json\/wp\/v2\/types\/page"}],"author":[{"embeddable":true,"href":"https:\/\/www.embryo.nl\/en\/wp-json\/wp\/v2\/users\/2"}],"replies":[{"embeddable":true,"href":"https:\/\/www.embryo.nl\/en\/wp-json\/wp\/v2\/comments?post=475"}],"version-history":[{"count":40,"href":"https:\/\/www.embryo.nl\/en\/wp-json\/wp\/v2\/pages\/475\/revisions"}],"predecessor-version":[{"id":18950,"href":"https:\/\/www.embryo.nl\/en\/wp-json\/wp\/v2\/pages\/475\/revisions\/18950"}],"wp:featuredmedia":[{"embeddable":true,"href":"https:\/\/www.embryo.nl\/en\/wp-json\/wp\/v2\/media\/214"}],"wp:attachment":[{"href":"https:\/\/www.embryo.nl\/en\/wp-json\/wp\/v2\/media?parent=475"}],"wp:term":[{"taxonomy":"category","embeddable":true,"href":"https:\/\/www.embryo.nl\/en\/wp-json\/wp\/v2\/categories?post=475"}],"curies":[{"name":"wp","href":"https:\/\/api.w.org\/{rel}","templated":true}]}}