{"id":440,"date":"2023-05-08T09:06:17","date_gmt":"2023-05-08T09:06:17","guid":{"rendered":"https:\/\/embryo.nl\/21-verantwoording-nl\/"},"modified":"2023-09-10T12:32:55","modified_gmt":"2023-09-10T12:32:55","slug":"acknowledgement","status":"publish","type":"page","link":"https:\/\/www.embryo.nl\/en\/acknowledgement\/","title":{"rendered":"Acknowledgement"},"content":{"rendered":"<p align=\"center\"><b>A SELF-WILLED JOURNEY THROUGH THE WORLD OF THE HUMAN EMBRYO<\/b><\/p>\n<div style=\"text-align: center;\"><span style=\"color: #800000;\">An embryo<\/span><\/div>\n<div style=\"text-align: center;\"><span style=\"color: #800000;\">is a human being.<\/span><\/div>\n<div style=\"text-align: center;\"><span style=\"color: #800000;\">A phase,\u00a0<\/span><\/div>\n<div style=\"text-align: center;\"><span style=\"color: #800000;\">a chapter<\/span><\/div>\n<div style=\"text-align: center;\"><span style=\"color: #800000;\">in the unique biography\u00a0<\/span><\/div>\n<div style=\"text-align: center;\"><span style=\"color: #800000;\">of a human creature.<\/span><br \/>\n<span style=\"color: #800000;\"><br \/>\nWe are expecting a child:<\/span><\/div>\n<div style=\"text-align: center;\"><span style=\"color: #800000;\">Who is it going to be?<\/span><span style=\"color: #800000;\">Not:<\/span><\/div>\n<div style=\"text-align: center;\"><span style=\"color: #800000;\">Wh\u00e1t is it going to be?<\/span><\/div>\n<div style=\"text-align: center;\"><span style=\"color: #800000;\"><br \/>\nWho only recognize the<\/span><\/div>\n<div style=\"text-align: center;\"><span style=\"color: #800000;\">recapitulation of a species:<\/span><\/div>\n<div style=\"text-align: center;\"><span style=\"color: #800000;\">for those the mystery\u00a0<\/span><span style=\"color: #800000;\">is not meant.\u00a0<\/span><\/div>\n<div style=\"text-align: center;\"><span style=\"color: #800000;\">They already read<\/span><\/div>\n<div style=\"text-align: center;\"><span style=\"color: #800000;\">what has to be\u00a0<\/span><\/div>\n<div style=\"text-align: center;\">\n<p><span style=\"color: #800000;\">written yet.<\/span><\/p>\n<\/div>\n<div style=\"text-align: center;\"><span style=\"color: #800000;\">JvdW<\/span><\/div>\n<p>At the current site a additional and complementary view on the prenatal existence of man is presented. Following a phenomenological approach the embryo is here considered and described as more than just &#8216;a matter of genes, cells, tissues and hormones&#8217; but as a human being will in genesis, a being of spirit (mind) AND body.<br \/>\nThe current materialistic embryology usually describes the embryo in the last-named terms. In the debate about issues like What is and what is not allowed in respect to the treatment and manipulation of embryos (e.g. cloning)? ethical and moral attitudes are token based upon this current view<br \/>\nThe vision which is presented here, tries to provide counterweight against the dominating and mostly onesided and reductionistic\u00a0scientific vision on human existence in general and as to our embryonic existence in particular.<\/p>\n<p>An other view is possible in which the embryo (again) becomes a human being and fellow-man and may give us sight on unexpected dimensions of mind and spirit, creation and evolution. The only equipment you need for that are new &#8216;spectacles&#8217;.<br \/>\nView of the author as to matters like this is that for its future mankind does not need so much new horizons (for example on the enormous dimensions of our genome and DNA) but that we rather need &#8216;new eyes&#8217;. Another view on man and the world in which spirituality and science may find and mutually impregnate each other.<br \/>\nThis site puts the human embryo in a &#8216;new light&#8217;, maybe is inconvenient and puts things on their head!<\/p>\n<p>I hope this site may broaden your outlook!<\/p>\n<p>Jaap van der Wal<\/p>\n<p><img loading=\"lazy\" decoding=\"async\" class=\"alignnone size-full wp-image-221\" src=\"https:\/\/embryo.nl\/wp-content\/uploads\/2023\/01\/jaap.jpg\" alt=\"\" width=\"179\" height=\"134\" \/><\/p>\n<p>J.C. van der wal. MD PhD, anatomist-embryologist and phenomenologist<\/p>\n<p align=\"center\"><span style=\"color: #851521;\">\u00a0Wine got drunk with,<br \/>\nnot the other way<br \/>\nThe body developed<br \/>\nout of us,<br \/>\nnot we from it.<\/span><\/p>\n<p style=\"text-align: center;\"><span style=\"color: #800000;\">We are bees,<\/span><br \/>\n<span style=\"color: #800000;\">and our body is a honeycomb.<\/span><br \/>\n<span style=\"color: #800000;\">We made the body,<\/span><br \/>\n<span style=\"color: #800000;\">cell by cell we made it.<\/span><\/p>\n<p align=\"center\"><b><span style=\"color: #851521;\">RUMI (1207 &#8211; 1273)<\/span><\/b><\/p>\n","protected":false},"excerpt":{"rendered":"<p>A SELF-WILLED JOURNEY THROUGH THE WORLD OF THE HUMAN EMBRYO An embryo is a human being. A phase,\u00a0 a chapter [&hellip;]<\/p>\n","protected":false},"author":2,"featured_media":210,"parent":0,"menu_order":10,"comment_status":"closed","ping_status":"closed","template":"","meta":{"footnotes":""},"categories":[],"class_list":["post-440","page","type-page","status-publish","has-post-thumbnail","hentry"],"yoast_head":"<!-- This site is optimized with the Yoast SEO plugin v27.4 - https:\/\/yoast.com\/product\/yoast-seo-wordpress\/ -->\n<title>Acknowledgement<\/title>\n<meta name=\"description\" content=\"An OTHER view, in which the embryo (again) becomes a human being and a fellow human being, is possible. The only thing you need for this is a new &#039;glasses&#039;.\" \/>\n<meta name=\"robots\" content=\"index, follow, max-snippet:-1, max-image-preview:large, max-video-preview:-1\" \/>\n<link rel=\"canonical\" href=\"https:\/\/www.embryo.nl\/en\/acknowledgement\/\" \/>\n<meta property=\"og:locale\" content=\"en_US\" \/>\n<meta property=\"og:locale:alternate\" content=\"nl_NL\" \/>\n<meta property=\"og:locale:alternate\" content=\"de_DE\" \/>\n<meta property=\"og:type\" content=\"article\" \/>\n<meta property=\"og:title\" content=\"Acknowledgement\" \/>\n<meta property=\"og:description\" content=\"Eine ANDERE Ansicht, in welcher der Embryo (wieder) zu einem Menschenwesen und einem Mitmenschen wird, ist m\u00f6glich. Das Einzige, was Sie daf\u00fcr ben\u00f6tigen, ist eine neue &#039;Brille&#039;.\" \/>\n<meta property=\"og:url\" content=\"https:\/\/www.embryo.nl\/en\/acknowledgement\/\" \/>\n<meta property=\"og:site_name\" content=\"The Embryo in us\" \/>\n<meta property=\"article:publisher\" content=\"https:\/\/www.facebook.com\/jaapvanderwal01\" \/>\n<meta property=\"article:modified_time\" content=\"2023-09-10T12:32:55+00:00\" \/>\n<meta property=\"og:image\" content=\"https:\/\/www.embryo.nl\/wp-content\/uploads\/2023\/01\/Header-2016-Jaap-koppen.jpg\" \/>\n\t<meta property=\"og:image:width\" content=\"5829\" \/>\n\t<meta property=\"og:image:height\" content=\"889\" \/>\n\t<meta property=\"og:image:type\" content=\"image\/jpeg\" \/>\n<meta name=\"twitter:card\" content=\"summary_large_image\" \/>\n<meta name=\"twitter:label1\" content=\"Est. reading time\" \/>\n\t<meta name=\"twitter:data1\" content=\"3 minutes\" \/>\n<script type=\"application\/ld+json\" class=\"yoast-schema-graph\">{\"@context\":\"https:\\\/\\\/schema.org\",\"@graph\":[{\"@type\":\"WebPage\",\"@id\":\"https:\\\/\\\/www.embryo.nl\\\/de\\\/acknowledgement\\\/\",\"url\":\"https:\\\/\\\/www.embryo.nl\\\/de\\\/acknowledgement\\\/\",\"name\":\"Acknowledgement\",\"isPartOf\":{\"@id\":\"https:\\\/\\\/www.embryo.nl\\\/#website\"},\"primaryImageOfPage\":{\"@id\":\"https:\\\/\\\/www.embryo.nl\\\/de\\\/acknowledgement\\\/#primaryimage\"},\"image\":{\"@id\":\"https:\\\/\\\/www.embryo.nl\\\/de\\\/acknowledgement\\\/#primaryimage\"},\"thumbnailUrl\":\"https:\\\/\\\/www.embryo.nl\\\/wp-content\\\/uploads\\\/2023\\\/01\\\/Header-2016-Jaap-koppen.jpg\",\"datePublished\":\"2023-05-08T09:06:17+00:00\",\"dateModified\":\"2023-09-10T12:32:55+00:00\",\"description\":\"Eine ANDERE Ansicht, in welcher der Embryo (wieder) zu einem Menschenwesen und einem Mitmenschen wird, ist m\u00f6glich. Das Einzige, was Sie daf\u00fcr ben\u00f6tigen, ist eine neue 'Brille'.\",\"breadcrumb\":{\"@id\":\"https:\\\/\\\/www.embryo.nl\\\/de\\\/acknowledgement\\\/#breadcrumb\"},\"inLanguage\":\"en-US\",\"potentialAction\":[{\"@type\":\"ReadAction\",\"target\":[\"https:\\\/\\\/www.embryo.nl\\\/de\\\/acknowledgement\\\/\"]}]},{\"@type\":\"ImageObject\",\"inLanguage\":\"en-US\",\"@id\":\"https:\\\/\\\/www.embryo.nl\\\/de\\\/acknowledgement\\\/#primaryimage\",\"url\":\"https:\\\/\\\/www.embryo.nl\\\/wp-content\\\/uploads\\\/2023\\\/01\\\/Header-2016-Jaap-koppen.jpg\",\"contentUrl\":\"https:\\\/\\\/www.embryo.nl\\\/wp-content\\\/uploads\\\/2023\\\/01\\\/Header-2016-Jaap-koppen.jpg\",\"width\":5829,\"height\":889},{\"@type\":\"BreadcrumbList\",\"@id\":\"https:\\\/\\\/www.embryo.nl\\\/de\\\/acknowledgement\\\/#breadcrumb\",\"itemListElement\":[{\"@type\":\"ListItem\",\"position\":1,\"name\":\"Home\",\"item\":\"https:\\\/\\\/www.embryo.nl\\\/en\\\/\"},{\"@type\":\"ListItem\",\"position\":2,\"name\":\"Verantwortung\"}]},{\"@type\":\"WebSite\",\"@id\":\"https:\\\/\\\/www.embryo.nl\\\/#website\",\"url\":\"https:\\\/\\\/www.embryo.nl\\\/\",\"name\":\"The Embryo in us - Embryo in Motion\",\"description\":\"Mind and Body before and after birth\",\"publisher\":{\"@id\":\"https:\\\/\\\/www.embryo.nl\\\/#\\\/schema\\\/person\\\/0d402ade5f58756241163dc72bbedbe5\"},\"potentialAction\":[{\"@type\":\"SearchAction\",\"target\":{\"@type\":\"EntryPoint\",\"urlTemplate\":\"https:\\\/\\\/www.embryo.nl\\\/?s={search_term_string}\"},\"query-input\":{\"@type\":\"PropertyValueSpecification\",\"valueRequired\":true,\"valueName\":\"search_term_string\"}}],\"inLanguage\":\"en-US\"},{\"@type\":[\"Person\",\"Organization\"],\"@id\":\"https:\\\/\\\/www.embryo.nl\\\/#\\\/schema\\\/person\\\/0d402ade5f58756241163dc72bbedbe5\",\"name\":\"Jaap van der Wal\",\"image\":{\"@type\":\"ImageObject\",\"inLanguage\":\"en-US\",\"@id\":\"https:\\\/\\\/www.embryo.nl\\\/wp-content\\\/uploads\\\/2023\\\/06\\\/banner-EiB-1-kopie.jpg\",\"url\":\"https:\\\/\\\/www.embryo.nl\\\/wp-content\\\/uploads\\\/2023\\\/06\\\/banner-EiB-1-kopie.jpg\",\"contentUrl\":\"https:\\\/\\\/www.embryo.nl\\\/wp-content\\\/uploads\\\/2023\\\/06\\\/banner-EiB-1-kopie.jpg\",\"width\":872,\"height\":622,\"caption\":\"Jaap van der Wal\"},\"logo\":{\"@id\":\"https:\\\/\\\/www.embryo.nl\\\/wp-content\\\/uploads\\\/2023\\\/06\\\/banner-EiB-1-kopie.jpg\"},\"description\":\"Born 1947. Graduated as a physician in 1973 and received a PHD (specializing in movement sense and fascia) from Maastricht University in the Netherlands in 1988. From 1973-2012 active as associate university professor in human anatomy and embryology. From 1990 founder and leader of the project Dynamension with the objective of spreading understanding of the human embryo based on phenomenological approach. Publishes and gives courses on The Embryo in Us, also called Embryo in Motion: about mind and body, connection between spirituality and science. In addition, specializes in the phenomenology of fascia.\",\"sameAs\":[\"https:\\\/\\\/embryo.nl\",\"https:\\\/\\\/www.facebook.com\\\/jaapvanderwal01\",\"https:\\\/\\\/www.youtube.com\\\/@walembryo\"]}]}<\/script>\n<!-- \/ Yoast SEO plugin. -->","yoast_head_json":{"title":"Acknowledgement","description":"An OTHER view, in which the embryo (again) becomes a human being and a fellow human being, is possible. The only thing you need for this is a new 'glasses'.","robots":{"index":"index","follow":"follow","max-snippet":"max-snippet:-1","max-image-preview":"max-image-preview:large","max-video-preview":"max-video-preview:-1"},"canonical":"https:\/\/www.embryo.nl\/en\/acknowledgement\/","og_locale":"en_US","og_type":"article","og_title":"[:en]Acknowledgement[:nl]Verantwoording[:de]Verantwortung[:] - The Embryo in us","og_description":"Eine ANDERE Ansicht, in welcher der Embryo (wieder) zu einem Menschenwesen und einem Mitmenschen wird, ist m\u00f6glich. Das Einzige, was Sie daf\u00fcr ben\u00f6tigen, ist eine neue 'Brille'.","og_url":"https:\/\/www.embryo.nl\/en\/acknowledgement\/","og_site_name":"The Embryo in us","article_publisher":"https:\/\/www.facebook.com\/jaapvanderwal01","article_modified_time":"2023-09-10T12:32:55+00:00","og_image":[{"width":5829,"height":889,"url":"https:\/\/www.embryo.nl\/wp-content\/uploads\/2023\/01\/Header-2016-Jaap-koppen.jpg","type":"image\/jpeg"}],"twitter_card":"summary_large_image","twitter_misc":{"Est. reading time":"3 minutes"},"schema":{"@context":"https:\/\/schema.org","@graph":[{"@type":"WebPage","@id":"https:\/\/www.embryo.nl\/de\/acknowledgement\/","url":"https:\/\/www.embryo.nl\/de\/acknowledgement\/","name":"Acknowledgement","isPartOf":{"@id":"https:\/\/www.embryo.nl\/#website"},"primaryImageOfPage":{"@id":"https:\/\/www.embryo.nl\/de\/acknowledgement\/#primaryimage"},"image":{"@id":"https:\/\/www.embryo.nl\/de\/acknowledgement\/#primaryimage"},"thumbnailUrl":"https:\/\/www.embryo.nl\/wp-content\/uploads\/2023\/01\/Header-2016-Jaap-koppen.jpg","datePublished":"2023-05-08T09:06:17+00:00","dateModified":"2023-09-10T12:32:55+00:00","description":"Eine ANDERE Ansicht, in welcher der Embryo (wieder) zu einem Menschenwesen und einem Mitmenschen wird, ist m\u00f6glich. Das Einzige, was Sie daf\u00fcr ben\u00f6tigen, ist eine neue 'Brille'.","breadcrumb":{"@id":"https:\/\/www.embryo.nl\/de\/acknowledgement\/#breadcrumb"},"inLanguage":"en-US","potentialAction":[{"@type":"ReadAction","target":["https:\/\/www.embryo.nl\/de\/acknowledgement\/"]}]},{"@type":"ImageObject","inLanguage":"en-US","@id":"https:\/\/www.embryo.nl\/de\/acknowledgement\/#primaryimage","url":"https:\/\/www.embryo.nl\/wp-content\/uploads\/2023\/01\/Header-2016-Jaap-koppen.jpg","contentUrl":"https:\/\/www.embryo.nl\/wp-content\/uploads\/2023\/01\/Header-2016-Jaap-koppen.jpg","width":5829,"height":889},{"@type":"BreadcrumbList","@id":"https:\/\/www.embryo.nl\/de\/acknowledgement\/#breadcrumb","itemListElement":[{"@type":"ListItem","position":1,"name":"Home","item":"https:\/\/www.embryo.nl\/en\/"},{"@type":"ListItem","position":2,"name":"Verantwortung"}]},{"@type":"WebSite","@id":"https:\/\/www.embryo.nl\/#website","url":"https:\/\/www.embryo.nl\/","name":"The Embryo in us - Embryo in Motion","description":"Mind and Body before and after birth","publisher":{"@id":"https:\/\/www.embryo.nl\/#\/schema\/person\/0d402ade5f58756241163dc72bbedbe5"},"potentialAction":[{"@type":"SearchAction","target":{"@type":"EntryPoint","urlTemplate":"https:\/\/www.embryo.nl\/?s={search_term_string}"},"query-input":{"@type":"PropertyValueSpecification","valueRequired":true,"valueName":"search_term_string"}}],"inLanguage":"en-US"},{"@type":["Person","Organization"],"@id":"https:\/\/www.embryo.nl\/#\/schema\/person\/0d402ade5f58756241163dc72bbedbe5","name":"Jaap van der Wal","image":{"@type":"ImageObject","inLanguage":"en-US","@id":"https:\/\/www.embryo.nl\/wp-content\/uploads\/2023\/06\/banner-EiB-1-kopie.jpg","url":"https:\/\/www.embryo.nl\/wp-content\/uploads\/2023\/06\/banner-EiB-1-kopie.jpg","contentUrl":"https:\/\/www.embryo.nl\/wp-content\/uploads\/2023\/06\/banner-EiB-1-kopie.jpg","width":872,"height":622,"caption":"Jaap van der Wal"},"logo":{"@id":"https:\/\/www.embryo.nl\/wp-content\/uploads\/2023\/06\/banner-EiB-1-kopie.jpg"},"description":"Born 1947. Graduated as a physician in 1973 and received a PHD (specializing in movement sense and fascia) from Maastricht University in the Netherlands in 1988. From 1973-2012 active as associate university professor in human anatomy and embryology. From 1990 founder and leader of the project Dynamension with the objective of spreading understanding of the human embryo based on phenomenological approach. Publishes and gives courses on The Embryo in Us, also called Embryo in Motion: about mind and body, connection between spirituality and science. In addition, specializes in the phenomenology of fascia.","sameAs":["https:\/\/embryo.nl","https:\/\/www.facebook.com\/jaapvanderwal01","https:\/\/www.youtube.com\/@walembryo"]}]}},"_links":{"self":[{"href":"https:\/\/www.embryo.nl\/en\/wp-json\/wp\/v2\/pages\/440","targetHints":{"allow":["GET"]}}],"collection":[{"href":"https:\/\/www.embryo.nl\/en\/wp-json\/wp\/v2\/pages"}],"about":[{"href":"https:\/\/www.embryo.nl\/en\/wp-json\/wp\/v2\/types\/page"}],"author":[{"embeddable":true,"href":"https:\/\/www.embryo.nl\/en\/wp-json\/wp\/v2\/users\/2"}],"replies":[{"embeddable":true,"href":"https:\/\/www.embryo.nl\/en\/wp-json\/wp\/v2\/comments?post=440"}],"version-history":[{"count":14,"href":"https:\/\/www.embryo.nl\/en\/wp-json\/wp\/v2\/pages\/440\/revisions"}],"predecessor-version":[{"id":17168,"href":"https:\/\/www.embryo.nl\/en\/wp-json\/wp\/v2\/pages\/440\/revisions\/17168"}],"wp:featuredmedia":[{"embeddable":true,"href":"https:\/\/www.embryo.nl\/en\/wp-json\/wp\/v2\/media\/210"}],"wp:attachment":[{"href":"https:\/\/www.embryo.nl\/en\/wp-json\/wp\/v2\/media?parent=440"}],"wp:term":[{"taxonomy":"category","embeddable":true,"href":"https:\/\/www.embryo.nl\/en\/wp-json\/wp\/v2\/categories?post=440"}],"curies":[{"name":"wp","href":"https:\/\/api.w.org\/{rel}","templated":true}]}}