{"id":435,"date":"2023-05-05T14:06:17","date_gmt":"2023-05-05T14:06:17","guid":{"rendered":"https:\/\/embryo.nl\/11-welkom-inhoud\/"},"modified":"2026-02-24T13:48:32","modified_gmt":"2026-02-24T13:48:32","slug":"embryo-in-uns","status":"publish","type":"page","link":"https:\/\/www.embryo.nl\/en\/","title":{"rendered":"The Embryo in Us Homepage EN"},"content":{"rendered":"<div style=\"text-align: right;\" align=\"center\">\n<p><b><span style=\"color: #851521;\"><span style=\"font-size: 100%;\"><a title=\"Zur Deutschen Homepage\" href=\"https:\/\/embryo.nl\/de\/\">For:\u00a0 DEUTSCH<\/a>\u00a0&#8211;\u00a0<a title=\"Naar Nederlands Homepage\" href=\"https:\/\/embryo.nl\/\">NEDERLANDS<\/a><br \/>\n<\/span><\/span><\/b><\/p>\n<\/div>\n<div style=\"text-align: center;\">\n<h4>New as of 2026:\u00a0 The whole course on video via NTC (click here)<a href=\"https:\/\/ntc.ie\/the-embryo-in-us\/\" target=\"_blank\" rel=\"noopener\"><img loading=\"lazy\" decoding=\"async\" class=\"alignnone wp-image-21352 aligncenter\" src=\"https:\/\/www.embryo.nl\/wp-content\/uploads\/2026\/02\/graphic-NTC-Emryo-in-Us-strip-300x24.jpg\" alt=\"\" width=\"326\" height=\"26\" srcset=\"https:\/\/www.embryo.nl\/wp-content\/uploads\/2026\/02\/graphic-NTC-Emryo-in-Us-strip-300x24.jpg 300w, https:\/\/www.embryo.nl\/wp-content\/uploads\/2026\/02\/graphic-NTC-Emryo-in-Us-strip-1024x82.jpg 1024w, https:\/\/www.embryo.nl\/wp-content\/uploads\/2026\/02\/graphic-NTC-Emryo-in-Us-strip-768x62.jpg 768w, https:\/\/www.embryo.nl\/wp-content\/uploads\/2026\/02\/graphic-NTC-Emryo-in-Us-strip.jpg 1436w\" sizes=\"auto, (max-width: 326px) 100vw, 326px\" \/><\/a><\/h4>\n<h3><span style=\"color: #993300;\">The Embryo within Us<br \/>\nNew perspective on familiar matters?<\/span><\/h3>\n<div>Do you have an idea what we actually do when we are an embryo?<br \/>\nWhat do you answer to a child&#8217;s question Where do I come from?<\/div>\n<div>Does our existence already start as embryo, at conception?<\/div>\n<div>Were you raised with the myth of that one super sperm that &#8216;fertilizes&#8217; an egg?<\/div>\n<div>Do you also think that you once started as &#8216;fertilized egg&#8217; being built up from cells?<br \/>\nThat we are &#8216;made&#8217;? Then by whom? Do our children come from us or through us?<\/div>\n<div>\n<p><strong>Curious about an the answers?<br \/>\n<span style=\"color: #000000;\">See (*) at the bottom of this page<\/span><\/strong><\/p>\n<h3><a href=\"https:\/\/ntc.ie\/the-embryo-in-us\/\" target=\"_blank\" rel=\"noopener\"><img loading=\"lazy\" decoding=\"async\" class=\"alignnone wp-image-21351\" src=\"https:\/\/www.embryo.nl\/wp-content\/uploads\/2026\/02\/graphic-NTC-Emryo-in-Us-1-300x300.jpg\" alt=\"\" width=\"245\" height=\"245\" srcset=\"https:\/\/www.embryo.nl\/wp-content\/uploads\/2026\/02\/graphic-NTC-Emryo-in-Us-1-300x300.jpg 300w, https:\/\/www.embryo.nl\/wp-content\/uploads\/2026\/02\/graphic-NTC-Emryo-in-Us-1-1024x1024.jpg 1024w, https:\/\/www.embryo.nl\/wp-content\/uploads\/2026\/02\/graphic-NTC-Emryo-in-Us-1-150x150.jpg 150w, https:\/\/www.embryo.nl\/wp-content\/uploads\/2026\/02\/graphic-NTC-Emryo-in-Us-1-768x768.jpg 768w, https:\/\/www.embryo.nl\/wp-content\/uploads\/2026\/02\/graphic-NTC-Emryo-in-Us-1.jpg 1440w\" sizes=\"auto, (max-width: 245px) 100vw, 245px\" \/><\/a> \u00a0 \u00a0 \u00a0 \u00a0 \u00a0 \u00a0 \u00a0 <a href=\"https:\/\/www.facebook.com\/jaapvanderwal01\/videos\/972524066777252\"><img loading=\"lazy\" decoding=\"async\" class=\"alignnone wp-image-19797\" style=\"font-size: revert; color: initial;\" src=\"https:\/\/embryo.nl\/wp-content\/uploads\/2023\/09\/Screenshot_20230628_080431_Samsung-Internet.jpg\" alt=\"\" width=\"248\" height=\"247\" data-wp-editing=\"1\" \/><\/a><\/h3>\n<p>Here is a different view of our pre-birth existence. An &#8217;embryosophy&#8217; that makes it clear that current science with only biological explanations does not have the last word when it comes to the meaning of our (embryonic) existence. Are we perhaps beings of mind\u00a0<b>and\u00a0<\/b>body? Did you know that the embryo is not a matter of the past but is still active in us as &#8216;the embryo in us&#8217;? That our body is not a kind of biological machine, but a process, an appearance in time, a performance. More than just a genome and a brain? We come <strong>through<\/strong> the body, not <strong>out of<\/strong>\u00a0it.<\/p>\n<p><i style=\"color: #851521;\">&#8220;The body developed out of us, not the other way around.<br \/>\n<\/i><span style=\"color: #851521;\"><i>We created our bodies, cell by cell we created it<br \/>\n<\/i><\/span><span style=\"color: #993300;\">(Rumi 1207-1273).<\/span><\/p>\n<\/div>\n<\/div>\n<div style=\"text-align: center;\">\n<h3><span style=\"color: #800000;\">How is that? Interested in the embryosophy of<br \/>\nJaap van der Wal, MD, PhD anatomist-embryologist?<\/span><\/h3>\n<\/div>\n<div style=\"text-align: center;\">\n<div style=\"text-align: center;\">\n<p>On November 14, 2023, I was inducted, as it is called, into the Hall of Honor of Prenatal about science. My so-called &#8220;Award Talk&#8221; culminated in a sort of Credo articulating what my purpose and aspirations are with my courses and such about The Embryo in Us. Short and to the point.<br \/>\n<a href=\"https:\/\/embryo.nl\/en\/embryo-in-hall-of-fame\/\"><strong>Credo<\/strong> of an embyrosophist with slides<\/a>.<\/p>\n<h4><a href=\"https:\/\/www.youtube.com\/watch?v=ERsBpXHeadY&#038;t=40s\" target=\"_blank\" rel=\"noopener\"><img loading=\"lazy\" decoding=\"async\" class=\"alignnone wp-image-326\" src=\"https:\/\/embryo.nl\/wp-content\/uploads\/2023\/01\/Verwaal-embryo-rugaanzicht.jpg\" alt=\"embryo\" width=\"150\" height=\"177\" \/><\/a><\/h4>\n<p>The Embryo in us<br \/>\nImage, music and text by Andrea Wandel<\/p>\n<\/div>\n<p><span style=\"color: #00ccff;\"><strong>Like to take a <a style=\"color: #00ccff;\" title=\"\" href=\"https:\/\/embryo.nl\/en\/course-calendar\/\">course <\/a>(or webinar)<span style=\"font-size: 16px;\"> by Jaap van der Wal. <\/span><a style=\"color: #00ccff;\" title=\"\" href=\"https:\/\/embryo.nl\/en\/mission-and-vision\/\">Read more.<\/a><\/strong><\/span><\/p>\n<p><span style=\"color: #00ccff;\"><strong>Find me also on <a style=\"color: #00ccff;\" href=\"https:\/\/www.facebook.com\/jaapvanderwal01\" target=\"_blank\" rel=\"noopener\">Facebook<\/a><\/strong><\/span><\/p>\n<p><span style=\"color: #993300;\">Watch and listen to Jaap?<\/span><br \/>\n<span style=\"color: #993300;\"><a style=\"color: #993300;\" title=\"\" href=\"https:\/\/www.youtube.com\/watch?v=CE-1wwEZBH0&#038;list=PL2ySrSp5igSH-34jy3XpN-31I9bSfc8CC&#038;index=1&#038;t=339s\" target=\"_blank\" rel=\"noopener\"><b><span style=\"color: #00ccff;\">Lessons by the Embryo about Growth<br \/>\n<\/span><\/b><\/a><span style=\"font-size: 16px; color: #00ccff;\">2017 (English)<\/span><\/span><\/p>\n<div>\n<div style=\"text-align: center;\">\n<div>NOG RECENTER! NOVEMBER 2023<br \/>\n<span style=\"color: #993300;\"><strong>Podcast via The Trueman Show #148<\/strong><\/span><br \/>\nJaap van der Wal<br \/>\n<strong><a href=\"https:\/\/www.youtube.com\/watch?v=RPQNQk4vh8k&#038;list=PPSV\" target=\"_blank\" rel=\"noopener\"><span style=\"color: #00ccff;\">&#8216;Fenomenologische Embryologie&#8217;<\/span><\/a><\/strong><br \/>\nEnglish subtitles in preparation<\/div>\n<div><\/div>\n<div><\/div>\n<div style=\"text-align: right;\"><span style=\"color: #000000;\"><strong style=\"text-align: right;\">(*) <a style=\"color: #000000;\" title=\"\" href=\"https:\/\/embryo.nl\/en\/first-answers-to-questions\/\">First preliminary answers<br \/>\nto the posed questions<\/a>?<\/strong><\/span><\/div>\n<\/div>\n<\/div>\n<\/div>\n<div style=\"text-align: center;\"><\/div>\n","protected":false},"excerpt":{"rendered":"<p>For:\u00a0 DEUTSCH\u00a0&#8211;\u00a0NEDERLANDS New as of 2026:\u00a0 The whole course on video via NTC (click here) The Embryo within Us New [&hellip;]<\/p>\n","protected":false},"author":2,"featured_media":206,"parent":0,"menu_order":2,"comment_status":"closed","ping_status":"closed","template":"page-templates\/blogmetheader.php","meta":{"footnotes":""},"categories":[43],"class_list":["post-435","page","type-page","status-publish","has-post-thumbnail","hentry","category-voorpagina"],"yoast_head":"<!-- This site is optimized with the Yoast SEO plugin v27.4 - https:\/\/yoast.com\/product\/yoast-seo-wordpress\/ -->\n<title>The Embryo in Us Homepage<\/title>\n<meta name=\"description\" content=\"Preborn existence? Another view of prenatal existence. On Mind and Body before and after birth. Jaap van der Wal on The Embryo in Us.\" \/>\n<meta name=\"robots\" content=\"index, follow, max-snippet:-1, max-image-preview:large, max-video-preview:-1\" \/>\n<link rel=\"canonical\" href=\"https:\/\/www.embryo.nl\/en\/\" \/>\n<meta property=\"og:locale\" content=\"en_US\" \/>\n<meta property=\"og:locale:alternate\" content=\"nl_NL\" \/>\n<meta property=\"og:locale:alternate\" content=\"de_DE\" \/>\n<meta property=\"og:type\" content=\"article\" \/>\n<meta property=\"og:title\" content=\"The Embryo in Us Homepage\" \/>\n<meta property=\"og:description\" content=\"Preborn existence? Another view of prenatal existence. On Mind and Body before and after birth. Jaap van der Wal on The Embryo in Us.\" \/>\n<meta property=\"og:url\" content=\"https:\/\/www.embryo.nl\/en\/\" \/>\n<meta property=\"og:site_name\" content=\"The Embryo in us\" \/>\n<meta property=\"article:publisher\" content=\"https:\/\/www.facebook.com\/jaapvanderwal01\" \/>\n<meta property=\"article:modified_time\" content=\"2026-02-24T13:48:32+00:00\" \/>\n<meta property=\"og:image\" content=\"https:\/\/www.embryo.nl\/wp-content\/uploads\/2023\/01\/Header-2016-cursus-1.jpg\" \/>\n\t<meta property=\"og:image:width\" content=\"4677\" \/>\n\t<meta property=\"og:image:height\" content=\"653\" \/>\n\t<meta property=\"og:image:type\" content=\"image\/jpeg\" \/>\n<meta name=\"twitter:card\" content=\"summary_large_image\" \/>\n<meta name=\"twitter:label1\" content=\"Est. reading time\" \/>\n\t<meta name=\"twitter:data1\" content=\"3 minutes\" \/>\n<script type=\"application\/ld+json\" class=\"yoast-schema-graph\">{\"@context\":\"https:\\\/\\\/schema.org\",\"@graph\":[{\"@type\":\"WebPage\",\"@id\":\"https:\\\/\\\/www.embryo.nl\\\/en\\\/\",\"url\":\"https:\\\/\\\/www.embryo.nl\\\/en\\\/\",\"name\":\"The Embryo in Us Homepage\",\"isPartOf\":{\"@id\":\"https:\\\/\\\/www.embryo.nl\\\/#website\"},\"primaryImageOfPage\":{\"@id\":\"https:\\\/\\\/www.embryo.nl\\\/en\\\/#primaryimage\"},\"image\":{\"@id\":\"https:\\\/\\\/www.embryo.nl\\\/en\\\/#primaryimage\"},\"thumbnailUrl\":\"https:\\\/\\\/www.embryo.nl\\\/wp-content\\\/uploads\\\/2023\\\/01\\\/Header-2016-cursus-1.jpg\",\"datePublished\":\"2023-05-05T14:06:17+00:00\",\"dateModified\":\"2026-02-24T13:48:32+00:00\",\"description\":\"Preborn existence? Another view of prenatal existence. On Mind and Body before and after birth. Jaap van der Wal on The Embryo in Us.\",\"breadcrumb\":{\"@id\":\"https:\\\/\\\/www.embryo.nl\\\/en\\\/#breadcrumb\"},\"inLanguage\":\"en-US\",\"potentialAction\":[{\"@type\":\"ReadAction\",\"target\":[\"https:\\\/\\\/www.embryo.nl\\\/en\\\/\"]}]},{\"@type\":\"ImageObject\",\"inLanguage\":\"en-US\",\"@id\":\"https:\\\/\\\/www.embryo.nl\\\/en\\\/#primaryimage\",\"url\":\"https:\\\/\\\/www.embryo.nl\\\/wp-content\\\/uploads\\\/2023\\\/01\\\/Header-2016-cursus-1.jpg\",\"contentUrl\":\"https:\\\/\\\/www.embryo.nl\\\/wp-content\\\/uploads\\\/2023\\\/01\\\/Header-2016-cursus-1.jpg\",\"width\":4677,\"height\":653},{\"@type\":\"BreadcrumbList\",\"@id\":\"https:\\\/\\\/www.embryo.nl\\\/en\\\/#breadcrumb\",\"itemListElement\":[{\"@type\":\"ListItem\",\"position\":1,\"name\":\"Home\",\"item\":\"https:\\\/\\\/www.embryo.nl\\\/en\\\/\"},{\"@type\":\"ListItem\",\"position\":2,\"name\":\"The Embryo in Us Homepage EN\"}]},{\"@type\":\"WebSite\",\"@id\":\"https:\\\/\\\/www.embryo.nl\\\/#website\",\"url\":\"https:\\\/\\\/www.embryo.nl\\\/\",\"name\":\"The Embryo in us - Embryo in Motion\",\"description\":\"Mind and Body before and after birth\",\"publisher\":{\"@id\":\"https:\\\/\\\/www.embryo.nl\\\/#\\\/schema\\\/person\\\/0d402ade5f58756241163dc72bbedbe5\"},\"potentialAction\":[{\"@type\":\"SearchAction\",\"target\":{\"@type\":\"EntryPoint\",\"urlTemplate\":\"https:\\\/\\\/www.embryo.nl\\\/?s={search_term_string}\"},\"query-input\":{\"@type\":\"PropertyValueSpecification\",\"valueRequired\":true,\"valueName\":\"search_term_string\"}}],\"inLanguage\":\"en-US\"},{\"@type\":[\"Person\",\"Organization\"],\"@id\":\"https:\\\/\\\/www.embryo.nl\\\/#\\\/schema\\\/person\\\/0d402ade5f58756241163dc72bbedbe5\",\"name\":\"Jaap van der Wal\",\"image\":{\"@type\":\"ImageObject\",\"inLanguage\":\"en-US\",\"@id\":\"https:\\\/\\\/www.embryo.nl\\\/wp-content\\\/uploads\\\/2023\\\/06\\\/banner-EiB-1-kopie.jpg\",\"url\":\"https:\\\/\\\/www.embryo.nl\\\/wp-content\\\/uploads\\\/2023\\\/06\\\/banner-EiB-1-kopie.jpg\",\"contentUrl\":\"https:\\\/\\\/www.embryo.nl\\\/wp-content\\\/uploads\\\/2023\\\/06\\\/banner-EiB-1-kopie.jpg\",\"width\":872,\"height\":622,\"caption\":\"Jaap van der Wal\"},\"logo\":{\"@id\":\"https:\\\/\\\/www.embryo.nl\\\/wp-content\\\/uploads\\\/2023\\\/06\\\/banner-EiB-1-kopie.jpg\"},\"description\":\"Born 1947. Graduated as a physician in 1973 and received a PHD (specializing in movement sense and fascia) from Maastricht University in the Netherlands in 1988. From 1973-2012 active as associate university professor in human anatomy and embryology. From 1990 founder and leader of the project Dynamension with the objective of spreading understanding of the human embryo based on phenomenological approach. Publishes and gives courses on The Embryo in Us, also called Embryo in Motion: about mind and body, connection between spirituality and science. In addition, specializes in the phenomenology of fascia.\",\"sameAs\":[\"https:\\\/\\\/embryo.nl\",\"https:\\\/\\\/www.facebook.com\\\/jaapvanderwal01\",\"https:\\\/\\\/www.youtube.com\\\/@walembryo\"]}]}<\/script>\n<!-- \/ Yoast SEO plugin. -->","yoast_head_json":{"title":"The Embryo in Us Homepage","description":"Preborn existence? Another view of prenatal existence. On Mind and Body before and after birth. Jaap van der Wal on The Embryo in Us.","robots":{"index":"index","follow":"follow","max-snippet":"max-snippet:-1","max-image-preview":"max-image-preview:large","max-video-preview":"max-video-preview:-1"},"canonical":"https:\/\/www.embryo.nl\/en\/","og_locale":"en_US","og_type":"article","og_title":"[:en]The Embryo in Us Homepage[:nl]Het Embryo in Ons Homepage[:de]Der Embryo in Uns Homepage DE[:]","og_description":"[:en]Preborn existence? Another view of prenatal existence. On Mind and Body before and after birth. Jaap van der Wal on The Embryo in Us.[:nl]Voorgeboortelijk bestaan? Een andere kijk op het prenatale bestaan. Over Geest en Lichaam voor en na de geboorte. Jaap van der Wal over Het Embryo in Ons.[:de]Vorgeburtliches Sein? Ein weiterer Blick auf die pr\u00e4natale Existenz. \u00dcber Geist und K\u00f6rper vor und nach der Geburt. Jaap van der Wal \u00fcber Den Embryo in uns.[:]","og_url":"https:\/\/www.embryo.nl\/en\/","og_site_name":"The Embryo in us","article_publisher":"https:\/\/www.facebook.com\/jaapvanderwal01","article_modified_time":"2026-02-24T13:48:32+00:00","og_image":[{"width":4677,"height":653,"url":"https:\/\/www.embryo.nl\/wp-content\/uploads\/2023\/01\/Header-2016-cursus-1.jpg","type":"image\/jpeg"}],"twitter_card":"summary_large_image","twitter_misc":{"Est. reading time":"3 minutes"},"schema":{"@context":"https:\/\/schema.org","@graph":[{"@type":"WebPage","@id":"https:\/\/www.embryo.nl\/en\/","url":"https:\/\/www.embryo.nl\/en\/","name":"The Embryo in Us Homepage","isPartOf":{"@id":"https:\/\/www.embryo.nl\/#website"},"primaryImageOfPage":{"@id":"https:\/\/www.embryo.nl\/en\/#primaryimage"},"image":{"@id":"https:\/\/www.embryo.nl\/en\/#primaryimage"},"thumbnailUrl":"https:\/\/www.embryo.nl\/wp-content\/uploads\/2023\/01\/Header-2016-cursus-1.jpg","datePublished":"2023-05-05T14:06:17+00:00","dateModified":"2026-02-24T13:48:32+00:00","description":"Preborn existence? Another view of prenatal existence. On Mind and Body before and after birth. Jaap van der Wal on The Embryo in Us.","breadcrumb":{"@id":"https:\/\/www.embryo.nl\/en\/#breadcrumb"},"inLanguage":"en-US","potentialAction":[{"@type":"ReadAction","target":["https:\/\/www.embryo.nl\/en\/"]}]},{"@type":"ImageObject","inLanguage":"en-US","@id":"https:\/\/www.embryo.nl\/en\/#primaryimage","url":"https:\/\/www.embryo.nl\/wp-content\/uploads\/2023\/01\/Header-2016-cursus-1.jpg","contentUrl":"https:\/\/www.embryo.nl\/wp-content\/uploads\/2023\/01\/Header-2016-cursus-1.jpg","width":4677,"height":653},{"@type":"BreadcrumbList","@id":"https:\/\/www.embryo.nl\/en\/#breadcrumb","itemListElement":[{"@type":"ListItem","position":1,"name":"Home","item":"https:\/\/www.embryo.nl\/en\/"},{"@type":"ListItem","position":2,"name":"The Embryo in Us Homepage EN"}]},{"@type":"WebSite","@id":"https:\/\/www.embryo.nl\/#website","url":"https:\/\/www.embryo.nl\/","name":"The Embryo in us - Embryo in Motion","description":"Mind and Body before and after birth","publisher":{"@id":"https:\/\/www.embryo.nl\/#\/schema\/person\/0d402ade5f58756241163dc72bbedbe5"},"potentialAction":[{"@type":"SearchAction","target":{"@type":"EntryPoint","urlTemplate":"https:\/\/www.embryo.nl\/?s={search_term_string}"},"query-input":{"@type":"PropertyValueSpecification","valueRequired":true,"valueName":"search_term_string"}}],"inLanguage":"en-US"},{"@type":["Person","Organization"],"@id":"https:\/\/www.embryo.nl\/#\/schema\/person\/0d402ade5f58756241163dc72bbedbe5","name":"Jaap van der Wal","image":{"@type":"ImageObject","inLanguage":"en-US","@id":"https:\/\/www.embryo.nl\/wp-content\/uploads\/2023\/06\/banner-EiB-1-kopie.jpg","url":"https:\/\/www.embryo.nl\/wp-content\/uploads\/2023\/06\/banner-EiB-1-kopie.jpg","contentUrl":"https:\/\/www.embryo.nl\/wp-content\/uploads\/2023\/06\/banner-EiB-1-kopie.jpg","width":872,"height":622,"caption":"Jaap van der Wal"},"logo":{"@id":"https:\/\/www.embryo.nl\/wp-content\/uploads\/2023\/06\/banner-EiB-1-kopie.jpg"},"description":"Born 1947. Graduated as a physician in 1973 and received a PHD (specializing in movement sense and fascia) from Maastricht University in the Netherlands in 1988. From 1973-2012 active as associate university professor in human anatomy and embryology. From 1990 founder and leader of the project Dynamension with the objective of spreading understanding of the human embryo based on phenomenological approach. Publishes and gives courses on The Embryo in Us, also called Embryo in Motion: about mind and body, connection between spirituality and science. In addition, specializes in the phenomenology of fascia.","sameAs":["https:\/\/embryo.nl","https:\/\/www.facebook.com\/jaapvanderwal01","https:\/\/www.youtube.com\/@walembryo"]}]}},"_links":{"self":[{"href":"https:\/\/www.embryo.nl\/en\/wp-json\/wp\/v2\/pages\/435","targetHints":{"allow":["GET"]}}],"collection":[{"href":"https:\/\/www.embryo.nl\/en\/wp-json\/wp\/v2\/pages"}],"about":[{"href":"https:\/\/www.embryo.nl\/en\/wp-json\/wp\/v2\/types\/page"}],"author":[{"embeddable":true,"href":"https:\/\/www.embryo.nl\/en\/wp-json\/wp\/v2\/users\/2"}],"replies":[{"embeddable":true,"href":"https:\/\/www.embryo.nl\/en\/wp-json\/wp\/v2\/comments?post=435"}],"version-history":[{"count":320,"href":"https:\/\/www.embryo.nl\/en\/wp-json\/wp\/v2\/pages\/435\/revisions"}],"predecessor-version":[{"id":21369,"href":"https:\/\/www.embryo.nl\/en\/wp-json\/wp\/v2\/pages\/435\/revisions\/21369"}],"wp:featuredmedia":[{"embeddable":true,"href":"https:\/\/www.embryo.nl\/en\/wp-json\/wp\/v2\/media\/206"}],"wp:attachment":[{"href":"https:\/\/www.embryo.nl\/en\/wp-json\/wp\/v2\/media?parent=435"}],"wp:term":[{"taxonomy":"category","embeddable":true,"href":"https:\/\/www.embryo.nl\/en\/wp-json\/wp\/v2\/categories?post=435"}],"curies":[{"name":"wp","href":"https:\/\/api.w.org\/{rel}","templated":true}]}}