{"id":477,"date":"2023-05-05T13:06:19","date_gmt":"2023-05-05T13:06:19","guid":{"rendered":"https:\/\/embryo.nl\/24-cursuskalender-nl\/"},"modified":"2026-04-02T13:44:35","modified_gmt":"2026-04-02T13:44:35","slug":"course-calendar","status":"publish","type":"page","link":"https:\/\/www.embryo.nl\/de\/course-calendar\/","title":{"rendered":"Kurskalender"},"content":{"rendered":"<p>Nachstehend finden Sie eine \u00dcbersicht \u00fcber alle Kurse, die in naher Zukunft geplant sind. Klicken Sie auf einen Kurs f\u00fcr weitere Informationen. NL steht f\u00fcr niederl\u00e4ndischsprachige Kurse, DE f\u00fcr deutschsprachige Kurse und EN bedeutet einen Kurs auf Englisch (manchmal mit \u00dcbersetzung).<\/p>\n","protected":false},"excerpt":{"rendered":"<p>Nachstehend finden Sie eine \u00dcbersicht \u00fcber alle Kurse, die in naher Zukunft geplant sind. Klicken Sie auf einen Kurs f\u00fcr [&hellip;]<\/p>\n","protected":false},"author":2,"featured_media":208,"parent":0,"menu_order":1,"comment_status":"closed","ping_status":"closed","template":"page-templates\/blogmetheader2.php","meta":{"footnotes":""},"categories":[48],"class_list":["post-477","page","type-page","status-publish","has-post-thumbnail","hentry","category-cursus"],"yoast_head":"<!-- This site is optimized with the Yoast SEO plugin v27.4 - https:\/\/yoast.com\/product\/yoast-seo-wordpress\/ -->\n<title>Kurskalender<\/title>\n<meta name=\"description\" content=\"Hier finden Sie eine \u00dcbersicht \u00fcber alle geplanten Kurse. Klicken Sie auf einen Kurs, um weitere Informationen zu erhalten. NL steht f\u00fcr niederl\u00e4ndischsprachige Kurse, DE f\u00fcr deutschsprachige und EN bedeutet einen Kurs in Englisch (manchmal mit \u00dcbersetzung).\" \/>\n<meta name=\"robots\" content=\"index, follow, max-snippet:-1, max-image-preview:large, max-video-preview:-1\" \/>\n<link rel=\"canonical\" href=\"https:\/\/www.embryo.nl\/de\/course-calendar\/\" \/>\n<meta property=\"og:locale\" content=\"de_DE\" \/>\n<meta property=\"og:locale:alternate\" content=\"en_US\" \/>\n<meta property=\"og:locale:alternate\" content=\"nl_NL\" \/>\n<meta property=\"og:type\" content=\"article\" \/>\n<meta property=\"og:title\" content=\"Kurskalender\" \/>\n<meta property=\"og:description\" content=\"Hier finden Sie eine \u00dcbersicht \u00fcber alle geplanten Kurse. Klicken Sie auf einen Kurs, um weitere Informationen zu erhalten. NL steht f\u00fcr niederl\u00e4ndischsprachige Kurse, DE f\u00fcr deutschsprachige und EN bedeutet einen Kurs in Englisch (manchmal mit \u00dcbersetzung).\" \/>\n<meta property=\"og:url\" content=\"https:\/\/www.embryo.nl\/de\/course-calendar\/\" \/>\n<meta property=\"og:site_name\" content=\"Der Embryo in Uns\" \/>\n<meta property=\"article:publisher\" content=\"https:\/\/www.facebook.com\/jaapvanderwal01\" \/>\n<meta property=\"article:modified_time\" content=\"2026-04-02T13:44:35+00:00\" \/>\n<meta property=\"og:image\" content=\"https:\/\/www.embryo.nl\/wp-content\/uploads\/2023\/01\/Header-2016-cursus-3.jpg\" \/>\n\t<meta property=\"og:image:width\" content=\"7481\" \/>\n\t<meta property=\"og:image:height\" content=\"953\" \/>\n\t<meta property=\"og:image:type\" content=\"image\/jpeg\" \/>\n<meta name=\"twitter:card\" content=\"summary_large_image\" \/>\n<meta name=\"twitter:label1\" content=\"Gesch\u00e4tzte Lesezeit\" \/>\n\t<meta name=\"twitter:data1\" content=\"1\u00a0Minute\" \/>\n<script type=\"application\/ld+json\" class=\"yoast-schema-graph\">{\"@context\":\"https:\\\/\\\/schema.org\",\"@graph\":[{\"@type\":\"WebPage\",\"@id\":\"https:\\\/\\\/www.embryo.nl\\\/course-calendar\\\/\",\"url\":\"https:\\\/\\\/www.embryo.nl\\\/course-calendar\\\/\",\"name\":\"Kurskalender\",\"isPartOf\":{\"@id\":\"https:\\\/\\\/www.embryo.nl\\\/#website\"},\"primaryImageOfPage\":{\"@id\":\"https:\\\/\\\/www.embryo.nl\\\/course-calendar\\\/#primaryimage\"},\"image\":{\"@id\":\"https:\\\/\\\/www.embryo.nl\\\/course-calendar\\\/#primaryimage\"},\"thumbnailUrl\":\"https:\\\/\\\/www.embryo.nl\\\/wp-content\\\/uploads\\\/2023\\\/01\\\/Header-2016-cursus-3.jpg\",\"datePublished\":\"2023-05-05T13:06:19+00:00\",\"dateModified\":\"2026-04-02T13:44:35+00:00\",\"description\":\"Hier finden Sie eine \u00dcbersicht \u00fcber alle geplanten Kurse. Klicken Sie auf einen Kurs, um weitere Informationen zu erhalten. NL steht f\u00fcr niederl\u00e4ndischsprachige Kurse, DE f\u00fcr deutschsprachige und EN bedeutet einen Kurs in Englisch (manchmal mit \u00dcbersetzung).\",\"breadcrumb\":{\"@id\":\"https:\\\/\\\/www.embryo.nl\\\/course-calendar\\\/#breadcrumb\"},\"inLanguage\":\"de-DE\",\"potentialAction\":[{\"@type\":\"ReadAction\",\"target\":[\"https:\\\/\\\/www.embryo.nl\\\/course-calendar\\\/\"]}]},{\"@type\":\"ImageObject\",\"inLanguage\":\"de-DE\",\"@id\":\"https:\\\/\\\/www.embryo.nl\\\/course-calendar\\\/#primaryimage\",\"url\":\"https:\\\/\\\/www.embryo.nl\\\/wp-content\\\/uploads\\\/2023\\\/01\\\/Header-2016-cursus-3.jpg\",\"contentUrl\":\"https:\\\/\\\/www.embryo.nl\\\/wp-content\\\/uploads\\\/2023\\\/01\\\/Header-2016-cursus-3.jpg\",\"width\":7481,\"height\":953},{\"@type\":\"BreadcrumbList\",\"@id\":\"https:\\\/\\\/www.embryo.nl\\\/course-calendar\\\/#breadcrumb\",\"itemListElement\":[{\"@type\":\"ListItem\",\"position\":1,\"name\":\"Home\",\"item\":\"https:\\\/\\\/www.embryo.nl\\\/en\\\/\"},{\"@type\":\"ListItem\",\"position\":2,\"name\":\"Cursuskalender\"}]},{\"@type\":\"WebSite\",\"@id\":\"https:\\\/\\\/www.embryo.nl\\\/#website\",\"url\":\"https:\\\/\\\/www.embryo.nl\\\/\",\"name\":\"The Embryo in us - Embryo in Motion\",\"description\":\"Seele und K\u00f6rper bevor und nach der Geburt\",\"publisher\":{\"@id\":\"https:\\\/\\\/www.embryo.nl\\\/#\\\/schema\\\/person\\\/0d402ade5f58756241163dc72bbedbe5\"},\"potentialAction\":[{\"@type\":\"SearchAction\",\"target\":{\"@type\":\"EntryPoint\",\"urlTemplate\":\"https:\\\/\\\/www.embryo.nl\\\/?s={search_term_string}\"},\"query-input\":{\"@type\":\"PropertyValueSpecification\",\"valueRequired\":true,\"valueName\":\"search_term_string\"}}],\"inLanguage\":\"de-DE\"},{\"@type\":[\"Person\",\"Organization\"],\"@id\":\"https:\\\/\\\/www.embryo.nl\\\/#\\\/schema\\\/person\\\/0d402ade5f58756241163dc72bbedbe5\",\"name\":\"Jaap van der Wal\",\"image\":{\"@type\":\"ImageObject\",\"inLanguage\":\"de-DE\",\"@id\":\"https:\\\/\\\/www.embryo.nl\\\/wp-content\\\/uploads\\\/2023\\\/06\\\/banner-EiB-1-kopie.jpg\",\"url\":\"https:\\\/\\\/www.embryo.nl\\\/wp-content\\\/uploads\\\/2023\\\/06\\\/banner-EiB-1-kopie.jpg\",\"contentUrl\":\"https:\\\/\\\/www.embryo.nl\\\/wp-content\\\/uploads\\\/2023\\\/06\\\/banner-EiB-1-kopie.jpg\",\"width\":872,\"height\":622,\"caption\":\"Jaap van der Wal\"},\"logo\":{\"@id\":\"https:\\\/\\\/www.embryo.nl\\\/wp-content\\\/uploads\\\/2023\\\/06\\\/banner-EiB-1-kopie.jpg\"},\"description\":\"Born 1947. Graduated as a physician in 1973 and received a PHD (specializing in movement sense and fascia) from Maastricht University in the Netherlands in 1988. From 1973-2012 active as associate university professor in human anatomy and embryology. From 1990 founder and leader of the project Dynamension with the objective of spreading understanding of the human embryo based on phenomenological approach. Publishes and gives courses on The Embryo in Us, also called Embryo in Motion: about mind and body, connection between spirituality and science. In addition, specializes in the phenomenology of fascia.\",\"sameAs\":[\"https:\\\/\\\/embryo.nl\",\"https:\\\/\\\/www.facebook.com\\\/jaapvanderwal01\",\"https:\\\/\\\/www.youtube.com\\\/@walembryo\"]}]}<\/script>\n<!-- \/ Yoast SEO plugin. -->","yoast_head_json":{"title":"Kurskalender","description":"Hier finden Sie eine \u00dcbersicht \u00fcber alle geplanten Kurse. Klicken Sie auf einen Kurs, um weitere Informationen zu erhalten. NL steht f\u00fcr niederl\u00e4ndischsprachige Kurse, DE f\u00fcr deutschsprachige und EN bedeutet einen Kurs in Englisch (manchmal mit \u00dcbersetzung).","robots":{"index":"index","follow":"follow","max-snippet":"max-snippet:-1","max-image-preview":"max-image-preview:large","max-video-preview":"max-video-preview:-1"},"canonical":"https:\/\/www.embryo.nl\/de\/course-calendar\/","og_locale":"de_DE","og_type":"article","og_title":"[:en]Course calender[:nl]Cursuskalender[:de]Kurskalender[:] - Der Embryo in Uns","og_description":"[:en]Here is an overview of all courses that are scheduled. Click on a course for more information. NL is for Dutch language courses, DE for German language courses and EN means a course in English (sometimes with translation).[:nl]Hier een overzicht aan van alle cursussen diegepland zijn. Klik een cursus aan voor meer informatie. NL is voor Nederlandstalige cursussen,\u00a0DE\u00a0voor Duitstalig en\u00a0EN betekent een cursus in het Engels (soms met vertaling).[:de]Hier finden Sie eine \u00dcbersicht \u00fcber alle geplanten Kurse. Klicken Sie auf einen Kurs, um weitere Informationen zu erhalten. NL steht f\u00fcr niederl\u00e4ndischsprachige Kurse, DE f\u00fcr deutschsprachige und EN bedeutet einen Kurs in Englisch (manchmal mit \u00dcbersetzung).[:]","og_url":"https:\/\/www.embryo.nl\/de\/course-calendar\/","og_site_name":"Der Embryo in Uns","article_publisher":"https:\/\/www.facebook.com\/jaapvanderwal01","article_modified_time":"2026-04-02T13:44:35+00:00","og_image":[{"width":7481,"height":953,"url":"https:\/\/www.embryo.nl\/wp-content\/uploads\/2023\/01\/Header-2016-cursus-3.jpg","type":"image\/jpeg"}],"twitter_card":"summary_large_image","twitter_misc":{"Gesch\u00e4tzte Lesezeit":"1\u00a0Minute"},"schema":{"@context":"https:\/\/schema.org","@graph":[{"@type":"WebPage","@id":"https:\/\/www.embryo.nl\/course-calendar\/","url":"https:\/\/www.embryo.nl\/course-calendar\/","name":"Kurskalender","isPartOf":{"@id":"https:\/\/www.embryo.nl\/#website"},"primaryImageOfPage":{"@id":"https:\/\/www.embryo.nl\/course-calendar\/#primaryimage"},"image":{"@id":"https:\/\/www.embryo.nl\/course-calendar\/#primaryimage"},"thumbnailUrl":"https:\/\/www.embryo.nl\/wp-content\/uploads\/2023\/01\/Header-2016-cursus-3.jpg","datePublished":"2023-05-05T13:06:19+00:00","dateModified":"2026-04-02T13:44:35+00:00","description":"Hier finden Sie eine \u00dcbersicht \u00fcber alle geplanten Kurse. Klicken Sie auf einen Kurs, um weitere Informationen zu erhalten. NL steht f\u00fcr niederl\u00e4ndischsprachige Kurse, DE f\u00fcr deutschsprachige und EN bedeutet einen Kurs in Englisch (manchmal mit \u00dcbersetzung).","breadcrumb":{"@id":"https:\/\/www.embryo.nl\/course-calendar\/#breadcrumb"},"inLanguage":"de-DE","potentialAction":[{"@type":"ReadAction","target":["https:\/\/www.embryo.nl\/course-calendar\/"]}]},{"@type":"ImageObject","inLanguage":"de-DE","@id":"https:\/\/www.embryo.nl\/course-calendar\/#primaryimage","url":"https:\/\/www.embryo.nl\/wp-content\/uploads\/2023\/01\/Header-2016-cursus-3.jpg","contentUrl":"https:\/\/www.embryo.nl\/wp-content\/uploads\/2023\/01\/Header-2016-cursus-3.jpg","width":7481,"height":953},{"@type":"BreadcrumbList","@id":"https:\/\/www.embryo.nl\/course-calendar\/#breadcrumb","itemListElement":[{"@type":"ListItem","position":1,"name":"Home","item":"https:\/\/www.embryo.nl\/en\/"},{"@type":"ListItem","position":2,"name":"Cursuskalender"}]},{"@type":"WebSite","@id":"https:\/\/www.embryo.nl\/#website","url":"https:\/\/www.embryo.nl\/","name":"The Embryo in us - Embryo in Motion","description":"Seele und K\u00f6rper bevor und nach der Geburt","publisher":{"@id":"https:\/\/www.embryo.nl\/#\/schema\/person\/0d402ade5f58756241163dc72bbedbe5"},"potentialAction":[{"@type":"SearchAction","target":{"@type":"EntryPoint","urlTemplate":"https:\/\/www.embryo.nl\/?s={search_term_string}"},"query-input":{"@type":"PropertyValueSpecification","valueRequired":true,"valueName":"search_term_string"}}],"inLanguage":"de-DE"},{"@type":["Person","Organization"],"@id":"https:\/\/www.embryo.nl\/#\/schema\/person\/0d402ade5f58756241163dc72bbedbe5","name":"Jaap van der Wal","image":{"@type":"ImageObject","inLanguage":"de-DE","@id":"https:\/\/www.embryo.nl\/wp-content\/uploads\/2023\/06\/banner-EiB-1-kopie.jpg","url":"https:\/\/www.embryo.nl\/wp-content\/uploads\/2023\/06\/banner-EiB-1-kopie.jpg","contentUrl":"https:\/\/www.embryo.nl\/wp-content\/uploads\/2023\/06\/banner-EiB-1-kopie.jpg","width":872,"height":622,"caption":"Jaap van der Wal"},"logo":{"@id":"https:\/\/www.embryo.nl\/wp-content\/uploads\/2023\/06\/banner-EiB-1-kopie.jpg"},"description":"Born 1947. Graduated as a physician in 1973 and received a PHD (specializing in movement sense and fascia) from Maastricht University in the Netherlands in 1988. From 1973-2012 active as associate university professor in human anatomy and embryology. From 1990 founder and leader of the project Dynamension with the objective of spreading understanding of the human embryo based on phenomenological approach. Publishes and gives courses on The Embryo in Us, also called Embryo in Motion: about mind and body, connection between spirituality and science. In addition, specializes in the phenomenology of fascia.","sameAs":["https:\/\/embryo.nl","https:\/\/www.facebook.com\/jaapvanderwal01","https:\/\/www.youtube.com\/@walembryo"]}]}},"_links":{"self":[{"href":"https:\/\/www.embryo.nl\/de\/wp-json\/wp\/v2\/pages\/477","targetHints":{"allow":["GET"]}}],"collection":[{"href":"https:\/\/www.embryo.nl\/de\/wp-json\/wp\/v2\/pages"}],"about":[{"href":"https:\/\/www.embryo.nl\/de\/wp-json\/wp\/v2\/types\/page"}],"author":[{"embeddable":true,"href":"https:\/\/www.embryo.nl\/de\/wp-json\/wp\/v2\/users\/2"}],"replies":[{"embeddable":true,"href":"https:\/\/www.embryo.nl\/de\/wp-json\/wp\/v2\/comments?post=477"}],"version-history":[{"count":8,"href":"https:\/\/www.embryo.nl\/de\/wp-json\/wp\/v2\/pages\/477\/revisions"}],"predecessor-version":[{"id":21530,"href":"https:\/\/www.embryo.nl\/de\/wp-json\/wp\/v2\/pages\/477\/revisions\/21530"}],"wp:featuredmedia":[{"embeddable":true,"href":"https:\/\/www.embryo.nl\/de\/wp-json\/wp\/v2\/media\/208"}],"wp:attachment":[{"href":"https:\/\/www.embryo.nl\/de\/wp-json\/wp\/v2\/media?parent=477"}],"wp:term":[{"taxonomy":"category","embeddable":true,"href":"https:\/\/www.embryo.nl\/de\/wp-json\/wp\/v2\/categories?post=477"}],"curies":[{"name":"wp","href":"https:\/\/api.w.org\/{rel}","templated":true}]}}