{"id":469,"date":"2023-05-08T14:06:18","date_gmt":"2023-05-08T14:06:18","guid":{"rendered":"https:\/\/embryo.nl\/351-fascia-specifiek-nl\/"},"modified":"2023-09-15T22:27:32","modified_gmt":"2023-09-15T22:27:32","slug":"fascia-specific","status":"publish","type":"page","link":"https:\/\/www.embryo.nl\/de\/fascia-specific\/","title":{"rendered":"FASZIE Publikationen: Texte und Bild"},"content":{"rendered":"<p align=\"center\">Hier alle\u00a0<b>Artikeln<\/b>\u00a0\u00fcber Faszie welche auf Deutsch publiziert sind\u00a0(<b>sehe unten<\/b>).<\/p>\n<p align=\"center\">F\u00fcr\u00a0<b>Bildmaterial<\/b> (PowerPoint Pr\u00e4sentationen usw.) \u00fcber Faszie, gehen Sie nach <a href=\"https:\/\/embryo.nl\/de\/fascia-image-powerpoints-videos\/\">Bild<\/a><\/p>\n<p align=\"center\"><span style=\"font-size: 18.6666px;\">Will man alle Publikationen von Jaap ansehen, dr\u00fccken Sie <\/span><a title=\"\" href=\"https:\/\/embryo.nl\/de\/image-ppt-filme-videos-animationen\/\">Hier<\/a><\/p>\n<p align=\"left\">Verantwortung: woher Faszie?<\/p>\n<p align=\"left\">1988 promovierte ich als ausgebildeter Arzt an der Universit\u00e4t von Maastricht in den Niederlanden \u00fcber die These Das morphologische Substrat der Propriozeption im lateralen Ellenbogenbereich der Ratte. Diese Arbeit baut auf dem Konzept auf, das in Bezug auf die Architektur von Bindegewebe und Muskelgewebe im Haltungs- und Bewegungsapparat entwickelt wurde, wie es in den 1970er und 80er Jahren von meinen Kollegen Henk van Mameren und Jan Drukker entwickelt wurde und beschrieben wird dass auch f\u00fcr die Propriocepsis und ihre Organisation das Konzept der Architektur viel aussagekr\u00e4ftiger und funktionaler ist als das \u00fcbliche Denken in anatomisch unterscheidbaren Einheiten wie B\u00e4ndern, Knochen, Muskeln und Gelenken. Tats\u00e4chlich war dies ein Pl\u00e4doyer f\u00fcr die Annahme, dass die regionale Beschreibung des Substrats der Propriocepsis funktioneller ist als die Beschreibung dieses Substrats in Bezug auf anatomische Strukturen.<\/p>\n<p align=\"left\">\u00a0Viele Jahre sp\u00e4ter, im ersten Jahrzehnt dieses Jahrhunderts, entdecke ich durch meine Arbeit im Kontext des Embryos in Beweging unter anderem Osteopathie und Cranio-Sacral-Therapie und nehme die Ansichten eines Andrew Taylor Still zum Bindegewebe in Kenntnis der menschliche K\u00f6rper und die Ansicht dieses Bindegewebes als organisches System, das gew\u00f6hnlich einfach als Faszie bezeichnet wird. Als regelm\u00e4\u00dfiger medizinischer Anatom sind die Menschen im Allgemeinen nicht \u00fcber diese Sichtweise und dieses Konzept informiert.<\/p>\n<p align=\"left\">Das Denken in der Architektur kann als eine Art komplement\u00e4re Sichtweise des analytischen Denkens in getrennten Einheiten und Strukturen angesehen werden, wie sie von der klassischen, regul\u00e4ren, sogenannten wissenschaftlichen Anatomie praktiziert wird. Die ganzheitlichere Embryologie, die ich in meinen Kursen interpretierte, f\u00fchrte mich dazu, im sogenannten &#8222;Mesoderm&#8220; die Dimension zu erkennen, die \u00c4.T. noch funktional und philosophisch mit der Faszie verbindet.<\/p>\n<p align=\"left\">2009 hatte ich die Gelegenheit, im Rahmen des zweiten Internationalen Kongresses f\u00fcr Faszienforschung in Amsterdam meine Vision von der Funktionalit\u00e4t der Bindegewebsarchitektur im Haltungs- und Bewegungsapparat von 1988 vorzustellen, die jetzt verstaubt ist. Dort f\u00fchrte ich eine ph\u00e4nomenologischere Sicht auf die Organisation des Bindegewebes und des sogenannten mesodermalen Keimblatts ein, das so eher zum Organ als zum System unseres &#8222;inneren Selbst&#8220; wird.<\/p>\n<p align=\"left\">Diese Vision wurde von den anwesenden Forschern und praktizierenden Therapeuten als praktikabel anerkannt. Danach habe ich eine Reihe von Artikeln ver\u00f6ffentlicht, in denen dieses Konzept der architektonischen und ganzheitlichen Betrachtung des Bindegewebes weiter ausgearbeitet wird. .<\/p>\n<p align=\"left\">Auf dieser Website k\u00f6nnen einige meiner Artikel \u00fcber Faszien und Propriocepsis sowie einige PowerPoint-Pr\u00e4sentationen, die ich auf internationalen Konferenzen gehalten habe, heruntergeladen werden.<\/p>\n<p>Lesen Sie auch Englisch, dann gibt es mehr Artikelen \u00fcber Faszie <a href=\"http:\/\/811-knowledgebank-EN\">Hier<\/a><\/p>\n<h3><strong><img loading=\"lazy\" decoding=\"async\" class=\"alignnone wp-image-18609\" src=\"https:\/\/embryo.nl\/wp-content\/uploads\/2023\/09\/picto-read.png\" alt=\"\" width=\"38\" height=\"38\" \/>\u00a0 \u00a0<img loading=\"lazy\" decoding=\"async\" class=\"alignnone wp-image-18610\" src=\"https:\/\/embryo.nl\/wp-content\/uploads\/2023\/09\/picto-scherm-2.png\" alt=\"\" width=\"47\" height=\"36\" \/>\u00a0<img loading=\"lazy\" decoding=\"async\" class=\"alignnone wp-image-18606\" src=\"https:\/\/embryo.nl\/wp-content\/uploads\/2023\/09\/united-states-of-america-flag-icon-64.png\" alt=\"\" width=\"68\" height=\"36\" \/> <img loading=\"lazy\" decoding=\"async\" class=\"alignnone wp-image-18617\" src=\"https:\/\/embryo.nl\/wp-content\/uploads\/2023\/09\/netherlands-flag-icon-16.png\" alt=\"\" width=\"54\" height=\"37\" \/> <img loading=\"lazy\" decoding=\"async\" class=\"alignnone wp-image-18621\" src=\"https:\/\/embryo.nl\/wp-content\/uploads\/2023\/09\/germany-flag-icon-16.png\" alt=\"\" width=\"60\" height=\"38\" \/> <img loading=\"lazy\" decoding=\"async\" class=\"alignnone wp-image-18620\" src=\"https:\/\/embryo.nl\/wp-content\/uploads\/2023\/09\/italy-flag-icon-16.png\" alt=\"\" width=\"53\" height=\"36\" \/> <img loading=\"lazy\" decoding=\"async\" class=\"alignnone wp-image-18619\" src=\"https:\/\/embryo.nl\/wp-content\/uploads\/2023\/09\/france-flag-icon-16.png\" alt=\"\" width=\"54\" height=\"37\" \/> <img loading=\"lazy\" decoding=\"async\" class=\"alignnone wp-image-18618\" src=\"https:\/\/embryo.nl\/wp-content\/uploads\/2023\/09\/russia-flag-icon-16.png\" alt=\"\" width=\"56\" height=\"39\" \/> <img loading=\"lazy\" decoding=\"async\" class=\"alignnone wp-image-18616\" src=\"https:\/\/embryo.nl\/wp-content\/uploads\/2023\/09\/spain-flag-icon-16-3.png\" alt=\"\" width=\"54\" height=\"37\" \/>\u00a0<\/strong><strong><img loading=\"lazy\" decoding=\"async\" class=\"alignnone wp-image-18929\" src=\"https:\/\/embryo.nl\/wp-content\/uploads\/2023\/09\/portugal.png\" alt=\"\" width=\"55\" height=\"37\" \/><\/strong><\/h3>\n<p>READ WATCH\u00a0 \u00a0 \u00a0 EN\u00a0 \u00a0 \u00a0 \u00a0 \u00a0 \u00a0NL\u00a0 \u00a0 \u00a0 \u00a0 \u00a0 DE\u00a0 \u00a0 \u00a0 \u00a0 \u00a0 \u00a0IT\u00a0 \u00a0 \u00a0 \u00a0 \u00a0 \u00a0FR\u00a0 \u00a0 \u00a0 \u00a0 \u00a0RUS\u00a0 \u00a0 \u00a0 \u00a0 ES\u00a0 \u00a0 \u00a0 \u00a0 \u00a0POR<\/p>\n","protected":false},"excerpt":{"rendered":"<p>Hier alle\u00a0Artikeln\u00a0\u00fcber Faszie welche auf Deutsch publiziert sind\u00a0(sehe unten). F\u00fcr\u00a0Bildmaterial (PowerPoint Pr\u00e4sentationen usw.) \u00fcber Faszie, gehen Sie nach Bild Will [&hellip;]<\/p>\n","protected":false},"author":2,"featured_media":217,"parent":0,"menu_order":35,"comment_status":"closed","ping_status":"closed","template":"page-templates\/blogmetheader.php","meta":{"footnotes":""},"categories":[69,39],"class_list":["post-469","page","type-page","status-publish","has-post-thumbnail","hentry","category-publicatie","category-fascie-specifiek"],"yoast_head":"<!-- This site is optimized with the Yoast SEO plugin v27.4 - https:\/\/yoast.com\/product\/yoast-seo-wordpress\/ -->\n<title>Publicaties over Fascie Extra - Het Embryo in ons<\/title>\n<meta name=\"description\" content=\"Auf dieser Website k\u00f6nnen einige meiner Artikel \u00fcber Faszien und Propriocepsis sowie einige PowerPoint-Pr\u00e4sentationen, die ich auf internationalen Konferenzen gehalten habe, heruntergeladen werden.\" \/>\n<meta name=\"robots\" content=\"index, follow, max-snippet:-1, max-image-preview:large, max-video-preview:-1\" \/>\n<link rel=\"canonical\" href=\"https:\/\/www.embryo.nl\/de\/fascia-specific\/\" \/>\n<meta property=\"og:locale\" content=\"de_DE\" \/>\n<meta property=\"og:locale:alternate\" content=\"en_US\" \/>\n<meta property=\"og:locale:alternate\" content=\"nl_NL\" \/>\n<meta property=\"og:type\" content=\"article\" \/>\n<meta property=\"og:title\" content=\"Publicaties over Fascie Extra - Het Embryo in ons\" \/>\n<meta property=\"og:description\" content=\"Op deze website\u00a0kunnen enkele van mijn artikelen\u00a0die over fascia en propriocepsis handelen, worden gedownload als ook enkele PowerPoint presentaties die ik\u00a0op internationale congressen verzorgde.\" \/>\n<meta property=\"og:url\" content=\"https:\/\/www.embryo.nl\/de\/fascia-specific\/\" \/>\n<meta property=\"og:site_name\" content=\"Der Embryo in Uns\" \/>\n<meta property=\"article:publisher\" content=\"https:\/\/www.facebook.com\/jaapvanderwal01\" \/>\n<meta property=\"article:modified_time\" content=\"2023-09-15T22:27:32+00:00\" \/>\n<meta property=\"og:image\" content=\"https:\/\/www.embryo.nl\/wp-content\/uploads\/2023\/01\/header-wervels.jpg\" \/>\n\t<meta property=\"og:image:width\" content=\"1031\" \/>\n\t<meta property=\"og:image:height\" content=\"182\" \/>\n\t<meta property=\"og:image:type\" content=\"image\/jpeg\" \/>\n<meta name=\"twitter:card\" content=\"summary_large_image\" \/>\n<meta name=\"twitter:label1\" content=\"Gesch\u00e4tzte Lesezeit\" \/>\n\t<meta name=\"twitter:data1\" content=\"5\u00a0Minuten\" \/>\n<script type=\"application\/ld+json\" class=\"yoast-schema-graph\">{\"@context\":\"https:\\\/\\\/schema.org\",\"@graph\":[{\"@type\":\"WebPage\",\"@id\":\"https:\\\/\\\/www.embryo.nl\\\/fascia-specific\\\/\",\"url\":\"https:\\\/\\\/www.embryo.nl\\\/fascia-specific\\\/\",\"name\":\"Publicaties over Fascie Extra - Het Embryo in ons\",\"isPartOf\":{\"@id\":\"https:\\\/\\\/www.embryo.nl\\\/#website\"},\"primaryImageOfPage\":{\"@id\":\"https:\\\/\\\/www.embryo.nl\\\/fascia-specific\\\/#primaryimage\"},\"image\":{\"@id\":\"https:\\\/\\\/www.embryo.nl\\\/fascia-specific\\\/#primaryimage\"},\"thumbnailUrl\":\"https:\\\/\\\/www.embryo.nl\\\/wp-content\\\/uploads\\\/2023\\\/01\\\/header-wervels.jpg\",\"datePublished\":\"2023-05-08T14:06:18+00:00\",\"dateModified\":\"2023-09-15T22:27:32+00:00\",\"description\":\"Op deze website\u00a0kunnen enkele van mijn artikelen\u00a0die over fascia en propriocepsis handelen, worden gedownload als ook enkele PowerPoint presentaties die ik\u00a0op internationale congressen verzorgde.\",\"breadcrumb\":{\"@id\":\"https:\\\/\\\/www.embryo.nl\\\/fascia-specific\\\/#breadcrumb\"},\"inLanguage\":\"de-DE\",\"potentialAction\":[{\"@type\":\"ReadAction\",\"target\":[\"https:\\\/\\\/www.embryo.nl\\\/fascia-specific\\\/\"]}]},{\"@type\":\"ImageObject\",\"inLanguage\":\"de-DE\",\"@id\":\"https:\\\/\\\/www.embryo.nl\\\/fascia-specific\\\/#primaryimage\",\"url\":\"https:\\\/\\\/www.embryo.nl\\\/wp-content\\\/uploads\\\/2023\\\/01\\\/header-wervels.jpg\",\"contentUrl\":\"https:\\\/\\\/www.embryo.nl\\\/wp-content\\\/uploads\\\/2023\\\/01\\\/header-wervels.jpg\",\"width\":1031,\"height\":182},{\"@type\":\"BreadcrumbList\",\"@id\":\"https:\\\/\\\/www.embryo.nl\\\/fascia-specific\\\/#breadcrumb\",\"itemListElement\":[{\"@type\":\"ListItem\",\"position\":1,\"name\":\"Home\",\"item\":\"https:\\\/\\\/www.embryo.nl\\\/en\\\/\"},{\"@type\":\"ListItem\",\"position\":2,\"name\":\"FASCIA Publicaties: Tekst en Beeld\"}]},{\"@type\":\"WebSite\",\"@id\":\"https:\\\/\\\/www.embryo.nl\\\/#website\",\"url\":\"https:\\\/\\\/www.embryo.nl\\\/\",\"name\":\"The Embryo in us - Embryo in Motion\",\"description\":\"Seele und K\u00f6rper bevor und nach der Geburt\",\"publisher\":{\"@id\":\"https:\\\/\\\/www.embryo.nl\\\/#\\\/schema\\\/person\\\/0d402ade5f58756241163dc72bbedbe5\"},\"potentialAction\":[{\"@type\":\"SearchAction\",\"target\":{\"@type\":\"EntryPoint\",\"urlTemplate\":\"https:\\\/\\\/www.embryo.nl\\\/?s={search_term_string}\"},\"query-input\":{\"@type\":\"PropertyValueSpecification\",\"valueRequired\":true,\"valueName\":\"search_term_string\"}}],\"inLanguage\":\"de-DE\"},{\"@type\":[\"Person\",\"Organization\"],\"@id\":\"https:\\\/\\\/www.embryo.nl\\\/#\\\/schema\\\/person\\\/0d402ade5f58756241163dc72bbedbe5\",\"name\":\"Jaap van der Wal\",\"image\":{\"@type\":\"ImageObject\",\"inLanguage\":\"de-DE\",\"@id\":\"https:\\\/\\\/www.embryo.nl\\\/wp-content\\\/uploads\\\/2023\\\/06\\\/banner-EiB-1-kopie.jpg\",\"url\":\"https:\\\/\\\/www.embryo.nl\\\/wp-content\\\/uploads\\\/2023\\\/06\\\/banner-EiB-1-kopie.jpg\",\"contentUrl\":\"https:\\\/\\\/www.embryo.nl\\\/wp-content\\\/uploads\\\/2023\\\/06\\\/banner-EiB-1-kopie.jpg\",\"width\":872,\"height\":622,\"caption\":\"Jaap van der Wal\"},\"logo\":{\"@id\":\"https:\\\/\\\/www.embryo.nl\\\/wp-content\\\/uploads\\\/2023\\\/06\\\/banner-EiB-1-kopie.jpg\"},\"description\":\"Born 1947. Graduated as a physician in 1973 and received a PHD (specializing in movement sense and fascia) from Maastricht University in the Netherlands in 1988. From 1973-2012 active as associate university professor in human anatomy and embryology. From 1990 founder and leader of the project Dynamension with the objective of spreading understanding of the human embryo based on phenomenological approach. Publishes and gives courses on The Embryo in Us, also called Embryo in Motion: about mind and body, connection between spirituality and science. In addition, specializes in the phenomenology of fascia.\",\"sameAs\":[\"https:\\\/\\\/embryo.nl\",\"https:\\\/\\\/www.facebook.com\\\/jaapvanderwal01\",\"https:\\\/\\\/www.youtube.com\\\/@walembryo\"]}]}<\/script>\n<!-- \/ Yoast SEO plugin. -->","yoast_head_json":{"title":"Publicaties over Fascie Extra - Het Embryo in ons","description":"Auf dieser Website k\u00f6nnen einige meiner Artikel \u00fcber Faszien und Propriocepsis sowie einige PowerPoint-Pr\u00e4sentationen, die ich auf internationalen Konferenzen gehalten habe, heruntergeladen werden.","robots":{"index":"index","follow":"follow","max-snippet":"max-snippet:-1","max-image-preview":"max-image-preview:large","max-video-preview":"max-video-preview:-1"},"canonical":"https:\/\/www.embryo.nl\/de\/fascia-specific\/","og_locale":"de_DE","og_type":"article","og_title":"Publicaties over Fascie Extra - Het Embryo in ons","og_description":"Op deze website\u00a0kunnen enkele van mijn artikelen\u00a0die over fascia en propriocepsis handelen, worden gedownload als ook enkele PowerPoint presentaties die ik\u00a0op internationale congressen verzorgde.","og_url":"https:\/\/www.embryo.nl\/de\/fascia-specific\/","og_site_name":"Der Embryo in Uns","article_publisher":"https:\/\/www.facebook.com\/jaapvanderwal01","article_modified_time":"2023-09-15T22:27:32+00:00","og_image":[{"width":1031,"height":182,"url":"https:\/\/www.embryo.nl\/wp-content\/uploads\/2023\/01\/header-wervels.jpg","type":"image\/jpeg"}],"twitter_card":"summary_large_image","twitter_misc":{"Gesch\u00e4tzte Lesezeit":"5\u00a0Minuten"},"schema":{"@context":"https:\/\/schema.org","@graph":[{"@type":"WebPage","@id":"https:\/\/www.embryo.nl\/fascia-specific\/","url":"https:\/\/www.embryo.nl\/fascia-specific\/","name":"Publicaties over Fascie Extra - Het Embryo in ons","isPartOf":{"@id":"https:\/\/www.embryo.nl\/#website"},"primaryImageOfPage":{"@id":"https:\/\/www.embryo.nl\/fascia-specific\/#primaryimage"},"image":{"@id":"https:\/\/www.embryo.nl\/fascia-specific\/#primaryimage"},"thumbnailUrl":"https:\/\/www.embryo.nl\/wp-content\/uploads\/2023\/01\/header-wervels.jpg","datePublished":"2023-05-08T14:06:18+00:00","dateModified":"2023-09-15T22:27:32+00:00","description":"Op deze website\u00a0kunnen enkele van mijn artikelen\u00a0die over fascia en propriocepsis handelen, worden gedownload als ook enkele PowerPoint presentaties die ik\u00a0op internationale congressen verzorgde.","breadcrumb":{"@id":"https:\/\/www.embryo.nl\/fascia-specific\/#breadcrumb"},"inLanguage":"de-DE","potentialAction":[{"@type":"ReadAction","target":["https:\/\/www.embryo.nl\/fascia-specific\/"]}]},{"@type":"ImageObject","inLanguage":"de-DE","@id":"https:\/\/www.embryo.nl\/fascia-specific\/#primaryimage","url":"https:\/\/www.embryo.nl\/wp-content\/uploads\/2023\/01\/header-wervels.jpg","contentUrl":"https:\/\/www.embryo.nl\/wp-content\/uploads\/2023\/01\/header-wervels.jpg","width":1031,"height":182},{"@type":"BreadcrumbList","@id":"https:\/\/www.embryo.nl\/fascia-specific\/#breadcrumb","itemListElement":[{"@type":"ListItem","position":1,"name":"Home","item":"https:\/\/www.embryo.nl\/en\/"},{"@type":"ListItem","position":2,"name":"FASCIA Publicaties: Tekst en Beeld"}]},{"@type":"WebSite","@id":"https:\/\/www.embryo.nl\/#website","url":"https:\/\/www.embryo.nl\/","name":"The Embryo in us - Embryo in Motion","description":"Seele und K\u00f6rper bevor und nach der Geburt","publisher":{"@id":"https:\/\/www.embryo.nl\/#\/schema\/person\/0d402ade5f58756241163dc72bbedbe5"},"potentialAction":[{"@type":"SearchAction","target":{"@type":"EntryPoint","urlTemplate":"https:\/\/www.embryo.nl\/?s={search_term_string}"},"query-input":{"@type":"PropertyValueSpecification","valueRequired":true,"valueName":"search_term_string"}}],"inLanguage":"de-DE"},{"@type":["Person","Organization"],"@id":"https:\/\/www.embryo.nl\/#\/schema\/person\/0d402ade5f58756241163dc72bbedbe5","name":"Jaap van der Wal","image":{"@type":"ImageObject","inLanguage":"de-DE","@id":"https:\/\/www.embryo.nl\/wp-content\/uploads\/2023\/06\/banner-EiB-1-kopie.jpg","url":"https:\/\/www.embryo.nl\/wp-content\/uploads\/2023\/06\/banner-EiB-1-kopie.jpg","contentUrl":"https:\/\/www.embryo.nl\/wp-content\/uploads\/2023\/06\/banner-EiB-1-kopie.jpg","width":872,"height":622,"caption":"Jaap van der Wal"},"logo":{"@id":"https:\/\/www.embryo.nl\/wp-content\/uploads\/2023\/06\/banner-EiB-1-kopie.jpg"},"description":"Born 1947. Graduated as a physician in 1973 and received a PHD (specializing in movement sense and fascia) from Maastricht University in the Netherlands in 1988. From 1973-2012 active as associate university professor in human anatomy and embryology. From 1990 founder and leader of the project Dynamension with the objective of spreading understanding of the human embryo based on phenomenological approach. Publishes and gives courses on The Embryo in Us, also called Embryo in Motion: about mind and body, connection between spirituality and science. In addition, specializes in the phenomenology of fascia.","sameAs":["https:\/\/embryo.nl","https:\/\/www.facebook.com\/jaapvanderwal01","https:\/\/www.youtube.com\/@walembryo"]}]}},"_links":{"self":[{"href":"https:\/\/www.embryo.nl\/de\/wp-json\/wp\/v2\/pages\/469","targetHints":{"allow":["GET"]}}],"collection":[{"href":"https:\/\/www.embryo.nl\/de\/wp-json\/wp\/v2\/pages"}],"about":[{"href":"https:\/\/www.embryo.nl\/de\/wp-json\/wp\/v2\/types\/page"}],"author":[{"embeddable":true,"href":"https:\/\/www.embryo.nl\/de\/wp-json\/wp\/v2\/users\/2"}],"replies":[{"embeddable":true,"href":"https:\/\/www.embryo.nl\/de\/wp-json\/wp\/v2\/comments?post=469"}],"version-history":[{"count":43,"href":"https:\/\/www.embryo.nl\/de\/wp-json\/wp\/v2\/pages\/469\/revisions"}],"predecessor-version":[{"id":19634,"href":"https:\/\/www.embryo.nl\/de\/wp-json\/wp\/v2\/pages\/469\/revisions\/19634"}],"wp:featuredmedia":[{"embeddable":true,"href":"https:\/\/www.embryo.nl\/de\/wp-json\/wp\/v2\/media\/217"}],"wp:attachment":[{"href":"https:\/\/www.embryo.nl\/de\/wp-json\/wp\/v2\/media?parent=469"}],"wp:term":[{"taxonomy":"category","embeddable":true,"href":"https:\/\/www.embryo.nl\/de\/wp-json\/wp\/v2\/categories?post=469"}],"curies":[{"name":"wp","href":"https:\/\/api.w.org\/{rel}","templated":true}]}}