{"id":465,"date":"2023-05-08T14:06:18","date_gmt":"2023-05-08T14:06:18","guid":{"rendered":"https:\/\/embryo.nl\/356-verhalen-gedichten-en-spreuken\/"},"modified":"2023-09-10T13:06:34","modified_gmt":"2023-09-10T13:06:34","slug":"tales-poems-verbs","status":"publish","type":"page","link":"https:\/\/www.embryo.nl\/de\/tales-poems-verbs\/","title":{"rendered":"Erz\u00e4hlungen, Gedichte und Spruchw\u00f6rter"},"content":{"rendered":"<p>Hier unten werden einige Erz\u00e4hlungen, Gedichte und Spruchw\u00f6rter gegeben welche w\u00e4hrend der Kursen von Jaap ben\u00fctzt werden. M\u00f6chten Sie alle Publikationen von Jaap anschauen, dr\u00fccken Sie dieses <a title=\"\" href=\"https:\/\/embryo.nl\/de\/knowledge-database-2\/\">hier<\/a><\/p>\n","protected":false},"excerpt":{"rendered":"<p>Hier unten werden einige Erz\u00e4hlungen, Gedichte und Spruchw\u00f6rter gegeben welche w\u00e4hrend der Kursen von Jaap ben\u00fctzt werden. M\u00f6chten Sie alle [&hellip;]<\/p>\n","protected":false},"author":2,"featured_media":207,"parent":0,"menu_order":31,"comment_status":"closed","ping_status":"closed","template":"page-templates\/blogmetheader.php","meta":{"footnotes":""},"categories":[33,55],"class_list":["post-465","page","type-page","status-publish","has-post-thumbnail","hentry","category-document","category-verhalen-en-gedichten"],"yoast_head":"<!-- This site is optimized with the Yoast SEO plugin v27.4 - https:\/\/yoast.com\/product\/yoast-seo-wordpress\/ -->\n<title>Erz\u00e4hlungen, Gedichte und Spruchw\u00f6rter<\/title>\n<meta name=\"description\" content=\"Hier unten werden einige Erz\u00e4hlungen, Gedichte und Spruchw\u00f6rter gegeben welche w\u00e4hrend der Kursen von Jaap ben\u00fctzt werden.\" \/>\n<meta name=\"robots\" content=\"index, follow, max-snippet:-1, max-image-preview:large, max-video-preview:-1\" \/>\n<link rel=\"canonical\" href=\"https:\/\/www.embryo.nl\/de\/tales-poems-verbs\/\" \/>\n<meta property=\"og:locale\" content=\"de_DE\" \/>\n<meta property=\"og:locale:alternate\" content=\"en_US\" \/>\n<meta property=\"og:locale:alternate\" content=\"nl_NL\" \/>\n<meta property=\"og:type\" content=\"article\" \/>\n<meta property=\"og:title\" content=\"Erz\u00e4hlungen, Gedichte und Spruchw\u00f6rter\" \/>\n<meta property=\"og:description\" content=\"Hieronder enkele verhalen, gedichten en spreuken die in de cursussen en lezingen vaak door Jaap worden gebruikt. Nederlandstalig.\" \/>\n<meta property=\"og:url\" content=\"https:\/\/www.embryo.nl\/de\/tales-poems-verbs\/\" \/>\n<meta property=\"og:site_name\" content=\"Der Embryo in Uns\" \/>\n<meta property=\"article:publisher\" content=\"https:\/\/www.facebook.com\/jaapvanderwal01\" \/>\n<meta property=\"article:modified_time\" content=\"2023-09-10T13:06:34+00:00\" \/>\n<meta property=\"og:image\" content=\"https:\/\/www.embryo.nl\/wp-content\/uploads\/2023\/01\/Header-2016-cursus-2.jpg\" \/>\n\t<meta property=\"og:image:width\" content=\"4113\" \/>\n\t<meta property=\"og:image:height\" content=\"593\" \/>\n\t<meta property=\"og:image:type\" content=\"image\/jpeg\" \/>\n<meta name=\"twitter:card\" content=\"summary_large_image\" \/>\n<meta name=\"twitter:label1\" content=\"Gesch\u00e4tzte Lesezeit\" \/>\n\t<meta name=\"twitter:data1\" content=\"1\u00a0Minute\" \/>\n<script type=\"application\/ld+json\" class=\"yoast-schema-graph\">{\"@context\":\"https:\\\/\\\/schema.org\",\"@graph\":[{\"@type\":\"WebPage\",\"@id\":\"https:\\\/\\\/www.embryo.nl\\\/tales-poems-verbs\\\/\",\"url\":\"https:\\\/\\\/www.embryo.nl\\\/tales-poems-verbs\\\/\",\"name\":\"Erz\u00e4hlungen, Gedichte und Spruchw\u00f6rter\",\"isPartOf\":{\"@id\":\"https:\\\/\\\/www.embryo.nl\\\/#website\"},\"primaryImageOfPage\":{\"@id\":\"https:\\\/\\\/www.embryo.nl\\\/tales-poems-verbs\\\/#primaryimage\"},\"image\":{\"@id\":\"https:\\\/\\\/www.embryo.nl\\\/tales-poems-verbs\\\/#primaryimage\"},\"thumbnailUrl\":\"https:\\\/\\\/www.embryo.nl\\\/wp-content\\\/uploads\\\/2023\\\/01\\\/Header-2016-cursus-2.jpg\",\"datePublished\":\"2023-05-08T14:06:18+00:00\",\"dateModified\":\"2023-09-10T13:06:34+00:00\",\"description\":\"Hieronder enkele verhalen, gedichten en spreuken die in de cursussen en lezingen vaak door Jaap worden gebruikt. Nederlandstalig.\",\"breadcrumb\":{\"@id\":\"https:\\\/\\\/www.embryo.nl\\\/tales-poems-verbs\\\/#breadcrumb\"},\"inLanguage\":\"de-DE\",\"potentialAction\":[{\"@type\":\"ReadAction\",\"target\":[\"https:\\\/\\\/www.embryo.nl\\\/tales-poems-verbs\\\/\"]}]},{\"@type\":\"ImageObject\",\"inLanguage\":\"de-DE\",\"@id\":\"https:\\\/\\\/www.embryo.nl\\\/tales-poems-verbs\\\/#primaryimage\",\"url\":\"https:\\\/\\\/www.embryo.nl\\\/wp-content\\\/uploads\\\/2023\\\/01\\\/Header-2016-cursus-2.jpg\",\"contentUrl\":\"https:\\\/\\\/www.embryo.nl\\\/wp-content\\\/uploads\\\/2023\\\/01\\\/Header-2016-cursus-2.jpg\",\"width\":4113,\"height\":593},{\"@type\":\"BreadcrumbList\",\"@id\":\"https:\\\/\\\/www.embryo.nl\\\/tales-poems-verbs\\\/#breadcrumb\",\"itemListElement\":[{\"@type\":\"ListItem\",\"position\":1,\"name\":\"Home\",\"item\":\"https:\\\/\\\/www.embryo.nl\\\/en\\\/\"},{\"@type\":\"ListItem\",\"position\":2,\"name\":\"Verhalen, gedichten en spreuken\"}]},{\"@type\":\"WebSite\",\"@id\":\"https:\\\/\\\/www.embryo.nl\\\/#website\",\"url\":\"https:\\\/\\\/www.embryo.nl\\\/\",\"name\":\"The Embryo in us - Embryo in Motion\",\"description\":\"Seele und K\u00f6rper bevor und nach der Geburt\",\"publisher\":{\"@id\":\"https:\\\/\\\/www.embryo.nl\\\/#\\\/schema\\\/person\\\/0d402ade5f58756241163dc72bbedbe5\"},\"potentialAction\":[{\"@type\":\"SearchAction\",\"target\":{\"@type\":\"EntryPoint\",\"urlTemplate\":\"https:\\\/\\\/www.embryo.nl\\\/?s={search_term_string}\"},\"query-input\":{\"@type\":\"PropertyValueSpecification\",\"valueRequired\":true,\"valueName\":\"search_term_string\"}}],\"inLanguage\":\"de-DE\"},{\"@type\":[\"Person\",\"Organization\"],\"@id\":\"https:\\\/\\\/www.embryo.nl\\\/#\\\/schema\\\/person\\\/0d402ade5f58756241163dc72bbedbe5\",\"name\":\"Jaap van der Wal\",\"image\":{\"@type\":\"ImageObject\",\"inLanguage\":\"de-DE\",\"@id\":\"https:\\\/\\\/www.embryo.nl\\\/wp-content\\\/uploads\\\/2023\\\/06\\\/banner-EiB-1-kopie.jpg\",\"url\":\"https:\\\/\\\/www.embryo.nl\\\/wp-content\\\/uploads\\\/2023\\\/06\\\/banner-EiB-1-kopie.jpg\",\"contentUrl\":\"https:\\\/\\\/www.embryo.nl\\\/wp-content\\\/uploads\\\/2023\\\/06\\\/banner-EiB-1-kopie.jpg\",\"width\":872,\"height\":622,\"caption\":\"Jaap van der Wal\"},\"logo\":{\"@id\":\"https:\\\/\\\/www.embryo.nl\\\/wp-content\\\/uploads\\\/2023\\\/06\\\/banner-EiB-1-kopie.jpg\"},\"description\":\"Born 1947. Graduated as a physician in 1973 and received a PHD (specializing in movement sense and fascia) from Maastricht University in the Netherlands in 1988. From 1973-2012 active as associate university professor in human anatomy and embryology. From 1990 founder and leader of the project Dynamension with the objective of spreading understanding of the human embryo based on phenomenological approach. Publishes and gives courses on The Embryo in Us, also called Embryo in Motion: about mind and body, connection between spirituality and science. In addition, specializes in the phenomenology of fascia.\",\"sameAs\":[\"https:\\\/\\\/embryo.nl\",\"https:\\\/\\\/www.facebook.com\\\/jaapvanderwal01\",\"https:\\\/\\\/www.youtube.com\\\/@walembryo\"]}]}<\/script>\n<!-- \/ Yoast SEO plugin. -->","yoast_head_json":{"title":"Erz\u00e4hlungen, Gedichte und Spruchw\u00f6rter","description":"Hier unten werden einige Erz\u00e4hlungen, Gedichte und Spruchw\u00f6rter gegeben welche w\u00e4hrend der Kursen von Jaap ben\u00fctzt werden.","robots":{"index":"index","follow":"follow","max-snippet":"max-snippet:-1","max-image-preview":"max-image-preview:large","max-video-preview":"max-video-preview:-1"},"canonical":"https:\/\/www.embryo.nl\/de\/tales-poems-verbs\/","og_locale":"de_DE","og_type":"article","og_title":"[:en]Tales, poems and verbs[:nl]Verhalen, gedichten en spreuken[:de]Erz\u00e4hlungen, Gedichte und Spruchw\u00f6rter[:] - Der Embryo in Uns","og_description":"Hieronder enkele verhalen, gedichten en spreuken die in de cursussen en lezingen vaak door Jaap worden gebruikt. Nederlandstalig.","og_url":"https:\/\/www.embryo.nl\/de\/tales-poems-verbs\/","og_site_name":"Der Embryo in Uns","article_publisher":"https:\/\/www.facebook.com\/jaapvanderwal01","article_modified_time":"2023-09-10T13:06:34+00:00","og_image":[{"width":4113,"height":593,"url":"https:\/\/www.embryo.nl\/wp-content\/uploads\/2023\/01\/Header-2016-cursus-2.jpg","type":"image\/jpeg"}],"twitter_card":"summary_large_image","twitter_misc":{"Gesch\u00e4tzte Lesezeit":"1\u00a0Minute"},"schema":{"@context":"https:\/\/schema.org","@graph":[{"@type":"WebPage","@id":"https:\/\/www.embryo.nl\/tales-poems-verbs\/","url":"https:\/\/www.embryo.nl\/tales-poems-verbs\/","name":"Erz\u00e4hlungen, Gedichte und Spruchw\u00f6rter","isPartOf":{"@id":"https:\/\/www.embryo.nl\/#website"},"primaryImageOfPage":{"@id":"https:\/\/www.embryo.nl\/tales-poems-verbs\/#primaryimage"},"image":{"@id":"https:\/\/www.embryo.nl\/tales-poems-verbs\/#primaryimage"},"thumbnailUrl":"https:\/\/www.embryo.nl\/wp-content\/uploads\/2023\/01\/Header-2016-cursus-2.jpg","datePublished":"2023-05-08T14:06:18+00:00","dateModified":"2023-09-10T13:06:34+00:00","description":"Hieronder enkele verhalen, gedichten en spreuken die in de cursussen en lezingen vaak door Jaap worden gebruikt. Nederlandstalig.","breadcrumb":{"@id":"https:\/\/www.embryo.nl\/tales-poems-verbs\/#breadcrumb"},"inLanguage":"de-DE","potentialAction":[{"@type":"ReadAction","target":["https:\/\/www.embryo.nl\/tales-poems-verbs\/"]}]},{"@type":"ImageObject","inLanguage":"de-DE","@id":"https:\/\/www.embryo.nl\/tales-poems-verbs\/#primaryimage","url":"https:\/\/www.embryo.nl\/wp-content\/uploads\/2023\/01\/Header-2016-cursus-2.jpg","contentUrl":"https:\/\/www.embryo.nl\/wp-content\/uploads\/2023\/01\/Header-2016-cursus-2.jpg","width":4113,"height":593},{"@type":"BreadcrumbList","@id":"https:\/\/www.embryo.nl\/tales-poems-verbs\/#breadcrumb","itemListElement":[{"@type":"ListItem","position":1,"name":"Home","item":"https:\/\/www.embryo.nl\/en\/"},{"@type":"ListItem","position":2,"name":"Verhalen, gedichten en spreuken"}]},{"@type":"WebSite","@id":"https:\/\/www.embryo.nl\/#website","url":"https:\/\/www.embryo.nl\/","name":"The Embryo in us - Embryo in Motion","description":"Seele und K\u00f6rper bevor und nach der Geburt","publisher":{"@id":"https:\/\/www.embryo.nl\/#\/schema\/person\/0d402ade5f58756241163dc72bbedbe5"},"potentialAction":[{"@type":"SearchAction","target":{"@type":"EntryPoint","urlTemplate":"https:\/\/www.embryo.nl\/?s={search_term_string}"},"query-input":{"@type":"PropertyValueSpecification","valueRequired":true,"valueName":"search_term_string"}}],"inLanguage":"de-DE"},{"@type":["Person","Organization"],"@id":"https:\/\/www.embryo.nl\/#\/schema\/person\/0d402ade5f58756241163dc72bbedbe5","name":"Jaap van der Wal","image":{"@type":"ImageObject","inLanguage":"de-DE","@id":"https:\/\/www.embryo.nl\/wp-content\/uploads\/2023\/06\/banner-EiB-1-kopie.jpg","url":"https:\/\/www.embryo.nl\/wp-content\/uploads\/2023\/06\/banner-EiB-1-kopie.jpg","contentUrl":"https:\/\/www.embryo.nl\/wp-content\/uploads\/2023\/06\/banner-EiB-1-kopie.jpg","width":872,"height":622,"caption":"Jaap van der Wal"},"logo":{"@id":"https:\/\/www.embryo.nl\/wp-content\/uploads\/2023\/06\/banner-EiB-1-kopie.jpg"},"description":"Born 1947. Graduated as a physician in 1973 and received a PHD (specializing in movement sense and fascia) from Maastricht University in the Netherlands in 1988. From 1973-2012 active as associate university professor in human anatomy and embryology. From 1990 founder and leader of the project Dynamension with the objective of spreading understanding of the human embryo based on phenomenological approach. Publishes and gives courses on The Embryo in Us, also called Embryo in Motion: about mind and body, connection between spirituality and science. In addition, specializes in the phenomenology of fascia.","sameAs":["https:\/\/embryo.nl","https:\/\/www.facebook.com\/jaapvanderwal01","https:\/\/www.youtube.com\/@walembryo"]}]}},"_links":{"self":[{"href":"https:\/\/www.embryo.nl\/de\/wp-json\/wp\/v2\/pages\/465","targetHints":{"allow":["GET"]}}],"collection":[{"href":"https:\/\/www.embryo.nl\/de\/wp-json\/wp\/v2\/pages"}],"about":[{"href":"https:\/\/www.embryo.nl\/de\/wp-json\/wp\/v2\/types\/page"}],"author":[{"embeddable":true,"href":"https:\/\/www.embryo.nl\/de\/wp-json\/wp\/v2\/users\/2"}],"replies":[{"embeddable":true,"href":"https:\/\/www.embryo.nl\/de\/wp-json\/wp\/v2\/comments?post=465"}],"version-history":[{"count":11,"href":"https:\/\/www.embryo.nl\/de\/wp-json\/wp\/v2\/pages\/465\/revisions"}],"predecessor-version":[{"id":17254,"href":"https:\/\/www.embryo.nl\/de\/wp-json\/wp\/v2\/pages\/465\/revisions\/17254"}],"wp:featuredmedia":[{"embeddable":true,"href":"https:\/\/www.embryo.nl\/de\/wp-json\/wp\/v2\/media\/207"}],"wp:attachment":[{"href":"https:\/\/www.embryo.nl\/de\/wp-json\/wp\/v2\/media?parent=465"}],"wp:term":[{"taxonomy":"category","embeddable":true,"href":"https:\/\/www.embryo.nl\/de\/wp-json\/wp\/v2\/categories?post=465"}],"curies":[{"name":"wp","href":"https:\/\/api.w.org\/{rel}","templated":true}]}}