{"id":463,"date":"2023-05-08T14:06:18","date_gmt":"2023-05-08T14:06:18","guid":{"rendered":"https:\/\/embryo.nl\/58-kennisbank-nl\/"},"modified":"2023-09-11T12:01:52","modified_gmt":"2023-09-11T12:01:52","slug":"knowledge-database-2","status":"publish","type":"page","link":"https:\/\/www.embryo.nl\/de\/knowledge-database-2\/","title":{"rendered":"Wissensdatenbank ALLE Publikationen"},"content":{"rendered":"<header>Hier sind ALLE von Jaap produzierte Artikeln und Kapitteln in B\u00fcchern aufzufinden wie auch aller art Bildmaterial das er in seinen Kursen benutzt (Filme, Animationen, PowerPoint Pr\u00e4sentationen. usw). AA deutet Embryosofie an, FA steht f\u00fcr Faszie , VA f\u00fcr Videos und Animationen und LW steht f\u00fcr Links und Webseiten.<br \/>\n<strong>NL<\/strong> ist Holl\u00e4ndisch, <strong>EN<\/strong> Englischsprachig und <strong>DE<\/strong> Deutschsprachig. F\u00fcr noch mehr Sprachen sehen Sie <a title=\"\" href=\"\/1770-the-multilingual-embryo\">The Multilingual embryo<\/a>.<\/header>\n","protected":false},"excerpt":{"rendered":"<p>Hier sind ALLE von Jaap produzierte Artikeln und Kapitteln in B\u00fcchern aufzufinden wie auch aller art Bildmaterial das er in [&hellip;]<\/p>\n","protected":false},"author":2,"featured_media":286,"parent":0,"menu_order":29,"comment_status":"closed","ping_status":"closed","template":"page-templates\/blogmetheader2.php","meta":{"footnotes":""},"categories":[62,69],"class_list":["post-463","page","type-page","status-publish","has-post-thumbnail","hentry","category-image","category-publicatie"],"yoast_head":"<!-- This site is optimized with the Yoast SEO plugin v27.4 - https:\/\/yoast.com\/product\/yoast-seo-wordpress\/ -->\n<title>Wissensdatenbank ALLE Publikationen<\/title>\n<meta name=\"description\" content=\"Hier sind ALLE von Jaap produzierte Artikeln und Kapitteln in B\u00fcchern aufzufinden wie auch aller art Bildmaterial das er in seinen Kursen benutzt (Filme, Animationen, PowerPoint Pr\u00e4sentationen. usw\" \/>\n<meta name=\"robots\" content=\"index, follow, max-snippet:-1, max-image-preview:large, max-video-preview:-1\" \/>\n<link rel=\"canonical\" href=\"https:\/\/www.embryo.nl\/de\/knowledge-database-2\/\" \/>\n<meta property=\"og:locale\" content=\"de_DE\" \/>\n<meta property=\"og:locale:alternate\" content=\"en_US\" \/>\n<meta property=\"og:locale:alternate\" content=\"nl_NL\" \/>\n<meta property=\"og:type\" content=\"article\" \/>\n<meta property=\"og:title\" content=\"Wissensdatenbank ALLE Publikationen\" \/>\n<meta property=\"og:description\" content=\"Hier zijn ALLE ooit door Jaap geproduceerde artikelen en hoofdstukken in boeken te vinden als ook allerlei beeldmateriaal dat hij in zijn cursussen gebruikt (films, animaties , PowerPoint presentaties, enz.).\" \/>\n<meta property=\"og:url\" content=\"https:\/\/www.embryo.nl\/de\/knowledge-database-2\/\" \/>\n<meta property=\"og:site_name\" content=\"Der Embryo in Uns\" \/>\n<meta property=\"article:publisher\" content=\"https:\/\/www.facebook.com\/jaapvanderwal01\" \/>\n<meta property=\"article:modified_time\" content=\"2023-09-11T12:01:52+00:00\" \/>\n<meta property=\"og:image\" content=\"https:\/\/www.embryo.nl\/wp-content\/uploads\/2023\/01\/Header-intervew-Lidia-2017.jpg\" \/>\n\t<meta property=\"og:image:width\" content=\"2271\" \/>\n\t<meta property=\"og:image:height\" content=\"1277\" \/>\n\t<meta property=\"og:image:type\" content=\"image\/jpeg\" \/>\n<meta name=\"twitter:card\" content=\"summary_large_image\" \/>\n<meta name=\"twitter:label1\" content=\"Gesch\u00e4tzte Lesezeit\" \/>\n\t<meta name=\"twitter:data1\" content=\"1\u00a0Minute\" \/>\n<script type=\"application\/ld+json\" class=\"yoast-schema-graph\">{\"@context\":\"https:\\\/\\\/schema.org\",\"@graph\":[{\"@type\":\"WebPage\",\"@id\":\"https:\\\/\\\/www.embryo.nl\\\/knowledge-database-2\\\/\",\"url\":\"https:\\\/\\\/www.embryo.nl\\\/knowledge-database-2\\\/\",\"name\":\"Wissensdatenbank ALLE Publikationen\",\"isPartOf\":{\"@id\":\"https:\\\/\\\/www.embryo.nl\\\/#website\"},\"primaryImageOfPage\":{\"@id\":\"https:\\\/\\\/www.embryo.nl\\\/knowledge-database-2\\\/#primaryimage\"},\"image\":{\"@id\":\"https:\\\/\\\/www.embryo.nl\\\/knowledge-database-2\\\/#primaryimage\"},\"thumbnailUrl\":\"https:\\\/\\\/www.embryo.nl\\\/wp-content\\\/uploads\\\/2023\\\/01\\\/Header-intervew-Lidia-2017.jpg\",\"datePublished\":\"2023-05-08T14:06:18+00:00\",\"dateModified\":\"2023-09-11T12:01:52+00:00\",\"description\":\"Hier zijn ALLE ooit door Jaap geproduceerde artikelen en hoofdstukken in boeken te vinden als ook allerlei beeldmateriaal dat hij in zijn cursussen gebruikt (films, animaties , PowerPoint presentaties, enz.).\",\"breadcrumb\":{\"@id\":\"https:\\\/\\\/www.embryo.nl\\\/knowledge-database-2\\\/#breadcrumb\"},\"inLanguage\":\"de-DE\",\"potentialAction\":[{\"@type\":\"ReadAction\",\"target\":[\"https:\\\/\\\/www.embryo.nl\\\/knowledge-database-2\\\/\"]}]},{\"@type\":\"ImageObject\",\"inLanguage\":\"de-DE\",\"@id\":\"https:\\\/\\\/www.embryo.nl\\\/knowledge-database-2\\\/#primaryimage\",\"url\":\"https:\\\/\\\/www.embryo.nl\\\/wp-content\\\/uploads\\\/2023\\\/01\\\/Header-intervew-Lidia-2017.jpg\",\"contentUrl\":\"https:\\\/\\\/www.embryo.nl\\\/wp-content\\\/uploads\\\/2023\\\/01\\\/Header-intervew-Lidia-2017.jpg\",\"width\":2271,\"height\":1277},{\"@type\":\"BreadcrumbList\",\"@id\":\"https:\\\/\\\/www.embryo.nl\\\/knowledge-database-2\\\/#breadcrumb\",\"itemListElement\":[{\"@type\":\"ListItem\",\"position\":1,\"name\":\"Home\",\"item\":\"https:\\\/\\\/www.embryo.nl\\\/en\\\/\"},{\"@type\":\"ListItem\",\"position\":2,\"name\":\"Kennisbank ALLE publikaties\"}]},{\"@type\":\"WebSite\",\"@id\":\"https:\\\/\\\/www.embryo.nl\\\/#website\",\"url\":\"https:\\\/\\\/www.embryo.nl\\\/\",\"name\":\"The Embryo in us - Embryo in Motion\",\"description\":\"Seele und K\u00f6rper bevor und nach der Geburt\",\"publisher\":{\"@id\":\"https:\\\/\\\/www.embryo.nl\\\/#\\\/schema\\\/person\\\/0d402ade5f58756241163dc72bbedbe5\"},\"potentialAction\":[{\"@type\":\"SearchAction\",\"target\":{\"@type\":\"EntryPoint\",\"urlTemplate\":\"https:\\\/\\\/www.embryo.nl\\\/?s={search_term_string}\"},\"query-input\":{\"@type\":\"PropertyValueSpecification\",\"valueRequired\":true,\"valueName\":\"search_term_string\"}}],\"inLanguage\":\"de-DE\"},{\"@type\":[\"Person\",\"Organization\"],\"@id\":\"https:\\\/\\\/www.embryo.nl\\\/#\\\/schema\\\/person\\\/0d402ade5f58756241163dc72bbedbe5\",\"name\":\"Jaap van der Wal\",\"image\":{\"@type\":\"ImageObject\",\"inLanguage\":\"de-DE\",\"@id\":\"https:\\\/\\\/www.embryo.nl\\\/wp-content\\\/uploads\\\/2023\\\/06\\\/banner-EiB-1-kopie.jpg\",\"url\":\"https:\\\/\\\/www.embryo.nl\\\/wp-content\\\/uploads\\\/2023\\\/06\\\/banner-EiB-1-kopie.jpg\",\"contentUrl\":\"https:\\\/\\\/www.embryo.nl\\\/wp-content\\\/uploads\\\/2023\\\/06\\\/banner-EiB-1-kopie.jpg\",\"width\":872,\"height\":622,\"caption\":\"Jaap van der Wal\"},\"logo\":{\"@id\":\"https:\\\/\\\/www.embryo.nl\\\/wp-content\\\/uploads\\\/2023\\\/06\\\/banner-EiB-1-kopie.jpg\"},\"description\":\"Born 1947. Graduated as a physician in 1973 and received a PHD (specializing in movement sense and fascia) from Maastricht University in the Netherlands in 1988. From 1973-2012 active as associate university professor in human anatomy and embryology. From 1990 founder and leader of the project Dynamension with the objective of spreading understanding of the human embryo based on phenomenological approach. Publishes and gives courses on The Embryo in Us, also called Embryo in Motion: about mind and body, connection between spirituality and science. In addition, specializes in the phenomenology of fascia.\",\"sameAs\":[\"https:\\\/\\\/embryo.nl\",\"https:\\\/\\\/www.facebook.com\\\/jaapvanderwal01\",\"https:\\\/\\\/www.youtube.com\\\/@walembryo\"]}]}<\/script>\n<!-- \/ Yoast SEO plugin. -->","yoast_head_json":{"title":"Wissensdatenbank ALLE Publikationen","description":"Hier sind ALLE von Jaap produzierte Artikeln und Kapitteln in B\u00fcchern aufzufinden wie auch aller art Bildmaterial das er in seinen Kursen benutzt (Filme, Animationen, PowerPoint Pr\u00e4sentationen. usw","robots":{"index":"index","follow":"follow","max-snippet":"max-snippet:-1","max-image-preview":"max-image-preview:large","max-video-preview":"max-video-preview:-1"},"canonical":"https:\/\/www.embryo.nl\/de\/knowledge-database-2\/","og_locale":"de_DE","og_type":"article","og_title":"[:en]Knowledge base ALL Publications[:nl]Kennisbank ALLE publikaties[:de]Wissensdatenbank ALLE Publikationen[:] - Der Embryo in Uns","og_description":"Hier zijn ALLE ooit door Jaap geproduceerde artikelen en hoofdstukken in boeken te vinden als ook allerlei beeldmateriaal dat hij in zijn cursussen gebruikt (films, animaties , PowerPoint presentaties, enz.).","og_url":"https:\/\/www.embryo.nl\/de\/knowledge-database-2\/","og_site_name":"Der Embryo in Uns","article_publisher":"https:\/\/www.facebook.com\/jaapvanderwal01","article_modified_time":"2023-09-11T12:01:52+00:00","og_image":[{"width":2271,"height":1277,"url":"https:\/\/www.embryo.nl\/wp-content\/uploads\/2023\/01\/Header-intervew-Lidia-2017.jpg","type":"image\/jpeg"}],"twitter_card":"summary_large_image","twitter_misc":{"Gesch\u00e4tzte Lesezeit":"1\u00a0Minute"},"schema":{"@context":"https:\/\/schema.org","@graph":[{"@type":"WebPage","@id":"https:\/\/www.embryo.nl\/knowledge-database-2\/","url":"https:\/\/www.embryo.nl\/knowledge-database-2\/","name":"Wissensdatenbank ALLE Publikationen","isPartOf":{"@id":"https:\/\/www.embryo.nl\/#website"},"primaryImageOfPage":{"@id":"https:\/\/www.embryo.nl\/knowledge-database-2\/#primaryimage"},"image":{"@id":"https:\/\/www.embryo.nl\/knowledge-database-2\/#primaryimage"},"thumbnailUrl":"https:\/\/www.embryo.nl\/wp-content\/uploads\/2023\/01\/Header-intervew-Lidia-2017.jpg","datePublished":"2023-05-08T14:06:18+00:00","dateModified":"2023-09-11T12:01:52+00:00","description":"Hier zijn ALLE ooit door Jaap geproduceerde artikelen en hoofdstukken in boeken te vinden als ook allerlei beeldmateriaal dat hij in zijn cursussen gebruikt (films, animaties , PowerPoint presentaties, enz.).","breadcrumb":{"@id":"https:\/\/www.embryo.nl\/knowledge-database-2\/#breadcrumb"},"inLanguage":"de-DE","potentialAction":[{"@type":"ReadAction","target":["https:\/\/www.embryo.nl\/knowledge-database-2\/"]}]},{"@type":"ImageObject","inLanguage":"de-DE","@id":"https:\/\/www.embryo.nl\/knowledge-database-2\/#primaryimage","url":"https:\/\/www.embryo.nl\/wp-content\/uploads\/2023\/01\/Header-intervew-Lidia-2017.jpg","contentUrl":"https:\/\/www.embryo.nl\/wp-content\/uploads\/2023\/01\/Header-intervew-Lidia-2017.jpg","width":2271,"height":1277},{"@type":"BreadcrumbList","@id":"https:\/\/www.embryo.nl\/knowledge-database-2\/#breadcrumb","itemListElement":[{"@type":"ListItem","position":1,"name":"Home","item":"https:\/\/www.embryo.nl\/en\/"},{"@type":"ListItem","position":2,"name":"Kennisbank ALLE publikaties"}]},{"@type":"WebSite","@id":"https:\/\/www.embryo.nl\/#website","url":"https:\/\/www.embryo.nl\/","name":"The Embryo in us - Embryo in Motion","description":"Seele und K\u00f6rper bevor und nach der Geburt","publisher":{"@id":"https:\/\/www.embryo.nl\/#\/schema\/person\/0d402ade5f58756241163dc72bbedbe5"},"potentialAction":[{"@type":"SearchAction","target":{"@type":"EntryPoint","urlTemplate":"https:\/\/www.embryo.nl\/?s={search_term_string}"},"query-input":{"@type":"PropertyValueSpecification","valueRequired":true,"valueName":"search_term_string"}}],"inLanguage":"de-DE"},{"@type":["Person","Organization"],"@id":"https:\/\/www.embryo.nl\/#\/schema\/person\/0d402ade5f58756241163dc72bbedbe5","name":"Jaap van der Wal","image":{"@type":"ImageObject","inLanguage":"de-DE","@id":"https:\/\/www.embryo.nl\/wp-content\/uploads\/2023\/06\/banner-EiB-1-kopie.jpg","url":"https:\/\/www.embryo.nl\/wp-content\/uploads\/2023\/06\/banner-EiB-1-kopie.jpg","contentUrl":"https:\/\/www.embryo.nl\/wp-content\/uploads\/2023\/06\/banner-EiB-1-kopie.jpg","width":872,"height":622,"caption":"Jaap van der Wal"},"logo":{"@id":"https:\/\/www.embryo.nl\/wp-content\/uploads\/2023\/06\/banner-EiB-1-kopie.jpg"},"description":"Born 1947. Graduated as a physician in 1973 and received a PHD (specializing in movement sense and fascia) from Maastricht University in the Netherlands in 1988. From 1973-2012 active as associate university professor in human anatomy and embryology. From 1990 founder and leader of the project Dynamension with the objective of spreading understanding of the human embryo based on phenomenological approach. Publishes and gives courses on The Embryo in Us, also called Embryo in Motion: about mind and body, connection between spirituality and science. In addition, specializes in the phenomenology of fascia.","sameAs":["https:\/\/embryo.nl","https:\/\/www.facebook.com\/jaapvanderwal01","https:\/\/www.youtube.com\/@walembryo"]}]}},"_links":{"self":[{"href":"https:\/\/www.embryo.nl\/de\/wp-json\/wp\/v2\/pages\/463","targetHints":{"allow":["GET"]}}],"collection":[{"href":"https:\/\/www.embryo.nl\/de\/wp-json\/wp\/v2\/pages"}],"about":[{"href":"https:\/\/www.embryo.nl\/de\/wp-json\/wp\/v2\/types\/page"}],"author":[{"embeddable":true,"href":"https:\/\/www.embryo.nl\/de\/wp-json\/wp\/v2\/users\/2"}],"replies":[{"embeddable":true,"href":"https:\/\/www.embryo.nl\/de\/wp-json\/wp\/v2\/comments?post=463"}],"version-history":[{"count":24,"href":"https:\/\/www.embryo.nl\/de\/wp-json\/wp\/v2\/pages\/463\/revisions"}],"predecessor-version":[{"id":18565,"href":"https:\/\/www.embryo.nl\/de\/wp-json\/wp\/v2\/pages\/463\/revisions\/18565"}],"wp:featuredmedia":[{"embeddable":true,"href":"https:\/\/www.embryo.nl\/de\/wp-json\/wp\/v2\/media\/286"}],"wp:attachment":[{"href":"https:\/\/www.embryo.nl\/de\/wp-json\/wp\/v2\/media?parent=463"}],"wp:term":[{"taxonomy":"category","embeddable":true,"href":"https:\/\/www.embryo.nl\/de\/wp-json\/wp\/v2\/categories?post=463"}],"curies":[{"name":"wp","href":"https:\/\/api.w.org\/{rel}","templated":true}]}}