{"id":461,"date":"2023-05-09T09:06:18","date_gmt":"2023-05-09T09:06:18","guid":{"rendered":"https:\/\/embryo.nl\/pozie\/"},"modified":"2023-09-10T13:05:58","modified_gmt":"2023-09-10T13:05:58","slug":"poetry","status":"publish","type":"page","link":"https:\/\/www.embryo.nl\/de\/poetry\/","title":{"rendered":"Dichtung"},"content":{"rendered":"<div><\/div>\n<div>\n<div>Hier\u00a0einige Gedichte aus meiner Hand.<\/div>\n<div>F\u00fcr Gedichte welche ich w\u00e4hrend meiner Kursen und Vortr\u00e4gen gerne zitiere, gehen Sie nach\u00a0Kennisbank\u00a0<a title=\"\" href=\"https:\/\/embryo.nl\/de\/tales-poems-verbs\/\" target=\"\" rel=\"noopener\">Geschichten und Gedichte<\/a><\/div>\n<\/div>\n<div>\n<div align=\"left\"><\/div>\n<table border=\"0\" width=\"90%\" cellspacing=\"0\" cellpadding=\"0\">\n<tbody>\n<tr valign=\"top\">\n<td>\n<h3><span style=\"font-family: inherit; font-size: inherit; color: #851521;\"><b>EMPF\u00c4NGNIS<\/b><\/span><span style=\"font-family: inherit; font-size: inherit;\">\u00a0 \u00a0 \u00a0\u00a0<\/span><\/h3>\n<div>\n<div>Ich schenkte dir gern ein Kind.<br \/>\nNicht einfach<br \/>\ndie Summe<br \/>\nzweier Arten Gene,<br \/>\nZufall im Strom der Zeit.Nein \u2026<br \/>\nein Wunder,<br \/>\ngeborgen schwebend<br \/>\nim Blau deines Scho\u00dfes.Geworden,<br \/>\nerschaffen<br \/>\nin dem Augenblick,<br \/>\nda ich du war<br \/>\nund du ich warst<br \/>\nund wir wurden<br \/>\nzum Anderen.<i>Jvd<\/i><i>W<\/i><\/div>\n<\/div>\n<\/td>\n<td>\n<p align=\"center\"><img loading=\"lazy\" decoding=\"async\" class=\"alignnone wp-image-294\" src=\"https:\/\/embryo.nl\/wp-content\/uploads\/2023\/01\/Jeroenboschconceptie.jpg\" alt=\"\" width=\"301\" height=\"426\" \/><\/p>\n<\/td>\n<\/tr>\n<tr valign=\"top\">\n<td>\n<div align=\"center\"><\/div>\n<div align=\"center\"><\/div>\n<div align=\"center\"><img loading=\"lazy\" decoding=\"async\" class=\"alignnone wp-image-280\" style=\"text-align: -webkit-left;\" src=\"https:\/\/embryo.nl\/wp-content\/uploads\/2023\/01\/embryo10wkn.jpg\" alt=\"\" width=\"264\" height=\"398\" \/><\/div>\n<div align=\"left\"><\/div>\n<\/td>\n<td><span style=\"font-size: 133.333%;\"><strong><span style=\"color: #851521;\">EMBRYO<\/span><\/strong><br \/>\n<\/span>Ein Embryo<br \/>\nist ein menschliches Wesen.<br \/>\nEine Phase,<br \/>\nein Kapitel<br \/>\nin der einmaligen Biographie<br \/>\neines menschlichen Wesens.Wir erwarten ein Kind:<br \/>\nWer wird es sein?<br \/>\nNicht: Was wird es sein?Wer hier nur die Wiederholung einer Spezies sieht,<br \/>\nf\u00fcr die ist dieses Mysterium nicht gedacht.<br \/>\nDie lesen schon,<br \/>\nwas erst noch geschrieben werden muss.<i>JvdW<\/i><\/td>\n<\/tr>\n<\/tbody>\n<\/table>\n<\/div>\n","protected":false},"excerpt":{"rendered":"<p>Hier\u00a0einige Gedichte aus meiner Hand. F\u00fcr Gedichte welche ich w\u00e4hrend meiner Kursen und Vortr\u00e4gen gerne zitiere, gehen Sie nach\u00a0Kennisbank\u00a0Geschichten und [&hellip;]<\/p>\n","protected":false},"author":2,"featured_media":217,"parent":0,"menu_order":27,"comment_status":"closed","ping_status":"closed","template":"","meta":{"footnotes":""},"categories":[],"class_list":["post-461","page","type-page","status-publish","has-post-thumbnail","hentry"],"yoast_head":"<!-- This site is optimized with the Yoast SEO plugin v27.4 - https:\/\/yoast.com\/product\/yoast-seo-wordpress\/ -->\n<title>Dichtung<\/title>\n<meta name=\"description\" content=\"Gedicht: Ein Embryo ist ein menschliches Wesen. Eine Phase, ein Kapitel, in der einzigartigen Biografie eines Menschen. Wir erwarten ein Kind. Wer wird es sein? Nicht: Was wird es sein?\" \/>\n<meta name=\"robots\" content=\"index, follow, max-snippet:-1, max-image-preview:large, max-video-preview:-1\" \/>\n<link rel=\"canonical\" href=\"https:\/\/www.embryo.nl\/de\/poetry\/\" \/>\n<meta property=\"og:locale\" content=\"de_DE\" \/>\n<meta property=\"og:locale:alternate\" content=\"en_US\" \/>\n<meta property=\"og:locale:alternate\" content=\"nl_NL\" \/>\n<meta property=\"og:type\" content=\"article\" \/>\n<meta property=\"og:title\" content=\"Dichtung\" \/>\n<meta property=\"og:description\" content=\"Gedicht: Een embryo is een menselijk wezen. Een fase, een hoofdstuk, in de uniek biografie van een mens. Wij verwachten een kind. Wie zal het worden? Niet: W\u00e1t zal het worden?\" \/>\n<meta property=\"og:url\" content=\"https:\/\/www.embryo.nl\/de\/poetry\/\" \/>\n<meta property=\"og:site_name\" content=\"Der Embryo in Uns\" \/>\n<meta property=\"article:publisher\" content=\"https:\/\/www.facebook.com\/jaapvanderwal01\" \/>\n<meta property=\"article:modified_time\" content=\"2023-09-10T13:05:58+00:00\" \/>\n<meta property=\"og:image\" content=\"https:\/\/www.embryo.nl\/wp-content\/uploads\/2023\/01\/header-wervels.jpg\" \/>\n\t<meta property=\"og:image:width\" content=\"1031\" \/>\n\t<meta property=\"og:image:height\" content=\"182\" \/>\n\t<meta property=\"og:image:type\" content=\"image\/jpeg\" \/>\n<meta name=\"twitter:card\" content=\"summary_large_image\" \/>\n<meta name=\"twitter:label1\" content=\"Gesch\u00e4tzte Lesezeit\" \/>\n\t<meta name=\"twitter:data1\" content=\"2\u00a0Minuten\" \/>\n<script type=\"application\/ld+json\" class=\"yoast-schema-graph\">{\"@context\":\"https:\\\/\\\/schema.org\",\"@graph\":[{\"@type\":\"WebPage\",\"@id\":\"https:\\\/\\\/www.embryo.nl\\\/poetry\\\/\",\"url\":\"https:\\\/\\\/www.embryo.nl\\\/poetry\\\/\",\"name\":\"Dichtung\",\"isPartOf\":{\"@id\":\"https:\\\/\\\/www.embryo.nl\\\/#website\"},\"primaryImageOfPage\":{\"@id\":\"https:\\\/\\\/www.embryo.nl\\\/poetry\\\/#primaryimage\"},\"image\":{\"@id\":\"https:\\\/\\\/www.embryo.nl\\\/poetry\\\/#primaryimage\"},\"thumbnailUrl\":\"https:\\\/\\\/www.embryo.nl\\\/wp-content\\\/uploads\\\/2023\\\/01\\\/header-wervels.jpg\",\"datePublished\":\"2023-05-09T09:06:18+00:00\",\"dateModified\":\"2023-09-10T13:05:58+00:00\",\"description\":\"Gedicht: Een embryo is een menselijk wezen. Een fase, een hoofdstuk, in de uniek biografie van een mens. Wij verwachten een kind. Wie zal het worden? Niet: W\u00e1t zal het worden?\",\"breadcrumb\":{\"@id\":\"https:\\\/\\\/www.embryo.nl\\\/poetry\\\/#breadcrumb\"},\"inLanguage\":\"de-DE\",\"potentialAction\":[{\"@type\":\"ReadAction\",\"target\":[\"https:\\\/\\\/www.embryo.nl\\\/poetry\\\/\"]}]},{\"@type\":\"ImageObject\",\"inLanguage\":\"de-DE\",\"@id\":\"https:\\\/\\\/www.embryo.nl\\\/poetry\\\/#primaryimage\",\"url\":\"https:\\\/\\\/www.embryo.nl\\\/wp-content\\\/uploads\\\/2023\\\/01\\\/header-wervels.jpg\",\"contentUrl\":\"https:\\\/\\\/www.embryo.nl\\\/wp-content\\\/uploads\\\/2023\\\/01\\\/header-wervels.jpg\",\"width\":1031,\"height\":182},{\"@type\":\"BreadcrumbList\",\"@id\":\"https:\\\/\\\/www.embryo.nl\\\/poetry\\\/#breadcrumb\",\"itemListElement\":[{\"@type\":\"ListItem\",\"position\":1,\"name\":\"Home\",\"item\":\"https:\\\/\\\/www.embryo.nl\\\/en\\\/\"},{\"@type\":\"ListItem\",\"position\":2,\"name\":\"Po\u00ebzie\"}]},{\"@type\":\"WebSite\",\"@id\":\"https:\\\/\\\/www.embryo.nl\\\/#website\",\"url\":\"https:\\\/\\\/www.embryo.nl\\\/\",\"name\":\"The Embryo in us - Embryo in Motion\",\"description\":\"Seele und K\u00f6rper bevor und nach der Geburt\",\"publisher\":{\"@id\":\"https:\\\/\\\/www.embryo.nl\\\/#\\\/schema\\\/person\\\/0d402ade5f58756241163dc72bbedbe5\"},\"potentialAction\":[{\"@type\":\"SearchAction\",\"target\":{\"@type\":\"EntryPoint\",\"urlTemplate\":\"https:\\\/\\\/www.embryo.nl\\\/?s={search_term_string}\"},\"query-input\":{\"@type\":\"PropertyValueSpecification\",\"valueRequired\":true,\"valueName\":\"search_term_string\"}}],\"inLanguage\":\"de-DE\"},{\"@type\":[\"Person\",\"Organization\"],\"@id\":\"https:\\\/\\\/www.embryo.nl\\\/#\\\/schema\\\/person\\\/0d402ade5f58756241163dc72bbedbe5\",\"name\":\"Jaap van der Wal\",\"image\":{\"@type\":\"ImageObject\",\"inLanguage\":\"de-DE\",\"@id\":\"https:\\\/\\\/www.embryo.nl\\\/wp-content\\\/uploads\\\/2023\\\/06\\\/banner-EiB-1-kopie.jpg\",\"url\":\"https:\\\/\\\/www.embryo.nl\\\/wp-content\\\/uploads\\\/2023\\\/06\\\/banner-EiB-1-kopie.jpg\",\"contentUrl\":\"https:\\\/\\\/www.embryo.nl\\\/wp-content\\\/uploads\\\/2023\\\/06\\\/banner-EiB-1-kopie.jpg\",\"width\":872,\"height\":622,\"caption\":\"Jaap van der Wal\"},\"logo\":{\"@id\":\"https:\\\/\\\/www.embryo.nl\\\/wp-content\\\/uploads\\\/2023\\\/06\\\/banner-EiB-1-kopie.jpg\"},\"description\":\"Born 1947. Graduated as a physician in 1973 and received a PHD (specializing in movement sense and fascia) from Maastricht University in the Netherlands in 1988. From 1973-2012 active as associate university professor in human anatomy and embryology. From 1990 founder and leader of the project Dynamension with the objective of spreading understanding of the human embryo based on phenomenological approach. Publishes and gives courses on The Embryo in Us, also called Embryo in Motion: about mind and body, connection between spirituality and science. In addition, specializes in the phenomenology of fascia.\",\"sameAs\":[\"https:\\\/\\\/embryo.nl\",\"https:\\\/\\\/www.facebook.com\\\/jaapvanderwal01\",\"https:\\\/\\\/www.youtube.com\\\/@walembryo\"]}]}<\/script>\n<!-- \/ Yoast SEO plugin. -->","yoast_head_json":{"title":"Dichtung","description":"Gedicht: Ein Embryo ist ein menschliches Wesen. Eine Phase, ein Kapitel, in der einzigartigen Biografie eines Menschen. Wir erwarten ein Kind. Wer wird es sein? Nicht: Was wird es sein?","robots":{"index":"index","follow":"follow","max-snippet":"max-snippet:-1","max-image-preview":"max-image-preview:large","max-video-preview":"max-video-preview:-1"},"canonical":"https:\/\/www.embryo.nl\/de\/poetry\/","og_locale":"de_DE","og_type":"article","og_title":"[:en]Poetry[:nl]Po\u00ebzie[:de]Dichtung[:] - Der Embryo in Uns","og_description":"Gedicht: Een embryo is een menselijk wezen. Een fase, een hoofdstuk, in de uniek biografie van een mens. Wij verwachten een kind. Wie zal het worden? Niet: W\u00e1t zal het worden?","og_url":"https:\/\/www.embryo.nl\/de\/poetry\/","og_site_name":"Der Embryo in Uns","article_publisher":"https:\/\/www.facebook.com\/jaapvanderwal01","article_modified_time":"2023-09-10T13:05:58+00:00","og_image":[{"width":1031,"height":182,"url":"https:\/\/www.embryo.nl\/wp-content\/uploads\/2023\/01\/header-wervels.jpg","type":"image\/jpeg"}],"twitter_card":"summary_large_image","twitter_misc":{"Gesch\u00e4tzte Lesezeit":"2\u00a0Minuten"},"schema":{"@context":"https:\/\/schema.org","@graph":[{"@type":"WebPage","@id":"https:\/\/www.embryo.nl\/poetry\/","url":"https:\/\/www.embryo.nl\/poetry\/","name":"Dichtung","isPartOf":{"@id":"https:\/\/www.embryo.nl\/#website"},"primaryImageOfPage":{"@id":"https:\/\/www.embryo.nl\/poetry\/#primaryimage"},"image":{"@id":"https:\/\/www.embryo.nl\/poetry\/#primaryimage"},"thumbnailUrl":"https:\/\/www.embryo.nl\/wp-content\/uploads\/2023\/01\/header-wervels.jpg","datePublished":"2023-05-09T09:06:18+00:00","dateModified":"2023-09-10T13:05:58+00:00","description":"Gedicht: Een embryo is een menselijk wezen. Een fase, een hoofdstuk, in de uniek biografie van een mens. Wij verwachten een kind. Wie zal het worden? Niet: W\u00e1t zal het worden?","breadcrumb":{"@id":"https:\/\/www.embryo.nl\/poetry\/#breadcrumb"},"inLanguage":"de-DE","potentialAction":[{"@type":"ReadAction","target":["https:\/\/www.embryo.nl\/poetry\/"]}]},{"@type":"ImageObject","inLanguage":"de-DE","@id":"https:\/\/www.embryo.nl\/poetry\/#primaryimage","url":"https:\/\/www.embryo.nl\/wp-content\/uploads\/2023\/01\/header-wervels.jpg","contentUrl":"https:\/\/www.embryo.nl\/wp-content\/uploads\/2023\/01\/header-wervels.jpg","width":1031,"height":182},{"@type":"BreadcrumbList","@id":"https:\/\/www.embryo.nl\/poetry\/#breadcrumb","itemListElement":[{"@type":"ListItem","position":1,"name":"Home","item":"https:\/\/www.embryo.nl\/en\/"},{"@type":"ListItem","position":2,"name":"Po\u00ebzie"}]},{"@type":"WebSite","@id":"https:\/\/www.embryo.nl\/#website","url":"https:\/\/www.embryo.nl\/","name":"The Embryo in us - Embryo in Motion","description":"Seele und K\u00f6rper bevor und nach der Geburt","publisher":{"@id":"https:\/\/www.embryo.nl\/#\/schema\/person\/0d402ade5f58756241163dc72bbedbe5"},"potentialAction":[{"@type":"SearchAction","target":{"@type":"EntryPoint","urlTemplate":"https:\/\/www.embryo.nl\/?s={search_term_string}"},"query-input":{"@type":"PropertyValueSpecification","valueRequired":true,"valueName":"search_term_string"}}],"inLanguage":"de-DE"},{"@type":["Person","Organization"],"@id":"https:\/\/www.embryo.nl\/#\/schema\/person\/0d402ade5f58756241163dc72bbedbe5","name":"Jaap van der Wal","image":{"@type":"ImageObject","inLanguage":"de-DE","@id":"https:\/\/www.embryo.nl\/wp-content\/uploads\/2023\/06\/banner-EiB-1-kopie.jpg","url":"https:\/\/www.embryo.nl\/wp-content\/uploads\/2023\/06\/banner-EiB-1-kopie.jpg","contentUrl":"https:\/\/www.embryo.nl\/wp-content\/uploads\/2023\/06\/banner-EiB-1-kopie.jpg","width":872,"height":622,"caption":"Jaap van der Wal"},"logo":{"@id":"https:\/\/www.embryo.nl\/wp-content\/uploads\/2023\/06\/banner-EiB-1-kopie.jpg"},"description":"Born 1947. Graduated as a physician in 1973 and received a PHD (specializing in movement sense and fascia) from Maastricht University in the Netherlands in 1988. From 1973-2012 active as associate university professor in human anatomy and embryology. From 1990 founder and leader of the project Dynamension with the objective of spreading understanding of the human embryo based on phenomenological approach. Publishes and gives courses on The Embryo in Us, also called Embryo in Motion: about mind and body, connection between spirituality and science. In addition, specializes in the phenomenology of fascia.","sameAs":["https:\/\/embryo.nl","https:\/\/www.facebook.com\/jaapvanderwal01","https:\/\/www.youtube.com\/@walembryo"]}]}},"_links":{"self":[{"href":"https:\/\/www.embryo.nl\/de\/wp-json\/wp\/v2\/pages\/461","targetHints":{"allow":["GET"]}}],"collection":[{"href":"https:\/\/www.embryo.nl\/de\/wp-json\/wp\/v2\/pages"}],"about":[{"href":"https:\/\/www.embryo.nl\/de\/wp-json\/wp\/v2\/types\/page"}],"author":[{"embeddable":true,"href":"https:\/\/www.embryo.nl\/de\/wp-json\/wp\/v2\/users\/2"}],"replies":[{"embeddable":true,"href":"https:\/\/www.embryo.nl\/de\/wp-json\/wp\/v2\/comments?post=461"}],"version-history":[{"count":20,"href":"https:\/\/www.embryo.nl\/de\/wp-json\/wp\/v2\/pages\/461\/revisions"}],"predecessor-version":[{"id":17795,"href":"https:\/\/www.embryo.nl\/de\/wp-json\/wp\/v2\/pages\/461\/revisions\/17795"}],"wp:featuredmedia":[{"embeddable":true,"href":"https:\/\/www.embryo.nl\/de\/wp-json\/wp\/v2\/media\/217"}],"wp:attachment":[{"href":"https:\/\/www.embryo.nl\/de\/wp-json\/wp\/v2\/media?parent=461"}],"wp:term":[{"taxonomy":"category","embeddable":true,"href":"https:\/\/www.embryo.nl\/de\/wp-json\/wp\/v2\/categories?post=461"}],"curies":[{"name":"wp","href":"https:\/\/api.w.org\/{rel}","templated":true}]}}