{"id":459,"date":"2023-01-09T09:06:18","date_gmt":"2023-01-09T09:06:18","guid":{"rendered":"https:\/\/embryo.nl\/aanbevelingen\/"},"modified":"2023-09-11T11:23:57","modified_gmt":"2023-09-11T11:23:57","slug":"recommendations","status":"publish","type":"page","link":"https:\/\/www.embryo.nl\/de\/recommendations\/","title":{"rendered":"Empfehlungen"},"content":{"rendered":"<p><b>Oder: Was Anderen davon dachten.<\/b><\/p>\n<p>Viele Teilnehmer\/innen sind seht begeistert \u00fcber was die w\u00e4hrend eines Kurses h\u00f6ren und erfahren. \u00dcberrascht von den neuen Sichten und der andere Art von Denken und Betrachten \u00fcber Geist und K\u00f6rper. Manche Laute geben W\u00f6rter zu ihr positives Erlebnis und schrieben einen Email-Bericht oder Brief.<\/p>\n<p>Hier ein Auswahl. Wenn Sie auch Kommentar (positives wie auch negatives) geben m\u00f6chten \u00dcber den Kurs oder die Webseite sind sie herzlich eingeladen \u00fcber <a title=\"\" href=\"https:\/\/embryo.nl\/de\/contact-addresses\/\"><span style=\"color: #851521;\">Kontaktformular<\/span><\/a>.<\/p>\n<p>&nbsp;<\/p>\n<p style=\"text-align: center;\"><img decoding=\"async\" class=\"image_inline\" style=\"border: 0;\" src=\"\/wp-content\/uploads\/images\/lijstitems\/Jaap-in-Barecelona-feb-2016.jpg\" \/><\/p>\n<p><strong>Uit brieven van deelnemers aan cursussen<\/strong>:<\/p>\n<p>Ik wilde je langs deze weg nog eens heel erg bedanken voor de cursus in &#8230;, waar je ons, mij hebt meegenomen in de wondere wereld van het embryo. En dat je ons hebt meegenomen in de beleving is zeker! Dankzij jouw bezielde uiteenzettingen, ben ik onverwacht bij oud verdriet gekomen rond een kindje waarvoor ik &#8230;\u00a0 jaar geleden besliste het niet te laten geboren worden. Rouw en schuld waarvoor ik nu bewust verantwoordelijkheid kan nemen. Als een donderslag bij heldere hemel, kan ik plots ook contact maken met mijn ondergesneeuwde en bevroren kinderwens. Laat ik hem toe op de valreep of neem ik er definitief afscheid van? En dan was er ook het besef hoe intiem het contact is geweest tussen mijn moeder en mij als embryo. Het beeld van een embryo dat helemaal ingeworteld is in de baarmoeder van de moeder, hoe zij zich teruggetrokken heeft, plaats gemaakt om mij te laten geboren worden, is in mijn geheugen gegrift. Het geeft veel troost en er gaat zoveel liefde vanuit. Het draait om de liefde &#8230; en jouw &#8222;cruisade&#8220; met verhalen over het embryo zijn daar uitdrukking van en zo broodnodig! Ik wens je heel veel inspiratie, plezier en natuurlijk liefde op je verdere weg.<br \/>\n<span style=\"color: #851521;\">Eva, 2008<\/span><\/p>\n<p>&#8222;&#8230; Ik heb een heel ander kijk gekregen op conceptie en ontwikkeling van de mens, vanuit uw &#8218;point of view&#8216;. Voelde meerdere malen een diepe ontroering en een diep respect .. Er is een nieuwe wereld, ene nieuwe belevingswereld voor mij open gegaan&#8230;.&#8220;<br \/>\n<span style=\"color: #851521;\">Isy, 2006<\/span><\/p>\n<p>&#8222;De wijze waarop u doceert, helder &#8211; veel humor &#8211; relativerend &#8211; goede voorbeelden etc. heeft bijgedragen aan het feit dat wij nog zoveel hebben onthouden .. Inhoudelijk was het verrassend en geeft het veel stof tot nadenken.&#8220;<br \/>\nWilco en Annemiek, 2006<\/p>\n<p>&#8222;Ik heb drie dagen van je mogen meemaken. Geweldig, zo respectvol als je over alles wat leeft praat. Ik wou dat ik die dagen voor mijn zwangerschappen had meegemaakt en vooral voor mijn miskramen. Toch heeft het me alsnog enorm geholpen om bepaalde dingen steeds beter een plek te geven. Dankjewel.&#8220;<br \/>\n<span style=\"color: #851521;\">Mieke, 2006<br \/>\n<\/span><span style=\"color: #851521;\"><br \/>\n<\/span><\/p>\n<p><span style=\"color: #851521;\"><b>Caryl Johnston, Summer course RSI Vermont 2004:<\/b><\/span><\/p>\n<p>&#8222;I began reading your articles and enjoyed them in anticipation of your course &#8222;Human conception &#8211; overcoming reproduction&#8220; is truly deeply interesting and amazing research&#8220;.<\/p>\n<p><b><span style=\"color: #851521;\">From Barcelona February 2016<\/span><\/b><\/p>\n<p>Acerca de la figura de Jaap van der Wall y su curso \u201d Embri\u00f3n en movimiento\u201d<\/p>\n<p>Hemos pedido a <b>Ana Casanovas DO y Anna Sunyer DO<\/b> alumnas de la 1\u00aa edici\u00f3n(2013) de \u201cEmbri\u00f3n en movimiento\u201d que nos hablen un poco \u00a0acerca de la figura de Jaap van der Wall y el curso que volver\u00e1 del 17 al 20 de Marzo de 2016.<br \/>\n\u201cHe visto a Jaap varias veces y puedo decir que es una de las personas con las que m\u00e1s osteopat\u00eda he aprendido. Su respeto total por la Perfecci\u00f3n y la Naturaleza, creo que debe ser muy pr\u00f3xima a la forma que AT Still deb\u00eda ense\u00f1ar, con conocimiento, madurez y altas dosis de pasi\u00f3n. La metodolog\u00eda propia de las escuelas libres hace que m\u00e1s que simplemente retener datos, en las clases con Jaap se entiendan las cosas.<br \/>\nSin grandes complicaciones t\u00e9cnicas, pero si un gran trabajo de elaboraci\u00f3n de lo que ense\u00f1a, Jaap me ha explicado una y otra vez verdadera filosof\u00eda osteopatica, me ha hecho emocionar y aprender realmente a estar m\u00e1s segura en esos principios. De una manera muy did\u00e1ctica te introduce a los datos m\u00e1s relevantes del principio de la embriog\u00e9nesis y te permite desarrollar un marco completo de pensamiento alrededor de la anatom\u00eda y la fisiolog\u00eda que encierran la esencia del \u201cmind, motion and matter\u201d de ATStill.<br \/>\nTe ayudara tambi\u00e9n a entender en profundidad la relaci\u00f3n, estructura y funci\u00f3n cristaliz\u00e1ndose en la Forma, en este caso la forma humana y sus posibles implicaciones filos\u00f3ficas. En todo el mundo, Jaap es un profesor muy apreciado y es una persona con capacidad de viajar entre el mundo de lo objetivo y lo subjetivo con total soltura. No sabemos cu\u00e1ntos a\u00f1os podremos disfrutar de su transmisi\u00f3n, pero mientras se pueda, os recomendar\u00eda no dejar esta oportunidad pasar de largo\u201d<br \/>\n<b>Ana Casanovas, oste\u00f3pata DO.<\/b><\/p>\n<p>\u201cJaap van der Wall, en su curso de \u201cEmbri\u00f3n en movimiento\u201d da un paso m\u00e1s all\u00e1 de la anatom\u00eda y de los m\u00e9todos cl\u00e1sicos de aprendizaje con un enfoque muy global. Rompe con las formas conocidas, mostradas por la ciencia, te presenta otra posibilidad y te la hace sentir.<br \/>\nDurante el curso describe las fases del embri\u00f3n de una manera bonita y entendedora, haciendo una reflexi\u00f3n sobre la vida y la humanidad que toca el alma.<br \/>\nComo oste\u00f3patas, conocer la embriolog\u00eda y autoconocernos, puede ayudarnos a entender a los otros y ayudarlos a sanar.\u201d<br \/>\n<b>Anna Sunyer, oste\u00f3pata DO.<\/b><\/p>\n<p>No os perd\u00e1is esta oportunidad para conocer a Jaap van der Wal y todo lo que tiene que aportar al colectivo de oste\u00f3patas.<\/p>\n<p><b><span style=\"color: #851521;\">Februari 2016<\/span><\/b><\/p>\n<p>&nbsp;<\/p>\n<p>&nbsp;<\/p>\n<p>Lieber Jaap van der Waal,<\/p>\n<p>ich wollte mich einfach nochmal bedanken f\u00fcr das wundervolle Seminar zum Embryo in K\u00f6ln (UTA-Akademie). Es hat soviele integrierende Inspirationen und Ans\u00e4tze gebracht!!!<br \/>\nDANKE f\u00fcr\u2026.<br \/>\n&#8211; das nochmal Tiefer-Durchdringen von Transformation\/ \u00dcberg\u00e4ngen\/ Umst\u00fclpungen und damit auch von wirklicher Synthese, wie aus Einem das Zweite und aus diesen beiden etwas Neues, das Dritte entsteht<br \/>\n&#8211; die Idee, da\u00df Geburt ein \u00dcbergang ist, so wie das Sterben (konnte ich schon direkt anwenden bei einer Behandlung \ud83d\ude42<br \/>\n&#8211; den ph\u00e4nomenologischen Ansatz und der Perspektive hin zu Prozessen anstelle von Zust\u00e4nden\/ Ergebnissen<br \/>\n&#8211; die Ausfl\u00fcge in die Kunst von Michelangelo und Leonardo da Vinci Ich freu mich, da\u00df deine Arbeit in so vielen L\u00e4ndern und Kulturen gebraucht wird.<\/p>\n<p>Anbei ein Foto von Ziegen in Marokko auf Arganeb\u00e4umen. Genauso ungewohnt und erfrischend wie manche deiner Ideen im Seminar.<\/p>\n<p><span style=\"color: #851521;\"><b>Eine Teilnehmerin in K\u00f6ln 2016\u00a0<\/b><\/span><\/p>\n<div style=\"text-align: center;\"><img decoding=\"async\" class=\"image_inline\" style=\"border: 0px;\" src=\"\/wp-content\/uploads\/images\/geiten-in-een-boom.jpeg\" \/><\/div>\n<p>&nbsp;<\/p>\n<p>&nbsp;<\/p>\n<div><\/div>\n<p>&nbsp;<\/p>\n","protected":false},"excerpt":{"rendered":"<p>Oder: Was Anderen davon dachten. Viele Teilnehmer\/innen sind seht begeistert \u00fcber was die w\u00e4hrend eines Kurses h\u00f6ren und erfahren. \u00dcberrascht [&hellip;]<\/p>\n","protected":false},"author":2,"featured_media":206,"parent":0,"menu_order":25,"comment_status":"closed","ping_status":"closed","template":"page-templates\/blogmetheader2.php","meta":{"footnotes":""},"categories":[54],"class_list":["post-459","page","type-page","status-publish","has-post-thumbnail","hentry","category-referenties"],"yoast_head":"<!-- This site is optimized with the Yoast SEO plugin v27.4 - https:\/\/yoast.com\/product\/yoast-seo-wordpress\/ -->\n<title>Empfehlungen<\/title>\n<meta name=\"description\" content=\"Viele Teilnehmer\/innen sind seht begeistert \u00fcber was die w\u00e4hrend eines Kurses h\u00f6ren und erfahren. \u00dcberrascht von den neuen Sichten und der andere Art von Denken und Betrachten \u00fcber Geist und K\u00f6rper.\" \/>\n<meta name=\"robots\" content=\"index, follow, max-snippet:-1, max-image-preview:large, max-video-preview:-1\" \/>\n<link rel=\"canonical\" href=\"https:\/\/www.embryo.nl\/de\/recommendations\/\" \/>\n<meta property=\"og:locale\" content=\"de_DE\" \/>\n<meta property=\"og:locale:alternate\" content=\"en_US\" \/>\n<meta property=\"og:locale:alternate\" content=\"nl_NL\" \/>\n<meta property=\"og:type\" content=\"article\" \/>\n<meta property=\"og:title\" content=\"Empfehlungen\" \/>\n<meta property=\"og:description\" content=\"Veel deelnemers zijn erg enthousiast over wat ze horen en ervaren tijdens een cursus. Verrast door de nieuwe perspectieven en de andere manier van denken en kijken naar lichaam en geest.\" \/>\n<meta property=\"og:url\" content=\"https:\/\/www.embryo.nl\/de\/recommendations\/\" \/>\n<meta property=\"og:site_name\" content=\"Der Embryo in Uns\" \/>\n<meta property=\"article:publisher\" content=\"https:\/\/www.facebook.com\/jaapvanderwal01\" \/>\n<meta property=\"article:modified_time\" content=\"2023-09-11T11:23:57+00:00\" \/>\n<meta property=\"og:image\" content=\"https:\/\/www.embryo.nl\/wp-content\/uploads\/2023\/01\/Header-2016-cursus-1.jpg\" \/>\n\t<meta property=\"og:image:width\" content=\"4677\" \/>\n\t<meta property=\"og:image:height\" content=\"653\" \/>\n\t<meta property=\"og:image:type\" content=\"image\/jpeg\" \/>\n<meta name=\"twitter:card\" content=\"summary_large_image\" \/>\n<meta name=\"twitter:label1\" content=\"Gesch\u00e4tzte Lesezeit\" \/>\n\t<meta name=\"twitter:data1\" content=\"6\u00a0Minuten\" \/>\n<script type=\"application\/ld+json\" class=\"yoast-schema-graph\">{\"@context\":\"https:\\\/\\\/schema.org\",\"@graph\":[{\"@type\":\"WebPage\",\"@id\":\"https:\\\/\\\/www.embryo.nl\\\/recommendations\\\/\",\"url\":\"https:\\\/\\\/www.embryo.nl\\\/recommendations\\\/\",\"name\":\"Empfehlungen\",\"isPartOf\":{\"@id\":\"https:\\\/\\\/www.embryo.nl\\\/#website\"},\"primaryImageOfPage\":{\"@id\":\"https:\\\/\\\/www.embryo.nl\\\/recommendations\\\/#primaryimage\"},\"image\":{\"@id\":\"https:\\\/\\\/www.embryo.nl\\\/recommendations\\\/#primaryimage\"},\"thumbnailUrl\":\"https:\\\/\\\/www.embryo.nl\\\/wp-content\\\/uploads\\\/2023\\\/01\\\/Header-2016-cursus-1.jpg\",\"datePublished\":\"2023-01-09T09:06:18+00:00\",\"dateModified\":\"2023-09-11T11:23:57+00:00\",\"description\":\"Veel deelnemers zijn erg enthousiast over wat ze horen en ervaren tijdens een cursus. Verrast door de nieuwe perspectieven en de andere manier van denken en kijken naar lichaam en geest.\",\"breadcrumb\":{\"@id\":\"https:\\\/\\\/www.embryo.nl\\\/recommendations\\\/#breadcrumb\"},\"inLanguage\":\"de-DE\",\"potentialAction\":[{\"@type\":\"ReadAction\",\"target\":[\"https:\\\/\\\/www.embryo.nl\\\/recommendations\\\/\"]}]},{\"@type\":\"ImageObject\",\"inLanguage\":\"de-DE\",\"@id\":\"https:\\\/\\\/www.embryo.nl\\\/recommendations\\\/#primaryimage\",\"url\":\"https:\\\/\\\/www.embryo.nl\\\/wp-content\\\/uploads\\\/2023\\\/01\\\/Header-2016-cursus-1.jpg\",\"contentUrl\":\"https:\\\/\\\/www.embryo.nl\\\/wp-content\\\/uploads\\\/2023\\\/01\\\/Header-2016-cursus-1.jpg\",\"width\":4677,\"height\":653},{\"@type\":\"BreadcrumbList\",\"@id\":\"https:\\\/\\\/www.embryo.nl\\\/recommendations\\\/#breadcrumb\",\"itemListElement\":[{\"@type\":\"ListItem\",\"position\":1,\"name\":\"Home\",\"item\":\"https:\\\/\\\/www.embryo.nl\\\/en\\\/\"},{\"@type\":\"ListItem\",\"position\":2,\"name\":\"Aanbevelingen\"}]},{\"@type\":\"WebSite\",\"@id\":\"https:\\\/\\\/www.embryo.nl\\\/#website\",\"url\":\"https:\\\/\\\/www.embryo.nl\\\/\",\"name\":\"The Embryo in us - Embryo in Motion\",\"description\":\"Seele und K\u00f6rper bevor und nach der Geburt\",\"publisher\":{\"@id\":\"https:\\\/\\\/www.embryo.nl\\\/#\\\/schema\\\/person\\\/0d402ade5f58756241163dc72bbedbe5\"},\"potentialAction\":[{\"@type\":\"SearchAction\",\"target\":{\"@type\":\"EntryPoint\",\"urlTemplate\":\"https:\\\/\\\/www.embryo.nl\\\/?s={search_term_string}\"},\"query-input\":{\"@type\":\"PropertyValueSpecification\",\"valueRequired\":true,\"valueName\":\"search_term_string\"}}],\"inLanguage\":\"de-DE\"},{\"@type\":[\"Person\",\"Organization\"],\"@id\":\"https:\\\/\\\/www.embryo.nl\\\/#\\\/schema\\\/person\\\/0d402ade5f58756241163dc72bbedbe5\",\"name\":\"Jaap van der Wal\",\"image\":{\"@type\":\"ImageObject\",\"inLanguage\":\"de-DE\",\"@id\":\"https:\\\/\\\/www.embryo.nl\\\/wp-content\\\/uploads\\\/2023\\\/06\\\/banner-EiB-1-kopie.jpg\",\"url\":\"https:\\\/\\\/www.embryo.nl\\\/wp-content\\\/uploads\\\/2023\\\/06\\\/banner-EiB-1-kopie.jpg\",\"contentUrl\":\"https:\\\/\\\/www.embryo.nl\\\/wp-content\\\/uploads\\\/2023\\\/06\\\/banner-EiB-1-kopie.jpg\",\"width\":872,\"height\":622,\"caption\":\"Jaap van der Wal\"},\"logo\":{\"@id\":\"https:\\\/\\\/www.embryo.nl\\\/wp-content\\\/uploads\\\/2023\\\/06\\\/banner-EiB-1-kopie.jpg\"},\"description\":\"Born 1947. Graduated as a physician in 1973 and received a PHD (specializing in movement sense and fascia) from Maastricht University in the Netherlands in 1988. From 1973-2012 active as associate university professor in human anatomy and embryology. From 1990 founder and leader of the project Dynamension with the objective of spreading understanding of the human embryo based on phenomenological approach. Publishes and gives courses on The Embryo in Us, also called Embryo in Motion: about mind and body, connection between spirituality and science. In addition, specializes in the phenomenology of fascia.\",\"sameAs\":[\"https:\\\/\\\/embryo.nl\",\"https:\\\/\\\/www.facebook.com\\\/jaapvanderwal01\",\"https:\\\/\\\/www.youtube.com\\\/@walembryo\"]}]}<\/script>\n<!-- \/ Yoast SEO plugin. -->","yoast_head_json":{"title":"Empfehlungen","description":"Viele Teilnehmer\/innen sind seht begeistert \u00fcber was die w\u00e4hrend eines Kurses h\u00f6ren und erfahren. \u00dcberrascht von den neuen Sichten und der andere Art von Denken und Betrachten \u00fcber Geist und K\u00f6rper.","robots":{"index":"index","follow":"follow","max-snippet":"max-snippet:-1","max-image-preview":"max-image-preview:large","max-video-preview":"max-video-preview:-1"},"canonical":"https:\/\/www.embryo.nl\/de\/recommendations\/","og_locale":"de_DE","og_type":"article","og_title":"[:en]Recommendations[:nl]Aanbevelingen[:de]Empfehlungen[:] - Der Embryo in Uns","og_description":"Veel deelnemers zijn erg enthousiast over wat ze horen en ervaren tijdens een cursus. Verrast door de nieuwe perspectieven en de andere manier van denken en kijken naar lichaam en geest.","og_url":"https:\/\/www.embryo.nl\/de\/recommendations\/","og_site_name":"Der Embryo in Uns","article_publisher":"https:\/\/www.facebook.com\/jaapvanderwal01","article_modified_time":"2023-09-11T11:23:57+00:00","og_image":[{"width":4677,"height":653,"url":"https:\/\/www.embryo.nl\/wp-content\/uploads\/2023\/01\/Header-2016-cursus-1.jpg","type":"image\/jpeg"}],"twitter_card":"summary_large_image","twitter_misc":{"Gesch\u00e4tzte Lesezeit":"6\u00a0Minuten"},"schema":{"@context":"https:\/\/schema.org","@graph":[{"@type":"WebPage","@id":"https:\/\/www.embryo.nl\/recommendations\/","url":"https:\/\/www.embryo.nl\/recommendations\/","name":"Empfehlungen","isPartOf":{"@id":"https:\/\/www.embryo.nl\/#website"},"primaryImageOfPage":{"@id":"https:\/\/www.embryo.nl\/recommendations\/#primaryimage"},"image":{"@id":"https:\/\/www.embryo.nl\/recommendations\/#primaryimage"},"thumbnailUrl":"https:\/\/www.embryo.nl\/wp-content\/uploads\/2023\/01\/Header-2016-cursus-1.jpg","datePublished":"2023-01-09T09:06:18+00:00","dateModified":"2023-09-11T11:23:57+00:00","description":"Veel deelnemers zijn erg enthousiast over wat ze horen en ervaren tijdens een cursus. Verrast door de nieuwe perspectieven en de andere manier van denken en kijken naar lichaam en geest.","breadcrumb":{"@id":"https:\/\/www.embryo.nl\/recommendations\/#breadcrumb"},"inLanguage":"de-DE","potentialAction":[{"@type":"ReadAction","target":["https:\/\/www.embryo.nl\/recommendations\/"]}]},{"@type":"ImageObject","inLanguage":"de-DE","@id":"https:\/\/www.embryo.nl\/recommendations\/#primaryimage","url":"https:\/\/www.embryo.nl\/wp-content\/uploads\/2023\/01\/Header-2016-cursus-1.jpg","contentUrl":"https:\/\/www.embryo.nl\/wp-content\/uploads\/2023\/01\/Header-2016-cursus-1.jpg","width":4677,"height":653},{"@type":"BreadcrumbList","@id":"https:\/\/www.embryo.nl\/recommendations\/#breadcrumb","itemListElement":[{"@type":"ListItem","position":1,"name":"Home","item":"https:\/\/www.embryo.nl\/en\/"},{"@type":"ListItem","position":2,"name":"Aanbevelingen"}]},{"@type":"WebSite","@id":"https:\/\/www.embryo.nl\/#website","url":"https:\/\/www.embryo.nl\/","name":"The Embryo in us - Embryo in Motion","description":"Seele und K\u00f6rper bevor und nach der Geburt","publisher":{"@id":"https:\/\/www.embryo.nl\/#\/schema\/person\/0d402ade5f58756241163dc72bbedbe5"},"potentialAction":[{"@type":"SearchAction","target":{"@type":"EntryPoint","urlTemplate":"https:\/\/www.embryo.nl\/?s={search_term_string}"},"query-input":{"@type":"PropertyValueSpecification","valueRequired":true,"valueName":"search_term_string"}}],"inLanguage":"de-DE"},{"@type":["Person","Organization"],"@id":"https:\/\/www.embryo.nl\/#\/schema\/person\/0d402ade5f58756241163dc72bbedbe5","name":"Jaap van der Wal","image":{"@type":"ImageObject","inLanguage":"de-DE","@id":"https:\/\/www.embryo.nl\/wp-content\/uploads\/2023\/06\/banner-EiB-1-kopie.jpg","url":"https:\/\/www.embryo.nl\/wp-content\/uploads\/2023\/06\/banner-EiB-1-kopie.jpg","contentUrl":"https:\/\/www.embryo.nl\/wp-content\/uploads\/2023\/06\/banner-EiB-1-kopie.jpg","width":872,"height":622,"caption":"Jaap van der Wal"},"logo":{"@id":"https:\/\/www.embryo.nl\/wp-content\/uploads\/2023\/06\/banner-EiB-1-kopie.jpg"},"description":"Born 1947. Graduated as a physician in 1973 and received a PHD (specializing in movement sense and fascia) from Maastricht University in the Netherlands in 1988. From 1973-2012 active as associate university professor in human anatomy and embryology. From 1990 founder and leader of the project Dynamension with the objective of spreading understanding of the human embryo based on phenomenological approach. Publishes and gives courses on The Embryo in Us, also called Embryo in Motion: about mind and body, connection between spirituality and science. In addition, specializes in the phenomenology of fascia.","sameAs":["https:\/\/embryo.nl","https:\/\/www.facebook.com\/jaapvanderwal01","https:\/\/www.youtube.com\/@walembryo"]}]}},"_links":{"self":[{"href":"https:\/\/www.embryo.nl\/de\/wp-json\/wp\/v2\/pages\/459","targetHints":{"allow":["GET"]}}],"collection":[{"href":"https:\/\/www.embryo.nl\/de\/wp-json\/wp\/v2\/pages"}],"about":[{"href":"https:\/\/www.embryo.nl\/de\/wp-json\/wp\/v2\/types\/page"}],"author":[{"embeddable":true,"href":"https:\/\/www.embryo.nl\/de\/wp-json\/wp\/v2\/users\/2"}],"replies":[{"embeddable":true,"href":"https:\/\/www.embryo.nl\/de\/wp-json\/wp\/v2\/comments?post=459"}],"version-history":[{"count":9,"href":"https:\/\/www.embryo.nl\/de\/wp-json\/wp\/v2\/pages\/459\/revisions"}],"predecessor-version":[{"id":17793,"href":"https:\/\/www.embryo.nl\/de\/wp-json\/wp\/v2\/pages\/459\/revisions\/17793"}],"wp:featuredmedia":[{"embeddable":true,"href":"https:\/\/www.embryo.nl\/de\/wp-json\/wp\/v2\/media\/206"}],"wp:attachment":[{"href":"https:\/\/www.embryo.nl\/de\/wp-json\/wp\/v2\/media?parent=459"}],"wp:term":[{"taxonomy":"category","embeddable":true,"href":"https:\/\/www.embryo.nl\/de\/wp-json\/wp\/v2\/categories?post=459"}],"curies":[{"name":"wp","href":"https:\/\/api.w.org\/{rel}","templated":true}]}}