{"id":456,"date":"2023-05-09T09:06:18","date_gmt":"2023-05-09T09:06:18","guid":{"rendered":"https:\/\/embryo.nl\/44-curriculum-vitae-nl\/"},"modified":"2023-09-10T12:57:15","modified_gmt":"2023-09-10T12:57:15","slug":"curriculum-vitae","status":"publish","type":"page","link":"https:\/\/www.embryo.nl\/de\/curriculum-vitae\/","title":{"rendered":"Curriculum vitae"},"content":{"rendered":"<p>Von Jaap van der Wal<br \/>\nDr. Med. Dr. Ph. J.C. van der Wal<\/p>\n<p>Geboren 17 Februar 1947 und in 1973 als Arzt studiert. Nachdem an mehreren Universit\u00e4ten in den Niederl\u00e4nden t\u00e4tig gewesen als Anatome-Embryologe. Er\u00a0hat als universit\u00e4re Privatdozent gearbeitet aber ist auch t\u00e4tig gewesen als Forscher. Seit M\u00e4rz 2012 ist der im sogenannten Ruhestand aber noch immer v\u00f6llig t\u00e4tig und aktive mit seinem Projekt Embryo in Bewegung.<\/p>\n<p>&#8222;In 1988 bin ich damals an der Universit\u00e4t Maastricht promoviert mit einem Doktor-arbeit (Thesis) \u00fcber Bewegung-sinnesorgane, zusammenh\u00e4ngend mit einem meiner gr\u00f6\u00dften Interessen und suchefragen, d.h. die Frage Was bewegt uns? In diesem Zusammenhang bin ich in den letzten Jahren mehr und mehr involviert geworden in Forschung nach Funktion und Bedeutung der\u00a0Faszie im menschlichen K\u00f6rper, was resultiert hat in eine Pr\u00e4sentation in dem zweiten Internationalen Faszien Kongress in Amsterdam 2009 und dazugeh\u00f6rende Publikationen. Mein wichtigste Interesse-Domain ist und bleibt aber die Embryonalentwicklung des Menschen mit alles was damit zusammenh\u00e4ngt, wie Evolution und Genetik und dieses alles im Kontext von Menschenbild und Wissenschaftsphilosophie. Wichtige Inspirationsquellen sind f\u00fcr mich, neben die Anthroposophie von Rudolf Steiner, die Arbeit von Jan Hendrik van den Berg und von anderen Ph\u00e4nomenologen. Insbesondere meine ich \u00fcber die ph\u00e4nomenologische Ann\u00e4herungsweise von Goethe eine Br\u00fccke schlagen zu k\u00f6nnen zwischen Spiritualit\u00e4t und Geisteswissenschaft einerseits und positivistische Naturwissenschaft andererseits&#8220;.<\/p>\n<p>Bis 2012 war er t\u00e4tig aus Privatdozent an der Universit\u00e4t Maastricht NL und auch als part time Dozent in mehreren Ausbildungen im Bereich der sogenannten alternative oder komplement\u00e4ren Heilkunst, unter anderem Yoga-Ausbildungen, Ausbildungen f\u00fcr k\u00fcnstlerische Therapie und Schwangerschaft-Begleitung, aber auch f\u00fcr Osteopathie und Kranio-Sakraltherapie. Weltweit gibt ihr Kursen Embryo in Bewegung f\u00fcr Laien, f\u00fcr professional interessierten wie \u00c4rzte, Hebammen und anderen Therapeuten. Regelm\u00e4\u00dfig schreibt er Artikeln \u00fcber die oben erw\u00e4hnten Themas. Jaap van der Wal ist ein gerne gesehener Sprecher in vielen Kursen und Kongressen \u00fcber die ganze Welt und sicher auch innerhalb Kreisen der Osteopathie. In seiner Biografie werden Bewegungswissenschaften und Embryologie von den Begriffen Form und Bewegung verbunden. \u00dcber die ph\u00e4nomenologische Ann\u00e4herungsweise der Dynamischen Morphologie hat er eine Verbindung gefunden zwischen Wissenschaft und Spiritualit\u00e4t. Diese Sichtweise versucht er \u00fcber sein Netzwerk Embryo in Bewegung auszutreten als Embryologe auf der Suche nach Geist&#8220;.<\/p>\n<p>Jaap als Dozent (auf Holl\u00e4ndisch):<\/p>\n<p><a title=\"Jaap van der Wal over zijn onderwijs op de Homeopathie Academie Nederland\" href=\"https:\/\/www.youtube.com\/watch?v=DGXQB8TFTP4&#038;index=8&#038;list=PL2ySrSp5igSH-34jy3XpN-31I9bSfc8CC\" target=\"_blank\" rel=\"noopener\">Jaap, als Dozent (auf Holl\u00e4ndisch)<\/a><\/p>\n","protected":false},"excerpt":{"rendered":"<p>Von Jaap van der Wal Dr. Med. Dr. Ph. J.C. van der Wal Geboren 17 Februar 1947 und in 1973 [&hellip;]<\/p>\n","protected":false},"author":2,"featured_media":210,"parent":0,"menu_order":22,"comment_status":"closed","ping_status":"closed","template":"","meta":{"footnotes":""},"categories":[],"class_list":["post-456","page","type-page","status-publish","has-post-thumbnail","hentry"],"yoast_head":"<!-- This site is optimized with the Yoast SEO plugin v27.4 - https:\/\/yoast.com\/product\/yoast-seo-wordpress\/ -->\n<title>Curriculum vitae Jaap van der Wal - Het Embryo in ons<\/title>\n<meta name=\"description\" content=\"Geboren 17 Februar 1947 und in 1973 als Arzt studiert. Nachdem an mehreren Universit\u00e4ten in den Niederl\u00e4nden t\u00e4tig gewesen als Anatome-Embryologe. Er\u00a0hat als universit\u00e4re Privatdozent gearbeitet aber ist auch t\u00e4tig gewesen als Forscher. Seit M\u00e4rz 2012 ist der im sogenannten Ruhestand aber noch immer v\u00f6llig t\u00e4tig und aktive mit seinem Projekt Embryo in Bewegung.\" \/>\n<meta name=\"robots\" content=\"index, follow, max-snippet:-1, max-image-preview:large, max-video-preview:-1\" \/>\n<link rel=\"canonical\" href=\"https:\/\/www.embryo.nl\/de\/curriculum-vitae\/\" \/>\n<meta property=\"og:locale\" content=\"de_DE\" \/>\n<meta property=\"og:locale:alternate\" content=\"en_US\" \/>\n<meta property=\"og:locale:alternate\" content=\"nl_NL\" \/>\n<meta property=\"og:type\" content=\"article\" \/>\n<meta property=\"og:title\" content=\"Curriculum vitae Jaap van der Wal - Het Embryo in ons\" \/>\n<meta property=\"og:description\" content=\"Geboren op 17 februari 1947 en studeerde geneeskunde in 1973. Na werkzaam te zijn geweest als anatoom-embryoloog aan verschillende universiteiten in Nederland. Hij heeft gewerkt als universitair docent maar is ook actief geweest als onderzoeker. Sinds maart 2012 is hij met zogenaamd pensioen maar nog steeds volop actief en actief met zijn project Embryo in Motion.\" \/>\n<meta property=\"og:url\" content=\"https:\/\/www.embryo.nl\/de\/curriculum-vitae\/\" \/>\n<meta property=\"og:site_name\" content=\"Der Embryo in Uns\" \/>\n<meta property=\"article:publisher\" content=\"https:\/\/www.facebook.com\/jaapvanderwal01\" \/>\n<meta property=\"article:modified_time\" content=\"2023-09-10T12:57:15+00:00\" \/>\n<meta property=\"og:image\" content=\"https:\/\/www.embryo.nl\/wp-content\/uploads\/2023\/01\/Header-2016-Jaap-koppen.jpg\" \/>\n\t<meta property=\"og:image:width\" content=\"5829\" \/>\n\t<meta property=\"og:image:height\" content=\"889\" \/>\n\t<meta property=\"og:image:type\" content=\"image\/jpeg\" \/>\n<meta name=\"twitter:card\" content=\"summary_large_image\" \/>\n<meta name=\"twitter:label1\" content=\"Gesch\u00e4tzte Lesezeit\" \/>\n\t<meta name=\"twitter:data1\" content=\"3\u00a0Minuten\" \/>\n<script type=\"application\/ld+json\" class=\"yoast-schema-graph\">{\"@context\":\"https:\\\/\\\/schema.org\",\"@graph\":[{\"@type\":\"WebPage\",\"@id\":\"https:\\\/\\\/www.embryo.nl\\\/curriculum-vitae\\\/\",\"url\":\"https:\\\/\\\/www.embryo.nl\\\/curriculum-vitae\\\/\",\"name\":\"Curriculum vitae Jaap van der Wal - Het Embryo in ons\",\"isPartOf\":{\"@id\":\"https:\\\/\\\/www.embryo.nl\\\/#website\"},\"primaryImageOfPage\":{\"@id\":\"https:\\\/\\\/www.embryo.nl\\\/curriculum-vitae\\\/#primaryimage\"},\"image\":{\"@id\":\"https:\\\/\\\/www.embryo.nl\\\/curriculum-vitae\\\/#primaryimage\"},\"thumbnailUrl\":\"https:\\\/\\\/www.embryo.nl\\\/wp-content\\\/uploads\\\/2023\\\/01\\\/Header-2016-Jaap-koppen.jpg\",\"datePublished\":\"2023-05-09T09:06:18+00:00\",\"dateModified\":\"2023-09-10T12:57:15+00:00\",\"description\":\"Geboren op 17 februari 1947 en studeerde geneeskunde in 1973. Na werkzaam te zijn geweest als anatoom-embryoloog aan verschillende universiteiten in Nederland. Hij heeft gewerkt als universitair docent maar is ook actief geweest als onderzoeker. Sinds maart 2012 is hij met zogenaamd pensioen maar nog steeds volop actief en actief met zijn project Embryo in Motion.\",\"breadcrumb\":{\"@id\":\"https:\\\/\\\/www.embryo.nl\\\/curriculum-vitae\\\/#breadcrumb\"},\"inLanguage\":\"de-DE\",\"potentialAction\":[{\"@type\":\"ReadAction\",\"target\":[\"https:\\\/\\\/www.embryo.nl\\\/curriculum-vitae\\\/\"]}]},{\"@type\":\"ImageObject\",\"inLanguage\":\"de-DE\",\"@id\":\"https:\\\/\\\/www.embryo.nl\\\/curriculum-vitae\\\/#primaryimage\",\"url\":\"https:\\\/\\\/www.embryo.nl\\\/wp-content\\\/uploads\\\/2023\\\/01\\\/Header-2016-Jaap-koppen.jpg\",\"contentUrl\":\"https:\\\/\\\/www.embryo.nl\\\/wp-content\\\/uploads\\\/2023\\\/01\\\/Header-2016-Jaap-koppen.jpg\",\"width\":5829,\"height\":889},{\"@type\":\"BreadcrumbList\",\"@id\":\"https:\\\/\\\/www.embryo.nl\\\/curriculum-vitae\\\/#breadcrumb\",\"itemListElement\":[{\"@type\":\"ListItem\",\"position\":1,\"name\":\"Home\",\"item\":\"https:\\\/\\\/www.embryo.nl\\\/en\\\/\"},{\"@type\":\"ListItem\",\"position\":2,\"name\":\"Curriculum vitae\"}]},{\"@type\":\"WebSite\",\"@id\":\"https:\\\/\\\/www.embryo.nl\\\/#website\",\"url\":\"https:\\\/\\\/www.embryo.nl\\\/\",\"name\":\"The Embryo in us - Embryo in Motion\",\"description\":\"Seele und K\u00f6rper bevor und nach der Geburt\",\"publisher\":{\"@id\":\"https:\\\/\\\/www.embryo.nl\\\/#\\\/schema\\\/person\\\/0d402ade5f58756241163dc72bbedbe5\"},\"potentialAction\":[{\"@type\":\"SearchAction\",\"target\":{\"@type\":\"EntryPoint\",\"urlTemplate\":\"https:\\\/\\\/www.embryo.nl\\\/?s={search_term_string}\"},\"query-input\":{\"@type\":\"PropertyValueSpecification\",\"valueRequired\":true,\"valueName\":\"search_term_string\"}}],\"inLanguage\":\"de-DE\"},{\"@type\":[\"Person\",\"Organization\"],\"@id\":\"https:\\\/\\\/www.embryo.nl\\\/#\\\/schema\\\/person\\\/0d402ade5f58756241163dc72bbedbe5\",\"name\":\"Jaap van der Wal\",\"image\":{\"@type\":\"ImageObject\",\"inLanguage\":\"de-DE\",\"@id\":\"https:\\\/\\\/www.embryo.nl\\\/wp-content\\\/uploads\\\/2023\\\/06\\\/banner-EiB-1-kopie.jpg\",\"url\":\"https:\\\/\\\/www.embryo.nl\\\/wp-content\\\/uploads\\\/2023\\\/06\\\/banner-EiB-1-kopie.jpg\",\"contentUrl\":\"https:\\\/\\\/www.embryo.nl\\\/wp-content\\\/uploads\\\/2023\\\/06\\\/banner-EiB-1-kopie.jpg\",\"width\":872,\"height\":622,\"caption\":\"Jaap van der Wal\"},\"logo\":{\"@id\":\"https:\\\/\\\/www.embryo.nl\\\/wp-content\\\/uploads\\\/2023\\\/06\\\/banner-EiB-1-kopie.jpg\"},\"description\":\"Born 1947. Graduated as a physician in 1973 and received a PHD (specializing in movement sense and fascia) from Maastricht University in the Netherlands in 1988. From 1973-2012 active as associate university professor in human anatomy and embryology. From 1990 founder and leader of the project Dynamension with the objective of spreading understanding of the human embryo based on phenomenological approach. Publishes and gives courses on The Embryo in Us, also called Embryo in Motion: about mind and body, connection between spirituality and science. In addition, specializes in the phenomenology of fascia.\",\"sameAs\":[\"https:\\\/\\\/embryo.nl\",\"https:\\\/\\\/www.facebook.com\\\/jaapvanderwal01\",\"https:\\\/\\\/www.youtube.com\\\/@walembryo\"]}]}<\/script>\n<!-- \/ Yoast SEO plugin. -->","yoast_head_json":{"title":"Curriculum vitae Jaap van der Wal - Het Embryo in ons","description":"Geboren 17 Februar 1947 und in 1973 als Arzt studiert. Nachdem an mehreren Universit\u00e4ten in den Niederl\u00e4nden t\u00e4tig gewesen als Anatome-Embryologe. Er\u00a0hat als universit\u00e4re Privatdozent gearbeitet aber ist auch t\u00e4tig gewesen als Forscher. Seit M\u00e4rz 2012 ist der im sogenannten Ruhestand aber noch immer v\u00f6llig t\u00e4tig und aktive mit seinem Projekt Embryo in Bewegung.","robots":{"index":"index","follow":"follow","max-snippet":"max-snippet:-1","max-image-preview":"max-image-preview:large","max-video-preview":"max-video-preview:-1"},"canonical":"https:\/\/www.embryo.nl\/de\/curriculum-vitae\/","og_locale":"de_DE","og_type":"article","og_title":"Curriculum vitae Jaap van der Wal - Het Embryo in ons","og_description":"Geboren op 17 februari 1947 en studeerde geneeskunde in 1973. Na werkzaam te zijn geweest als anatoom-embryoloog aan verschillende universiteiten in Nederland. Hij heeft gewerkt als universitair docent maar is ook actief geweest als onderzoeker. Sinds maart 2012 is hij met zogenaamd pensioen maar nog steeds volop actief en actief met zijn project Embryo in Motion.","og_url":"https:\/\/www.embryo.nl\/de\/curriculum-vitae\/","og_site_name":"Der Embryo in Uns","article_publisher":"https:\/\/www.facebook.com\/jaapvanderwal01","article_modified_time":"2023-09-10T12:57:15+00:00","og_image":[{"width":5829,"height":889,"url":"https:\/\/www.embryo.nl\/wp-content\/uploads\/2023\/01\/Header-2016-Jaap-koppen.jpg","type":"image\/jpeg"}],"twitter_card":"summary_large_image","twitter_misc":{"Gesch\u00e4tzte Lesezeit":"3\u00a0Minuten"},"schema":{"@context":"https:\/\/schema.org","@graph":[{"@type":"WebPage","@id":"https:\/\/www.embryo.nl\/curriculum-vitae\/","url":"https:\/\/www.embryo.nl\/curriculum-vitae\/","name":"Curriculum vitae Jaap van der Wal - Het Embryo in ons","isPartOf":{"@id":"https:\/\/www.embryo.nl\/#website"},"primaryImageOfPage":{"@id":"https:\/\/www.embryo.nl\/curriculum-vitae\/#primaryimage"},"image":{"@id":"https:\/\/www.embryo.nl\/curriculum-vitae\/#primaryimage"},"thumbnailUrl":"https:\/\/www.embryo.nl\/wp-content\/uploads\/2023\/01\/Header-2016-Jaap-koppen.jpg","datePublished":"2023-05-09T09:06:18+00:00","dateModified":"2023-09-10T12:57:15+00:00","description":"Geboren op 17 februari 1947 en studeerde geneeskunde in 1973. Na werkzaam te zijn geweest als anatoom-embryoloog aan verschillende universiteiten in Nederland. Hij heeft gewerkt als universitair docent maar is ook actief geweest als onderzoeker. Sinds maart 2012 is hij met zogenaamd pensioen maar nog steeds volop actief en actief met zijn project Embryo in Motion.","breadcrumb":{"@id":"https:\/\/www.embryo.nl\/curriculum-vitae\/#breadcrumb"},"inLanguage":"de-DE","potentialAction":[{"@type":"ReadAction","target":["https:\/\/www.embryo.nl\/curriculum-vitae\/"]}]},{"@type":"ImageObject","inLanguage":"de-DE","@id":"https:\/\/www.embryo.nl\/curriculum-vitae\/#primaryimage","url":"https:\/\/www.embryo.nl\/wp-content\/uploads\/2023\/01\/Header-2016-Jaap-koppen.jpg","contentUrl":"https:\/\/www.embryo.nl\/wp-content\/uploads\/2023\/01\/Header-2016-Jaap-koppen.jpg","width":5829,"height":889},{"@type":"BreadcrumbList","@id":"https:\/\/www.embryo.nl\/curriculum-vitae\/#breadcrumb","itemListElement":[{"@type":"ListItem","position":1,"name":"Home","item":"https:\/\/www.embryo.nl\/en\/"},{"@type":"ListItem","position":2,"name":"Curriculum vitae"}]},{"@type":"WebSite","@id":"https:\/\/www.embryo.nl\/#website","url":"https:\/\/www.embryo.nl\/","name":"The Embryo in us - Embryo in Motion","description":"Seele und K\u00f6rper bevor und nach der Geburt","publisher":{"@id":"https:\/\/www.embryo.nl\/#\/schema\/person\/0d402ade5f58756241163dc72bbedbe5"},"potentialAction":[{"@type":"SearchAction","target":{"@type":"EntryPoint","urlTemplate":"https:\/\/www.embryo.nl\/?s={search_term_string}"},"query-input":{"@type":"PropertyValueSpecification","valueRequired":true,"valueName":"search_term_string"}}],"inLanguage":"de-DE"},{"@type":["Person","Organization"],"@id":"https:\/\/www.embryo.nl\/#\/schema\/person\/0d402ade5f58756241163dc72bbedbe5","name":"Jaap van der Wal","image":{"@type":"ImageObject","inLanguage":"de-DE","@id":"https:\/\/www.embryo.nl\/wp-content\/uploads\/2023\/06\/banner-EiB-1-kopie.jpg","url":"https:\/\/www.embryo.nl\/wp-content\/uploads\/2023\/06\/banner-EiB-1-kopie.jpg","contentUrl":"https:\/\/www.embryo.nl\/wp-content\/uploads\/2023\/06\/banner-EiB-1-kopie.jpg","width":872,"height":622,"caption":"Jaap van der Wal"},"logo":{"@id":"https:\/\/www.embryo.nl\/wp-content\/uploads\/2023\/06\/banner-EiB-1-kopie.jpg"},"description":"Born 1947. Graduated as a physician in 1973 and received a PHD (specializing in movement sense and fascia) from Maastricht University in the Netherlands in 1988. From 1973-2012 active as associate university professor in human anatomy and embryology. From 1990 founder and leader of the project Dynamension with the objective of spreading understanding of the human embryo based on phenomenological approach. Publishes and gives courses on The Embryo in Us, also called Embryo in Motion: about mind and body, connection between spirituality and science. In addition, specializes in the phenomenology of fascia.","sameAs":["https:\/\/embryo.nl","https:\/\/www.facebook.com\/jaapvanderwal01","https:\/\/www.youtube.com\/@walembryo"]}]}},"_links":{"self":[{"href":"https:\/\/www.embryo.nl\/de\/wp-json\/wp\/v2\/pages\/456","targetHints":{"allow":["GET"]}}],"collection":[{"href":"https:\/\/www.embryo.nl\/de\/wp-json\/wp\/v2\/pages"}],"about":[{"href":"https:\/\/www.embryo.nl\/de\/wp-json\/wp\/v2\/types\/page"}],"author":[{"embeddable":true,"href":"https:\/\/www.embryo.nl\/de\/wp-json\/wp\/v2\/users\/2"}],"replies":[{"embeddable":true,"href":"https:\/\/www.embryo.nl\/de\/wp-json\/wp\/v2\/comments?post=456"}],"version-history":[{"count":7,"href":"https:\/\/www.embryo.nl\/de\/wp-json\/wp\/v2\/pages\/456\/revisions"}],"predecessor-version":[{"id":17788,"href":"https:\/\/www.embryo.nl\/de\/wp-json\/wp\/v2\/pages\/456\/revisions\/17788"}],"wp:featuredmedia":[{"embeddable":true,"href":"https:\/\/www.embryo.nl\/de\/wp-json\/wp\/v2\/media\/210"}],"wp:attachment":[{"href":"https:\/\/www.embryo.nl\/de\/wp-json\/wp\/v2\/media?parent=456"}],"wp:term":[{"taxonomy":"category","embeddable":true,"href":"https:\/\/www.embryo.nl\/de\/wp-json\/wp\/v2\/categories?post=456"}],"curies":[{"name":"wp","href":"https:\/\/api.w.org\/{rel}","templated":true}]}}