{"id":454,"date":"2023-01-28T14:06:18","date_gmt":"2023-01-28T14:06:18","guid":{"rendered":"https:\/\/embryo.nl\/over-jaap\/"},"modified":"2024-01-17T13:24:07","modified_gmt":"2024-01-17T13:24:07","slug":"about-jaap","status":"publish","type":"page","link":"https:\/\/www.embryo.nl\/de\/about-jaap\/","title":{"rendered":"\u00dcber Jaap"},"content":{"rendered":"<p>Unter diesem Men\u00fc befinden sich Untermen\u00fcs mit Informationen \u00fcber Jaap van der Wal: Jaap selbst \/ Lebenslauf \/ Publikationsliste \/ Interviews \/ Empfehlungen \/ Login \/ Referenzen \/ Poesie<\/p>\n<p>K\u00fcrzlich (Dezember 2023) wurde Jaap von Olga Gouni (von Prenatal Sciences Partnership) interview\u00a0 im Rahmen einer Interviewreihe mit &#8222;Pionieren der pr\u00e4natalen Wissenschaft&#8220; unter dem Titel The days and the works of &#8230;&#8230; Hier spricht Jaap mehr \u00fcber bestimmte pers\u00f6nliche Aspekte seiner Biografie, die ihn zu The Embryo in Us gef\u00fchrt haben.<\/p>\n<p style=\"text-align: center;\">.<a href=\"https:\/\/www.prenatalsciencespartnership.org\/?fbclid=IwAR1ZkwCx-3OdK1SSzCiqwe9kBS3nO7CDQqG_Evi_Xe7JfFbbGsK11XzKXVU\" target=\"_blank\" rel=\"noopener\"><img loading=\"lazy\" decoding=\"async\" class=\"alignnone wp-image-17922\" src=\"https:\/\/embryo.nl\/wp-content\/uploads\/2023\/08\/Vissers.jpg\" alt=\"\" width=\"147\" height=\"190\" \/><\/a><br \/>\nKlicke auf dieses Bild von<br \/>\n&#8222;Habt keine Angst. Von jetzt an wirst du Menschen fischen&#8220;.<\/p>\n","protected":false},"excerpt":{"rendered":"<p>Unter diesem Men\u00fc befinden sich Untermen\u00fcs mit Informationen \u00fcber Jaap van der Wal: Jaap selbst \/ Lebenslauf \/ Publikationsliste \/ [&hellip;]<\/p>\n","protected":false},"author":2,"featured_media":216,"parent":0,"menu_order":20,"comment_status":"closed","ping_status":"closed","template":"","meta":{"footnotes":""},"categories":[],"class_list":["post-454","page","type-page","status-publish","has-post-thumbnail","hentry"],"yoast_head":"<!-- This site is optimized with the Yoast SEO plugin v27.4 - https:\/\/yoast.com\/product\/yoast-seo-wordpress\/ -->\n<title>\u00dcber Jaap<\/title>\n<meta name=\"description\" content=\"Unter diesem Men\u00fc befinden sich Untermen\u00fcs mit Informationen \u00fcber Jaap van der Wal: Jaap selbst \/ Lebenslauf \/ Publikationsliste \/ Interviews \/ Empfehlungen \/ Login \/ Referenzen \/ Poesie.\" \/>\n<meta name=\"robots\" content=\"index, follow, max-snippet:-1, max-image-preview:large, max-video-preview:-1\" \/>\n<link rel=\"canonical\" href=\"https:\/\/www.embryo.nl\/de\/about-jaap\/\" \/>\n<meta property=\"og:locale\" content=\"de_DE\" \/>\n<meta property=\"og:locale:alternate\" content=\"en_US\" \/>\n<meta property=\"og:locale:alternate\" content=\"nl_NL\" \/>\n<meta property=\"og:type\" content=\"article\" \/>\n<meta property=\"og:title\" content=\"\u00dcber Jaap\" \/>\n<meta property=\"og:description\" content=\"Onder dit menu zitten submenu&#039;s met informatie over Jaap van der Wal : Jaap zelf \/ curriculum vitae \/ publicatielijst \/ interviews \/ aanbevelingen \/ aanmelden \/ referenties \/ po\u00ebzie.\" \/>\n<meta property=\"og:url\" content=\"https:\/\/www.embryo.nl\/de\/about-jaap\/\" \/>\n<meta property=\"og:site_name\" content=\"Der Embryo in Uns\" \/>\n<meta property=\"article:publisher\" content=\"https:\/\/www.facebook.com\/jaapvanderwal01\" \/>\n<meta property=\"article:modified_time\" content=\"2024-01-17T13:24:07+00:00\" \/>\n<meta property=\"og:image\" content=\"https:\/\/www.embryo.nl\/wp-content\/uploads\/2023\/01\/header-sensibele-chaos.jpg\" \/>\n\t<meta property=\"og:image:width\" content=\"1031\" \/>\n\t<meta property=\"og:image:height\" content=\"182\" \/>\n\t<meta property=\"og:image:type\" content=\"image\/jpeg\" \/>\n<meta name=\"twitter:card\" content=\"summary_large_image\" \/>\n<meta name=\"twitter:label1\" content=\"Gesch\u00e4tzte Lesezeit\" \/>\n\t<meta name=\"twitter:data1\" content=\"1\u00a0Minute\" \/>\n<script type=\"application\/ld+json\" class=\"yoast-schema-graph\">{\"@context\":\"https:\\\/\\\/schema.org\",\"@graph\":[{\"@type\":\"WebPage\",\"@id\":\"https:\\\/\\\/www.embryo.nl\\\/about-jaap\\\/\",\"url\":\"https:\\\/\\\/www.embryo.nl\\\/about-jaap\\\/\",\"name\":\"\u00dcber Jaap\",\"isPartOf\":{\"@id\":\"https:\\\/\\\/www.embryo.nl\\\/#website\"},\"primaryImageOfPage\":{\"@id\":\"https:\\\/\\\/www.embryo.nl\\\/about-jaap\\\/#primaryimage\"},\"image\":{\"@id\":\"https:\\\/\\\/www.embryo.nl\\\/about-jaap\\\/#primaryimage\"},\"thumbnailUrl\":\"https:\\\/\\\/www.embryo.nl\\\/wp-content\\\/uploads\\\/2023\\\/01\\\/header-sensibele-chaos.jpg\",\"datePublished\":\"2023-01-28T14:06:18+00:00\",\"dateModified\":\"2024-01-17T13:24:07+00:00\",\"description\":\"Onder dit menu zitten submenu's met informatie over Jaap van der Wal : Jaap zelf \\\/ curriculum vitae \\\/ publicatielijst \\\/ interviews \\\/ aanbevelingen \\\/ aanmelden \\\/ referenties \\\/ po\u00ebzie.\",\"breadcrumb\":{\"@id\":\"https:\\\/\\\/www.embryo.nl\\\/about-jaap\\\/#breadcrumb\"},\"inLanguage\":\"de-DE\",\"potentialAction\":[{\"@type\":\"ReadAction\",\"target\":[\"https:\\\/\\\/www.embryo.nl\\\/about-jaap\\\/\"]}]},{\"@type\":\"ImageObject\",\"inLanguage\":\"de-DE\",\"@id\":\"https:\\\/\\\/www.embryo.nl\\\/about-jaap\\\/#primaryimage\",\"url\":\"https:\\\/\\\/www.embryo.nl\\\/wp-content\\\/uploads\\\/2023\\\/01\\\/header-sensibele-chaos.jpg\",\"contentUrl\":\"https:\\\/\\\/www.embryo.nl\\\/wp-content\\\/uploads\\\/2023\\\/01\\\/header-sensibele-chaos.jpg\",\"width\":1031,\"height\":182},{\"@type\":\"BreadcrumbList\",\"@id\":\"https:\\\/\\\/www.embryo.nl\\\/about-jaap\\\/#breadcrumb\",\"itemListElement\":[{\"@type\":\"ListItem\",\"position\":1,\"name\":\"Home\",\"item\":\"https:\\\/\\\/www.embryo.nl\\\/en\\\/\"},{\"@type\":\"ListItem\",\"position\":2,\"name\":\"Over Jaap\"}]},{\"@type\":\"WebSite\",\"@id\":\"https:\\\/\\\/www.embryo.nl\\\/#website\",\"url\":\"https:\\\/\\\/www.embryo.nl\\\/\",\"name\":\"The Embryo in us - Embryo in Motion\",\"description\":\"Seele und K\u00f6rper bevor und nach der Geburt\",\"publisher\":{\"@id\":\"https:\\\/\\\/www.embryo.nl\\\/#\\\/schema\\\/person\\\/0d402ade5f58756241163dc72bbedbe5\"},\"potentialAction\":[{\"@type\":\"SearchAction\",\"target\":{\"@type\":\"EntryPoint\",\"urlTemplate\":\"https:\\\/\\\/www.embryo.nl\\\/?s={search_term_string}\"},\"query-input\":{\"@type\":\"PropertyValueSpecification\",\"valueRequired\":true,\"valueName\":\"search_term_string\"}}],\"inLanguage\":\"de-DE\"},{\"@type\":[\"Person\",\"Organization\"],\"@id\":\"https:\\\/\\\/www.embryo.nl\\\/#\\\/schema\\\/person\\\/0d402ade5f58756241163dc72bbedbe5\",\"name\":\"Jaap van der Wal\",\"image\":{\"@type\":\"ImageObject\",\"inLanguage\":\"de-DE\",\"@id\":\"https:\\\/\\\/www.embryo.nl\\\/wp-content\\\/uploads\\\/2023\\\/06\\\/banner-EiB-1-kopie.jpg\",\"url\":\"https:\\\/\\\/www.embryo.nl\\\/wp-content\\\/uploads\\\/2023\\\/06\\\/banner-EiB-1-kopie.jpg\",\"contentUrl\":\"https:\\\/\\\/www.embryo.nl\\\/wp-content\\\/uploads\\\/2023\\\/06\\\/banner-EiB-1-kopie.jpg\",\"width\":872,\"height\":622,\"caption\":\"Jaap van der Wal\"},\"logo\":{\"@id\":\"https:\\\/\\\/www.embryo.nl\\\/wp-content\\\/uploads\\\/2023\\\/06\\\/banner-EiB-1-kopie.jpg\"},\"description\":\"Born 1947. Graduated as a physician in 1973 and received a PHD (specializing in movement sense and fascia) from Maastricht University in the Netherlands in 1988. From 1973-2012 active as associate university professor in human anatomy and embryology. From 1990 founder and leader of the project Dynamension with the objective of spreading understanding of the human embryo based on phenomenological approach. Publishes and gives courses on The Embryo in Us, also called Embryo in Motion: about mind and body, connection between spirituality and science. In addition, specializes in the phenomenology of fascia.\",\"sameAs\":[\"https:\\\/\\\/embryo.nl\",\"https:\\\/\\\/www.facebook.com\\\/jaapvanderwal01\",\"https:\\\/\\\/www.youtube.com\\\/@walembryo\"]}]}<\/script>\n<!-- \/ Yoast SEO plugin. -->","yoast_head_json":{"title":"\u00dcber Jaap","description":"Unter diesem Men\u00fc befinden sich Untermen\u00fcs mit Informationen \u00fcber Jaap van der Wal: Jaap selbst \/ Lebenslauf \/ Publikationsliste \/ Interviews \/ Empfehlungen \/ Login \/ Referenzen \/ Poesie.","robots":{"index":"index","follow":"follow","max-snippet":"max-snippet:-1","max-image-preview":"max-image-preview:large","max-video-preview":"max-video-preview:-1"},"canonical":"https:\/\/www.embryo.nl\/de\/about-jaap\/","og_locale":"de_DE","og_type":"article","og_title":"[:en]About Jaap[:nl]Over Jaap[:de]\u00dcber Jaap[:] - Der Embryo in Uns","og_description":"Onder dit menu zitten submenu's met informatie over Jaap van der Wal : Jaap zelf \/ curriculum vitae \/ publicatielijst \/ interviews \/ aanbevelingen \/ aanmelden \/ referenties \/ po\u00ebzie.","og_url":"https:\/\/www.embryo.nl\/de\/about-jaap\/","og_site_name":"Der Embryo in Uns","article_publisher":"https:\/\/www.facebook.com\/jaapvanderwal01","article_modified_time":"2024-01-17T13:24:07+00:00","og_image":[{"width":1031,"height":182,"url":"https:\/\/www.embryo.nl\/wp-content\/uploads\/2023\/01\/header-sensibele-chaos.jpg","type":"image\/jpeg"}],"twitter_card":"summary_large_image","twitter_misc":{"Gesch\u00e4tzte Lesezeit":"1\u00a0Minute"},"schema":{"@context":"https:\/\/schema.org","@graph":[{"@type":"WebPage","@id":"https:\/\/www.embryo.nl\/about-jaap\/","url":"https:\/\/www.embryo.nl\/about-jaap\/","name":"\u00dcber Jaap","isPartOf":{"@id":"https:\/\/www.embryo.nl\/#website"},"primaryImageOfPage":{"@id":"https:\/\/www.embryo.nl\/about-jaap\/#primaryimage"},"image":{"@id":"https:\/\/www.embryo.nl\/about-jaap\/#primaryimage"},"thumbnailUrl":"https:\/\/www.embryo.nl\/wp-content\/uploads\/2023\/01\/header-sensibele-chaos.jpg","datePublished":"2023-01-28T14:06:18+00:00","dateModified":"2024-01-17T13:24:07+00:00","description":"Onder dit menu zitten submenu's met informatie over Jaap van der Wal : Jaap zelf \/ curriculum vitae \/ publicatielijst \/ interviews \/ aanbevelingen \/ aanmelden \/ referenties \/ po\u00ebzie.","breadcrumb":{"@id":"https:\/\/www.embryo.nl\/about-jaap\/#breadcrumb"},"inLanguage":"de-DE","potentialAction":[{"@type":"ReadAction","target":["https:\/\/www.embryo.nl\/about-jaap\/"]}]},{"@type":"ImageObject","inLanguage":"de-DE","@id":"https:\/\/www.embryo.nl\/about-jaap\/#primaryimage","url":"https:\/\/www.embryo.nl\/wp-content\/uploads\/2023\/01\/header-sensibele-chaos.jpg","contentUrl":"https:\/\/www.embryo.nl\/wp-content\/uploads\/2023\/01\/header-sensibele-chaos.jpg","width":1031,"height":182},{"@type":"BreadcrumbList","@id":"https:\/\/www.embryo.nl\/about-jaap\/#breadcrumb","itemListElement":[{"@type":"ListItem","position":1,"name":"Home","item":"https:\/\/www.embryo.nl\/en\/"},{"@type":"ListItem","position":2,"name":"Over Jaap"}]},{"@type":"WebSite","@id":"https:\/\/www.embryo.nl\/#website","url":"https:\/\/www.embryo.nl\/","name":"The Embryo in us - Embryo in Motion","description":"Seele und K\u00f6rper bevor und nach der Geburt","publisher":{"@id":"https:\/\/www.embryo.nl\/#\/schema\/person\/0d402ade5f58756241163dc72bbedbe5"},"potentialAction":[{"@type":"SearchAction","target":{"@type":"EntryPoint","urlTemplate":"https:\/\/www.embryo.nl\/?s={search_term_string}"},"query-input":{"@type":"PropertyValueSpecification","valueRequired":true,"valueName":"search_term_string"}}],"inLanguage":"de-DE"},{"@type":["Person","Organization"],"@id":"https:\/\/www.embryo.nl\/#\/schema\/person\/0d402ade5f58756241163dc72bbedbe5","name":"Jaap van der Wal","image":{"@type":"ImageObject","inLanguage":"de-DE","@id":"https:\/\/www.embryo.nl\/wp-content\/uploads\/2023\/06\/banner-EiB-1-kopie.jpg","url":"https:\/\/www.embryo.nl\/wp-content\/uploads\/2023\/06\/banner-EiB-1-kopie.jpg","contentUrl":"https:\/\/www.embryo.nl\/wp-content\/uploads\/2023\/06\/banner-EiB-1-kopie.jpg","width":872,"height":622,"caption":"Jaap van der Wal"},"logo":{"@id":"https:\/\/www.embryo.nl\/wp-content\/uploads\/2023\/06\/banner-EiB-1-kopie.jpg"},"description":"Born 1947. Graduated as a physician in 1973 and received a PHD (specializing in movement sense and fascia) from Maastricht University in the Netherlands in 1988. From 1973-2012 active as associate university professor in human anatomy and embryology. From 1990 founder and leader of the project Dynamension with the objective of spreading understanding of the human embryo based on phenomenological approach. Publishes and gives courses on The Embryo in Us, also called Embryo in Motion: about mind and body, connection between spirituality and science. In addition, specializes in the phenomenology of fascia.","sameAs":["https:\/\/embryo.nl","https:\/\/www.facebook.com\/jaapvanderwal01","https:\/\/www.youtube.com\/@walembryo"]}]}},"_links":{"self":[{"href":"https:\/\/www.embryo.nl\/de\/wp-json\/wp\/v2\/pages\/454","targetHints":{"allow":["GET"]}}],"collection":[{"href":"https:\/\/www.embryo.nl\/de\/wp-json\/wp\/v2\/pages"}],"about":[{"href":"https:\/\/www.embryo.nl\/de\/wp-json\/wp\/v2\/types\/page"}],"author":[{"embeddable":true,"href":"https:\/\/www.embryo.nl\/de\/wp-json\/wp\/v2\/users\/2"}],"replies":[{"embeddable":true,"href":"https:\/\/www.embryo.nl\/de\/wp-json\/wp\/v2\/comments?post=454"}],"version-history":[{"count":22,"href":"https:\/\/www.embryo.nl\/de\/wp-json\/wp\/v2\/pages\/454\/revisions"}],"predecessor-version":[{"id":20495,"href":"https:\/\/www.embryo.nl\/de\/wp-json\/wp\/v2\/pages\/454\/revisions\/20495"}],"wp:featuredmedia":[{"embeddable":true,"href":"https:\/\/www.embryo.nl\/de\/wp-json\/wp\/v2\/media\/216"}],"wp:attachment":[{"href":"https:\/\/www.embryo.nl\/de\/wp-json\/wp\/v2\/media?parent=454"}],"wp:term":[{"taxonomy":"category","embeddable":true,"href":"https:\/\/www.embryo.nl\/de\/wp-json\/wp\/v2\/categories?post=454"}],"curies":[{"name":"wp","href":"https:\/\/api.w.org\/{rel}","templated":true}]}}