{"id":453,"date":"2023-05-09T09:06:18","date_gmt":"2023-05-09T09:06:18","guid":{"rendered":"https:\/\/embryo.nl\/aanmelden\/"},"modified":"2023-09-11T11:34:23","modified_gmt":"2023-09-11T11:34:23","slug":"sign-up-2","status":"publish","type":"page","link":"https:\/\/www.embryo.nl\/de\/sign-up-2\/","title":{"rendered":"Anmelden"},"content":{"rendered":"<p>ANMELDEN<\/p>\n<p>\u00dcblicherweise meldet man sich an f\u00fcr einen Kurs bei den\u00a0Leuten oder dem\u00a0\u00a0Institut oder Schule\u00a0welche(r) den Kurs organisiert..<\/p>\n<p title=\"\">Wenn Sie Zur Seite\u00a0 <a title=\"\" href=\"https:\/\/embryo.nl\/de\/course-calendar\/\">Kurskalender\u00a0<\/a>gehen, k\u00f6nnen Sie dort den gew\u00fcnschten Kurs w\u00e4hlen.<\/p>\n<p>Dort finden Sie auch die notwendige Auskunft und Adresse der Webseite un Email-Adressen auf.<\/p>\n","protected":false},"excerpt":{"rendered":"<p>ANMELDEN \u00dcblicherweise meldet man sich an f\u00fcr einen Kurs bei den\u00a0Leuten oder dem\u00a0\u00a0Institut oder Schule\u00a0welche(r) den Kurs organisiert.. Wenn Sie [&hellip;]<\/p>\n","protected":false},"author":2,"featured_media":216,"parent":0,"menu_order":19,"comment_status":"closed","ping_status":"closed","template":"","meta":{"footnotes":""},"categories":[],"class_list":["post-453","page","type-page","status-publish","has-post-thumbnail","hentry"],"yoast_head":"<!-- This site is optimized with the Yoast SEO plugin v27.4 - https:\/\/yoast.com\/product\/yoast-seo-wordpress\/ -->\n<title>Anmelden<\/title>\n<meta name=\"description\" content=\"ANMELDEN Normalerweise kann man sich f\u00fcr einen Kurs bei der Person oder dem Institut anmelden, die\/der den Kurs organisiert. Wenn Sie auf die Seite Kurskalender gehen, k\u00f6nnen Sie dort Ihre Wahl treffen, indem Sie den gew\u00fcnschten Kurs anklicken.\" \/>\n<meta name=\"robots\" content=\"index, follow, max-snippet:-1, max-image-preview:large, max-video-preview:-1\" \/>\n<link rel=\"canonical\" href=\"https:\/\/www.embryo.nl\/de\/sign-up-2\/\" \/>\n<meta property=\"og:locale\" content=\"de_DE\" \/>\n<meta property=\"og:locale:alternate\" content=\"en_US\" \/>\n<meta property=\"og:locale:alternate\" content=\"nl_NL\" \/>\n<meta property=\"og:type\" content=\"article\" \/>\n<meta property=\"og:title\" content=\"Anmelden\" \/>\n<meta property=\"og:description\" content=\"AANMELDEN Meestal kun je je inschrijven voor een cursus bij de persoon of het instituut die\/dat de cursus organiseert. Als je naar de pagina cursuskalender gaat, kun je daar je keuze maken door op de gewenste cursus te klikken.\" \/>\n<meta property=\"og:url\" content=\"https:\/\/www.embryo.nl\/de\/sign-up-2\/\" \/>\n<meta property=\"og:site_name\" content=\"Der Embryo in Uns\" \/>\n<meta property=\"article:publisher\" content=\"https:\/\/www.facebook.com\/jaapvanderwal01\" \/>\n<meta property=\"article:modified_time\" content=\"2023-09-11T11:34:23+00:00\" \/>\n<meta property=\"og:image\" content=\"https:\/\/www.embryo.nl\/wp-content\/uploads\/2023\/01\/header-sensibele-chaos.jpg\" \/>\n\t<meta property=\"og:image:width\" content=\"1031\" \/>\n\t<meta property=\"og:image:height\" content=\"182\" \/>\n\t<meta property=\"og:image:type\" content=\"image\/jpeg\" \/>\n<meta name=\"twitter:card\" content=\"summary_large_image\" \/>\n<meta name=\"twitter:label1\" content=\"Gesch\u00e4tzte Lesezeit\" \/>\n\t<meta name=\"twitter:data1\" content=\"1\u00a0Minute\" \/>\n<script type=\"application\/ld+json\" class=\"yoast-schema-graph\">{\"@context\":\"https:\\\/\\\/schema.org\",\"@graph\":[{\"@type\":\"WebPage\",\"@id\":\"https:\\\/\\\/www.embryo.nl\\\/sign-up-2\\\/\",\"url\":\"https:\\\/\\\/www.embryo.nl\\\/sign-up-2\\\/\",\"name\":\"Anmelden\",\"isPartOf\":{\"@id\":\"https:\\\/\\\/www.embryo.nl\\\/#website\"},\"primaryImageOfPage\":{\"@id\":\"https:\\\/\\\/www.embryo.nl\\\/sign-up-2\\\/#primaryimage\"},\"image\":{\"@id\":\"https:\\\/\\\/www.embryo.nl\\\/sign-up-2\\\/#primaryimage\"},\"thumbnailUrl\":\"https:\\\/\\\/www.embryo.nl\\\/wp-content\\\/uploads\\\/2023\\\/01\\\/header-sensibele-chaos.jpg\",\"datePublished\":\"2023-05-09T09:06:18+00:00\",\"dateModified\":\"2023-09-11T11:34:23+00:00\",\"description\":\"AANMELDEN Meestal kun je je inschrijven voor een cursus bij de persoon of het instituut die\\\/dat de cursus organiseert. Als je naar de pagina cursuskalender gaat, kun je daar je keuze maken door op de gewenste cursus te klikken.\",\"breadcrumb\":{\"@id\":\"https:\\\/\\\/www.embryo.nl\\\/sign-up-2\\\/#breadcrumb\"},\"inLanguage\":\"de-DE\",\"potentialAction\":[{\"@type\":\"ReadAction\",\"target\":[\"https:\\\/\\\/www.embryo.nl\\\/sign-up-2\\\/\"]}]},{\"@type\":\"ImageObject\",\"inLanguage\":\"de-DE\",\"@id\":\"https:\\\/\\\/www.embryo.nl\\\/sign-up-2\\\/#primaryimage\",\"url\":\"https:\\\/\\\/www.embryo.nl\\\/wp-content\\\/uploads\\\/2023\\\/01\\\/header-sensibele-chaos.jpg\",\"contentUrl\":\"https:\\\/\\\/www.embryo.nl\\\/wp-content\\\/uploads\\\/2023\\\/01\\\/header-sensibele-chaos.jpg\",\"width\":1031,\"height\":182},{\"@type\":\"BreadcrumbList\",\"@id\":\"https:\\\/\\\/www.embryo.nl\\\/sign-up-2\\\/#breadcrumb\",\"itemListElement\":[{\"@type\":\"ListItem\",\"position\":1,\"name\":\"Home\",\"item\":\"https:\\\/\\\/www.embryo.nl\\\/en\\\/\"},{\"@type\":\"ListItem\",\"position\":2,\"name\":\"Aanmelden\"}]},{\"@type\":\"WebSite\",\"@id\":\"https:\\\/\\\/www.embryo.nl\\\/#website\",\"url\":\"https:\\\/\\\/www.embryo.nl\\\/\",\"name\":\"The Embryo in us - Embryo in Motion\",\"description\":\"Seele und K\u00f6rper bevor und nach der Geburt\",\"publisher\":{\"@id\":\"https:\\\/\\\/www.embryo.nl\\\/#\\\/schema\\\/person\\\/0d402ade5f58756241163dc72bbedbe5\"},\"potentialAction\":[{\"@type\":\"SearchAction\",\"target\":{\"@type\":\"EntryPoint\",\"urlTemplate\":\"https:\\\/\\\/www.embryo.nl\\\/?s={search_term_string}\"},\"query-input\":{\"@type\":\"PropertyValueSpecification\",\"valueRequired\":true,\"valueName\":\"search_term_string\"}}],\"inLanguage\":\"de-DE\"},{\"@type\":[\"Person\",\"Organization\"],\"@id\":\"https:\\\/\\\/www.embryo.nl\\\/#\\\/schema\\\/person\\\/0d402ade5f58756241163dc72bbedbe5\",\"name\":\"Jaap van der Wal\",\"image\":{\"@type\":\"ImageObject\",\"inLanguage\":\"de-DE\",\"@id\":\"https:\\\/\\\/www.embryo.nl\\\/wp-content\\\/uploads\\\/2023\\\/06\\\/banner-EiB-1-kopie.jpg\",\"url\":\"https:\\\/\\\/www.embryo.nl\\\/wp-content\\\/uploads\\\/2023\\\/06\\\/banner-EiB-1-kopie.jpg\",\"contentUrl\":\"https:\\\/\\\/www.embryo.nl\\\/wp-content\\\/uploads\\\/2023\\\/06\\\/banner-EiB-1-kopie.jpg\",\"width\":872,\"height\":622,\"caption\":\"Jaap van der Wal\"},\"logo\":{\"@id\":\"https:\\\/\\\/www.embryo.nl\\\/wp-content\\\/uploads\\\/2023\\\/06\\\/banner-EiB-1-kopie.jpg\"},\"description\":\"Born 1947. Graduated as a physician in 1973 and received a PHD (specializing in movement sense and fascia) from Maastricht University in the Netherlands in 1988. From 1973-2012 active as associate university professor in human anatomy and embryology. From 1990 founder and leader of the project Dynamension with the objective of spreading understanding of the human embryo based on phenomenological approach. Publishes and gives courses on The Embryo in Us, also called Embryo in Motion: about mind and body, connection between spirituality and science. In addition, specializes in the phenomenology of fascia.\",\"sameAs\":[\"https:\\\/\\\/embryo.nl\",\"https:\\\/\\\/www.facebook.com\\\/jaapvanderwal01\",\"https:\\\/\\\/www.youtube.com\\\/@walembryo\"]}]}<\/script>\n<!-- \/ Yoast SEO plugin. -->","yoast_head_json":{"title":"Anmelden","description":"ANMELDEN Normalerweise kann man sich f\u00fcr einen Kurs bei der Person oder dem Institut anmelden, die\/der den Kurs organisiert. Wenn Sie auf die Seite Kurskalender gehen, k\u00f6nnen Sie dort Ihre Wahl treffen, indem Sie den gew\u00fcnschten Kurs anklicken.","robots":{"index":"index","follow":"follow","max-snippet":"max-snippet:-1","max-image-preview":"max-image-preview:large","max-video-preview":"max-video-preview:-1"},"canonical":"https:\/\/www.embryo.nl\/de\/sign-up-2\/","og_locale":"de_DE","og_type":"article","og_title":"[:en]Sign up[:nl]Aanmelden[:de]Anmelden[:] - Der Embryo in Uns","og_description":"AANMELDEN Meestal kun je je inschrijven voor een cursus bij de persoon of het instituut die\/dat de cursus organiseert. Als je naar de pagina cursuskalender gaat, kun je daar je keuze maken door op de gewenste cursus te klikken.","og_url":"https:\/\/www.embryo.nl\/de\/sign-up-2\/","og_site_name":"Der Embryo in Uns","article_publisher":"https:\/\/www.facebook.com\/jaapvanderwal01","article_modified_time":"2023-09-11T11:34:23+00:00","og_image":[{"width":1031,"height":182,"url":"https:\/\/www.embryo.nl\/wp-content\/uploads\/2023\/01\/header-sensibele-chaos.jpg","type":"image\/jpeg"}],"twitter_card":"summary_large_image","twitter_misc":{"Gesch\u00e4tzte Lesezeit":"1\u00a0Minute"},"schema":{"@context":"https:\/\/schema.org","@graph":[{"@type":"WebPage","@id":"https:\/\/www.embryo.nl\/sign-up-2\/","url":"https:\/\/www.embryo.nl\/sign-up-2\/","name":"Anmelden","isPartOf":{"@id":"https:\/\/www.embryo.nl\/#website"},"primaryImageOfPage":{"@id":"https:\/\/www.embryo.nl\/sign-up-2\/#primaryimage"},"image":{"@id":"https:\/\/www.embryo.nl\/sign-up-2\/#primaryimage"},"thumbnailUrl":"https:\/\/www.embryo.nl\/wp-content\/uploads\/2023\/01\/header-sensibele-chaos.jpg","datePublished":"2023-05-09T09:06:18+00:00","dateModified":"2023-09-11T11:34:23+00:00","description":"AANMELDEN Meestal kun je je inschrijven voor een cursus bij de persoon of het instituut die\/dat de cursus organiseert. Als je naar de pagina cursuskalender gaat, kun je daar je keuze maken door op de gewenste cursus te klikken.","breadcrumb":{"@id":"https:\/\/www.embryo.nl\/sign-up-2\/#breadcrumb"},"inLanguage":"de-DE","potentialAction":[{"@type":"ReadAction","target":["https:\/\/www.embryo.nl\/sign-up-2\/"]}]},{"@type":"ImageObject","inLanguage":"de-DE","@id":"https:\/\/www.embryo.nl\/sign-up-2\/#primaryimage","url":"https:\/\/www.embryo.nl\/wp-content\/uploads\/2023\/01\/header-sensibele-chaos.jpg","contentUrl":"https:\/\/www.embryo.nl\/wp-content\/uploads\/2023\/01\/header-sensibele-chaos.jpg","width":1031,"height":182},{"@type":"BreadcrumbList","@id":"https:\/\/www.embryo.nl\/sign-up-2\/#breadcrumb","itemListElement":[{"@type":"ListItem","position":1,"name":"Home","item":"https:\/\/www.embryo.nl\/en\/"},{"@type":"ListItem","position":2,"name":"Aanmelden"}]},{"@type":"WebSite","@id":"https:\/\/www.embryo.nl\/#website","url":"https:\/\/www.embryo.nl\/","name":"The Embryo in us - Embryo in Motion","description":"Seele und K\u00f6rper bevor und nach der Geburt","publisher":{"@id":"https:\/\/www.embryo.nl\/#\/schema\/person\/0d402ade5f58756241163dc72bbedbe5"},"potentialAction":[{"@type":"SearchAction","target":{"@type":"EntryPoint","urlTemplate":"https:\/\/www.embryo.nl\/?s={search_term_string}"},"query-input":{"@type":"PropertyValueSpecification","valueRequired":true,"valueName":"search_term_string"}}],"inLanguage":"de-DE"},{"@type":["Person","Organization"],"@id":"https:\/\/www.embryo.nl\/#\/schema\/person\/0d402ade5f58756241163dc72bbedbe5","name":"Jaap van der Wal","image":{"@type":"ImageObject","inLanguage":"de-DE","@id":"https:\/\/www.embryo.nl\/wp-content\/uploads\/2023\/06\/banner-EiB-1-kopie.jpg","url":"https:\/\/www.embryo.nl\/wp-content\/uploads\/2023\/06\/banner-EiB-1-kopie.jpg","contentUrl":"https:\/\/www.embryo.nl\/wp-content\/uploads\/2023\/06\/banner-EiB-1-kopie.jpg","width":872,"height":622,"caption":"Jaap van der Wal"},"logo":{"@id":"https:\/\/www.embryo.nl\/wp-content\/uploads\/2023\/06\/banner-EiB-1-kopie.jpg"},"description":"Born 1947. Graduated as a physician in 1973 and received a PHD (specializing in movement sense and fascia) from Maastricht University in the Netherlands in 1988. From 1973-2012 active as associate university professor in human anatomy and embryology. From 1990 founder and leader of the project Dynamension with the objective of spreading understanding of the human embryo based on phenomenological approach. Publishes and gives courses on The Embryo in Us, also called Embryo in Motion: about mind and body, connection between spirituality and science. In addition, specializes in the phenomenology of fascia.","sameAs":["https:\/\/embryo.nl","https:\/\/www.facebook.com\/jaapvanderwal01","https:\/\/www.youtube.com\/@walembryo"]}]}},"_links":{"self":[{"href":"https:\/\/www.embryo.nl\/de\/wp-json\/wp\/v2\/pages\/453","targetHints":{"allow":["GET"]}}],"collection":[{"href":"https:\/\/www.embryo.nl\/de\/wp-json\/wp\/v2\/pages"}],"about":[{"href":"https:\/\/www.embryo.nl\/de\/wp-json\/wp\/v2\/types\/page"}],"author":[{"embeddable":true,"href":"https:\/\/www.embryo.nl\/de\/wp-json\/wp\/v2\/users\/2"}],"replies":[{"embeddable":true,"href":"https:\/\/www.embryo.nl\/de\/wp-json\/wp\/v2\/comments?post=453"}],"version-history":[{"count":7,"href":"https:\/\/www.embryo.nl\/de\/wp-json\/wp\/v2\/pages\/453\/revisions"}],"predecessor-version":[{"id":17782,"href":"https:\/\/www.embryo.nl\/de\/wp-json\/wp\/v2\/pages\/453\/revisions\/17782"}],"wp:featuredmedia":[{"embeddable":true,"href":"https:\/\/www.embryo.nl\/de\/wp-json\/wp\/v2\/media\/216"}],"wp:attachment":[{"href":"https:\/\/www.embryo.nl\/de\/wp-json\/wp\/v2\/media?parent=453"}],"wp:term":[{"taxonomy":"category","embeddable":true,"href":"https:\/\/www.embryo.nl\/de\/wp-json\/wp\/v2\/categories?post=453"}],"curies":[{"name":"wp","href":"https:\/\/api.w.org\/{rel}","templated":true}]}}