{"id":451,"date":"2023-05-09T09:06:18","date_gmt":"2023-05-09T09:06:18","guid":{"rendered":"https:\/\/embryo.nl\/197-cursusinhoud-embryosofie-nl\/"},"modified":"2023-09-10T12:39:49","modified_gmt":"2023-09-10T12:39:49","slug":"course-content-embryosophy","status":"publish","type":"page","link":"https:\/\/www.embryo.nl\/de\/course-content-embryosophy\/","title":{"rendered":"Kursinhalt. Eine Reise durch den Embryo"},"content":{"rendered":"<p align=\"center\"><b><span style=\"color: #851521;\">Ein Kurs mittels die Pr\u00e4sentation von Bildern, Erz\u00e4hlungen und Vortr\u00e4ge und anhand der Diskussion, Reflektion und Besinnung<\/span><\/b><\/p>\n<p>Jaap van der Wal<br \/>\nAnatom-Embryologe<\/p>\n<p>Mehr Auskunft \u00fcber Kursdaten finden Sie unter <a title=\"\" href=\"https:\/\/embryo.nl\/de\/course-calendar\/\">Kurskalender<\/a>.<\/p>\n<p>F\u00fcr ein Schablone eines Kurses Embryo in Bewegung gehen Sie zu <a title=\"\" href=\"https:\/\/embryo.nl\/de\/template-course-embryosophy\/\">Schablone<\/a><\/p>\n<p><b>Warum ein Kurs \u00fcber den Embryo?<\/b><\/p>\n<p>W\u00e4hrend des letzten Dekaden haben Wissenschaftler viele neue Tatsachen und Entdeckungen \u00fcber unser pr\u00e4natales Bestehen zum Licht geholt. Au\u00dferdem sind Techniken entwickelt worden, die uns mehr und mehr erm\u00f6glichen den menschlichen Embryo zu &#8218;manipulieren&#8216; und\u00a0 zu &#8218;erschaffen&#8216; (u.a. Retortenbefruchtung, Klonen, genetische Technik). Jene Tatsachen und jene Techniken erw\u00e4hnen Fragen \u00fcber, was wollen wir, was w\u00fcnschen wir (oder NICHT) oder, was is wohl oder nicht erlaubt mit Embryos zu tun. Jedoch trotz aller dieser Neuerkenntnis und Techniken bleibt der Embryo weiterhin zu vielen Leuten eine &#8218;Weite-Weg-geschichte&#8216;. Wie eine Menge Unwissenheit noch besteht \u00fcber, wie ein Embryo aussieht, in welchen Weise er besteht, was ein Embryo tats\u00e4chlich IST. Aus dem Bereich der sogenannten &#8218;Schulbiologie&#8216; und der Medizin wird normalerweise eine sehr spezifische Ansicht \u00fcber den Embryo produziert, haupts\u00e4chlich &#8218;gef\u00e4rbt&#8216; durch das vorherrschende Bild des Menschen und der Natur im Bereich der Wissenschaft und der Wissenschaftler. In der letzten Ansicht wird der Embryo normalerweise auf einer reduktionistischen Weise betrachtet, d.h. als Angelegenheit der Zellen, Gewebe, Gene und so weiter. In dieser Ansicht gibt es keinen Raum f\u00fcr das Wundern und f\u00fcr Fragen \u00fcber die tiefere Bedeutung und die Richtung dieser Phase des menschlichen Daseins. W\u00e4hrend der Embryo viel, (&#8218;zum Weisem&#8216;) \u00fcber die &#8218;wirkliche&#8216; Bedeutung unseres Daseins und Wesens zu erkl\u00e4ren hat!. Die Organisatoren des Kurses Embryo in Bewegung m\u00f6chten interessierte Leute &#8211; zus\u00e4tzlich zur Ansicht und zum Blick der regelm\u00e4\u00dfigen medizinischen Biologie &#8211; \u00fcber den menschlichen Embryo informieren und w\u00fcnschen das von einem derartigen Gesichtspunkt so tun, dass Raum frei bleibt f\u00fcr geistigere Aspekte des menschlichen Daseins und f\u00fcr Ideen wie die der Inkarnation.<\/p>\n<h2>Waarover gaat de cursus?<\/h2>\n<p>Vanuit de grote thema&#8217;s van geboorte en sterven, conceptie en \u2018begin van leven\u2019 wordt de embryonale ontwikkeling in de eerste weken via beeld en verhaal gevolgd. Het menselijk embryo wordt benaderd als wordend mensenwezen, dat van meet af aan in groei en metamorfose menselijk gedrag vertoont. De (wetenschappelijke) methode die hierbij gevolgd wordt, is de fenomenologie. Bij deze benadering gaat het er meer om zich in te voelen in het embryo, dan om er afstandelijk naar te kijken en over te denken. Het wonder m\u00e9\u00e9beleven zogezegd, met het hart, maar zonder het hoofd te verliezen! Het moet wel gebeuren aan de hand van feiten. Gezocht wordt naar zin en betekenis van de gebarentaal die uit de groei- en ontwikkelingsbewegingen van het embryo spreekt. Wat DOEN we eigenlijk als we embryo zijn?<\/p>\n<p><b>Welche Fragen kommen dran (u.a.)?<\/b><\/p>\n<p>\u25e6 Woher kommen wir? Von unserer Mutter? Von einem Ei? Vom Himmel m\u00f6glicherweise?<\/p>\n<p>\u25e6 Was geschieht tats\u00e4chlich und im wesentlichen w\u00e4hrend einer menschlichen Befruchtung (Konzeption)?<\/p>\n<p>\u25e6 Wie ist es mit &#8218;Geist&#8216; und &#8218;K\u00f6rper&#8216; w\u00e4hrend des Prozesses der Konzeption und w\u00e4hrend der embryonalen Entwicklung?<\/p>\n<p>\u25e6 Gibt es eine Relation zwischen Geboren werden und dem Sterben?<\/p>\n<p>\u25e6 Was macht, TUT ein Mensch in der Periode als Embryo?<\/p>\n<p>\u25e6 Was \u00fcber die ethischen Werte und die menschliche W\u00fcrde eines Embryos?<\/p>\n<p>\u25e6 Ist die Idee der Inkarnation in der Linie und der Harmonie mit biologischen Tatsachen und Daten?<\/p>\n<p>\u25e6 Was konnte ein menschlicher Embryo \u00fcber menschliche Evolution erkl\u00e4ren?<\/p>\n<p>\u25e6 Die Ansicht, dass menschliche Entwicklung und Evolution nur eine Angelegenheit des Zufalls oder ohne Ziel ist, was hat der Embryo vielleicht, zu diesem Thema zu &#8218;erw\u00e4hnen&#8216;?<\/p>\n<p>\u25e6 Welcher art Haltung darf ich (oder soll ich) in Richtung zur Abtreibung, in Richtung Retortenbefruchtung, zur genetischen Manupilation und Klonen der Embryos entwickeln?<\/p>\n<p><b>F\u00fcr wem wird der Kurs gemeint?<\/b><\/p>\n<p>Es wird nicht mit Vorhandensein von spezialisierten (Vor)Erkenntnis im Bereich der Embryologie gerechnet. Die Person, die den Kurs pr\u00e4sentiert, hat eine lange Erfahrung beim Unterrichten und mit dem Erkl\u00e4ren von dieser manchmal schwierige Materie. Der Kurs ist gemeint f\u00fcr jeder, der eine Ansicht und ein Urteil \u00fcber die Richtung von diesen &#8218;versteckte&#8216; Phase des menschlichen Daseins bilden mag. Es wird f\u00fcr den interessierten Laien sowie f\u00fcr jene Leute bedeutet, die sich mit dem Embryo von einem professionelleren Bereich besch\u00e4ftigen wie Doktoren, Hebammen, Therapeuten, und Lehrern. Das &#8218;Niveau&#8216; des Kurses kann dem Hintergrund der Teilnehmer leicht angepasst werden und kann spezifisch angepasst werden an gegebenen Zielgruppen.<\/p>\n<p><b>Wer gibt den Kurs?<\/b><\/p>\n<p>Jaap van der Wal (*1947) Jaap van Der Wal (* 1947) ist ein Arzt, der sich gewidmet hat zu der wissenschaftlichen Bereich der Embryologie sowie der menschliche Bewegung. Auf dem letzten Gebiet graduierte er auf einer These \u00fcber menschliches Propriozeption d.h. die Sinnesorgane der Bewegung und der Statur. Mittels der Publikationen, der Artikel und der Vortr\u00e4ge versucht er zwischen Schulbiologie und Naturwissenschaft einerseits und einer geistigeren Ansicht \u00fcber Menschen und Natur andererseits zu \u00fcberbr\u00fccken. F\u00fcr dieses folgt er der ph\u00e4nomenologischen Ann\u00e4herung von Goethe, der sogenannten &#8218; Wissenschaft des Herzens&#8216;. Er ist gewohnt aller Arten Leute zu unterrichten: von den Laien zu den medizinischen Doktoren, von Wissenschaftler zu Leute mit einem mehr esoterischen Menschenbild.<\/p>\n<p><b>Wie k\u00f6nnen Sie teilnehmen? Was kostet es?<\/b><\/p>\n<p>Sie k\u00f6nnen einen geplanten Kurs ohne irgendeine Verpflichtung beantragen. Sehen Sie unten: elektronische Anmeldung und Meldebogen. Die Kosten f\u00fcr Teilnahme k\u00f6nnen von schwanken von etwa \u20ac 150,- bis etwa \u20ac 400,-. Dieses h\u00e4ngt von der L\u00e4nge des Kurses (Drei-, oder viert\u00e4giger Kurs oder Wochenendekurs), von er Natur der Stelle \/ Ort, von der Politik des organisierenden Institutes und so weiter (z.B. inklusive oder exklusive Pflege) ab. Die Geb\u00fchr schlie\u00dft meistens etwas Lesematerial (&#8218;Reader&#8216;), Kaffee und Tee mit ein, aber Unkosten f\u00fcr Reise und \u00dcbernachtung sind meistens nicht enthalten.<br \/>\nWenn Sie interessiert sind um einen Kurs f\u00fcr eine bestimmte Zielgruppe zu organisieren, m\u00fcssen Sie die Geb\u00fchr f\u00fcr den Kursf\u00fchrer und seine Unkosten f\u00fcr Reise und Aufenthalt in Betracht ziehen. Au\u00dferdem m\u00fcssen Sie eine passende Lokalit\u00e4t organisieren f\u00fcr den Kurs und mit einer H\u00f6chstzahl von 25 Teilnehmern rechnen. Planung und Form des Kurses k\u00f6nnen unterhandelt werden. F\u00fcr die Teilnehmer soll eine Eintragungsgeb\u00fchr festgestellt werden, die die Kosten des Kurses selbst plus etwas zus\u00e4tzliche Unkosten f\u00fcr Kursmaterial (Reader) von ungef\u00e4hr \u20ac 10,-) umfasst.<\/p>\n<p><b>Was ist der Inhalt des Kurses?<\/b><\/p>\n<p>Ein kompletter Kurs Embryo in Bewegung nimmt sechs oder acht Tagesteile. Vorliebe hat ein dreit\u00e4giger Kurs, vier Tage sind auch m\u00f6glich und geben Raum f\u00fcr eine\u00a0 Erweiterung des Programms.\u00a0 Auch k\u00fcrzere Varianten sind m\u00f6glich wie Freitagabend + Samstag (inklusive Abend) mit ein Teil des Sonntags oder zwei und halb Tagen z.B.\u00a0 Donnerstagabend, Freitag und Samstag.\u00a0 Selbstverst\u00e4ndlich sind Ver\u00e4nderungen auf dieser Grundregel m\u00f6glich. Der Kurs wird durch die kurze Vortr\u00e4ge, Erz\u00e4hlungen, Reflexionen, Gespr\u00e4ch und Diskussionen aufgebaut, abgewechselt von kurze Lernabschnitte, w\u00e4hrend welchen die Teilnehmer selbst &#8218;in Bewegung kommen&#8216;. Das Letzte findet mittels der Beobachtungs\u00fcbungen, des Zeichnens und des Modellieren und mittels der &#8218;K\u00f6rperarbeit&#8216; statt. *<br \/>\nDie H\u00f6chstzahl der Teilnehmer wird auf ungef\u00e4hr 25 Personen begrenzt.<\/p>\n<p>* begleitet vom Kursf\u00fchrer selbst oder zur Begleitung eines Lehrers im k\u00f6rperlichen Ausdruck, oder eines Euritmist oder der irgendeines anderes k\u00fcnstlerisches Lehrers.<\/p>\n<p>Mehr Information \u00fcber Kursdaten finden Sie unten <a title=\"\" href=\"\/24-cursuskalender-nl\">Kurskalender<\/a>.<\/p>\n<p>Mehr wissen \u00fcber den Kurs oder sich anmelden? Dr\u00fccken Sie auf\u00a0 <a title=\"\" href=\"\/199-contact-Nl\">Kontact<\/a><\/p>\n<p>Die Atmosph\u00e4re kosten?<\/p>\n<p>Griechenland, September 2015<\/p>\n<p><iframe loading=\"lazy\" src=\"https:\/\/www.youtube.com\/embed\/FEIvQNkJ6Ek\" width=\"480\" height=\"360\" frameborder=\"0\" allowfullscreen=\"allowfullscreen\"><\/iframe><\/p>\n","protected":false},"excerpt":{"rendered":"<p>Ein Kurs mittels die Pr\u00e4sentation von Bildern, Erz\u00e4hlungen und Vortr\u00e4ge und anhand der Diskussion, Reflektion und Besinnung Jaap van der [&hellip;]<\/p>\n","protected":false},"author":2,"featured_media":208,"parent":0,"menu_order":12,"comment_status":"closed","ping_status":"closed","template":"","meta":{"footnotes":""},"categories":[],"class_list":["post-451","page","type-page","status-publish","has-post-thumbnail","hentry"],"yoast_head":"<!-- This site is optimized with the Yoast SEO plugin v27.4 - https:\/\/yoast.com\/product\/yoast-seo-wordpress\/ -->\n<title>Cursusinhoud - Reis door het embryo<\/title>\n<meta name=\"description\" content=\"Ein Kurs, der Antworten auf die &quot;echten&quot; Fragen zu unserer vorgeburtlichen Existenz sucht. Neben Themen wie Geburt und Tod, Empf\u00e4ngnis und &quot;Beginn des Lebens&quot; wird die embryonale Entwicklung in den ersten Wochen durch Bilder und Geschichten verfolgt.\" \/>\n<meta name=\"robots\" content=\"index, follow, max-snippet:-1, max-image-preview:large, max-video-preview:-1\" \/>\n<link rel=\"canonical\" href=\"https:\/\/www.embryo.nl\/de\/course-content-embryosophy\/\" \/>\n<meta property=\"og:locale\" content=\"de_DE\" \/>\n<meta property=\"og:locale:alternate\" content=\"en_US\" \/>\n<meta property=\"og:locale:alternate\" content=\"nl_NL\" \/>\n<meta property=\"og:type\" content=\"article\" \/>\n<meta property=\"og:title\" content=\"Cursusinhoud - Reis door het embryo\" \/>\n<meta property=\"og:description\" content=\"Een cursus die antwoord zoekt op de &#039;\u00e9chte&#039; vragen over ons voorgeboortelijk bestaan. Naast thema&#039;s als geboorte en sterven, conceptie en \u2018begin van leven\u2019 wordt de embryonale ontwikkeling in de eerste weken via beeld en verhaal gevolgd.\" \/>\n<meta property=\"og:url\" content=\"https:\/\/www.embryo.nl\/de\/course-content-embryosophy\/\" \/>\n<meta property=\"og:site_name\" content=\"Der Embryo in Uns\" \/>\n<meta property=\"article:publisher\" content=\"https:\/\/www.facebook.com\/jaapvanderwal01\" \/>\n<meta property=\"article:modified_time\" content=\"2023-09-10T12:39:49+00:00\" \/>\n<meta property=\"og:image\" content=\"https:\/\/www.embryo.nl\/wp-content\/uploads\/2023\/01\/Header-2016-cursus-3.jpg\" \/>\n\t<meta property=\"og:image:width\" content=\"7481\" \/>\n\t<meta property=\"og:image:height\" content=\"953\" \/>\n\t<meta property=\"og:image:type\" content=\"image\/jpeg\" \/>\n<meta name=\"twitter:card\" content=\"summary_large_image\" \/>\n<meta name=\"twitter:label1\" content=\"Gesch\u00e4tzte Lesezeit\" \/>\n\t<meta name=\"twitter:data1\" content=\"6\u00a0Minuten\" \/>\n<script type=\"application\/ld+json\" class=\"yoast-schema-graph\">{\"@context\":\"https:\\\/\\\/schema.org\",\"@graph\":[{\"@type\":\"WebPage\",\"@id\":\"https:\\\/\\\/www.embryo.nl\\\/course-content-embryosophy\\\/\",\"url\":\"https:\\\/\\\/www.embryo.nl\\\/course-content-embryosophy\\\/\",\"name\":\"Cursusinhoud - Reis door het embryo\",\"isPartOf\":{\"@id\":\"https:\\\/\\\/www.embryo.nl\\\/#website\"},\"primaryImageOfPage\":{\"@id\":\"https:\\\/\\\/www.embryo.nl\\\/course-content-embryosophy\\\/#primaryimage\"},\"image\":{\"@id\":\"https:\\\/\\\/www.embryo.nl\\\/course-content-embryosophy\\\/#primaryimage\"},\"thumbnailUrl\":\"https:\\\/\\\/www.embryo.nl\\\/wp-content\\\/uploads\\\/2023\\\/01\\\/Header-2016-cursus-3.jpg\",\"datePublished\":\"2023-05-09T09:06:18+00:00\",\"dateModified\":\"2023-09-10T12:39:49+00:00\",\"description\":\"Een cursus die antwoord zoekt op de '\u00e9chte' vragen over ons voorgeboortelijk bestaan. Naast thema's als geboorte en sterven, conceptie en \u2018begin van leven\u2019 wordt de embryonale ontwikkeling in de eerste weken via beeld en verhaal gevolgd.\",\"breadcrumb\":{\"@id\":\"https:\\\/\\\/www.embryo.nl\\\/course-content-embryosophy\\\/#breadcrumb\"},\"inLanguage\":\"de-DE\",\"potentialAction\":[{\"@type\":\"ReadAction\",\"target\":[\"https:\\\/\\\/www.embryo.nl\\\/course-content-embryosophy\\\/\"]}]},{\"@type\":\"ImageObject\",\"inLanguage\":\"de-DE\",\"@id\":\"https:\\\/\\\/www.embryo.nl\\\/course-content-embryosophy\\\/#primaryimage\",\"url\":\"https:\\\/\\\/www.embryo.nl\\\/wp-content\\\/uploads\\\/2023\\\/01\\\/Header-2016-cursus-3.jpg\",\"contentUrl\":\"https:\\\/\\\/www.embryo.nl\\\/wp-content\\\/uploads\\\/2023\\\/01\\\/Header-2016-cursus-3.jpg\",\"width\":7481,\"height\":953},{\"@type\":\"BreadcrumbList\",\"@id\":\"https:\\\/\\\/www.embryo.nl\\\/course-content-embryosophy\\\/#breadcrumb\",\"itemListElement\":[{\"@type\":\"ListItem\",\"position\":1,\"name\":\"Home\",\"item\":\"https:\\\/\\\/www.embryo.nl\\\/en\\\/\"},{\"@type\":\"ListItem\",\"position\":2,\"name\":\"Cursusinhoud. Een reis door het embryo\"}]},{\"@type\":\"WebSite\",\"@id\":\"https:\\\/\\\/www.embryo.nl\\\/#website\",\"url\":\"https:\\\/\\\/www.embryo.nl\\\/\",\"name\":\"The Embryo in us - Embryo in Motion\",\"description\":\"Seele und K\u00f6rper bevor und nach der Geburt\",\"publisher\":{\"@id\":\"https:\\\/\\\/www.embryo.nl\\\/#\\\/schema\\\/person\\\/0d402ade5f58756241163dc72bbedbe5\"},\"potentialAction\":[{\"@type\":\"SearchAction\",\"target\":{\"@type\":\"EntryPoint\",\"urlTemplate\":\"https:\\\/\\\/www.embryo.nl\\\/?s={search_term_string}\"},\"query-input\":{\"@type\":\"PropertyValueSpecification\",\"valueRequired\":true,\"valueName\":\"search_term_string\"}}],\"inLanguage\":\"de-DE\"},{\"@type\":[\"Person\",\"Organization\"],\"@id\":\"https:\\\/\\\/www.embryo.nl\\\/#\\\/schema\\\/person\\\/0d402ade5f58756241163dc72bbedbe5\",\"name\":\"Jaap van der Wal\",\"image\":{\"@type\":\"ImageObject\",\"inLanguage\":\"de-DE\",\"@id\":\"https:\\\/\\\/www.embryo.nl\\\/wp-content\\\/uploads\\\/2023\\\/06\\\/banner-EiB-1-kopie.jpg\",\"url\":\"https:\\\/\\\/www.embryo.nl\\\/wp-content\\\/uploads\\\/2023\\\/06\\\/banner-EiB-1-kopie.jpg\",\"contentUrl\":\"https:\\\/\\\/www.embryo.nl\\\/wp-content\\\/uploads\\\/2023\\\/06\\\/banner-EiB-1-kopie.jpg\",\"width\":872,\"height\":622,\"caption\":\"Jaap van der Wal\"},\"logo\":{\"@id\":\"https:\\\/\\\/www.embryo.nl\\\/wp-content\\\/uploads\\\/2023\\\/06\\\/banner-EiB-1-kopie.jpg\"},\"description\":\"Born 1947. Graduated as a physician in 1973 and received a PHD (specializing in movement sense and fascia) from Maastricht University in the Netherlands in 1988. From 1973-2012 active as associate university professor in human anatomy and embryology. From 1990 founder and leader of the project Dynamension with the objective of spreading understanding of the human embryo based on phenomenological approach. Publishes and gives courses on The Embryo in Us, also called Embryo in Motion: about mind and body, connection between spirituality and science. In addition, specializes in the phenomenology of fascia.\",\"sameAs\":[\"https:\\\/\\\/embryo.nl\",\"https:\\\/\\\/www.facebook.com\\\/jaapvanderwal01\",\"https:\\\/\\\/www.youtube.com\\\/@walembryo\"]}]}<\/script>\n<!-- \/ Yoast SEO plugin. -->","yoast_head_json":{"title":"Cursusinhoud - Reis door het embryo","description":"Ein Kurs, der Antworten auf die \"echten\" Fragen zu unserer vorgeburtlichen Existenz sucht. Neben Themen wie Geburt und Tod, Empf\u00e4ngnis und \"Beginn des Lebens\" wird die embryonale Entwicklung in den ersten Wochen durch Bilder und Geschichten verfolgt.","robots":{"index":"index","follow":"follow","max-snippet":"max-snippet:-1","max-image-preview":"max-image-preview:large","max-video-preview":"max-video-preview:-1"},"canonical":"https:\/\/www.embryo.nl\/de\/course-content-embryosophy\/","og_locale":"de_DE","og_type":"article","og_title":"Cursusinhoud - Reis door het embryo","og_description":"Een cursus die antwoord zoekt op de '\u00e9chte' vragen over ons voorgeboortelijk bestaan. Naast thema's als geboorte en sterven, conceptie en \u2018begin van leven\u2019 wordt de embryonale ontwikkeling in de eerste weken via beeld en verhaal gevolgd.","og_url":"https:\/\/www.embryo.nl\/de\/course-content-embryosophy\/","og_site_name":"Der Embryo in Uns","article_publisher":"https:\/\/www.facebook.com\/jaapvanderwal01","article_modified_time":"2023-09-10T12:39:49+00:00","og_image":[{"width":7481,"height":953,"url":"https:\/\/www.embryo.nl\/wp-content\/uploads\/2023\/01\/Header-2016-cursus-3.jpg","type":"image\/jpeg"}],"twitter_card":"summary_large_image","twitter_misc":{"Gesch\u00e4tzte Lesezeit":"6\u00a0Minuten"},"schema":{"@context":"https:\/\/schema.org","@graph":[{"@type":"WebPage","@id":"https:\/\/www.embryo.nl\/course-content-embryosophy\/","url":"https:\/\/www.embryo.nl\/course-content-embryosophy\/","name":"Cursusinhoud - Reis door het embryo","isPartOf":{"@id":"https:\/\/www.embryo.nl\/#website"},"primaryImageOfPage":{"@id":"https:\/\/www.embryo.nl\/course-content-embryosophy\/#primaryimage"},"image":{"@id":"https:\/\/www.embryo.nl\/course-content-embryosophy\/#primaryimage"},"thumbnailUrl":"https:\/\/www.embryo.nl\/wp-content\/uploads\/2023\/01\/Header-2016-cursus-3.jpg","datePublished":"2023-05-09T09:06:18+00:00","dateModified":"2023-09-10T12:39:49+00:00","description":"Een cursus die antwoord zoekt op de '\u00e9chte' vragen over ons voorgeboortelijk bestaan. Naast thema's als geboorte en sterven, conceptie en \u2018begin van leven\u2019 wordt de embryonale ontwikkeling in de eerste weken via beeld en verhaal gevolgd.","breadcrumb":{"@id":"https:\/\/www.embryo.nl\/course-content-embryosophy\/#breadcrumb"},"inLanguage":"de-DE","potentialAction":[{"@type":"ReadAction","target":["https:\/\/www.embryo.nl\/course-content-embryosophy\/"]}]},{"@type":"ImageObject","inLanguage":"de-DE","@id":"https:\/\/www.embryo.nl\/course-content-embryosophy\/#primaryimage","url":"https:\/\/www.embryo.nl\/wp-content\/uploads\/2023\/01\/Header-2016-cursus-3.jpg","contentUrl":"https:\/\/www.embryo.nl\/wp-content\/uploads\/2023\/01\/Header-2016-cursus-3.jpg","width":7481,"height":953},{"@type":"BreadcrumbList","@id":"https:\/\/www.embryo.nl\/course-content-embryosophy\/#breadcrumb","itemListElement":[{"@type":"ListItem","position":1,"name":"Home","item":"https:\/\/www.embryo.nl\/en\/"},{"@type":"ListItem","position":2,"name":"Cursusinhoud. Een reis door het embryo"}]},{"@type":"WebSite","@id":"https:\/\/www.embryo.nl\/#website","url":"https:\/\/www.embryo.nl\/","name":"The Embryo in us - Embryo in Motion","description":"Seele und K\u00f6rper bevor und nach der Geburt","publisher":{"@id":"https:\/\/www.embryo.nl\/#\/schema\/person\/0d402ade5f58756241163dc72bbedbe5"},"potentialAction":[{"@type":"SearchAction","target":{"@type":"EntryPoint","urlTemplate":"https:\/\/www.embryo.nl\/?s={search_term_string}"},"query-input":{"@type":"PropertyValueSpecification","valueRequired":true,"valueName":"search_term_string"}}],"inLanguage":"de-DE"},{"@type":["Person","Organization"],"@id":"https:\/\/www.embryo.nl\/#\/schema\/person\/0d402ade5f58756241163dc72bbedbe5","name":"Jaap van der Wal","image":{"@type":"ImageObject","inLanguage":"de-DE","@id":"https:\/\/www.embryo.nl\/wp-content\/uploads\/2023\/06\/banner-EiB-1-kopie.jpg","url":"https:\/\/www.embryo.nl\/wp-content\/uploads\/2023\/06\/banner-EiB-1-kopie.jpg","contentUrl":"https:\/\/www.embryo.nl\/wp-content\/uploads\/2023\/06\/banner-EiB-1-kopie.jpg","width":872,"height":622,"caption":"Jaap van der Wal"},"logo":{"@id":"https:\/\/www.embryo.nl\/wp-content\/uploads\/2023\/06\/banner-EiB-1-kopie.jpg"},"description":"Born 1947. Graduated as a physician in 1973 and received a PHD (specializing in movement sense and fascia) from Maastricht University in the Netherlands in 1988. From 1973-2012 active as associate university professor in human anatomy and embryology. From 1990 founder and leader of the project Dynamension with the objective of spreading understanding of the human embryo based on phenomenological approach. Publishes and gives courses on The Embryo in Us, also called Embryo in Motion: about mind and body, connection between spirituality and science. In addition, specializes in the phenomenology of fascia.","sameAs":["https:\/\/embryo.nl","https:\/\/www.facebook.com\/jaapvanderwal01","https:\/\/www.youtube.com\/@walembryo"]}]}},"_links":{"self":[{"href":"https:\/\/www.embryo.nl\/de\/wp-json\/wp\/v2\/pages\/451","targetHints":{"allow":["GET"]}}],"collection":[{"href":"https:\/\/www.embryo.nl\/de\/wp-json\/wp\/v2\/pages"}],"about":[{"href":"https:\/\/www.embryo.nl\/de\/wp-json\/wp\/v2\/types\/page"}],"author":[{"embeddable":true,"href":"https:\/\/www.embryo.nl\/de\/wp-json\/wp\/v2\/users\/2"}],"replies":[{"embeddable":true,"href":"https:\/\/www.embryo.nl\/de\/wp-json\/wp\/v2\/comments?post=451"}],"version-history":[{"count":19,"href":"https:\/\/www.embryo.nl\/de\/wp-json\/wp\/v2\/pages\/451\/revisions"}],"predecessor-version":[{"id":17778,"href":"https:\/\/www.embryo.nl\/de\/wp-json\/wp\/v2\/pages\/451\/revisions\/17778"}],"wp:featuredmedia":[{"embeddable":true,"href":"https:\/\/www.embryo.nl\/de\/wp-json\/wp\/v2\/media\/208"}],"wp:attachment":[{"href":"https:\/\/www.embryo.nl\/de\/wp-json\/wp\/v2\/media?parent=451"}],"wp:term":[{"taxonomy":"category","embeddable":true,"href":"https:\/\/www.embryo.nl\/de\/wp-json\/wp\/v2\/categories?post=451"}],"curies":[{"name":"wp","href":"https:\/\/api.w.org\/{rel}","templated":true}]}}