{"id":448,"date":"2023-05-09T09:06:18","date_gmt":"2023-05-09T09:06:18","guid":{"rendered":"https:\/\/embryo.nl\/36-cursussen-nl\/"},"modified":"2023-09-10T12:34:08","modified_gmt":"2023-09-10T12:34:08","slug":"courses","status":"publish","type":"page","link":"https:\/\/www.embryo.nl\/de\/courses\/","title":{"rendered":"Von dem Kurs"},"content":{"rendered":"<header><\/header>\n<p><span style=\"font-size: 16px;\">Die Prim\u00e4rmittel, um die Mission der Dynamension und Embryo in Bewegung zu erf\u00fcllen ist neben das Schreiben von Publikationen die Unterricht von Seminare und Kurse.<\/span><\/p>\n<div class=\"entry-content\">Wie sieht ein Kurs Embryosophie aus?<br \/>\nKlicken Sie\u00a0<a title=\"\" href=\"https:\/\/embryo.nl\/de\/courses\/\" rel=\"noopener\">hier<\/a>\u00a0f\u00fcr weitere Auskunft.W\u00fcnschen Sie eine\u00a0\u00dcbersicht aller Kursen\u00a0welche in der Zukunft organisiert werden?<br \/>\nDr\u00fccken Sie f\u00fcr Jahres\u00fcbersicht \u00a0<a title=\"\" href=\"https:\/\/embryo.nl\/de\/annual-planning-courses\/\" rel=\"noopener\">hier<\/a>.<br \/>\nHier dr\u00fccken f\u00fcr\u00a0<a href=\"https:\/\/embryo.nl\/de\/course-calendar\/\" rel=\"noopener\">Kurskalender<\/a><\/p>\n<p>Anmeldung und Auskunft?<br \/>\nDr\u00fccken Sie\u00a0<a title=\"\" href=\"https:\/\/embryo.nl\/de\/registration-form-course\/\" rel=\"noopener\">hier<\/a>.<\/p>\n<\/div>\n<p>M\u00f6chten Sie einen Eindruck von der Atmosph\u00e4re bekommen?<br \/>\nHier sind einige kurze Videoclips von den Kursen <a title=\"Tussen het beeldmateriaal een paar video's van fragmenten uit cursussen Embryo in Beweging als ook van een van de bewegingsoefeningen die tijdens de cursus soms worden gedaan\" href=\"https:\/\/embryo.nl\/de\/knowledge-database-2\/image-ppt-filme-videos-animationen\/\">Embryosofie<\/a><\/p>\n<p><iframe loading=\"lazy\" src=\"https:\/\/www.youtube.com\/embed\/PgRwyb8Xe5E\" width=\"640\" height=\"360\" frameborder=\"0\" allowfullscreen=\"allowfullscreen\"><\/iframe><\/p>\n<p><iframe loading=\"lazy\" src=\"https:\/\/www.youtube.com\/embed\/FEIvQNkJ6Ek\" width=\"480\" height=\"360\" frameborder=\"0\" allowfullscreen=\"allowfullscreen\"><\/iframe><\/p>\n<p><iframe loading=\"lazy\" src=\"https:\/\/www.youtube.com\/embed\/HX51MdcVLtU\" width=\"480\" height=\"360\" frameborder=\"0\" allowfullscreen=\"allowfullscreen\"><\/iframe><\/p>\n","protected":false},"excerpt":{"rendered":"<p>Die Prim\u00e4rmittel, um die Mission der Dynamension und Embryo in Bewegung zu erf\u00fcllen ist neben das Schreiben von Publikationen die [&hellip;]<\/p>\n","protected":false},"author":2,"featured_media":206,"parent":0,"menu_order":13,"comment_status":"closed","ping_status":"closed","template":"","meta":{"footnotes":""},"categories":[],"class_list":["post-448","page","type-page","status-publish","has-post-thumbnail","hentry"],"yoast_head":"<!-- This site is optimized with the Yoast SEO plugin v27.4 - https:\/\/yoast.com\/product\/yoast-seo-wordpress\/ -->\n<title>Over de cursus - Het Embryo in ons<\/title>\n<meta name=\"description\" content=\"Die Prim\u00e4rmittel, um die Mission Der Embryo in uns zu erf\u00fcllen ist neben das Schreiben von Publikationen die Unterricht von Seminare und Kurse. Wie sieht ein Kurs Embryosophie aus?\" \/>\n<meta name=\"robots\" content=\"index, follow, max-snippet:-1, max-image-preview:large, max-video-preview:-1\" \/>\n<link rel=\"canonical\" href=\"https:\/\/www.embryo.nl\/de\/courses\/\" \/>\n<meta property=\"og:locale\" content=\"de_DE\" \/>\n<meta property=\"og:locale:alternate\" content=\"en_US\" \/>\n<meta property=\"og:locale:alternate\" content=\"nl_NL\" \/>\n<meta property=\"og:type\" content=\"article\" \/>\n<meta property=\"og:title\" content=\"Over de cursus - Het Embryo in ons\" \/>\n<meta property=\"og:description\" content=\"Het belangrijkste middel om de missie van Het Embryo in ons te vervullen, is, naast het schrijven van publicaties, het geven van seminars en cursussen. Hoe ziet een cursus Embryosofie eruit?\" \/>\n<meta property=\"og:url\" content=\"https:\/\/www.embryo.nl\/de\/courses\/\" \/>\n<meta property=\"og:site_name\" content=\"Der Embryo in Uns\" \/>\n<meta property=\"article:publisher\" content=\"https:\/\/www.facebook.com\/jaapvanderwal01\" \/>\n<meta property=\"article:modified_time\" content=\"2023-09-10T12:34:08+00:00\" \/>\n<meta property=\"og:image\" content=\"https:\/\/www.embryo.nl\/wp-content\/uploads\/2023\/01\/Header-2016-cursus-1.jpg\" \/>\n\t<meta property=\"og:image:width\" content=\"4677\" \/>\n\t<meta property=\"og:image:height\" content=\"653\" \/>\n\t<meta property=\"og:image:type\" content=\"image\/jpeg\" \/>\n<meta name=\"twitter:card\" content=\"summary_large_image\" \/>\n<meta name=\"twitter:label1\" content=\"Gesch\u00e4tzte Lesezeit\" \/>\n\t<meta name=\"twitter:data1\" content=\"1\u00a0Minute\" \/>\n<script type=\"application\/ld+json\" class=\"yoast-schema-graph\">{\"@context\":\"https:\\\/\\\/schema.org\",\"@graph\":[{\"@type\":\"WebPage\",\"@id\":\"https:\\\/\\\/www.embryo.nl\\\/courses\\\/\",\"url\":\"https:\\\/\\\/www.embryo.nl\\\/courses\\\/\",\"name\":\"Over de cursus - Het Embryo in ons\",\"isPartOf\":{\"@id\":\"https:\\\/\\\/www.embryo.nl\\\/#website\"},\"primaryImageOfPage\":{\"@id\":\"https:\\\/\\\/www.embryo.nl\\\/courses\\\/#primaryimage\"},\"image\":{\"@id\":\"https:\\\/\\\/www.embryo.nl\\\/courses\\\/#primaryimage\"},\"thumbnailUrl\":\"https:\\\/\\\/www.embryo.nl\\\/wp-content\\\/uploads\\\/2023\\\/01\\\/Header-2016-cursus-1.jpg\",\"datePublished\":\"2023-05-09T09:06:18+00:00\",\"dateModified\":\"2023-09-10T12:34:08+00:00\",\"description\":\"Het belangrijkste middel om de missie van Het Embryo in ons te vervullen, is, naast het schrijven van publicaties, het geven van seminars en cursussen. Hoe ziet een cursus Embryosofie eruit?\",\"breadcrumb\":{\"@id\":\"https:\\\/\\\/www.embryo.nl\\\/courses\\\/#breadcrumb\"},\"inLanguage\":\"de-DE\",\"potentialAction\":[{\"@type\":\"ReadAction\",\"target\":[\"https:\\\/\\\/www.embryo.nl\\\/courses\\\/\"]}]},{\"@type\":\"ImageObject\",\"inLanguage\":\"de-DE\",\"@id\":\"https:\\\/\\\/www.embryo.nl\\\/courses\\\/#primaryimage\",\"url\":\"https:\\\/\\\/www.embryo.nl\\\/wp-content\\\/uploads\\\/2023\\\/01\\\/Header-2016-cursus-1.jpg\",\"contentUrl\":\"https:\\\/\\\/www.embryo.nl\\\/wp-content\\\/uploads\\\/2023\\\/01\\\/Header-2016-cursus-1.jpg\",\"width\":4677,\"height\":653},{\"@type\":\"BreadcrumbList\",\"@id\":\"https:\\\/\\\/www.embryo.nl\\\/courses\\\/#breadcrumb\",\"itemListElement\":[{\"@type\":\"ListItem\",\"position\":1,\"name\":\"Home\",\"item\":\"https:\\\/\\\/www.embryo.nl\\\/en\\\/\"},{\"@type\":\"ListItem\",\"position\":2,\"name\":\"Over de cursus\"}]},{\"@type\":\"WebSite\",\"@id\":\"https:\\\/\\\/www.embryo.nl\\\/#website\",\"url\":\"https:\\\/\\\/www.embryo.nl\\\/\",\"name\":\"The Embryo in us - Embryo in Motion\",\"description\":\"Seele und K\u00f6rper bevor und nach der Geburt\",\"publisher\":{\"@id\":\"https:\\\/\\\/www.embryo.nl\\\/#\\\/schema\\\/person\\\/0d402ade5f58756241163dc72bbedbe5\"},\"potentialAction\":[{\"@type\":\"SearchAction\",\"target\":{\"@type\":\"EntryPoint\",\"urlTemplate\":\"https:\\\/\\\/www.embryo.nl\\\/?s={search_term_string}\"},\"query-input\":{\"@type\":\"PropertyValueSpecification\",\"valueRequired\":true,\"valueName\":\"search_term_string\"}}],\"inLanguage\":\"de-DE\"},{\"@type\":[\"Person\",\"Organization\"],\"@id\":\"https:\\\/\\\/www.embryo.nl\\\/#\\\/schema\\\/person\\\/0d402ade5f58756241163dc72bbedbe5\",\"name\":\"Jaap van der Wal\",\"image\":{\"@type\":\"ImageObject\",\"inLanguage\":\"de-DE\",\"@id\":\"https:\\\/\\\/www.embryo.nl\\\/wp-content\\\/uploads\\\/2023\\\/06\\\/banner-EiB-1-kopie.jpg\",\"url\":\"https:\\\/\\\/www.embryo.nl\\\/wp-content\\\/uploads\\\/2023\\\/06\\\/banner-EiB-1-kopie.jpg\",\"contentUrl\":\"https:\\\/\\\/www.embryo.nl\\\/wp-content\\\/uploads\\\/2023\\\/06\\\/banner-EiB-1-kopie.jpg\",\"width\":872,\"height\":622,\"caption\":\"Jaap van der Wal\"},\"logo\":{\"@id\":\"https:\\\/\\\/www.embryo.nl\\\/wp-content\\\/uploads\\\/2023\\\/06\\\/banner-EiB-1-kopie.jpg\"},\"description\":\"Born 1947. Graduated as a physician in 1973 and received a PHD (specializing in movement sense and fascia) from Maastricht University in the Netherlands in 1988. From 1973-2012 active as associate university professor in human anatomy and embryology. From 1990 founder and leader of the project Dynamension with the objective of spreading understanding of the human embryo based on phenomenological approach. Publishes and gives courses on The Embryo in Us, also called Embryo in Motion: about mind and body, connection between spirituality and science. In addition, specializes in the phenomenology of fascia.\",\"sameAs\":[\"https:\\\/\\\/embryo.nl\",\"https:\\\/\\\/www.facebook.com\\\/jaapvanderwal01\",\"https:\\\/\\\/www.youtube.com\\\/@walembryo\"]}]}<\/script>\n<!-- \/ Yoast SEO plugin. -->","yoast_head_json":{"title":"Over de cursus - Het Embryo in ons","description":"Die Prim\u00e4rmittel, um die Mission Der Embryo in uns zu erf\u00fcllen ist neben das Schreiben von Publikationen die Unterricht von Seminare und Kurse. Wie sieht ein Kurs Embryosophie aus?","robots":{"index":"index","follow":"follow","max-snippet":"max-snippet:-1","max-image-preview":"max-image-preview:large","max-video-preview":"max-video-preview:-1"},"canonical":"https:\/\/www.embryo.nl\/de\/courses\/","og_locale":"de_DE","og_type":"article","og_title":"Over de cursus - Het Embryo in ons","og_description":"Het belangrijkste middel om de missie van Het Embryo in ons te vervullen, is, naast het schrijven van publicaties, het geven van seminars en cursussen. Hoe ziet een cursus Embryosofie eruit?","og_url":"https:\/\/www.embryo.nl\/de\/courses\/","og_site_name":"Der Embryo in Uns","article_publisher":"https:\/\/www.facebook.com\/jaapvanderwal01","article_modified_time":"2023-09-10T12:34:08+00:00","og_image":[{"width":4677,"height":653,"url":"https:\/\/www.embryo.nl\/wp-content\/uploads\/2023\/01\/Header-2016-cursus-1.jpg","type":"image\/jpeg"}],"twitter_card":"summary_large_image","twitter_misc":{"Gesch\u00e4tzte Lesezeit":"1\u00a0Minute"},"schema":{"@context":"https:\/\/schema.org","@graph":[{"@type":"WebPage","@id":"https:\/\/www.embryo.nl\/courses\/","url":"https:\/\/www.embryo.nl\/courses\/","name":"Over de cursus - Het Embryo in ons","isPartOf":{"@id":"https:\/\/www.embryo.nl\/#website"},"primaryImageOfPage":{"@id":"https:\/\/www.embryo.nl\/courses\/#primaryimage"},"image":{"@id":"https:\/\/www.embryo.nl\/courses\/#primaryimage"},"thumbnailUrl":"https:\/\/www.embryo.nl\/wp-content\/uploads\/2023\/01\/Header-2016-cursus-1.jpg","datePublished":"2023-05-09T09:06:18+00:00","dateModified":"2023-09-10T12:34:08+00:00","description":"Het belangrijkste middel om de missie van Het Embryo in ons te vervullen, is, naast het schrijven van publicaties, het geven van seminars en cursussen. Hoe ziet een cursus Embryosofie eruit?","breadcrumb":{"@id":"https:\/\/www.embryo.nl\/courses\/#breadcrumb"},"inLanguage":"de-DE","potentialAction":[{"@type":"ReadAction","target":["https:\/\/www.embryo.nl\/courses\/"]}]},{"@type":"ImageObject","inLanguage":"de-DE","@id":"https:\/\/www.embryo.nl\/courses\/#primaryimage","url":"https:\/\/www.embryo.nl\/wp-content\/uploads\/2023\/01\/Header-2016-cursus-1.jpg","contentUrl":"https:\/\/www.embryo.nl\/wp-content\/uploads\/2023\/01\/Header-2016-cursus-1.jpg","width":4677,"height":653},{"@type":"BreadcrumbList","@id":"https:\/\/www.embryo.nl\/courses\/#breadcrumb","itemListElement":[{"@type":"ListItem","position":1,"name":"Home","item":"https:\/\/www.embryo.nl\/en\/"},{"@type":"ListItem","position":2,"name":"Over de cursus"}]},{"@type":"WebSite","@id":"https:\/\/www.embryo.nl\/#website","url":"https:\/\/www.embryo.nl\/","name":"The Embryo in us - Embryo in Motion","description":"Seele und K\u00f6rper bevor und nach der Geburt","publisher":{"@id":"https:\/\/www.embryo.nl\/#\/schema\/person\/0d402ade5f58756241163dc72bbedbe5"},"potentialAction":[{"@type":"SearchAction","target":{"@type":"EntryPoint","urlTemplate":"https:\/\/www.embryo.nl\/?s={search_term_string}"},"query-input":{"@type":"PropertyValueSpecification","valueRequired":true,"valueName":"search_term_string"}}],"inLanguage":"de-DE"},{"@type":["Person","Organization"],"@id":"https:\/\/www.embryo.nl\/#\/schema\/person\/0d402ade5f58756241163dc72bbedbe5","name":"Jaap van der Wal","image":{"@type":"ImageObject","inLanguage":"de-DE","@id":"https:\/\/www.embryo.nl\/wp-content\/uploads\/2023\/06\/banner-EiB-1-kopie.jpg","url":"https:\/\/www.embryo.nl\/wp-content\/uploads\/2023\/06\/banner-EiB-1-kopie.jpg","contentUrl":"https:\/\/www.embryo.nl\/wp-content\/uploads\/2023\/06\/banner-EiB-1-kopie.jpg","width":872,"height":622,"caption":"Jaap van der Wal"},"logo":{"@id":"https:\/\/www.embryo.nl\/wp-content\/uploads\/2023\/06\/banner-EiB-1-kopie.jpg"},"description":"Born 1947. Graduated as a physician in 1973 and received a PHD (specializing in movement sense and fascia) from Maastricht University in the Netherlands in 1988. From 1973-2012 active as associate university professor in human anatomy and embryology. From 1990 founder and leader of the project Dynamension with the objective of spreading understanding of the human embryo based on phenomenological approach. Publishes and gives courses on The Embryo in Us, also called Embryo in Motion: about mind and body, connection between spirituality and science. In addition, specializes in the phenomenology of fascia.","sameAs":["https:\/\/embryo.nl","https:\/\/www.facebook.com\/jaapvanderwal01","https:\/\/www.youtube.com\/@walembryo"]}]}},"_links":{"self":[{"href":"https:\/\/www.embryo.nl\/de\/wp-json\/wp\/v2\/pages\/448","targetHints":{"allow":["GET"]}}],"collection":[{"href":"https:\/\/www.embryo.nl\/de\/wp-json\/wp\/v2\/pages"}],"about":[{"href":"https:\/\/www.embryo.nl\/de\/wp-json\/wp\/v2\/types\/page"}],"author":[{"embeddable":true,"href":"https:\/\/www.embryo.nl\/de\/wp-json\/wp\/v2\/users\/2"}],"replies":[{"embeddable":true,"href":"https:\/\/www.embryo.nl\/de\/wp-json\/wp\/v2\/comments?post=448"}],"version-history":[{"count":26,"href":"https:\/\/www.embryo.nl\/de\/wp-json\/wp\/v2\/pages\/448\/revisions"}],"predecessor-version":[{"id":18536,"href":"https:\/\/www.embryo.nl\/de\/wp-json\/wp\/v2\/pages\/448\/revisions\/18536"}],"wp:featuredmedia":[{"embeddable":true,"href":"https:\/\/www.embryo.nl\/de\/wp-json\/wp\/v2\/media\/206"}],"wp:attachment":[{"href":"https:\/\/www.embryo.nl\/de\/wp-json\/wp\/v2\/media?parent=448"}],"wp:term":[{"taxonomy":"category","embeddable":true,"href":"https:\/\/www.embryo.nl\/de\/wp-json\/wp\/v2\/categories?post=448"}],"curies":[{"name":"wp","href":"https:\/\/api.w.org\/{rel}","templated":true}]}}