{"id":441,"date":"2023-05-08T09:06:17","date_gmt":"2023-05-08T09:06:17","guid":{"rendered":"https:\/\/embryo.nl\/349-nog-iets-fascie-nl\/"},"modified":"2023-09-10T12:32:24","modified_gmt":"2023-09-10T12:32:24","slug":"fascia-and-embryo","status":"publish","type":"page","link":"https:\/\/www.embryo.nl\/de\/fascia-and-embryo\/","title":{"rendered":"Faszie und Embryo"},"content":{"rendered":"<div><b>WAS EIN EMBRYO ZU ERZ\u00c4HLEN HAT VON DER FASZIE? NEUE PERSPEKTIVE<\/b><\/div>\n<div><\/div>\n<div>\n<p>F\u00fcr Information \u00fcber Faszie, Embryo und Propriozeption gehen Sie zum\u00a0<a title=\"\" href=\"https:\/\/embryo.nl\/de\/fascia-specific\/\" target=\"\" rel=\"noopener\">Wissensdatenbank<\/a>.<\/p>\n<\/div>\n<p><img loading=\"lazy\" decoding=\"async\" class=\"alignnone wp-image-321\" src=\"https:\/\/embryo.nl\/wp-content\/uploads\/2023\/01\/tensegrity-fascie-1.jpg\" alt=\"\" width=\"221\" height=\"147\" \/>\u00a0<b>Verantwortung<\/b><\/p>\n<p>Dies hat viel mit meiner wissenschaftlichen Biographie zu tun. Im Jahre 1988 wurde ich als medizinischer Anatom in Ausbildung an der Universit\u00e4t Maastricht in den Niederlanden habilitiert auf der These The morphological substrate of proprioception in the lateral elbow region of the rat.\u00a0Diese Arbeit baut auf dem Konzept angelangt der Architektur des Binde- und Muskelgewebe im Bewegungsapparat wie das in den 70er und 80er Jahren des letzten Jahrhunderts entwickelt wurde von meinem Kollegen Henk van Mameren\u00a0en Jan Drukker\u00a0und das sich gr\u00fcndet im Idee dass auch f\u00fcr die Propriozeption und seiner Organisation das Konzept\u00a0von Architektur viel aussagekr\u00e4ftiger und funktionaler als das \u00fcbliche Denken in anatomisch getrennte Einheiten wie B\u00e4nder, Knochen, Muskeln und Gelenke.<\/p>\n<p>Viele Jahre sp\u00e4ter,\u00a0wann\u00a0ich\u00a0im ersten Jahrzehnt dieses Jahrhunderts durch meine Arbeit im Zusammenhang mit dem Projekt Embryo in Bewegung mehr bekannt wurde mit unter anderen Osteopathie und Kranio-Sakral-Therapie, bekam\u00a0ich vertrauter mit den Ansichten eines Andrew Taylor Still auf das Bindegewebe im menschlichen K\u00f6rper und der Betrachtung\u00a0dieses Gewebe als ein organisches System, in der Regel einfach angedeutet als &#8222;die Faszie&#8220;. Als regul\u00e4re medizinische Anatom wird man in der Regel nicht \u00fcber\u00a0einer solchen Aussicht und \u00fcber einem solchem Konzept informiert. Das Denken in Architektur kann als eine Art komplement\u00e4re Ansichten betrachtet werden in Bezug auf das analytisches Denken in separaten Einheiten und Strukturen wie die klassische, sogenannte wissenschaftliche &#8218;Mainstream&#8216;-Anatomie das praktiziert.\u00a0Die ganzheitlichen Embryologie welche\u00a0ich in meinen Kursen pr\u00e4sentiere, f\u00fchrte mich dazu im sogenannten &#8222;Mesoderm die Dimension zu erkennen welche A.T, Still\u00a0funktional und philosophisch mit &#8218;der Faszie verbindet.<\/p>\n<p>Im Jahre 2009 bekam ich die Gelegenheit meine aus\u00a0dem Jahre1988 stammenden, jetzt mit Staub bedeckten und\u00a0verloren Vision \u00fcber die Funktionalit\u00e4t der Architektur des Bindegewebes im Haltungs- und Bewegungsapparat zu pr\u00e4sentieren im Rahmen des zweiten Internationalen Kongress \u00fcber Fascia Research in Amsterdam.\u00a0Dort habe ich\u00a0eine ph\u00e4nomenologische Perspektive dargestellt auf die Organisation des Bindegewebes und der sogenannten mesodermalen Keimschicht, welches Keimblatt\u00a0in einer\u00a0solche Sichtweise auch noch als das Organ\u00a0oder System unserer &#8222;Inneres&#8220; zu denken ist. Diese Vision wurde von den anwesenden Forschern und praktizierenden Therapeuten auch erkannt und als praktisch anwendbar gesch\u00e4tzt. Nachdem ist von meiner Hand eine Reihe von Artikeln ver\u00f6ffentlicht worden und ist\u00a0dieses Konzept der Architektur- und der ganzheitlichen Betrachtung des Bindegewebes weiter ausgearbeitet worden.<\/p>\n<p>Diese Website erm\u00f6glicht einige meiner Artikel die sich mit Faszie und Propriozeption befassen ebenfalls herunterzuladen,\u00a0ebenso wie\u00a0einige Powerpoint-Pr\u00e4sentationen\u00a0welche ich w\u00e4hrend internationalen Konferenzen betreut habe.<\/p>\n<p>Gehen Sie auf die <a title=\"\" href=\"https:\/\/embryo.nl\/de\/fascia-specific\/\" target=\"\" rel=\"noopener\">Wissensda<\/a><a title=\"\" href=\"https:\/\/embryo.nl\/fascia-specific\/\" target=\"\" rel=\"noopener\">tenbank <\/a>(Artikeln Faszie)<\/p>\n<p>&nbsp;<\/p>\n","protected":false},"excerpt":{"rendered":"<p>WAS EIN EMBRYO ZU ERZ\u00c4HLEN HAT VON DER FASZIE? NEUE PERSPEKTIVE F\u00fcr Information \u00fcber Faszie, Embryo und Propriozeption gehen Sie [&hellip;]<\/p>\n","protected":false},"author":2,"featured_media":217,"parent":0,"menu_order":11,"comment_status":"closed","ping_status":"closed","template":"","meta":{"footnotes":""},"categories":[],"class_list":["post-441","page","type-page","status-publish","has-post-thumbnail","hentry"],"yoast_head":"<!-- This site is optimized with the Yoast SEO plugin v27.4 - https:\/\/yoast.com\/product\/yoast-seo-wordpress\/ -->\n<title>Fascia and Embryo Extra - The Embryo in us<\/title>\n<meta name=\"description\" content=\"Die ganzheitlichere Embryologie, die ich in meinen Kursen vorstellte, brachte mich zu dem Punkt, im so genannten Mesoderm&quot; die Dimension zu erkennen, die AT Still funktionell und philosophisch mit den Faszien&quot; verbindet.\" \/>\n<meta name=\"robots\" content=\"index, follow, max-snippet:-1, max-image-preview:large, max-video-preview:-1\" \/>\n<link rel=\"canonical\" href=\"https:\/\/www.embryo.nl\/de\/fascia-and-embryo\/\" \/>\n<meta property=\"og:locale\" content=\"de_DE\" \/>\n<meta property=\"og:locale:alternate\" content=\"en_US\" \/>\n<meta property=\"og:locale:alternate\" content=\"nl_NL\" \/>\n<meta property=\"og:type\" content=\"article\" \/>\n<meta property=\"og:title\" content=\"Fascia and Embryo Extra - The Embryo in us\" \/>\n<meta property=\"og:description\" content=\"The more holistic embryology that I presented in my courses brought me to the point to recognize in the so-called &#039;mesoderm&#039; the dimension\u00a0which AT Still functionally and philosophically connects with &#039;the Fascia&#039;.\" \/>\n<meta property=\"og:url\" content=\"https:\/\/www.embryo.nl\/de\/fascia-and-embryo\/\" \/>\n<meta property=\"og:site_name\" content=\"Der Embryo in Uns\" \/>\n<meta property=\"article:publisher\" content=\"https:\/\/www.facebook.com\/jaapvanderwal01\" \/>\n<meta property=\"article:modified_time\" content=\"2023-09-10T12:32:24+00:00\" \/>\n<meta property=\"og:image\" content=\"https:\/\/www.embryo.nl\/wp-content\/uploads\/2023\/01\/header-wervels.jpg\" \/>\n\t<meta property=\"og:image:width\" content=\"1031\" \/>\n\t<meta property=\"og:image:height\" content=\"182\" \/>\n\t<meta property=\"og:image:type\" content=\"image\/jpeg\" \/>\n<meta name=\"twitter:card\" content=\"summary_large_image\" \/>\n<meta name=\"twitter:label1\" content=\"Gesch\u00e4tzte Lesezeit\" \/>\n\t<meta name=\"twitter:data1\" content=\"3\u00a0Minuten\" \/>\n<script type=\"application\/ld+json\" class=\"yoast-schema-graph\">{\"@context\":\"https:\\\/\\\/schema.org\",\"@graph\":[{\"@type\":\"WebPage\",\"@id\":\"https:\\\/\\\/www.embryo.nl\\\/en\\\/fascia-and-embryo\\\/\",\"url\":\"https:\\\/\\\/www.embryo.nl\\\/en\\\/fascia-and-embryo\\\/\",\"name\":\"Fascia and Embryo Extra - The Embryo in us\",\"isPartOf\":{\"@id\":\"https:\\\/\\\/www.embryo.nl\\\/#website\"},\"primaryImageOfPage\":{\"@id\":\"https:\\\/\\\/www.embryo.nl\\\/en\\\/fascia-and-embryo\\\/#primaryimage\"},\"image\":{\"@id\":\"https:\\\/\\\/www.embryo.nl\\\/en\\\/fascia-and-embryo\\\/#primaryimage\"},\"thumbnailUrl\":\"https:\\\/\\\/www.embryo.nl\\\/wp-content\\\/uploads\\\/2023\\\/01\\\/header-wervels.jpg\",\"datePublished\":\"2023-05-08T09:06:17+00:00\",\"dateModified\":\"2023-09-10T12:32:24+00:00\",\"description\":\"The more holistic embryology that I presented in my courses brought me to the point to recognize in the so-called 'mesoderm' the dimension\u00a0which AT Still functionally and philosophically connects with 'the Fascia'.\",\"breadcrumb\":{\"@id\":\"https:\\\/\\\/www.embryo.nl\\\/en\\\/fascia-and-embryo\\\/#breadcrumb\"},\"inLanguage\":\"de-DE\",\"potentialAction\":[{\"@type\":\"ReadAction\",\"target\":[\"https:\\\/\\\/www.embryo.nl\\\/en\\\/fascia-and-embryo\\\/\"]}]},{\"@type\":\"ImageObject\",\"inLanguage\":\"de-DE\",\"@id\":\"https:\\\/\\\/www.embryo.nl\\\/en\\\/fascia-and-embryo\\\/#primaryimage\",\"url\":\"https:\\\/\\\/www.embryo.nl\\\/wp-content\\\/uploads\\\/2023\\\/01\\\/header-wervels.jpg\",\"contentUrl\":\"https:\\\/\\\/www.embryo.nl\\\/wp-content\\\/uploads\\\/2023\\\/01\\\/header-wervels.jpg\",\"width\":1031,\"height\":182},{\"@type\":\"BreadcrumbList\",\"@id\":\"https:\\\/\\\/www.embryo.nl\\\/en\\\/fascia-and-embryo\\\/#breadcrumb\",\"itemListElement\":[{\"@type\":\"ListItem\",\"position\":1,\"name\":\"Home\",\"item\":\"https:\\\/\\\/www.embryo.nl\\\/en\\\/\"},{\"@type\":\"ListItem\",\"position\":2,\"name\":\"Fascia and embryo\"}]},{\"@type\":\"WebSite\",\"@id\":\"https:\\\/\\\/www.embryo.nl\\\/#website\",\"url\":\"https:\\\/\\\/www.embryo.nl\\\/\",\"name\":\"The Embryo in us - Embryo in Motion\",\"description\":\"Seele und K\u00f6rper bevor und nach der Geburt\",\"publisher\":{\"@id\":\"https:\\\/\\\/www.embryo.nl\\\/#\\\/schema\\\/person\\\/0d402ade5f58756241163dc72bbedbe5\"},\"potentialAction\":[{\"@type\":\"SearchAction\",\"target\":{\"@type\":\"EntryPoint\",\"urlTemplate\":\"https:\\\/\\\/www.embryo.nl\\\/?s={search_term_string}\"},\"query-input\":{\"@type\":\"PropertyValueSpecification\",\"valueRequired\":true,\"valueName\":\"search_term_string\"}}],\"inLanguage\":\"de-DE\"},{\"@type\":[\"Person\",\"Organization\"],\"@id\":\"https:\\\/\\\/www.embryo.nl\\\/#\\\/schema\\\/person\\\/0d402ade5f58756241163dc72bbedbe5\",\"name\":\"Jaap van der Wal\",\"image\":{\"@type\":\"ImageObject\",\"inLanguage\":\"de-DE\",\"@id\":\"https:\\\/\\\/www.embryo.nl\\\/wp-content\\\/uploads\\\/2023\\\/06\\\/banner-EiB-1-kopie.jpg\",\"url\":\"https:\\\/\\\/www.embryo.nl\\\/wp-content\\\/uploads\\\/2023\\\/06\\\/banner-EiB-1-kopie.jpg\",\"contentUrl\":\"https:\\\/\\\/www.embryo.nl\\\/wp-content\\\/uploads\\\/2023\\\/06\\\/banner-EiB-1-kopie.jpg\",\"width\":872,\"height\":622,\"caption\":\"Jaap van der Wal\"},\"logo\":{\"@id\":\"https:\\\/\\\/www.embryo.nl\\\/wp-content\\\/uploads\\\/2023\\\/06\\\/banner-EiB-1-kopie.jpg\"},\"description\":\"Born 1947. Graduated as a physician in 1973 and received a PHD (specializing in movement sense and fascia) from Maastricht University in the Netherlands in 1988. From 1973-2012 active as associate university professor in human anatomy and embryology. From 1990 founder and leader of the project Dynamension with the objective of spreading understanding of the human embryo based on phenomenological approach. Publishes and gives courses on The Embryo in Us, also called Embryo in Motion: about mind and body, connection between spirituality and science. In addition, specializes in the phenomenology of fascia.\",\"sameAs\":[\"https:\\\/\\\/embryo.nl\",\"https:\\\/\\\/www.facebook.com\\\/jaapvanderwal01\",\"https:\\\/\\\/www.youtube.com\\\/@walembryo\"]}]}<\/script>\n<!-- \/ Yoast SEO plugin. -->","yoast_head_json":{"title":"Fascia and Embryo Extra - The Embryo in us","description":"Die ganzheitlichere Embryologie, die ich in meinen Kursen vorstellte, brachte mich zu dem Punkt, im so genannten Mesoderm\" die Dimension zu erkennen, die AT Still funktionell und philosophisch mit den Faszien\" verbindet.","robots":{"index":"index","follow":"follow","max-snippet":"max-snippet:-1","max-image-preview":"max-image-preview:large","max-video-preview":"max-video-preview:-1"},"canonical":"https:\/\/www.embryo.nl\/de\/fascia-and-embryo\/","og_locale":"de_DE","og_type":"article","og_title":"Fascia and Embryo Extra - The Embryo in us","og_description":"The more holistic embryology that I presented in my courses brought me to the point to recognize in the so-called 'mesoderm' the dimension\u00a0which AT Still functionally and philosophically connects with 'the Fascia'.","og_url":"https:\/\/www.embryo.nl\/de\/fascia-and-embryo\/","og_site_name":"Der Embryo in Uns","article_publisher":"https:\/\/www.facebook.com\/jaapvanderwal01","article_modified_time":"2023-09-10T12:32:24+00:00","og_image":[{"width":1031,"height":182,"url":"https:\/\/www.embryo.nl\/wp-content\/uploads\/2023\/01\/header-wervels.jpg","type":"image\/jpeg"}],"twitter_card":"summary_large_image","twitter_misc":{"Gesch\u00e4tzte Lesezeit":"3\u00a0Minuten"},"schema":{"@context":"https:\/\/schema.org","@graph":[{"@type":"WebPage","@id":"https:\/\/www.embryo.nl\/en\/fascia-and-embryo\/","url":"https:\/\/www.embryo.nl\/en\/fascia-and-embryo\/","name":"Fascia and Embryo Extra - The Embryo in us","isPartOf":{"@id":"https:\/\/www.embryo.nl\/#website"},"primaryImageOfPage":{"@id":"https:\/\/www.embryo.nl\/en\/fascia-and-embryo\/#primaryimage"},"image":{"@id":"https:\/\/www.embryo.nl\/en\/fascia-and-embryo\/#primaryimage"},"thumbnailUrl":"https:\/\/www.embryo.nl\/wp-content\/uploads\/2023\/01\/header-wervels.jpg","datePublished":"2023-05-08T09:06:17+00:00","dateModified":"2023-09-10T12:32:24+00:00","description":"The more holistic embryology that I presented in my courses brought me to the point to recognize in the so-called 'mesoderm' the dimension\u00a0which AT Still functionally and philosophically connects with 'the Fascia'.","breadcrumb":{"@id":"https:\/\/www.embryo.nl\/en\/fascia-and-embryo\/#breadcrumb"},"inLanguage":"de-DE","potentialAction":[{"@type":"ReadAction","target":["https:\/\/www.embryo.nl\/en\/fascia-and-embryo\/"]}]},{"@type":"ImageObject","inLanguage":"de-DE","@id":"https:\/\/www.embryo.nl\/en\/fascia-and-embryo\/#primaryimage","url":"https:\/\/www.embryo.nl\/wp-content\/uploads\/2023\/01\/header-wervels.jpg","contentUrl":"https:\/\/www.embryo.nl\/wp-content\/uploads\/2023\/01\/header-wervels.jpg","width":1031,"height":182},{"@type":"BreadcrumbList","@id":"https:\/\/www.embryo.nl\/en\/fascia-and-embryo\/#breadcrumb","itemListElement":[{"@type":"ListItem","position":1,"name":"Home","item":"https:\/\/www.embryo.nl\/en\/"},{"@type":"ListItem","position":2,"name":"Fascia and embryo"}]},{"@type":"WebSite","@id":"https:\/\/www.embryo.nl\/#website","url":"https:\/\/www.embryo.nl\/","name":"The Embryo in us - Embryo in Motion","description":"Seele und K\u00f6rper bevor und nach der Geburt","publisher":{"@id":"https:\/\/www.embryo.nl\/#\/schema\/person\/0d402ade5f58756241163dc72bbedbe5"},"potentialAction":[{"@type":"SearchAction","target":{"@type":"EntryPoint","urlTemplate":"https:\/\/www.embryo.nl\/?s={search_term_string}"},"query-input":{"@type":"PropertyValueSpecification","valueRequired":true,"valueName":"search_term_string"}}],"inLanguage":"de-DE"},{"@type":["Person","Organization"],"@id":"https:\/\/www.embryo.nl\/#\/schema\/person\/0d402ade5f58756241163dc72bbedbe5","name":"Jaap van der Wal","image":{"@type":"ImageObject","inLanguage":"de-DE","@id":"https:\/\/www.embryo.nl\/wp-content\/uploads\/2023\/06\/banner-EiB-1-kopie.jpg","url":"https:\/\/www.embryo.nl\/wp-content\/uploads\/2023\/06\/banner-EiB-1-kopie.jpg","contentUrl":"https:\/\/www.embryo.nl\/wp-content\/uploads\/2023\/06\/banner-EiB-1-kopie.jpg","width":872,"height":622,"caption":"Jaap van der Wal"},"logo":{"@id":"https:\/\/www.embryo.nl\/wp-content\/uploads\/2023\/06\/banner-EiB-1-kopie.jpg"},"description":"Born 1947. Graduated as a physician in 1973 and received a PHD (specializing in movement sense and fascia) from Maastricht University in the Netherlands in 1988. From 1973-2012 active as associate university professor in human anatomy and embryology. From 1990 founder and leader of the project Dynamension with the objective of spreading understanding of the human embryo based on phenomenological approach. Publishes and gives courses on The Embryo in Us, also called Embryo in Motion: about mind and body, connection between spirituality and science. In addition, specializes in the phenomenology of fascia.","sameAs":["https:\/\/embryo.nl","https:\/\/www.facebook.com\/jaapvanderwal01","https:\/\/www.youtube.com\/@walembryo"]}]}},"_links":{"self":[{"href":"https:\/\/www.embryo.nl\/de\/wp-json\/wp\/v2\/pages\/441","targetHints":{"allow":["GET"]}}],"collection":[{"href":"https:\/\/www.embryo.nl\/de\/wp-json\/wp\/v2\/pages"}],"about":[{"href":"https:\/\/www.embryo.nl\/de\/wp-json\/wp\/v2\/types\/page"}],"author":[{"embeddable":true,"href":"https:\/\/www.embryo.nl\/de\/wp-json\/wp\/v2\/users\/2"}],"replies":[{"embeddable":true,"href":"https:\/\/www.embryo.nl\/de\/wp-json\/wp\/v2\/comments?post=441"}],"version-history":[{"count":23,"href":"https:\/\/www.embryo.nl\/de\/wp-json\/wp\/v2\/pages\/441\/revisions"}],"predecessor-version":[{"id":17721,"href":"https:\/\/www.embryo.nl\/de\/wp-json\/wp\/v2\/pages\/441\/revisions\/17721"}],"wp:featuredmedia":[{"embeddable":true,"href":"https:\/\/www.embryo.nl\/de\/wp-json\/wp\/v2\/media\/217"}],"wp:attachment":[{"href":"https:\/\/www.embryo.nl\/de\/wp-json\/wp\/v2\/media?parent=441"}],"wp:term":[{"taxonomy":"category","embeddable":true,"href":"https:\/\/www.embryo.nl\/de\/wp-json\/wp\/v2\/categories?post=441"}],"curies":[{"name":"wp","href":"https:\/\/api.w.org\/{rel}","templated":true}]}}