{"id":440,"date":"2023-05-08T09:06:17","date_gmt":"2023-05-08T09:06:17","guid":{"rendered":"https:\/\/embryo.nl\/21-verantwoording-nl\/"},"modified":"2023-09-10T12:32:55","modified_gmt":"2023-09-10T12:32:55","slug":"acknowledgement","status":"publish","type":"page","link":"https:\/\/www.embryo.nl\/de\/acknowledgement\/","title":{"rendered":"Verantwortung"},"content":{"rendered":"<p align=\"center\"><b>EINE EIGENSINNIGE REISE DURCH DIE WELT DES EMBRYOS<\/b><\/p>\n<p style=\"text-align: center;\"><span style=\"color: #800000;\">Ein Embryo<br \/>\nist ein menschliches Wesen.<br \/>\nEine Phase,<br \/>\nein Kapitel<br \/>\nin der einmaligen Biographie<br \/>\neines menschlichen Wesens.<\/span><\/p>\n<p style=\"text-align: center;\"><span style=\"color: #800000;\">Wir erwarten ein Kind:<\/span><br \/>\n<span style=\"color: #800000;\">Wer wird es sein?<\/span><br \/>\n<span style=\"color: #800000;\">Nicht:<\/span><br \/>\n<span style=\"color: #800000;\">Was wird es sein?<\/span><\/p>\n<p style=\"text-align: center;\"><span style=\"color: #800000;\">Wer hier nur die Wiederholung einer Spezies sieht,<\/span><br \/>\n<span style=\"color: #800000;\">f\u00fcr die ist dieses Mysterium nicht gedacht.<\/span><br \/>\n<span style=\"color: #800000;\">Die lesen schon,<\/span><br \/>\n<span style=\"color: #800000;\">was erst noch geschrieben werden muss.<\/span><\/p>\n<p style=\"text-align: center;\"><span style=\"color: #800000;\">JvdW<\/span><\/p>\n<p>Diese Seite will eine Sichtweise geben angelang die vorgeburtliche Existenz des Menschen. Dies Sicht gr\u00fcndet sich einerseits auf wissenschaftlichen Tatsachen die vom menschlichen Embryo bekannt sind, andererseits wir der Embryo betrachtet und beschrieben\u00a0als mehr als &#8222;eine Angelegenheit von Genen, Zellen, Gewebe und Hormone&#8220;. Die vorherrschende materialistische Embryologie beschreibt der Embryo in der Regel mehr in\u00a0solchen Begriffen\u00a0und oft werden auf Grund dieser Vision in der Debatte \u00fcber was ja oder nein erlaubt ist mit Embryonen zu tun (zum Beispiel Klonieren, etc.)\u00a0 ethische und moralische Haltungen genommen. Die Vision welche hier gebracht und versucht wird, versucht den vorherrschenden meist einseitige wissenschaftliche Vision der menschlichen Existenz im Allgemeinen und auf unserer embryonalen Existenz insbesondere entgegenzuwirken.<\/p>\n<p>Eine ANDERE Ansicht, in welcher der Embryo (wieder) zu einem Menschenwesen und einem Mitmenschen wird, ist m\u00f6glich und kann uns die Sicht auf unerwartete Dimensionen von Geist und Sch\u00f6pfung, Evolution und Entwicklung erm\u00f6glichen. Das Einzige, was Sie daf\u00fcr ben\u00f6tigen, ist eine neue &#8218;Brille&#8216;.<br \/>\nDie Ansicht des Autors hinsichtlich dieses Stoffes ist es, dass die Menschheit f\u00fcr ihre Zukunft nicht so viele neue Horizonte (z. B. bez\u00fcglich des enormen Ausmasses unseres Genoms und DNS) braucht, sondern dass wir eher &#8217;neuen Augen&#8216; ben\u00f6tigen, das bedeutet, eine andere Anschauung von Mensch und Welt, worin Spiritualit\u00e4t und Wissenschaft einander finden und sich gegenseitig befruchten k\u00f6nnen. Diese Homepage setzt den menschlichen Embryo in ein neues Licht und stellt vielleicht gewohnte Verh\u00e4ltnisse auf den Kopf!<\/p>\n<p>Ich hoffe, dass diese Site Ihren Blickwinkel erweitern\u00a0 wird.<\/p>\n<p>Jaap van der Wal<\/p>\n<p><img loading=\"lazy\" decoding=\"async\" class=\"alignnone wp-image-222\" src=\"https:\/\/embryo.nl\/wp-content\/uploads\/2023\/01\/jaap-2-test.jpg\" alt=\"\" width=\"193\" height=\"108\" \/><\/p>\n<p>J.C. van der wal. MD PhD Anatom-Embryologe und Ph\u00e4nomenologe<\/p>\n<p align=\"center\"><span style=\"color: #851521;\">Wein wurde trunken<br \/>\ndurch (mit) uns,<br \/>\nnicht anders herum.<br \/>\nDer K\u00f6rper entwickelte sich<br \/>\naus uns heraus,<br \/>\nnicht wir (uns) aus ihm.<\/span><\/p>\n<p style=\"text-align: center;\"><span style=\"color: #800000;\">Wir sind Bienen<\/span><br \/>\n<span style=\"color: #800000;\">und unser K\u00f6rper ist ein Honigwabe.<\/span><br \/>\n<span style=\"color: #800000;\">Wir schufen den K\u00f6rper,<\/span><br \/>\n<span style=\"color: #800000;\">Zelle um Zelle schufen wir ihn<\/span><\/p>\n<p align=\"center\"><b><span style=\"color: #851521;\">RUMI (1207 &#8211; 1273)<\/span><\/b><\/p>\n","protected":false},"excerpt":{"rendered":"<p>EINE EIGENSINNIGE REISE DURCH DIE WELT DES EMBRYOS Ein Embryo ist ein menschliches Wesen. Eine Phase, ein Kapitel in der [&hellip;]<\/p>\n","protected":false},"author":2,"featured_media":210,"parent":0,"menu_order":10,"comment_status":"closed","ping_status":"closed","template":"","meta":{"footnotes":""},"categories":[],"class_list":["post-440","page","type-page","status-publish","has-post-thumbnail","hentry"],"yoast_head":"<!-- This site is optimized with the Yoast SEO plugin v27.4 - https:\/\/yoast.com\/product\/yoast-seo-wordpress\/ -->\n<title>Verantwortung<\/title>\n<meta name=\"description\" content=\"Eine ANDERE Ansicht, in welcher der Embryo (wieder) zu einem Menschenwesen und einem Mitmenschen wird, ist m\u00f6glich. Das Einzige, was Sie daf\u00fcr ben\u00f6tigen, ist eine neue &#039;Brille&#039;.\" \/>\n<meta name=\"robots\" content=\"index, follow, max-snippet:-1, max-image-preview:large, max-video-preview:-1\" \/>\n<link rel=\"canonical\" href=\"https:\/\/www.embryo.nl\/de\/acknowledgement\/\" \/>\n<meta property=\"og:locale\" content=\"de_DE\" \/>\n<meta property=\"og:locale:alternate\" content=\"en_US\" \/>\n<meta property=\"og:locale:alternate\" content=\"nl_NL\" \/>\n<meta property=\"og:type\" content=\"article\" \/>\n<meta property=\"og:title\" content=\"Verantwortung\" \/>\n<meta property=\"og:description\" content=\"Eine ANDERE Ansicht, in welcher der Embryo (wieder) zu einem Menschenwesen und einem Mitmenschen wird, ist m\u00f6glich. Das Einzige, was Sie daf\u00fcr ben\u00f6tigen, ist eine neue &#039;Brille&#039;.\" \/>\n<meta property=\"og:url\" content=\"https:\/\/www.embryo.nl\/de\/acknowledgement\/\" \/>\n<meta property=\"og:site_name\" content=\"Der Embryo in Uns\" \/>\n<meta property=\"article:publisher\" content=\"https:\/\/www.facebook.com\/jaapvanderwal01\" \/>\n<meta property=\"article:modified_time\" content=\"2023-09-10T12:32:55+00:00\" \/>\n<meta property=\"og:image\" content=\"https:\/\/www.embryo.nl\/wp-content\/uploads\/2023\/01\/Header-2016-Jaap-koppen.jpg\" \/>\n\t<meta property=\"og:image:width\" content=\"5829\" \/>\n\t<meta property=\"og:image:height\" content=\"889\" \/>\n\t<meta property=\"og:image:type\" content=\"image\/jpeg\" \/>\n<meta name=\"twitter:card\" content=\"summary_large_image\" \/>\n<meta name=\"twitter:label1\" content=\"Gesch\u00e4tzte Lesezeit\" \/>\n\t<meta name=\"twitter:data1\" content=\"3\u00a0Minuten\" \/>\n<script type=\"application\/ld+json\" class=\"yoast-schema-graph\">{\"@context\":\"https:\\\/\\\/schema.org\",\"@graph\":[{\"@type\":\"WebPage\",\"@id\":\"https:\\\/\\\/www.embryo.nl\\\/de\\\/acknowledgement\\\/\",\"url\":\"https:\\\/\\\/www.embryo.nl\\\/de\\\/acknowledgement\\\/\",\"name\":\"Verantwortung\",\"isPartOf\":{\"@id\":\"https:\\\/\\\/www.embryo.nl\\\/#website\"},\"primaryImageOfPage\":{\"@id\":\"https:\\\/\\\/www.embryo.nl\\\/de\\\/acknowledgement\\\/#primaryimage\"},\"image\":{\"@id\":\"https:\\\/\\\/www.embryo.nl\\\/de\\\/acknowledgement\\\/#primaryimage\"},\"thumbnailUrl\":\"https:\\\/\\\/www.embryo.nl\\\/wp-content\\\/uploads\\\/2023\\\/01\\\/Header-2016-Jaap-koppen.jpg\",\"datePublished\":\"2023-05-08T09:06:17+00:00\",\"dateModified\":\"2023-09-10T12:32:55+00:00\",\"description\":\"Eine ANDERE Ansicht, in welcher der Embryo (wieder) zu einem Menschenwesen und einem Mitmenschen wird, ist m\u00f6glich. Das Einzige, was Sie daf\u00fcr ben\u00f6tigen, ist eine neue 'Brille'.\",\"breadcrumb\":{\"@id\":\"https:\\\/\\\/www.embryo.nl\\\/de\\\/acknowledgement\\\/#breadcrumb\"},\"inLanguage\":\"de-DE\",\"potentialAction\":[{\"@type\":\"ReadAction\",\"target\":[\"https:\\\/\\\/www.embryo.nl\\\/de\\\/acknowledgement\\\/\"]}]},{\"@type\":\"ImageObject\",\"inLanguage\":\"de-DE\",\"@id\":\"https:\\\/\\\/www.embryo.nl\\\/de\\\/acknowledgement\\\/#primaryimage\",\"url\":\"https:\\\/\\\/www.embryo.nl\\\/wp-content\\\/uploads\\\/2023\\\/01\\\/Header-2016-Jaap-koppen.jpg\",\"contentUrl\":\"https:\\\/\\\/www.embryo.nl\\\/wp-content\\\/uploads\\\/2023\\\/01\\\/Header-2016-Jaap-koppen.jpg\",\"width\":5829,\"height\":889},{\"@type\":\"BreadcrumbList\",\"@id\":\"https:\\\/\\\/www.embryo.nl\\\/de\\\/acknowledgement\\\/#breadcrumb\",\"itemListElement\":[{\"@type\":\"ListItem\",\"position\":1,\"name\":\"Home\",\"item\":\"https:\\\/\\\/www.embryo.nl\\\/en\\\/\"},{\"@type\":\"ListItem\",\"position\":2,\"name\":\"Verantwortung\"}]},{\"@type\":\"WebSite\",\"@id\":\"https:\\\/\\\/www.embryo.nl\\\/#website\",\"url\":\"https:\\\/\\\/www.embryo.nl\\\/\",\"name\":\"The Embryo in us - Embryo in Motion\",\"description\":\"Seele und K\u00f6rper bevor und nach der Geburt\",\"publisher\":{\"@id\":\"https:\\\/\\\/www.embryo.nl\\\/#\\\/schema\\\/person\\\/0d402ade5f58756241163dc72bbedbe5\"},\"potentialAction\":[{\"@type\":\"SearchAction\",\"target\":{\"@type\":\"EntryPoint\",\"urlTemplate\":\"https:\\\/\\\/www.embryo.nl\\\/?s={search_term_string}\"},\"query-input\":{\"@type\":\"PropertyValueSpecification\",\"valueRequired\":true,\"valueName\":\"search_term_string\"}}],\"inLanguage\":\"de-DE\"},{\"@type\":[\"Person\",\"Organization\"],\"@id\":\"https:\\\/\\\/www.embryo.nl\\\/#\\\/schema\\\/person\\\/0d402ade5f58756241163dc72bbedbe5\",\"name\":\"Jaap van der Wal\",\"image\":{\"@type\":\"ImageObject\",\"inLanguage\":\"de-DE\",\"@id\":\"https:\\\/\\\/www.embryo.nl\\\/wp-content\\\/uploads\\\/2023\\\/06\\\/banner-EiB-1-kopie.jpg\",\"url\":\"https:\\\/\\\/www.embryo.nl\\\/wp-content\\\/uploads\\\/2023\\\/06\\\/banner-EiB-1-kopie.jpg\",\"contentUrl\":\"https:\\\/\\\/www.embryo.nl\\\/wp-content\\\/uploads\\\/2023\\\/06\\\/banner-EiB-1-kopie.jpg\",\"width\":872,\"height\":622,\"caption\":\"Jaap van der Wal\"},\"logo\":{\"@id\":\"https:\\\/\\\/www.embryo.nl\\\/wp-content\\\/uploads\\\/2023\\\/06\\\/banner-EiB-1-kopie.jpg\"},\"description\":\"Born 1947. Graduated as a physician in 1973 and received a PHD (specializing in movement sense and fascia) from Maastricht University in the Netherlands in 1988. From 1973-2012 active as associate university professor in human anatomy and embryology. From 1990 founder and leader of the project Dynamension with the objective of spreading understanding of the human embryo based on phenomenological approach. Publishes and gives courses on The Embryo in Us, also called Embryo in Motion: about mind and body, connection between spirituality and science. In addition, specializes in the phenomenology of fascia.\",\"sameAs\":[\"https:\\\/\\\/embryo.nl\",\"https:\\\/\\\/www.facebook.com\\\/jaapvanderwal01\",\"https:\\\/\\\/www.youtube.com\\\/@walembryo\"]}]}<\/script>\n<!-- \/ Yoast SEO plugin. -->","yoast_head_json":{"title":"Verantwortung","description":"Eine ANDERE Ansicht, in welcher der Embryo (wieder) zu einem Menschenwesen und einem Mitmenschen wird, ist m\u00f6glich. Das Einzige, was Sie daf\u00fcr ben\u00f6tigen, ist eine neue 'Brille'.","robots":{"index":"index","follow":"follow","max-snippet":"max-snippet:-1","max-image-preview":"max-image-preview:large","max-video-preview":"max-video-preview:-1"},"canonical":"https:\/\/www.embryo.nl\/de\/acknowledgement\/","og_locale":"de_DE","og_type":"article","og_title":"[:en]Acknowledgement[:nl]Verantwoording[:de]Verantwortung[:] - Der Embryo in Uns","og_description":"Eine ANDERE Ansicht, in welcher der Embryo (wieder) zu einem Menschenwesen und einem Mitmenschen wird, ist m\u00f6glich. Das Einzige, was Sie daf\u00fcr ben\u00f6tigen, ist eine neue 'Brille'.","og_url":"https:\/\/www.embryo.nl\/de\/acknowledgement\/","og_site_name":"Der Embryo in Uns","article_publisher":"https:\/\/www.facebook.com\/jaapvanderwal01","article_modified_time":"2023-09-10T12:32:55+00:00","og_image":[{"width":5829,"height":889,"url":"https:\/\/www.embryo.nl\/wp-content\/uploads\/2023\/01\/Header-2016-Jaap-koppen.jpg","type":"image\/jpeg"}],"twitter_card":"summary_large_image","twitter_misc":{"Gesch\u00e4tzte Lesezeit":"3\u00a0Minuten"},"schema":{"@context":"https:\/\/schema.org","@graph":[{"@type":"WebPage","@id":"https:\/\/www.embryo.nl\/de\/acknowledgement\/","url":"https:\/\/www.embryo.nl\/de\/acknowledgement\/","name":"Verantwortung","isPartOf":{"@id":"https:\/\/www.embryo.nl\/#website"},"primaryImageOfPage":{"@id":"https:\/\/www.embryo.nl\/de\/acknowledgement\/#primaryimage"},"image":{"@id":"https:\/\/www.embryo.nl\/de\/acknowledgement\/#primaryimage"},"thumbnailUrl":"https:\/\/www.embryo.nl\/wp-content\/uploads\/2023\/01\/Header-2016-Jaap-koppen.jpg","datePublished":"2023-05-08T09:06:17+00:00","dateModified":"2023-09-10T12:32:55+00:00","description":"Eine ANDERE Ansicht, in welcher der Embryo (wieder) zu einem Menschenwesen und einem Mitmenschen wird, ist m\u00f6glich. Das Einzige, was Sie daf\u00fcr ben\u00f6tigen, ist eine neue 'Brille'.","breadcrumb":{"@id":"https:\/\/www.embryo.nl\/de\/acknowledgement\/#breadcrumb"},"inLanguage":"de-DE","potentialAction":[{"@type":"ReadAction","target":["https:\/\/www.embryo.nl\/de\/acknowledgement\/"]}]},{"@type":"ImageObject","inLanguage":"de-DE","@id":"https:\/\/www.embryo.nl\/de\/acknowledgement\/#primaryimage","url":"https:\/\/www.embryo.nl\/wp-content\/uploads\/2023\/01\/Header-2016-Jaap-koppen.jpg","contentUrl":"https:\/\/www.embryo.nl\/wp-content\/uploads\/2023\/01\/Header-2016-Jaap-koppen.jpg","width":5829,"height":889},{"@type":"BreadcrumbList","@id":"https:\/\/www.embryo.nl\/de\/acknowledgement\/#breadcrumb","itemListElement":[{"@type":"ListItem","position":1,"name":"Home","item":"https:\/\/www.embryo.nl\/en\/"},{"@type":"ListItem","position":2,"name":"Verantwortung"}]},{"@type":"WebSite","@id":"https:\/\/www.embryo.nl\/#website","url":"https:\/\/www.embryo.nl\/","name":"The Embryo in us - Embryo in Motion","description":"Seele und K\u00f6rper bevor und nach der Geburt","publisher":{"@id":"https:\/\/www.embryo.nl\/#\/schema\/person\/0d402ade5f58756241163dc72bbedbe5"},"potentialAction":[{"@type":"SearchAction","target":{"@type":"EntryPoint","urlTemplate":"https:\/\/www.embryo.nl\/?s={search_term_string}"},"query-input":{"@type":"PropertyValueSpecification","valueRequired":true,"valueName":"search_term_string"}}],"inLanguage":"de-DE"},{"@type":["Person","Organization"],"@id":"https:\/\/www.embryo.nl\/#\/schema\/person\/0d402ade5f58756241163dc72bbedbe5","name":"Jaap van der Wal","image":{"@type":"ImageObject","inLanguage":"de-DE","@id":"https:\/\/www.embryo.nl\/wp-content\/uploads\/2023\/06\/banner-EiB-1-kopie.jpg","url":"https:\/\/www.embryo.nl\/wp-content\/uploads\/2023\/06\/banner-EiB-1-kopie.jpg","contentUrl":"https:\/\/www.embryo.nl\/wp-content\/uploads\/2023\/06\/banner-EiB-1-kopie.jpg","width":872,"height":622,"caption":"Jaap van der Wal"},"logo":{"@id":"https:\/\/www.embryo.nl\/wp-content\/uploads\/2023\/06\/banner-EiB-1-kopie.jpg"},"description":"Born 1947. Graduated as a physician in 1973 and received a PHD (specializing in movement sense and fascia) from Maastricht University in the Netherlands in 1988. From 1973-2012 active as associate university professor in human anatomy and embryology. From 1990 founder and leader of the project Dynamension with the objective of spreading understanding of the human embryo based on phenomenological approach. Publishes and gives courses on The Embryo in Us, also called Embryo in Motion: about mind and body, connection between spirituality and science. In addition, specializes in the phenomenology of fascia.","sameAs":["https:\/\/embryo.nl","https:\/\/www.facebook.com\/jaapvanderwal01","https:\/\/www.youtube.com\/@walembryo"]}]}},"_links":{"self":[{"href":"https:\/\/www.embryo.nl\/de\/wp-json\/wp\/v2\/pages\/440","targetHints":{"allow":["GET"]}}],"collection":[{"href":"https:\/\/www.embryo.nl\/de\/wp-json\/wp\/v2\/pages"}],"about":[{"href":"https:\/\/www.embryo.nl\/de\/wp-json\/wp\/v2\/types\/page"}],"author":[{"embeddable":true,"href":"https:\/\/www.embryo.nl\/de\/wp-json\/wp\/v2\/users\/2"}],"replies":[{"embeddable":true,"href":"https:\/\/www.embryo.nl\/de\/wp-json\/wp\/v2\/comments?post=440"}],"version-history":[{"count":14,"href":"https:\/\/www.embryo.nl\/de\/wp-json\/wp\/v2\/pages\/440\/revisions"}],"predecessor-version":[{"id":17168,"href":"https:\/\/www.embryo.nl\/de\/wp-json\/wp\/v2\/pages\/440\/revisions\/17168"}],"wp:featuredmedia":[{"embeddable":true,"href":"https:\/\/www.embryo.nl\/de\/wp-json\/wp\/v2\/media\/210"}],"wp:attachment":[{"href":"https:\/\/www.embryo.nl\/de\/wp-json\/wp\/v2\/media?parent=440"}],"wp:term":[{"taxonomy":"category","embeddable":true,"href":"https:\/\/www.embryo.nl\/de\/wp-json\/wp\/v2\/categories?post=440"}],"curies":[{"name":"wp","href":"https:\/\/api.w.org\/{rel}","templated":true}]}}