{"id":439,"date":"2023-05-09T09:06:17","date_gmt":"2023-05-09T09:06:17","guid":{"rendered":"https:\/\/embryo.nl\/19-embryosofie-nl\/"},"modified":"2023-09-10T12:38:36","modified_gmt":"2023-09-10T12:38:36","slug":"embryosophy","status":"publish","type":"page","link":"https:\/\/www.embryo.nl\/de\/embryosophy\/","title":{"rendered":"Embryosophie &#8211; Schl\u00fcssel zum Geheimnis Mensch?"},"content":{"rendered":"<p align=\"center\"><span style=\"color: #851521;\"><b>GESTEN DER MENSCHWERDENS,<\/b><\/span><\/p>\n<p align=\"center\"><em><span style=\"color: #800000;\">Der Dichter spricht:\u00a0<\/span><\/em><\/p>\n<p align=\"center\"><span style=\"color: #851521;\">Ich kann noch nicht geboren werden.<br \/>\n<\/span><span style=\"color: #851521;\">Der Himmel setzt sich in meiner Stirne fort,<br \/>\neine Membrane,<br \/>\ndie zu meinem Wachstum geh\u00f6rt.<\/span><\/p>\n<p align=\"center\"><span style=\"color: #851521;\">Meine F\u00fc\u00dfe tanzen in dem Schmerz,<br \/>\nder Geb\u00e4ren hei\u00dft.<\/span><\/p>\n<p align=\"center\"><span style=\"color: #851521;\">Sieh, wie ich h\u00e4ng<br \/>\nan Schn\u00fcren, so lange wie das Leben.<br \/>\nEin gro\u00dfartiges Madonna blau<br \/>\nvollendet mich binnen dieser Frau.<\/span><\/p>\n<p align=\"center\"><span style=\"color: #800000;\"><b>G. Achterberg<br \/>\n<\/b><\/span><\/p>\n<p align=\"center\"><img loading=\"lazy\" decoding=\"async\" class=\"aligncenter wp-image-247\" src=\"https:\/\/embryo.nl\/wp-content\/uploads\/2023\/01\/a-new-day-logo.jpg\" alt=\"\" width=\"415\" height=\"289\" \/><\/p>\n<p align=\"center\"><span style=\"color: #800000;\">Dieses Bild ist von Robert Fischer und hei\u00dft &#8222;Ein neuer Tag&#8220;.<\/span><br \/>\n<span style=\"color: #800000;\">Wenn Sie in dieser Landschaft einen versteckten Embryo sehen, sind Sie auf der richtigen Spur &#8230;..<\/span><\/p>\n<h3 align=\"left\"><b>Embryo in Bewegung &#8211; Eine Reise in uns selbst<\/b><\/h3>\n<p>Heutzutage wissen viele Menschen bedauerlich wenig von unserm &#8211; das hei\u00dft also ihrem &#8211; embryonalen Dasein. W\u00e4hrend andererseits doch so viele ethische, medizinische und moralische Entscheidungen und Wahlen getroffen und so viele Urteile gef\u00e4llt werden\u00a0 \u00fcber Embryos oder &#8211; so man will &#8211; Menschen, die sich noch in dieser embryonalen Phase ihres Daseins befinden. Wie viele Menschen mag es nicht geben, die immer noch glauben, dass ein dreiw\u00f6chiger Embryo eine Art von Zellenkl\u00fcmpchen ist, den man als nichts mehr als ein bisschen Gewebe und ein paar Zellen betrachten kann? Weiterhin gibt es auch noch die Leute, die im Rahmen ihrer Ausbildung schon mal von der Embryologie in Kenntnis gesetzt worden sind und bei denen nur der Eindruck haften geblieben ist von einem Fach mit viel unzusammenh\u00e4ngenden Fakten und schwierigen Begriffen, und die sich fragten: \u201e Was hat das alles mit mir als Person zu tun?\u201c<\/p>\n<p>Ich hatte das Privileg den Embryo auf eine andere Weise kennen zu lernen. Mich faszinierte das Embryodasein als ein spannender Prozess des Menschwerdens. Wenn man sich in den Embryo vertieft und man sich, so wie ich das tue, mit der Frage besch\u00e4ftigt: Was tun wir eigentlich w\u00e4hrend wir Embryo sind?, muss man die Embryologie erst vom \u2018Staub\u2019 der gegenw\u00e4rtigen Naturwissenschaft befreien. Die g\u00e4ngige Embryologie sieht ja doch \u2018nichts weiter\u2019 als \u2019Zellen, Gene, Hormone, Proteine\u2019 usw. Zwar auch sehr faszinierend aber weit entfernt von meiner Sichtweise. Mit Menschsein hat das herzlich wenig zu tun. Wenn man sich jedoch hineinf\u00fchlt, hineinlebt und mit dem Herzen und gleichzeitig wissenschaftlich und tatsachengetreu die Wachtumsgeb\u00e4rden, die sich da abspielen, miterlebt, erz\u00e4hlt uns der Embryo auf einmal eine ganz andere, und zwar sehr eindringliche, Geschichte. Er erz\u00e4hlt uns dann n\u00e4mlich von dem Menschwerden, von dem Ringen des Menschen und des Geistes durch den z\u00e4hen Widerstand der Zellen, Gene, Gewebe hindurch ans Licht zu kommen, in Erscheinung zu treten. Der Mensch leistet so viel Arbeit und lebt so intensiv w\u00e4hrend er (noch) Embryo ist!<\/p>\n<p>Um das aber sehen zu k\u00f6nnen, muss man dann wohl eine andere Brille aufsetzen, mit &#8217;neuen Augen&#8216; schauen lernen. Das heisst nicht, dass man nebul\u00f6s werden soll und die wahrnehmbaren Tatsachen wie Zellen usw. unbeachtet lassen soll. W\u00e4hrend man den Embryo durch die so genannte \u2018ph\u00e4nomenologische\u2019 Brille betrachtet, sieht man auf einmal Geb\u00e4rden (Gestalt, so man will) und wird das Vertrautwerden mit dem Embryo pl\u00f6tzlich eine Reise in uns selbst. Nichts Menschliches ist dem Embryo fremd. Wussten Sie zum Beispiel, dass Sie schon einmal, bevor Sie geboren wurden, gelaufen sind und geatmet haben? Der Embryo erz\u00e4hlt das dramatische Ereignis vom Menschwerden. Das gr\u00f6\u00dfte Geheimnis des Menschen aber ist, dass er die Eigenschaft besitzt Embryo zu SEIN und zu BLEIBEN! Darin unterscheidet er sich ganz wesentlich von den Tieren. Wir tragen eine einzigartige F\u00e4higkeit in uns, die wir unserm Embryo-Sein verdanken.<\/p>\n<h3 align=\"left\"><strong><span style=\"font-size: 133.33%;\"><img loading=\"lazy\" decoding=\"async\" class=\"alignnone size-full wp-image-281\" src=\"https:\/\/embryo.nl\/wp-content\/uploads\/2023\/01\/embryo11wkn.jpg\" alt=\"\" width=\"262\" height=\"342\" \/> <\/span><\/strong><b>Der Embryo &#8211; Schl\u00fcssel zum Mysterium Mensch<\/b><\/h3>\n<p>Die g\u00e4ngige Wissenschaft gibt uns heutzutage viele Antworten auf, viele Erkl\u00e4rungen zu WODURCH und WIE. Wie aber ist es mit den Fragen nach dem WARUM bestellt? Die Naturwissenschaft (und somit auch die g\u00e4ngige Embryologie) hat keine Antworten auf Fragen nach SINN und BEDEUTUNG. Die kann sie auch nicht haben, denn die kommen in ihrer Methodologie und in ihrem Denkrahmen nicht vor. Das ist, sozusagen, nicht ihre Sache. Das Problem mit dieser Einstellung ist jedoch, dass die Wissenschaft, und damit auch die Schulembryologie, oft wohl so tut, als ob sie die einzige und alleinige Wahrheit \u00fcber die Wirklichkeit besitzt. Als ob es keine andere (wissenschaftliche) Methode g\u00e4be sich Einsicht in und Verst\u00e4ndnis von Mensch und Wirklichkeit zu verschaffen als die der Naturwissenschaft. Meiner Meinung nach haben wir aber nach viereinhalb Jahrhunderten sogenannter positivistischer Wissenschaft und kartesianistischer Einstellung keinen Bedarf an noch \u2018weiteren Horizonten\u2019 sondern an \u2018neuen Augen\u2019, einer neuen Sichtweise.<\/p>\n<p>Ich begn\u00fcge mich nicht mit der abgedroschenen Phrase: &#8222;Es ist alles nur Zufall&#8220; oder \u201eEs ist alles nichts weiter als Gene, Zellen, Materie\u201c. Nicht weil ich das nicht m\u00f6chte oder auf diese Weise nicht denken kann, sondern weil ich das in meinem (t\u00e4glichen) Leben anders erfahre. Wissenschaft und Menschen, die \u00fcberzeugt sind, dass nur die tastbare, messbare Wirklichkeit DIE Wirklichkeit ist, schauen immer nach den Dingen, der Welt, dem Menschen, als ob sie selbst keinen Anteil daran h\u00e4tten, als ob es sich um Objekte handelte. Die g\u00e4ngige Wissenschaft macht mich zum ZUSCHAUER. Ich aber will am Leben, der Welt, der Natur TEILNEHMEN! Mein Motto lautet: &#8222;Ich erfahre, ich erlebe, also BIN ich&#8220;. . Und auch: &#8222;Nehmen Sie f\u00fcr wahr, was Sie wahrnehmen, nicht nur was Sie d\u00e9nken&#8220;.\u00a0 Ich kann nicht anders, ich erfahre es einzig und allein auf diese Weise. Ich erfahre Zweckm\u00e4\u00dfigkeit, Ziel, Wunder, Geheimnis, Geist, Sch\u00f6pfung. Und dann sollte ich mich damit begn\u00fcgen, das alles weg zu lassen und zu leugnen, als ob es sich nur um Hirngespinste handelte, nur weil ich es nicht \u2019sehen\u2019 oder \u2019konkretisieren\u2019 kann? Andererseits will ich aber als moderner Mensch auch tatsachengetreu und wissenschaftlich bleiben. Wie soll das m\u00f6glich sein?<\/p>\n<p>Im menschlichen Embryo habe ich Antworten gefunden auf Fragen , die das Mysterium Mensch betreffen. Auf Fragen wie \u2018Woher kommen wir?\u2019 und \u2018Was k\u00f6nnte die Bedeutung unseres Daseins sein?\u2019 Eigentlich ist es ganz einfach. Wenn man nicht nur mit dem Blick des k\u00fchlen, distanzierten Zuschauers (&#8218;onlooker&#8216;) die wunderliche Welt des Embryos betritt, sondern Herz und Seele \u00f6ffnet um diese Welt mit zu ERFAHREN (erleben), kann man \u2018hinter\u2019 den \u2018sichtbaren\u2019 Tatsachen nicht mehr und nicht weniger t\u00e4tig sehen als Geist. Schaffenden Geist, den sch\u00f6pferischen Menschen! Daran ist nichts Nebul\u00f6ses. Man stellt pl\u00f6tzlich mit gro\u00dfer Genugtuung fest, dass es m\u00f6glich ist, die so lange mehr oder weniger getrennt gehaltenen Gebiete von Wissenschaft und Religion, von Materie und Geist, von Erkl\u00e4rung und Verst\u00e4ndnis wieder zu VEREINEN.<\/p>\n<h3 align=\"left\"><strong><span style=\"font-size: 133.33%;\"><img loading=\"lazy\" decoding=\"async\" class=\"alignnone size-full wp-image-280\" src=\"https:\/\/embryo.nl\/wp-content\/uploads\/2023\/01\/embryo10wkn.jpg\" alt=\"\" width=\"227\" height=\"342\" \/> <\/span><\/strong><b>Embryo &#8211; ganze, eigenst\u00e4ndige, Welt am Werden<\/b><\/h3>\n<p>Das einzige, das erforderlich ist, ist das Folgende: Man muss nur die Sprache des Embryos verstehen lernen. Dann kann man da auf einmal \u00fcber das Werden des Menschen und der Menschheit lesen an Hand der Sprache der Wachstums- und K\u00f6rpergesten des menschlichen Embryos.\u00a0 Alte Mythologien bekommen in dieser Geschichte wieder eine ganz neue Perspektive. Aber auch unsere eigene Geschichte kann dadurch an Tiefe und Perspektive gewinnen.\u00a0 Der\u00a0 Grundriss eines jeden Menschen, die wesentlichen Bestandteile unseres Daseins, werden da im Embryo in noch ganz urspr\u00fcnglicher Form und beinahe wortw\u00f6rtlich(!) lesbar. Die &#8218;Mikrowelt&#8216; des Embryos beherbergt im Bild, in der Geb\u00e4rde einen ganzen Makrokosmos!\u00a0 &#8218;Wer das Kleine nicht erkennen kann, kann das Gro\u00dfe nicht umfassen&#8216;.<\/p>\n<p>Unser ganzes Leben lang hei\u00dft es \u2018H\u00fcllen abstreifen\u2019. D\u00e1s ist die Geb\u00e4rde des Ent-wickelns. &#8218;Geboren werden&#8216; wird sich bei der hier vertretenen Sichtweise entpuppen als eine Geb\u00e4rde des \u2018Sterbens aus\u2026.\u2019.\u00a0 Der Philosoph Mansukh Patel dr\u00fcckt es so aus: &#8222;Wenn wir sterben, legen wir einfach einen Mantel ab. Eigentlich tun wir unser ganzes Leben lang nichts anderes. Wir legen unsern S\u00e4uglingsleib ab um uns einen Kleinkindsleib zuzueignen, aus diesem steigen wir aus um den Schulkindsleib anzuziehen, usw. zum Jugendlichen, Erwachsenen usw.&#8220; Vom Embryo k\u00f6nnen wir sehr viel lernen \u00fcber die wirkliche Dynamik von Wachstum und Entwicklung, vom Sterben und Geboren werden.<\/p>\n<p>Auch Ihr Verh\u00e4ltnis zum menschlichen Embryo kann auf diese Weise eine Aufwertung erleben. Es scheint nicht mehr &#8217;nur eine Angelegenheit eines Zellenkl\u00fcmpchens\u00a0 zu sein, oder\u00a0 &#8217;nichts anderem als einer Code auf einer DNS-Kette&#8216; oder &#8217;nur das Ergebnis eines Zufalls&#8216; . Denken Sie nicht, dass Sie dann nicht mehr in der Lage sein werden, eine Entscheidung \u00fcber das Leben oder den Tod eines Embryos zu treffen. Sie werden sich vielleicht sogar als f\u00e4higer erleben solche Entscheidungen mit vertiefter Einsicht zu treffen, wenn Sie wirklich wissen, WAS WIR TUN und WER WIR SIND, w\u00e4hrend wir als Embryo existieren.<\/p>\n<h3><span style=\"font-size: 133.33%;\"><img loading=\"lazy\" decoding=\"async\" class=\"alignnone wp-image-278\" src=\"https:\/\/embryo.nl\/wp-content\/uploads\/2023\/01\/embryo8wkn.jpg\" alt=\"\" width=\"238\" height=\"220\" \/>\u00a0<\/span><b>Den Embryo mit &#8217;neuen Augen&#8216; sehen lernen?<\/b><\/h3>\n<p>Es gibt ein Seminar (Kurs, Workshop) mit dem Thema \u2018DER ANDERE EMBRYO\u2019 (oder &#8218;EMBRYO IN BEWEGUNG&#8216;).\u00a0 Es besteht aus einer Sammlung von wissenschaftlichen Tatsachen und biologischen Daten, Erz\u00e4hlungen, Poesie und manchmal auch Kunst. Da kann man sich mitnehmen lassen durch die tats\u00e4chlichen Ereignisse, die unser embryonales Dasein kennzeichnen, eingebettet in das wesentlich Kennenlernen und Miterleben der Mysterien von Empf\u00e4ngnis und Geburt. Hoffentlich werden Sie erstaunt sein zu h\u00f6ren, z.B. dass der Mensch sich nicht \u2019fortpflanzt\u2019, dass die Empf\u00e4ngnis keine Angelegenheit von \u2018Kinder machen\u2019 ist und dass Geboren werden eine Geb\u00e4rde des \u2019Sterbens aus einer anderen Wirklichkeit heraus\u2019 ist. Dass \u2019das G\u00f6ttliche\u2019 und \u2019Geist\u2019 keine abstrakten Einf\u00e4lle sondern konkrete, erkennbare und wirksame Prinzipien im menschlichen (embryonalen) Dasein sind. Dass man, so man will, zum Beispiel w\u00e4hrend der dritten Woche der embryonalen Entwicklung, die Inkarnation des \u2018Geistes\u2019 in den Leib \u2019sehen\u2019 kann. Und das kann alles an den Tatsachen des embryonalen Daseins \u2019sichtbar\u2019 gemacht werden. Es stimmt nicht, dass der menschliche Embryo \u2019noch keine Seele hat\u2019 oder \u2019noch eine Seele erhalten muss\u2019, er IST Seele!<\/p>\n<p>Haben Sie keine Angst vor &#8218;Schweben&#8216; in diesem Seminar. Viel modernes \u2019New Age\u2019 Denken spielt sich neben der Tatsachenwelt der Wissenschaft und Biologie ab und versucht sich kaum damit zu verbinden. Oder aber es \u00fcbernimmt naturwissenschaftliche Erkenntnisse ohne in den Denkrahmen Einsicht zu haben, der diese umschlie\u00dft (und der zu diesen gef\u00fchrt hat). Und so bleibt es noch immer verwickelt in die heillose Trennung von Geist und K\u00f6rper, die uns die kartesianistische Philosophie aufgehalst hat, oder aber in die Idee, dass Geist eine Art Produkt des Gehirns und somit des K\u00f6rpers ist. Dieses Seminar wurzelt sozusagen in der Kenntnis der Embryologie (als Ausgangspunkt) aber versucht dann dieses Wissen zu erweitern zur Einsicht (&#8218;Embryosophie&#8216;). Was die Arbeitsweise und die Methode anbetrifft, geht es hier um ein Verbinden von F\u00fchlen und Denken, von Intuition und Erkenntnis, eine Art \u2018Einf\u00fchlschaft\u2019, besser als\u00a0 Goetheanistische Ph\u00e4nomenologie bekannt.<\/p>\n<p><strong>F\u00fcr Auskunft \u00fcber das Organisieren von Vortr\u00e4gen Und Kursen k\u00f6nnen zu der Seite &#8218;<a title=\"\" href=\"https:\/\/embryo.nl\/539-Kursinhalt-Embryosophie-DE\" target=\"\" rel=\"noopener\">Kursinhalt<\/a>&#8218; gehen<\/strong><\/p>\n<p align=\"center\"><span style=\"color: #800000;\">Der K\u00f6rper entwickelte sich<\/span><br \/>\n<span style=\"color: #800000;\">aus uns heraus,<\/span><br \/>\n<span style=\"color: #800000;\">nicht wir (uns) aus ihm.<\/span><br \/>\n<span style=\"color: #800000;\">Wir sind Bienen<\/span><br \/>\n<span style=\"color: #800000;\">und unser K\u00f6rper ist ein Honigwabe.<\/span><br \/>\n<span style=\"color: #800000;\">Wir schufen den K\u00f6rper,<\/span><br \/>\n<span style=\"color: #800000;\">Zelle um Zelle schufen wir ihn.<\/span><\/p>\n<p align=\"center\"><b><span style=\"color: #851521;\">RUMI (1207 &#8211; 1273)<\/span><\/b><\/p>\n<p>&nbsp;<\/p>\n<p align=\"center\">\n","protected":false},"excerpt":{"rendered":"<p>GESTEN DER MENSCHWERDENS, Der Dichter spricht:\u00a0 Ich kann noch nicht geboren werden. Der Himmel setzt sich in meiner Stirne fort, [&hellip;]<\/p>\n","protected":false},"author":2,"featured_media":213,"parent":0,"menu_order":9,"comment_status":"closed","ping_status":"closed","template":"","meta":{"footnotes":""},"categories":[],"class_list":["post-439","page","type-page","status-publish","has-post-thumbnail","hentry"],"yoast_head":"<!-- This site is optimized with the Yoast SEO plugin v27.4 - https:\/\/yoast.com\/product\/yoast-seo-wordpress\/ -->\n<title>Embryosophie - Schl\u00fcssel zum Geheimnis Mensch?<\/title>\n<meta name=\"description\" content=\"Der Embryo erz\u00e4hlt dann vom MENSCHEN-SEIN, vom Kampf des Menschen und des Geistes, sich durch den z\u00e4hen Widerstand von Zellen, Genen und Geweben zu entwickeln.\" \/>\n<meta name=\"robots\" content=\"index, follow, max-snippet:-1, max-image-preview:large, max-video-preview:-1\" \/>\n<link rel=\"canonical\" href=\"https:\/\/www.embryo.nl\/de\/embryosophy\/\" \/>\n<meta property=\"og:locale\" content=\"de_DE\" \/>\n<meta property=\"og:locale:alternate\" content=\"en_US\" \/>\n<meta property=\"og:locale:alternate\" content=\"nl_NL\" \/>\n<meta property=\"og:type\" content=\"article\" \/>\n<meta property=\"og:title\" content=\"Embryosophie - Schl\u00fcssel zum Geheimnis Mensch?\" \/>\n<meta property=\"og:description\" content=\"Het embryo vertelt dan over MENS WORDEN, over de worsteling van mens en geest om d\u00f3\u00f3r de taaie weerstand van cellen, genen, weefsels heen aan het licht te komen.\" \/>\n<meta property=\"og:url\" content=\"https:\/\/www.embryo.nl\/de\/embryosophy\/\" \/>\n<meta property=\"og:site_name\" content=\"Der Embryo in Uns\" \/>\n<meta property=\"article:publisher\" content=\"https:\/\/www.facebook.com\/jaapvanderwal01\" \/>\n<meta property=\"article:modified_time\" content=\"2023-09-10T12:38:36+00:00\" \/>\n<meta property=\"og:image\" content=\"https:\/\/www.embryo.nl\/wp-content\/uploads\/2023\/01\/header-embryomodellen.jpg\" \/>\n\t<meta property=\"og:image:width\" content=\"1031\" \/>\n\t<meta property=\"og:image:height\" content=\"182\" \/>\n\t<meta property=\"og:image:type\" content=\"image\/jpeg\" \/>\n<meta name=\"twitter:card\" content=\"summary_large_image\" \/>\n<meta name=\"twitter:label1\" content=\"Gesch\u00e4tzte Lesezeit\" \/>\n\t<meta name=\"twitter:data1\" content=\"10\u00a0Minuten\" \/>\n<script type=\"application\/ld+json\" class=\"yoast-schema-graph\">{\"@context\":\"https:\\\/\\\/schema.org\",\"@graph\":[{\"@type\":\"WebPage\",\"@id\":\"https:\\\/\\\/www.embryo.nl\\\/embryosophy\\\/\",\"url\":\"https:\\\/\\\/www.embryo.nl\\\/embryosophy\\\/\",\"name\":\"Embryosophie - Schl\u00fcssel zum Geheimnis Mensch?\",\"isPartOf\":{\"@id\":\"https:\\\/\\\/www.embryo.nl\\\/#website\"},\"primaryImageOfPage\":{\"@id\":\"https:\\\/\\\/www.embryo.nl\\\/embryosophy\\\/#primaryimage\"},\"image\":{\"@id\":\"https:\\\/\\\/www.embryo.nl\\\/embryosophy\\\/#primaryimage\"},\"thumbnailUrl\":\"https:\\\/\\\/www.embryo.nl\\\/wp-content\\\/uploads\\\/2023\\\/01\\\/header-embryomodellen.jpg\",\"datePublished\":\"2023-05-09T09:06:17+00:00\",\"dateModified\":\"2023-09-10T12:38:36+00:00\",\"description\":\"Het embryo vertelt dan over MENS WORDEN, over de worsteling van mens en geest om d\u00f3\u00f3r de taaie weerstand van cellen, genen, weefsels heen aan het licht te komen.\",\"breadcrumb\":{\"@id\":\"https:\\\/\\\/www.embryo.nl\\\/embryosophy\\\/#breadcrumb\"},\"inLanguage\":\"de-DE\",\"potentialAction\":[{\"@type\":\"ReadAction\",\"target\":[\"https:\\\/\\\/www.embryo.nl\\\/embryosophy\\\/\"]}]},{\"@type\":\"ImageObject\",\"inLanguage\":\"de-DE\",\"@id\":\"https:\\\/\\\/www.embryo.nl\\\/embryosophy\\\/#primaryimage\",\"url\":\"https:\\\/\\\/www.embryo.nl\\\/wp-content\\\/uploads\\\/2023\\\/01\\\/header-embryomodellen.jpg\",\"contentUrl\":\"https:\\\/\\\/www.embryo.nl\\\/wp-content\\\/uploads\\\/2023\\\/01\\\/header-embryomodellen.jpg\",\"width\":1031,\"height\":182},{\"@type\":\"BreadcrumbList\",\"@id\":\"https:\\\/\\\/www.embryo.nl\\\/embryosophy\\\/#breadcrumb\",\"itemListElement\":[{\"@type\":\"ListItem\",\"position\":1,\"name\":\"Home\",\"item\":\"https:\\\/\\\/www.embryo.nl\\\/en\\\/\"},{\"@type\":\"ListItem\",\"position\":2,\"name\":\"Embryosofie &#8211; Sleutel tot het mysterie mens?\"}]},{\"@type\":\"WebSite\",\"@id\":\"https:\\\/\\\/www.embryo.nl\\\/#website\",\"url\":\"https:\\\/\\\/www.embryo.nl\\\/\",\"name\":\"The Embryo in us - Embryo in Motion\",\"description\":\"Seele und K\u00f6rper bevor und nach der Geburt\",\"publisher\":{\"@id\":\"https:\\\/\\\/www.embryo.nl\\\/#\\\/schema\\\/person\\\/0d402ade5f58756241163dc72bbedbe5\"},\"potentialAction\":[{\"@type\":\"SearchAction\",\"target\":{\"@type\":\"EntryPoint\",\"urlTemplate\":\"https:\\\/\\\/www.embryo.nl\\\/?s={search_term_string}\"},\"query-input\":{\"@type\":\"PropertyValueSpecification\",\"valueRequired\":true,\"valueName\":\"search_term_string\"}}],\"inLanguage\":\"de-DE\"},{\"@type\":[\"Person\",\"Organization\"],\"@id\":\"https:\\\/\\\/www.embryo.nl\\\/#\\\/schema\\\/person\\\/0d402ade5f58756241163dc72bbedbe5\",\"name\":\"Jaap van der Wal\",\"image\":{\"@type\":\"ImageObject\",\"inLanguage\":\"de-DE\",\"@id\":\"https:\\\/\\\/www.embryo.nl\\\/wp-content\\\/uploads\\\/2023\\\/06\\\/banner-EiB-1-kopie.jpg\",\"url\":\"https:\\\/\\\/www.embryo.nl\\\/wp-content\\\/uploads\\\/2023\\\/06\\\/banner-EiB-1-kopie.jpg\",\"contentUrl\":\"https:\\\/\\\/www.embryo.nl\\\/wp-content\\\/uploads\\\/2023\\\/06\\\/banner-EiB-1-kopie.jpg\",\"width\":872,\"height\":622,\"caption\":\"Jaap van der Wal\"},\"logo\":{\"@id\":\"https:\\\/\\\/www.embryo.nl\\\/wp-content\\\/uploads\\\/2023\\\/06\\\/banner-EiB-1-kopie.jpg\"},\"description\":\"Born 1947. Graduated as a physician in 1973 and received a PHD (specializing in movement sense and fascia) from Maastricht University in the Netherlands in 1988. From 1973-2012 active as associate university professor in human anatomy and embryology. From 1990 founder and leader of the project Dynamension with the objective of spreading understanding of the human embryo based on phenomenological approach. Publishes and gives courses on The Embryo in Us, also called Embryo in Motion: about mind and body, connection between spirituality and science. In addition, specializes in the phenomenology of fascia.\",\"sameAs\":[\"https:\\\/\\\/embryo.nl\",\"https:\\\/\\\/www.facebook.com\\\/jaapvanderwal01\",\"https:\\\/\\\/www.youtube.com\\\/@walembryo\"]}]}<\/script>\n<!-- \/ Yoast SEO plugin. -->","yoast_head_json":{"title":"Embryosophie - Schl\u00fcssel zum Geheimnis Mensch?","description":"Der Embryo erz\u00e4hlt dann vom MENSCHEN-SEIN, vom Kampf des Menschen und des Geistes, sich durch den z\u00e4hen Widerstand von Zellen, Genen und Geweben zu entwickeln.","robots":{"index":"index","follow":"follow","max-snippet":"max-snippet:-1","max-image-preview":"max-image-preview:large","max-video-preview":"max-video-preview:-1"},"canonical":"https:\/\/www.embryo.nl\/de\/embryosophy\/","og_locale":"de_DE","og_type":"article","og_title":"[:en]Embryosophy - Key to the mystery of the human?[:nl]Embryosofie - Sleutel tot het mysterie mens?[:de]Embryosophie - Schl\u00fcssel zum Geheimnis Mensch?[:] - Der Embryo in Uns","og_description":"Het embryo vertelt dan over MENS WORDEN, over de worsteling van mens en geest om d\u00f3\u00f3r de taaie weerstand van cellen, genen, weefsels heen aan het licht te komen.","og_url":"https:\/\/www.embryo.nl\/de\/embryosophy\/","og_site_name":"Der Embryo in Uns","article_publisher":"https:\/\/www.facebook.com\/jaapvanderwal01","article_modified_time":"2023-09-10T12:38:36+00:00","og_image":[{"width":1031,"height":182,"url":"https:\/\/www.embryo.nl\/wp-content\/uploads\/2023\/01\/header-embryomodellen.jpg","type":"image\/jpeg"}],"twitter_card":"summary_large_image","twitter_misc":{"Gesch\u00e4tzte Lesezeit":"10\u00a0Minuten"},"schema":{"@context":"https:\/\/schema.org","@graph":[{"@type":"WebPage","@id":"https:\/\/www.embryo.nl\/embryosophy\/","url":"https:\/\/www.embryo.nl\/embryosophy\/","name":"Embryosophie - Schl\u00fcssel zum Geheimnis Mensch?","isPartOf":{"@id":"https:\/\/www.embryo.nl\/#website"},"primaryImageOfPage":{"@id":"https:\/\/www.embryo.nl\/embryosophy\/#primaryimage"},"image":{"@id":"https:\/\/www.embryo.nl\/embryosophy\/#primaryimage"},"thumbnailUrl":"https:\/\/www.embryo.nl\/wp-content\/uploads\/2023\/01\/header-embryomodellen.jpg","datePublished":"2023-05-09T09:06:17+00:00","dateModified":"2023-09-10T12:38:36+00:00","description":"Het embryo vertelt dan over MENS WORDEN, over de worsteling van mens en geest om d\u00f3\u00f3r de taaie weerstand van cellen, genen, weefsels heen aan het licht te komen.","breadcrumb":{"@id":"https:\/\/www.embryo.nl\/embryosophy\/#breadcrumb"},"inLanguage":"de-DE","potentialAction":[{"@type":"ReadAction","target":["https:\/\/www.embryo.nl\/embryosophy\/"]}]},{"@type":"ImageObject","inLanguage":"de-DE","@id":"https:\/\/www.embryo.nl\/embryosophy\/#primaryimage","url":"https:\/\/www.embryo.nl\/wp-content\/uploads\/2023\/01\/header-embryomodellen.jpg","contentUrl":"https:\/\/www.embryo.nl\/wp-content\/uploads\/2023\/01\/header-embryomodellen.jpg","width":1031,"height":182},{"@type":"BreadcrumbList","@id":"https:\/\/www.embryo.nl\/embryosophy\/#breadcrumb","itemListElement":[{"@type":"ListItem","position":1,"name":"Home","item":"https:\/\/www.embryo.nl\/en\/"},{"@type":"ListItem","position":2,"name":"Embryosofie &#8211; Sleutel tot het mysterie mens?"}]},{"@type":"WebSite","@id":"https:\/\/www.embryo.nl\/#website","url":"https:\/\/www.embryo.nl\/","name":"The Embryo in us - Embryo in Motion","description":"Seele und K\u00f6rper bevor und nach der Geburt","publisher":{"@id":"https:\/\/www.embryo.nl\/#\/schema\/person\/0d402ade5f58756241163dc72bbedbe5"},"potentialAction":[{"@type":"SearchAction","target":{"@type":"EntryPoint","urlTemplate":"https:\/\/www.embryo.nl\/?s={search_term_string}"},"query-input":{"@type":"PropertyValueSpecification","valueRequired":true,"valueName":"search_term_string"}}],"inLanguage":"de-DE"},{"@type":["Person","Organization"],"@id":"https:\/\/www.embryo.nl\/#\/schema\/person\/0d402ade5f58756241163dc72bbedbe5","name":"Jaap van der Wal","image":{"@type":"ImageObject","inLanguage":"de-DE","@id":"https:\/\/www.embryo.nl\/wp-content\/uploads\/2023\/06\/banner-EiB-1-kopie.jpg","url":"https:\/\/www.embryo.nl\/wp-content\/uploads\/2023\/06\/banner-EiB-1-kopie.jpg","contentUrl":"https:\/\/www.embryo.nl\/wp-content\/uploads\/2023\/06\/banner-EiB-1-kopie.jpg","width":872,"height":622,"caption":"Jaap van der Wal"},"logo":{"@id":"https:\/\/www.embryo.nl\/wp-content\/uploads\/2023\/06\/banner-EiB-1-kopie.jpg"},"description":"Born 1947. Graduated as a physician in 1973 and received a PHD (specializing in movement sense and fascia) from Maastricht University in the Netherlands in 1988. From 1973-2012 active as associate university professor in human anatomy and embryology. From 1990 founder and leader of the project Dynamension with the objective of spreading understanding of the human embryo based on phenomenological approach. Publishes and gives courses on The Embryo in Us, also called Embryo in Motion: about mind and body, connection between spirituality and science. In addition, specializes in the phenomenology of fascia.","sameAs":["https:\/\/embryo.nl","https:\/\/www.facebook.com\/jaapvanderwal01","https:\/\/www.youtube.com\/@walembryo"]}]}},"_links":{"self":[{"href":"https:\/\/www.embryo.nl\/de\/wp-json\/wp\/v2\/pages\/439","targetHints":{"allow":["GET"]}}],"collection":[{"href":"https:\/\/www.embryo.nl\/de\/wp-json\/wp\/v2\/pages"}],"about":[{"href":"https:\/\/www.embryo.nl\/de\/wp-json\/wp\/v2\/types\/page"}],"author":[{"embeddable":true,"href":"https:\/\/www.embryo.nl\/de\/wp-json\/wp\/v2\/users\/2"}],"replies":[{"embeddable":true,"href":"https:\/\/www.embryo.nl\/de\/wp-json\/wp\/v2\/comments?post=439"}],"version-history":[{"count":13,"href":"https:\/\/www.embryo.nl\/de\/wp-json\/wp\/v2\/pages\/439\/revisions"}],"predecessor-version":[{"id":17718,"href":"https:\/\/www.embryo.nl\/de\/wp-json\/wp\/v2\/pages\/439\/revisions\/17718"}],"wp:featuredmedia":[{"embeddable":true,"href":"https:\/\/www.embryo.nl\/de\/wp-json\/wp\/v2\/media\/213"}],"wp:attachment":[{"href":"https:\/\/www.embryo.nl\/de\/wp-json\/wp\/v2\/media?parent=439"}],"wp:term":[{"taxonomy":"category","embeddable":true,"href":"https:\/\/www.embryo.nl\/de\/wp-json\/wp\/v2\/categories?post=439"}],"curies":[{"name":"wp","href":"https:\/\/api.w.org\/{rel}","templated":true}]}}