{"id":438,"date":"2023-05-09T09:06:17","date_gmt":"2023-05-09T09:06:17","guid":{"rendered":"https:\/\/embryo.nl\/1605-missie-en-visie-nl\/"},"modified":"2023-09-10T12:31:03","modified_gmt":"2023-09-10T12:31:03","slug":"mission-and-vision","status":"publish","type":"page","link":"https:\/\/www.embryo.nl\/de\/mission-and-vision\/","title":{"rendered":"Auftrag und Vision"},"content":{"rendered":"<p align=\"center\"><span style=\"color: #851521;\">Der K\u00f6rper entwickelte sich<br \/>\naus uns heraus,<br \/>\nnicht wir (uns) aus ihm.<br \/>\nWir sind Bienen<br \/>\nund unser K\u00f6rper ist ein Honigwabe.<br \/>\nWir schufen den K\u00f6rper,<br \/>\nZelle um Zelle schufen wir ihn.<br \/>\n<\/span><\/p>\n<p align=\"center\"><b><span style=\"color: #851521;\">RUMI (1207 &#8211; 1273)<\/span><\/b><\/p>\n<p align=\"left\">Auf dieser Seite\u00a0wird eine &#8222;zus\u00e4tzliche&#8220; (komplement\u00e4re) Vision der pr\u00e4natalen Existenz des Menschen gegeben. \u00dcber eine ph\u00e4nomenologischen\u00a0Sichtweise\u00a0\u00a0wird der Embryo\u00a0betrachtet und beschrieben als mehr als &#8222;eine Angelegenheit von Genen, Zellen, Gewebe und Hormone&#8220;, sondern als werdender Mensch, ein Gesch\u00f6pf\u00a0von Geist (Seele) und K\u00f6rper. Auf der Grundlage der wissenschaftlichen Embryologie gezeigt, dass wir nicht das Produkt unseres K\u00f6rpers und von Zellen sind sondern umgekehrt\u00a0dass wir (auch) ein geistiges Wesen sind, das seinen K\u00f6rper formt und gestaltet. Oder, wie der Philosoph Rumi (1207-1273) sagt: &#8222;Der K\u00f6rper entwickelt sich aus, nicht umgekehrt. Wir schufen den\u00a0K\u00f6rper, Zelle\u00a0um Zelle schufen wir ihn&#8220;.<\/p>\n<p>Die Vision welche hier gebracht und versucht wird, versucht den vorherrschenden meist einseitige wissenschaftliche Vision der menschlichen Existenz im Allgemeinen und auf unserer embryonalen Existenz insbesondere entgegenzuwirken. Und diese Vision ist einfach so, dass wir GEMACHT worden sind und entstanden aus einer Konzeption und\u00a0wir das Produkt sind von Genen, Zellen und Organen Geweben, eine Bio-Maschinen, die schlie\u00dflich so etwas wie Geist und Bewusstsein produziert . Hier aber wird ausgegangen von der Idee, dass der K\u00f6rper nicht Geist oder Seele produziert aber wir (auch) ein\u00a0geistiges\u00a0Plan sind, welches sich hindurch und dank die Bedingungen des K\u00f6rpers, der Genen und Zellen und des\u00a0Hirns realisiert. Unsre Embryonale Existenz (und nicht nur das) als Inkarnation Prozess.<\/p>\n<p>Die vorherrschende materialistische Embryologie beschreibt der Embryo in der Regel mehr in den oben angedeuteten Begriffen\u00a0und oft werden auf Grund dieser Vision in der Debatte \u00fcber was ja oder nein erlaubt ist mit Embryonen zu tun (zum Beispiel Klonieren, etc.)\u00a0 ethische und moralische Haltungen genommen.<\/p>\n<p>Eine ANDERE Ansicht, in welcher der Embryo (wieder) zu einem Menschenwesen und einem Mitmenschen wird, ist m\u00f6glich und kann uns die Sicht auf unerwartete Dimensionen von Geist und Sch\u00f6pfung, Evolution und Entwicklung erm\u00f6glichen. Das Einzige, was Sie daf\u00fcr ben\u00f6tigen, ist eine neue &#8218;Brille&#8216;.<\/p>\n<p>Die Ansicht des Autors hinsichtlich dieses Stoffes ist es, dass die Menschheit f\u00fcr ihre Zukunft nicht so viele neue Horizonte (z. B. bez\u00fcglich des enormen Ausmasses unseres Genoms und DNS) braucht, sondern dass wir eher &#8217;neuen Augen&#8216; ben\u00f6tigen, das bedeutet, eine andere Anschauung von Mensch und Welt, worin Spiritualit\u00e4t und Wissenschaft einander finden und sich gegenseitig befruchten k\u00f6nnen.<\/p>\n<p>Diese Homepage setzt den menschlichen Embryo in ein neues Licht und stellt vielleicht gewohnte Verh\u00e4ltnisse auf den Kopf!\u00a0 Ich hoffe, dass diese Site Ihren Blickwinkel erweitern\u00a0 wird.<\/p>\n<p><u><\/u>Mehr zu den Grunds\u00e4tzen dieser sogenannten\u00a0<a title=\"\" href=\"https:\/\/embryo.nl\/514-Embryosophie-DE\" target=\"\" rel=\"noopener\">&#8222;Embryosophie&#8220;<\/a><\/p>\n<p>Jaap van der Wal<\/p>\n<p align=\"center\"><img loading=\"lazy\" decoding=\"async\" class=\"alignnone size-full wp-image-288\" src=\"https:\/\/embryo.nl\/wp-content\/uploads\/2023\/01\/Heeldemens.jpg\" alt=\"\" width=\"342\" height=\"215\" \/><\/p>\n<div align=\"left\"><\/div>\n","protected":false},"excerpt":{"rendered":"<p>Der K\u00f6rper entwickelte sich aus uns heraus, nicht wir (uns) aus ihm. Wir sind Bienen und unser K\u00f6rper ist ein [&hellip;]<\/p>\n","protected":false},"author":2,"featured_media":207,"parent":0,"menu_order":8,"comment_status":"closed","ping_status":"closed","template":"","meta":{"footnotes":""},"categories":[],"class_list":["post-438","page","type-page","status-publish","has-post-thumbnail","hentry"],"yoast_head":"<!-- This site is optimized with the Yoast SEO plugin v27.4 - https:\/\/yoast.com\/product\/yoast-seo-wordpress\/ -->\n<title>Missie en Visie - Het Embryo in ons<\/title>\n<meta name=\"description\" content=\"Auf dieser Seite\u00a0wird eine &quot;zus\u00e4tzliche&quot; (komplement\u00e4re) Vision der pr\u00e4natalen Existenz des Menschen gegeben. Diese Seite stellt den Embryo in ein neues und anderes Licht!\" \/>\n<meta name=\"robots\" content=\"index, follow, max-snippet:-1, max-image-preview:large, max-video-preview:-1\" \/>\n<link rel=\"canonical\" href=\"https:\/\/www.embryo.nl\/de\/mission-and-vision\/\" \/>\n<meta property=\"og:locale\" content=\"de_DE\" \/>\n<meta property=\"og:locale:alternate\" content=\"en_US\" \/>\n<meta property=\"og:locale:alternate\" content=\"nl_NL\" \/>\n<meta property=\"og:type\" content=\"article\" \/>\n<meta property=\"og:title\" content=\"Missie en Visie - Het Embryo in ons\" \/>\n<meta property=\"og:description\" content=\"Op deze site wordt een &#039;aanvullende&#039; (complementaire)\u00a0visie op het voorgeboortelijk bestaan van de mens gegeven.\u00a0Deze site plaatst het embryo in een nieuw en ander daglicht!\" \/>\n<meta property=\"og:url\" content=\"https:\/\/www.embryo.nl\/de\/mission-and-vision\/\" \/>\n<meta property=\"og:site_name\" content=\"Der Embryo in Uns\" \/>\n<meta property=\"article:publisher\" content=\"https:\/\/www.facebook.com\/jaapvanderwal01\" \/>\n<meta property=\"article:modified_time\" content=\"2023-09-10T12:31:03+00:00\" \/>\n<meta property=\"og:image\" content=\"https:\/\/www.embryo.nl\/wp-content\/uploads\/2023\/01\/Header-2016-cursus-2.jpg\" \/>\n\t<meta property=\"og:image:width\" content=\"4113\" \/>\n\t<meta property=\"og:image:height\" content=\"593\" \/>\n\t<meta property=\"og:image:type\" content=\"image\/jpeg\" \/>\n<meta name=\"twitter:card\" content=\"summary_large_image\" \/>\n<meta name=\"twitter:label1\" content=\"Gesch\u00e4tzte Lesezeit\" \/>\n\t<meta name=\"twitter:data1\" content=\"3\u00a0Minuten\" \/>\n<script type=\"application\/ld+json\" class=\"yoast-schema-graph\">{\"@context\":\"https:\\\/\\\/schema.org\",\"@graph\":[{\"@type\":\"WebPage\",\"@id\":\"https:\\\/\\\/www.embryo.nl\\\/mission-and-vision\\\/\",\"url\":\"https:\\\/\\\/www.embryo.nl\\\/mission-and-vision\\\/\",\"name\":\"Missie en Visie - Het Embryo in ons\",\"isPartOf\":{\"@id\":\"https:\\\/\\\/www.embryo.nl\\\/#website\"},\"primaryImageOfPage\":{\"@id\":\"https:\\\/\\\/www.embryo.nl\\\/mission-and-vision\\\/#primaryimage\"},\"image\":{\"@id\":\"https:\\\/\\\/www.embryo.nl\\\/mission-and-vision\\\/#primaryimage\"},\"thumbnailUrl\":\"https:\\\/\\\/www.embryo.nl\\\/wp-content\\\/uploads\\\/2023\\\/01\\\/Header-2016-cursus-2.jpg\",\"datePublished\":\"2023-05-09T09:06:17+00:00\",\"dateModified\":\"2023-09-10T12:31:03+00:00\",\"description\":\"Op deze site wordt een 'aanvullende' (complementaire)\u00a0visie op het voorgeboortelijk bestaan van de mens gegeven.\u00a0Deze site plaatst het embryo in een nieuw en ander daglicht!\",\"breadcrumb\":{\"@id\":\"https:\\\/\\\/www.embryo.nl\\\/mission-and-vision\\\/#breadcrumb\"},\"inLanguage\":\"de-DE\",\"potentialAction\":[{\"@type\":\"ReadAction\",\"target\":[\"https:\\\/\\\/www.embryo.nl\\\/mission-and-vision\\\/\"]}]},{\"@type\":\"ImageObject\",\"inLanguage\":\"de-DE\",\"@id\":\"https:\\\/\\\/www.embryo.nl\\\/mission-and-vision\\\/#primaryimage\",\"url\":\"https:\\\/\\\/www.embryo.nl\\\/wp-content\\\/uploads\\\/2023\\\/01\\\/Header-2016-cursus-2.jpg\",\"contentUrl\":\"https:\\\/\\\/www.embryo.nl\\\/wp-content\\\/uploads\\\/2023\\\/01\\\/Header-2016-cursus-2.jpg\",\"width\":4113,\"height\":593},{\"@type\":\"BreadcrumbList\",\"@id\":\"https:\\\/\\\/www.embryo.nl\\\/mission-and-vision\\\/#breadcrumb\",\"itemListElement\":[{\"@type\":\"ListItem\",\"position\":1,\"name\":\"Home\",\"item\":\"https:\\\/\\\/www.embryo.nl\\\/en\\\/\"},{\"@type\":\"ListItem\",\"position\":2,\"name\":\"Missie en Visie\"}]},{\"@type\":\"WebSite\",\"@id\":\"https:\\\/\\\/www.embryo.nl\\\/#website\",\"url\":\"https:\\\/\\\/www.embryo.nl\\\/\",\"name\":\"The Embryo in us - Embryo in Motion\",\"description\":\"Seele und K\u00f6rper bevor und nach der Geburt\",\"publisher\":{\"@id\":\"https:\\\/\\\/www.embryo.nl\\\/#\\\/schema\\\/person\\\/0d402ade5f58756241163dc72bbedbe5\"},\"potentialAction\":[{\"@type\":\"SearchAction\",\"target\":{\"@type\":\"EntryPoint\",\"urlTemplate\":\"https:\\\/\\\/www.embryo.nl\\\/?s={search_term_string}\"},\"query-input\":{\"@type\":\"PropertyValueSpecification\",\"valueRequired\":true,\"valueName\":\"search_term_string\"}}],\"inLanguage\":\"de-DE\"},{\"@type\":[\"Person\",\"Organization\"],\"@id\":\"https:\\\/\\\/www.embryo.nl\\\/#\\\/schema\\\/person\\\/0d402ade5f58756241163dc72bbedbe5\",\"name\":\"Jaap van der Wal\",\"image\":{\"@type\":\"ImageObject\",\"inLanguage\":\"de-DE\",\"@id\":\"https:\\\/\\\/www.embryo.nl\\\/wp-content\\\/uploads\\\/2023\\\/06\\\/banner-EiB-1-kopie.jpg\",\"url\":\"https:\\\/\\\/www.embryo.nl\\\/wp-content\\\/uploads\\\/2023\\\/06\\\/banner-EiB-1-kopie.jpg\",\"contentUrl\":\"https:\\\/\\\/www.embryo.nl\\\/wp-content\\\/uploads\\\/2023\\\/06\\\/banner-EiB-1-kopie.jpg\",\"width\":872,\"height\":622,\"caption\":\"Jaap van der Wal\"},\"logo\":{\"@id\":\"https:\\\/\\\/www.embryo.nl\\\/wp-content\\\/uploads\\\/2023\\\/06\\\/banner-EiB-1-kopie.jpg\"},\"description\":\"Born 1947. Graduated as a physician in 1973 and received a PHD (specializing in movement sense and fascia) from Maastricht University in the Netherlands in 1988. From 1973-2012 active as associate university professor in human anatomy and embryology. From 1990 founder and leader of the project Dynamension with the objective of spreading understanding of the human embryo based on phenomenological approach. Publishes and gives courses on The Embryo in Us, also called Embryo in Motion: about mind and body, connection between spirituality and science. In addition, specializes in the phenomenology of fascia.\",\"sameAs\":[\"https:\\\/\\\/embryo.nl\",\"https:\\\/\\\/www.facebook.com\\\/jaapvanderwal01\",\"https:\\\/\\\/www.youtube.com\\\/@walembryo\"]}]}<\/script>\n<!-- \/ Yoast SEO plugin. -->","yoast_head_json":{"title":"Missie en Visie - Het Embryo in ons","description":"Auf dieser Seite\u00a0wird eine \"zus\u00e4tzliche\" (komplement\u00e4re) Vision der pr\u00e4natalen Existenz des Menschen gegeben. Diese Seite stellt den Embryo in ein neues und anderes Licht!","robots":{"index":"index","follow":"follow","max-snippet":"max-snippet:-1","max-image-preview":"max-image-preview:large","max-video-preview":"max-video-preview:-1"},"canonical":"https:\/\/www.embryo.nl\/de\/mission-and-vision\/","og_locale":"de_DE","og_type":"article","og_title":"Missie en Visie - Het Embryo in ons","og_description":"Op deze site wordt een 'aanvullende' (complementaire)\u00a0visie op het voorgeboortelijk bestaan van de mens gegeven.\u00a0Deze site plaatst het embryo in een nieuw en ander daglicht!","og_url":"https:\/\/www.embryo.nl\/de\/mission-and-vision\/","og_site_name":"Der Embryo in Uns","article_publisher":"https:\/\/www.facebook.com\/jaapvanderwal01","article_modified_time":"2023-09-10T12:31:03+00:00","og_image":[{"width":4113,"height":593,"url":"https:\/\/www.embryo.nl\/wp-content\/uploads\/2023\/01\/Header-2016-cursus-2.jpg","type":"image\/jpeg"}],"twitter_card":"summary_large_image","twitter_misc":{"Gesch\u00e4tzte Lesezeit":"3\u00a0Minuten"},"schema":{"@context":"https:\/\/schema.org","@graph":[{"@type":"WebPage","@id":"https:\/\/www.embryo.nl\/mission-and-vision\/","url":"https:\/\/www.embryo.nl\/mission-and-vision\/","name":"Missie en Visie - Het Embryo in ons","isPartOf":{"@id":"https:\/\/www.embryo.nl\/#website"},"primaryImageOfPage":{"@id":"https:\/\/www.embryo.nl\/mission-and-vision\/#primaryimage"},"image":{"@id":"https:\/\/www.embryo.nl\/mission-and-vision\/#primaryimage"},"thumbnailUrl":"https:\/\/www.embryo.nl\/wp-content\/uploads\/2023\/01\/Header-2016-cursus-2.jpg","datePublished":"2023-05-09T09:06:17+00:00","dateModified":"2023-09-10T12:31:03+00:00","description":"Op deze site wordt een 'aanvullende' (complementaire)\u00a0visie op het voorgeboortelijk bestaan van de mens gegeven.\u00a0Deze site plaatst het embryo in een nieuw en ander daglicht!","breadcrumb":{"@id":"https:\/\/www.embryo.nl\/mission-and-vision\/#breadcrumb"},"inLanguage":"de-DE","potentialAction":[{"@type":"ReadAction","target":["https:\/\/www.embryo.nl\/mission-and-vision\/"]}]},{"@type":"ImageObject","inLanguage":"de-DE","@id":"https:\/\/www.embryo.nl\/mission-and-vision\/#primaryimage","url":"https:\/\/www.embryo.nl\/wp-content\/uploads\/2023\/01\/Header-2016-cursus-2.jpg","contentUrl":"https:\/\/www.embryo.nl\/wp-content\/uploads\/2023\/01\/Header-2016-cursus-2.jpg","width":4113,"height":593},{"@type":"BreadcrumbList","@id":"https:\/\/www.embryo.nl\/mission-and-vision\/#breadcrumb","itemListElement":[{"@type":"ListItem","position":1,"name":"Home","item":"https:\/\/www.embryo.nl\/en\/"},{"@type":"ListItem","position":2,"name":"Missie en Visie"}]},{"@type":"WebSite","@id":"https:\/\/www.embryo.nl\/#website","url":"https:\/\/www.embryo.nl\/","name":"The Embryo in us - Embryo in Motion","description":"Seele und K\u00f6rper bevor und nach der Geburt","publisher":{"@id":"https:\/\/www.embryo.nl\/#\/schema\/person\/0d402ade5f58756241163dc72bbedbe5"},"potentialAction":[{"@type":"SearchAction","target":{"@type":"EntryPoint","urlTemplate":"https:\/\/www.embryo.nl\/?s={search_term_string}"},"query-input":{"@type":"PropertyValueSpecification","valueRequired":true,"valueName":"search_term_string"}}],"inLanguage":"de-DE"},{"@type":["Person","Organization"],"@id":"https:\/\/www.embryo.nl\/#\/schema\/person\/0d402ade5f58756241163dc72bbedbe5","name":"Jaap van der Wal","image":{"@type":"ImageObject","inLanguage":"de-DE","@id":"https:\/\/www.embryo.nl\/wp-content\/uploads\/2023\/06\/banner-EiB-1-kopie.jpg","url":"https:\/\/www.embryo.nl\/wp-content\/uploads\/2023\/06\/banner-EiB-1-kopie.jpg","contentUrl":"https:\/\/www.embryo.nl\/wp-content\/uploads\/2023\/06\/banner-EiB-1-kopie.jpg","width":872,"height":622,"caption":"Jaap van der Wal"},"logo":{"@id":"https:\/\/www.embryo.nl\/wp-content\/uploads\/2023\/06\/banner-EiB-1-kopie.jpg"},"description":"Born 1947. Graduated as a physician in 1973 and received a PHD (specializing in movement sense and fascia) from Maastricht University in the Netherlands in 1988. From 1973-2012 active as associate university professor in human anatomy and embryology. From 1990 founder and leader of the project Dynamension with the objective of spreading understanding of the human embryo based on phenomenological approach. Publishes and gives courses on The Embryo in Us, also called Embryo in Motion: about mind and body, connection between spirituality and science. In addition, specializes in the phenomenology of fascia.","sameAs":["https:\/\/embryo.nl","https:\/\/www.facebook.com\/jaapvanderwal01","https:\/\/www.youtube.com\/@walembryo"]}]}},"_links":{"self":[{"href":"https:\/\/www.embryo.nl\/de\/wp-json\/wp\/v2\/pages\/438","targetHints":{"allow":["GET"]}}],"collection":[{"href":"https:\/\/www.embryo.nl\/de\/wp-json\/wp\/v2\/pages"}],"about":[{"href":"https:\/\/www.embryo.nl\/de\/wp-json\/wp\/v2\/types\/page"}],"author":[{"embeddable":true,"href":"https:\/\/www.embryo.nl\/de\/wp-json\/wp\/v2\/users\/2"}],"replies":[{"embeddable":true,"href":"https:\/\/www.embryo.nl\/de\/wp-json\/wp\/v2\/comments?post=438"}],"version-history":[{"count":6,"href":"https:\/\/www.embryo.nl\/de\/wp-json\/wp\/v2\/pages\/438\/revisions"}],"predecessor-version":[{"id":17196,"href":"https:\/\/www.embryo.nl\/de\/wp-json\/wp\/v2\/pages\/438\/revisions\/17196"}],"wp:featuredmedia":[{"embeddable":true,"href":"https:\/\/www.embryo.nl\/de\/wp-json\/wp\/v2\/media\/207"}],"wp:attachment":[{"href":"https:\/\/www.embryo.nl\/de\/wp-json\/wp\/v2\/media?parent=438"}],"wp:term":[{"taxonomy":"category","embeddable":true,"href":"https:\/\/www.embryo.nl\/de\/wp-json\/wp\/v2\/categories?post=438"}],"curies":[{"name":"wp","href":"https:\/\/api.w.org\/{rel}","templated":true}]}}