{"id":437,"date":"2023-05-08T09:06:17","date_gmt":"2023-05-08T09:06:17","guid":{"rendered":"https:\/\/embryo.nl\/10076-antwoorden-op-de-eerste-vragen\/"},"modified":"2023-09-10T12:30:38","modified_gmt":"2023-09-10T12:30:38","slug":"first-answers-to-questions","status":"publish","type":"page","link":"https:\/\/www.embryo.nl\/de\/first-answers-to-questions\/","title":{"rendered":"Antworten zu den gestellten Fragen"},"content":{"rendered":"<div><span style=\"font-size: 100%;\">\u00a0<\/span><\/div>\n<div><strong><span style=\"font-size: 100%; color: #993300;\">1<\/span><\/strong><span style=\"font-size: 100%; color: #851521;\"><strong><span style=\"color: #993300;\">\u00a0<\/span><\/strong><b><br \/>\nWas antwortest Du auf die Frage eines Kindes: Woher komme ich?<br \/>\n<\/b><\/span><\/p>\n<div>Versuche es einfach mit: &#8222;Du kommst von dort, wo ein Mensch auch hingeht, wenn er stirbt und sein Leben beendet hat.&#8220; Und vergleichen Sie den von Jaap van der Wal beschriebenen Konzeptionsprozess mit den Ph\u00e4nomenen eines Sterbebetts. Konzeption als Verbindung und Sterben als Trennung.<\/div>\n<div><strong>Lesen Sie <\/strong><b><b><b>: <a href=\"https:\/\/embryo.nl\/de\/menschliche-befruchtung-in-einer-neuen-perspektive-2005-de\/\" target=\"_blank\" rel=\"noopener\">Menschliche Befruchtung in einer neuen Perspektive<\/a>.<\/b><\/b><\/b><\/div>\n<\/div>\n<div><\/div>\n<div><b style=\"color: #851521; font-size: 100%; text-align: center;\">2<\/b><\/div>\n<div style=\"text-align: left;\">\n<div><span style=\"font-size: 100%; text-align: center; color: #993300;\"><b>Hast Du eine Idee, was wir tats\u00e4chlich tun, wenn wir ein Embryo sind?\u00a0<\/b><\/span><\/div>\n<div>\n<div style=\"color: #333333; text-align: left;\">Das erste, was wir in unserem sogenannten Erdenleben tun, ist, unseren K\u00f6rper zu formen. Als Embryo fangst Du damit an. Tats\u00e4chlich ist die K\u00f6rperbildung das prim\u00e4re Verhalten eines Lebewesens: Die Gesten, mit denen Du Deine K\u00f6rperformen gestaltest, sind sozusagen &#8222;Vor\u00fcbungen&#8220; der sp\u00e4teren Physiologie und Psychologie sind, mit denen Du dich sp\u00e4ter auf diesen Ebenen auch Form gibst. Und tats\u00e4chlich h\u00f6rst Du nie damit auf: W\u00e4hrend Deines gesamten Lebens wirst Du deinen K\u00f6rper formen und versuchen, ihn in Form zu halten. Das ist &#8222;Der Embryo in uns&#8220;, der nie wirklich vergeht.<br \/>\n<b><b><b>Lese: <a href=\"https:\/\/embryo.nl\/de\/the-speech-of-the-embryo-article-2005-3\/\" target=\"_blank\" rel=\"noopener\">Die Sprache des Embryos<\/a>.<\/b><\/b><\/b><\/div>\n<div><\/div>\n<div style=\"color: #333333; text-align: left;\"><b><b><\/b><\/b><strong style=\"color: #993300; font-size: revert;\">3<br \/>\n<\/strong><b style=\"font-size: revert;\"><span style=\"color: #993300;\"><b>Beginnt unsere Existenz bereits als Embryo bei der Empf\u00e4ngnis<\/b>?<br \/>\n<\/span><\/b><span style=\"font-size: revert;\">Ja, vom ersten Tag an ging es um menschliches Design, um menschliches Verhalten. Wir werden auf dem Weg nicht menschlich oder menschenw\u00fcrdig. &#8222;Seele&#8220;, sagt der Embryologe Blechschmidt, &#8222;wird nicht sp\u00e4ter hinzugef\u00fcgt, aber unser Wesen ist von Anfang an an unserer K\u00f6rperbildung beteiligt. Wir sind von Anfang an psychosomatische Wesen (von Seele und K\u00f6rper).&#8220; Wie alle Lebewesen erscheinen wir in der Zeit. Der Frosch kommt nicht aus der Kaulquappe, die Kaulquappe ist schon Frosch, eine Phase des Frosches. Dies gilt auch f\u00fcr den menschlichen Embryo. Es ist kein noch-nicht-menschlicher Mensch, es ist eine Phase der Inkarnation..<br \/>\n<\/span><b style=\"font-size: revert;\"><\/b><b style=\"font-size: revert;\">Lese: <a href=\"https:\/\/embryo.nl\/de\/der-inkarnierende-embryo-2006-de\/\" target=\"_blank\" rel=\"noopener\"><span style=\"color: #851521;\"><b>Der inkarnierende Embryo<\/b><\/span><\/a>.<\/b><b style=\"font-size: revert;\"> <\/b><\/div>\n<div><\/div>\n<div style=\"color: #333333; text-align: left;\"><b style=\"font-size: revert;\"><\/b><strong style=\"font-size: revert;\"><span style=\"color: #851521; font-size: 100%;\">4<br \/>\n<\/span><\/strong><b style=\"color: #851521; font-size: 100%;\"><b><span style=\"color: #851521;\">Bist du auch aufgewachsen mit dem Mythos \u00fcber einen Super sperm, der ein Ei &#8222;befruchtet&#8220;?<\/span><\/b><\/b><\/div>\n<div style=\"color: #333333; text-align: left;\"><span style=\"font-size: revert;\">Dann habe ich &#8217;schlechte Nachrichten&#8216;. Die Geschichte ist v\u00f6llig veraltet. Ein paar Dutzend, manchmal Hunderte von Samenzellen treten in ein biologisches Gespr\u00e4ch mit einer Eizelle ein. Es geht darum, sich auszutauschen, um schlie\u00dflich zu verschmelzen. Penetration ist nicht das Wort f\u00fcr das, was hier passiert. Nennen wir es einen zellularen Paarungstanz.<\/span><\/div>\n<div style=\"color: #333333; text-align: left;\"><b style=\"font-size: revert;\">Lesen Sie noch einmal: <a href=\"https:\/\/embryo.nl\/de\/menschliche-befruchtung-in-einer-neuen-perspektive-2005-de\/\" target=\"_blank\" rel=\"noopener\"><b><span style=\"color: #851521;\">Menschliche Befruchtung in einer neuen Perspektive.<\/span><\/b><\/a><br \/>\n<\/b><span style=\"font-size: revert;\">Oder schauen Sie sich den Film an, der sich \u00fcber das <\/span><strong><span style=\"color: #851521;\"><a title=\"\" href=\"https:\/\/embryo.nl\/1352-VA21-super-sperm\" target=\"_blank\" rel=\"noopener\"><span style=\"color: #851521;\">macho super sperm<\/span><\/a><\/span><\/strong><\/div>\n<div style=\"color: #333333; text-align: left;\"><span style=\"font-size: revert;\">Nachdem wir uns zuerst angesehen haben, wie es heutzutage aussieht (<b><a href=\"https:\/\/www.youtube.com\/watch?v=IrhTid9zvfU&#038;feature=youtu.be\" target=\"_blank\" rel=\"noopener\"><span style=\"color: #851521;\">Bilder eines ICSI-Verfahren<\/span><\/a><\/b><\/span><b style=\"font-size: revert;\"><b>)<\/b><\/b><\/div>\n<div style=\"color: #333333; text-align: left;\">\n<div style=\"text-align: left;\">\n<div style=\"text-align: left;\">\n<div style=\"text-align: left;\">\n<div style=\"text-align: left;\">\n<div><\/div>\n<div><span style=\"color: #851521;\"><strong>5<\/strong> <b><br \/>\nDenkst Du auch, dass Du einmal als &#8222;befruchtetes Ei&#8220; angefangen hast und aus Zellen aufgebaut wirst?\u00a0<\/b><\/span><span style=\"font-size: 100%;\"><br \/>\n<\/span><\/div>\n<div style=\"text-align: left;\">\n<div>\n<div>Nichts ist weniger wahr. Und wir beginnen nicht als Zelle, wir beginnen als einzelliger Organismus. Ich habe noch nie ein &#8218;befruchtetes Ei&#8216; gesehen. Wenn ein Ei &#8218;befruchtet&#8216; wird (was bereits das falsche Wort ist), verwandelt es eine Zygote, die ein einzelliger menschlicher K\u00f6rper ist. Wir bestehen nicht aus Zellen: Jedes Lebewesen organisiert sich in Zellen, denn &#8218;die Einheit des Lebens&#8216; ist nicht die Zelle, sondern der Organismus, das Ganze.<\/div>\n<div>H\u00f6ren dich einfach meinen <b><a title=\"\" href=\"https:\/\/www.youtube.com\/watch?v=CE-1wwEZBH0&#038;list=PL2ySrSp5igSH-34jy3XpN-31I9bSfc8CC&#038;index=1&#038;t=339s\" target=\"_blank\" rel=\"noopener\">TED-talk<\/a><\/b> \u00fcber das biologische Wachstum an.<\/div>\n<div>Odere lese: \u00a0<a href=\"https:\/\/embryo.nl\/de\/menschliche-befruchtung-in-einer-neuen-perspektive-2005-de\/\" target=\"_blank\" rel=\"noopener\"><span style=\"color: #851521;\"><b>Menschliche Befruchtung in einer neuen Perspektive<\/b><\/span><\/a><\/div>\n<\/div>\n<div><\/div>\n<div><span style=\"color: #851521;\"><span style=\"font-size: 100%;\"><strong>6<\/strong> <b><br \/>\n<\/b><\/span><span style=\"font-size: 100%;\"><b>Dass wir gemacht sind &#8218;? Von wem dann? Kommen unsere Kinder von uns oder durch uns?<\/b><\/span><\/span><\/div>\n<div>\n<div>Konzeption kann beschrieben und gedacht werden sowie eine Art &#8218;vertikale&#8216; Verbindung. Geist verbindet sich mit einem sogenannten vorkonzeptuellen Anziehungskomplex. Du kannst das an den biologischen Ph\u00e4nomenen erkennen, wenn Du willst. Letzteres ist das Wichtigste: Man muss es sehen wollen. Und dann siehst Du, dass die &#8218;horizontale&#8216; Befruchtung (dh die Fusion eines Spermiums mit einer Eizelle) ein Ergebnis ist. Was verbindet sich dann dort? Ja, dan soll man dort auf eine ganze Biografie warten, dann werden Sie wissen, welcher Impuls in diesem einen Moment dort inkarniert wurde. Kinder werden nicht gemacht, aber Kinder werden erm\u00f6glicht und &#8230; empfangen.<\/div>\n<div><strong>Lese noch einmal:<\/strong><b><a href=\"https:\/\/embryo.nl\/de\/menschliche-befruchtung-in-einer-neuen-perspektive-2005-de\/\" target=\"_blank\" rel=\"noopener\"><span style=\"color: #851521;\">Menschliche Befruchtung in einer neuen Perspektive<\/span><\/a><\/b>oder Lese das Gedicht Konzeption in der <b><a title=\"\" href=\"https:\/\/embryo.nl\/de\/course-embryo-in-us-powerpoint\/\">Powerpoint Pr\u00e4sentation des Kurse Folie 163\u00a0<\/a><\/b><\/div>\n<\/div>\n<\/div>\n<div><b>\u00a0<\/b><\/div>\n<div>\n<p><b>Wie w\u00e4re es mit diesem Zitat von <\/b><span style=\"text-indent: 0cm;\"><span lang=\"EN-US\" style=\"color: black;\">Harrod Buhner\u00a0<\/span><\/span><span style=\"text-indent: 0cm;\"><span lang=\"EN-US\" style=\"color: black;\">(aus &#8222;The Secret Teachings of Plants: The Intelligence of the Heart in the Direct Perception of Nature):<\/span><\/span><\/p>\n<\/div>\n<div>\n<div style=\"text-align: center;\"><span style=\"color: #993300;\"><b>Samen des Menschen (Mannes)?<\/b><\/span><\/div>\n<div style=\"text-align: center;\"><\/div>\n<div style=\"text-align: center;\">\n<div><span style=\"color: #851521;\">Samen (Samen) ist lateinisch<\/span><\/div>\n<div><span style=\"color: #851521;\">zum schlafendes, befruchtetes,<\/span><\/div>\n<div><span style=\"color: #851521;\">&#8222;Pflanzenei&#8220;<\/span><\/div>\n<div><span style=\"color: #851521;\">ein Samen.<\/span><\/div>\n<div><\/div>\n<div><span style=\"color: #851521;\">Der Erguss des Mannes ist<\/span><\/div>\n<div><span style=\"color: #851521;\">chemisch verwandter<\/span><\/div>\n<div><span style=\"color: #851521;\">zum Pollen der Pflanzen,<\/span><\/div>\n<div><span style=\"color: #851521;\">Sie sehen,<\/span><\/div>\n<div><span style=\"color: #851521;\">es ist wirklich genauer<\/span><\/div>\n<div><span style=\"color: #851521;\">es S\u00e4ugetierpollen<\/span><\/div>\n<div><span style=\"color: #851521;\">benennen.<\/span><\/div>\n<\/div>\n<div style=\"text-align: center;\">\n<div><span style=\"color: #851521;\">Es als Samen (Semen)<\/span><\/div>\n<div><span style=\"color: #851521;\">benennen<\/span><\/div>\n<div><span style=\"color: #851521;\">unterst\u00fctzt eine T\u00e4uschung<\/span><\/div>\n<div><span style=\"color: #851521;\">das tief in unserer Kultur verwurzelt ist:<\/span><\/div>\n<div><span style=\"color: #851521;\">n\u00e4mlich, dass M\u00e4nner Frauen pfl\u00fcgen<\/span><\/div>\n<div><span style=\"color: #851521;\">und\u00a0 ihren Samen in sie\u00a0<\/span>pflanzen<\/div>\n<div><span style=\"color: #851521;\">w\u00e4hrend was sie tats\u00e4chlich tun<\/span><\/div>\n<div><span style=\"color: #851521;\">ist: Blumen best\u00e4uben.<\/span><\/div>\n<div><span style=\"color: #851521;\">\u00a0<\/span><\/div>\n<div><span style=\"color: #851521;\">Und?.<\/span><\/div>\n<div><span style=\"color: #851521;\">\u00c4ndert das nicht alles zwischen uns?<\/span><\/div>\n<div><span style=\"color: #851521;\">(Hatte das nicht alles zwischen uns ge\u00e4ndert?)<\/span><\/div>\n<\/div>\n<\/div>\n<div style=\"text-align: center;\"><\/div>\n<div style=\"text-align: center;\">\n<div>\n<div><b>Wie ist das? Interessiert an der Embryosophie von Jaap van der Wal, Arzt-Anatom-Embryologe?<br \/>\n<\/b><\/div>\n<\/div>\n<div>\n<div>\n<div><b><span style=\"color: #851521;\">Mehr wissen? Lesen Sie diese Website oder folgen Sie einen<\/span><\/b><\/div>\n<\/div>\n<\/div>\n<p><strong><a title=\"\" href=\"\/24-cursuskalender-nl\">Kurs<\/a><span style=\"color: #851521;\"> (oder Webinar) von Jaap. <\/span><a title=\"\" href=\"\/1605-missie-en-visie-NL\">Mehr lesen<\/a><\/strong><\/p>\n<\/div>\n<\/div>\n<\/div>\n<\/div>\n<\/div>\n<\/div>\n<\/div>\n<\/div>\n","protected":false},"excerpt":{"rendered":"<p>\u00a0 1\u00a0 Was antwortest Du auf die Frage eines Kindes: Woher komme ich? Versuche es einfach mit: &#8222;Du kommst von [&hellip;]<\/p>\n","protected":false},"author":2,"featured_media":206,"parent":0,"menu_order":7,"comment_status":"closed","ping_status":"closed","template":"","meta":{"footnotes":""},"categories":[],"class_list":["post-437","page","type-page","status-publish","has-post-thumbnail","hentry"],"yoast_head":"<!-- This site is optimized with the Yoast SEO plugin v27.4 - https:\/\/yoast.com\/product\/yoast-seo-wordpress\/ -->\n<title>Antworten zu den gestellten Fragen<\/title>\n<meta name=\"description\" content=\"Ein weiterer Blick auf Fragen wie Woher kommen wir? Was tun wir als Embryo? Wie ist das mit dem Bewusstsein und dem Verstand vor der Geburt? Keine offensichtlichen Antworten.\" \/>\n<meta name=\"robots\" content=\"index, follow, max-snippet:-1, max-image-preview:large, max-video-preview:-1\" \/>\n<link rel=\"canonical\" href=\"https:\/\/www.embryo.nl\/de\/first-answers-to-questions\/\" \/>\n<meta property=\"og:locale\" content=\"de_DE\" \/>\n<meta property=\"og:locale:alternate\" content=\"en_US\" \/>\n<meta property=\"og:locale:alternate\" content=\"nl_NL\" \/>\n<meta property=\"og:type\" content=\"article\" \/>\n<meta property=\"og:title\" content=\"Antworten zu den gestellten Fragen\" \/>\n<meta property=\"og:description\" content=\"Een andere kijk op vragen als Waar komen wij vandaan? Wat doen we als embryo? Hoe is het met bewustzijn een geest voor de geboorte? Niet vanzelfsprekende antwoorden.\" \/>\n<meta property=\"og:url\" content=\"https:\/\/www.embryo.nl\/de\/first-answers-to-questions\/\" \/>\n<meta property=\"og:site_name\" content=\"Der Embryo in Uns\" \/>\n<meta property=\"article:publisher\" content=\"https:\/\/www.facebook.com\/jaapvanderwal01\" \/>\n<meta property=\"article:modified_time\" content=\"2023-09-10T12:30:38+00:00\" \/>\n<meta property=\"og:image\" content=\"https:\/\/www.embryo.nl\/wp-content\/uploads\/2023\/01\/Header-2016-cursus-1.jpg\" \/>\n\t<meta property=\"og:image:width\" content=\"4677\" \/>\n\t<meta property=\"og:image:height\" content=\"653\" \/>\n\t<meta property=\"og:image:type\" content=\"image\/jpeg\" \/>\n<meta name=\"twitter:card\" content=\"summary_large_image\" \/>\n<meta name=\"twitter:label1\" content=\"Gesch\u00e4tzte Lesezeit\" \/>\n\t<meta name=\"twitter:data1\" content=\"4\u00a0Minuten\" \/>\n<script type=\"application\/ld+json\" class=\"yoast-schema-graph\">{\"@context\":\"https:\\\/\\\/schema.org\",\"@graph\":[{\"@type\":\"WebPage\",\"@id\":\"https:\\\/\\\/www.embryo.nl\\\/first-answers-to-questions\\\/\",\"url\":\"https:\\\/\\\/www.embryo.nl\\\/first-answers-to-questions\\\/\",\"name\":\"Antworten zu den gestellten Fragen\",\"isPartOf\":{\"@id\":\"https:\\\/\\\/www.embryo.nl\\\/#website\"},\"primaryImageOfPage\":{\"@id\":\"https:\\\/\\\/www.embryo.nl\\\/first-answers-to-questions\\\/#primaryimage\"},\"image\":{\"@id\":\"https:\\\/\\\/www.embryo.nl\\\/first-answers-to-questions\\\/#primaryimage\"},\"thumbnailUrl\":\"https:\\\/\\\/www.embryo.nl\\\/wp-content\\\/uploads\\\/2023\\\/01\\\/Header-2016-cursus-1.jpg\",\"datePublished\":\"2023-05-08T09:06:17+00:00\",\"dateModified\":\"2023-09-10T12:30:38+00:00\",\"description\":\"Een andere kijk op vragen als Waar komen wij vandaan? Wat doen we als embryo? Hoe is het met bewustzijn een geest voor de geboorte? Niet vanzelfsprekende antwoorden.\",\"breadcrumb\":{\"@id\":\"https:\\\/\\\/www.embryo.nl\\\/first-answers-to-questions\\\/#breadcrumb\"},\"inLanguage\":\"de-DE\",\"potentialAction\":[{\"@type\":\"ReadAction\",\"target\":[\"https:\\\/\\\/www.embryo.nl\\\/first-answers-to-questions\\\/\"]}]},{\"@type\":\"ImageObject\",\"inLanguage\":\"de-DE\",\"@id\":\"https:\\\/\\\/www.embryo.nl\\\/first-answers-to-questions\\\/#primaryimage\",\"url\":\"https:\\\/\\\/www.embryo.nl\\\/wp-content\\\/uploads\\\/2023\\\/01\\\/Header-2016-cursus-1.jpg\",\"contentUrl\":\"https:\\\/\\\/www.embryo.nl\\\/wp-content\\\/uploads\\\/2023\\\/01\\\/Header-2016-cursus-1.jpg\",\"width\":4677,\"height\":653},{\"@type\":\"BreadcrumbList\",\"@id\":\"https:\\\/\\\/www.embryo.nl\\\/first-answers-to-questions\\\/#breadcrumb\",\"itemListElement\":[{\"@type\":\"ListItem\",\"position\":1,\"name\":\"Home\",\"item\":\"https:\\\/\\\/www.embryo.nl\\\/en\\\/\"},{\"@type\":\"ListItem\",\"position\":2,\"name\":\"Antwoord op de eerste vragen\"}]},{\"@type\":\"WebSite\",\"@id\":\"https:\\\/\\\/www.embryo.nl\\\/#website\",\"url\":\"https:\\\/\\\/www.embryo.nl\\\/\",\"name\":\"The Embryo in us - Embryo in Motion\",\"description\":\"Seele und K\u00f6rper bevor und nach der Geburt\",\"publisher\":{\"@id\":\"https:\\\/\\\/www.embryo.nl\\\/#\\\/schema\\\/person\\\/0d402ade5f58756241163dc72bbedbe5\"},\"potentialAction\":[{\"@type\":\"SearchAction\",\"target\":{\"@type\":\"EntryPoint\",\"urlTemplate\":\"https:\\\/\\\/www.embryo.nl\\\/?s={search_term_string}\"},\"query-input\":{\"@type\":\"PropertyValueSpecification\",\"valueRequired\":true,\"valueName\":\"search_term_string\"}}],\"inLanguage\":\"de-DE\"},{\"@type\":[\"Person\",\"Organization\"],\"@id\":\"https:\\\/\\\/www.embryo.nl\\\/#\\\/schema\\\/person\\\/0d402ade5f58756241163dc72bbedbe5\",\"name\":\"Jaap van der Wal\",\"image\":{\"@type\":\"ImageObject\",\"inLanguage\":\"de-DE\",\"@id\":\"https:\\\/\\\/www.embryo.nl\\\/wp-content\\\/uploads\\\/2023\\\/06\\\/banner-EiB-1-kopie.jpg\",\"url\":\"https:\\\/\\\/www.embryo.nl\\\/wp-content\\\/uploads\\\/2023\\\/06\\\/banner-EiB-1-kopie.jpg\",\"contentUrl\":\"https:\\\/\\\/www.embryo.nl\\\/wp-content\\\/uploads\\\/2023\\\/06\\\/banner-EiB-1-kopie.jpg\",\"width\":872,\"height\":622,\"caption\":\"Jaap van der Wal\"},\"logo\":{\"@id\":\"https:\\\/\\\/www.embryo.nl\\\/wp-content\\\/uploads\\\/2023\\\/06\\\/banner-EiB-1-kopie.jpg\"},\"description\":\"Born 1947. Graduated as a physician in 1973 and received a PHD (specializing in movement sense and fascia) from Maastricht University in the Netherlands in 1988. From 1973-2012 active as associate university professor in human anatomy and embryology. From 1990 founder and leader of the project Dynamension with the objective of spreading understanding of the human embryo based on phenomenological approach. Publishes and gives courses on The Embryo in Us, also called Embryo in Motion: about mind and body, connection between spirituality and science. In addition, specializes in the phenomenology of fascia.\",\"sameAs\":[\"https:\\\/\\\/embryo.nl\",\"https:\\\/\\\/www.facebook.com\\\/jaapvanderwal01\",\"https:\\\/\\\/www.youtube.com\\\/@walembryo\"]}]}<\/script>\n<!-- \/ Yoast SEO plugin. -->","yoast_head_json":{"title":"Antworten zu den gestellten Fragen","description":"Ein weiterer Blick auf Fragen wie Woher kommen wir? Was tun wir als Embryo? Wie ist das mit dem Bewusstsein und dem Verstand vor der Geburt? Keine offensichtlichen Antworten.","robots":{"index":"index","follow":"follow","max-snippet":"max-snippet:-1","max-image-preview":"max-image-preview:large","max-video-preview":"max-video-preview:-1"},"canonical":"https:\/\/www.embryo.nl\/de\/first-answers-to-questions\/","og_locale":"de_DE","og_type":"article","og_title":"[:en]Answers to the posed questions[:nl]Antwoord op de eerste vragen[:de]Antworten zu den gestellten Fragen[:] - Der Embryo in Uns","og_description":"Een andere kijk op vragen als Waar komen wij vandaan? Wat doen we als embryo? Hoe is het met bewustzijn een geest voor de geboorte? Niet vanzelfsprekende antwoorden.","og_url":"https:\/\/www.embryo.nl\/de\/first-answers-to-questions\/","og_site_name":"Der Embryo in Uns","article_publisher":"https:\/\/www.facebook.com\/jaapvanderwal01","article_modified_time":"2023-09-10T12:30:38+00:00","og_image":[{"width":4677,"height":653,"url":"https:\/\/www.embryo.nl\/wp-content\/uploads\/2023\/01\/Header-2016-cursus-1.jpg","type":"image\/jpeg"}],"twitter_card":"summary_large_image","twitter_misc":{"Gesch\u00e4tzte Lesezeit":"4\u00a0Minuten"},"schema":{"@context":"https:\/\/schema.org","@graph":[{"@type":"WebPage","@id":"https:\/\/www.embryo.nl\/first-answers-to-questions\/","url":"https:\/\/www.embryo.nl\/first-answers-to-questions\/","name":"Antworten zu den gestellten Fragen","isPartOf":{"@id":"https:\/\/www.embryo.nl\/#website"},"primaryImageOfPage":{"@id":"https:\/\/www.embryo.nl\/first-answers-to-questions\/#primaryimage"},"image":{"@id":"https:\/\/www.embryo.nl\/first-answers-to-questions\/#primaryimage"},"thumbnailUrl":"https:\/\/www.embryo.nl\/wp-content\/uploads\/2023\/01\/Header-2016-cursus-1.jpg","datePublished":"2023-05-08T09:06:17+00:00","dateModified":"2023-09-10T12:30:38+00:00","description":"Een andere kijk op vragen als Waar komen wij vandaan? Wat doen we als embryo? Hoe is het met bewustzijn een geest voor de geboorte? Niet vanzelfsprekende antwoorden.","breadcrumb":{"@id":"https:\/\/www.embryo.nl\/first-answers-to-questions\/#breadcrumb"},"inLanguage":"de-DE","potentialAction":[{"@type":"ReadAction","target":["https:\/\/www.embryo.nl\/first-answers-to-questions\/"]}]},{"@type":"ImageObject","inLanguage":"de-DE","@id":"https:\/\/www.embryo.nl\/first-answers-to-questions\/#primaryimage","url":"https:\/\/www.embryo.nl\/wp-content\/uploads\/2023\/01\/Header-2016-cursus-1.jpg","contentUrl":"https:\/\/www.embryo.nl\/wp-content\/uploads\/2023\/01\/Header-2016-cursus-1.jpg","width":4677,"height":653},{"@type":"BreadcrumbList","@id":"https:\/\/www.embryo.nl\/first-answers-to-questions\/#breadcrumb","itemListElement":[{"@type":"ListItem","position":1,"name":"Home","item":"https:\/\/www.embryo.nl\/en\/"},{"@type":"ListItem","position":2,"name":"Antwoord op de eerste vragen"}]},{"@type":"WebSite","@id":"https:\/\/www.embryo.nl\/#website","url":"https:\/\/www.embryo.nl\/","name":"The Embryo in us - Embryo in Motion","description":"Seele und K\u00f6rper bevor und nach der Geburt","publisher":{"@id":"https:\/\/www.embryo.nl\/#\/schema\/person\/0d402ade5f58756241163dc72bbedbe5"},"potentialAction":[{"@type":"SearchAction","target":{"@type":"EntryPoint","urlTemplate":"https:\/\/www.embryo.nl\/?s={search_term_string}"},"query-input":{"@type":"PropertyValueSpecification","valueRequired":true,"valueName":"search_term_string"}}],"inLanguage":"de-DE"},{"@type":["Person","Organization"],"@id":"https:\/\/www.embryo.nl\/#\/schema\/person\/0d402ade5f58756241163dc72bbedbe5","name":"Jaap van der Wal","image":{"@type":"ImageObject","inLanguage":"de-DE","@id":"https:\/\/www.embryo.nl\/wp-content\/uploads\/2023\/06\/banner-EiB-1-kopie.jpg","url":"https:\/\/www.embryo.nl\/wp-content\/uploads\/2023\/06\/banner-EiB-1-kopie.jpg","contentUrl":"https:\/\/www.embryo.nl\/wp-content\/uploads\/2023\/06\/banner-EiB-1-kopie.jpg","width":872,"height":622,"caption":"Jaap van der Wal"},"logo":{"@id":"https:\/\/www.embryo.nl\/wp-content\/uploads\/2023\/06\/banner-EiB-1-kopie.jpg"},"description":"Born 1947. Graduated as a physician in 1973 and received a PHD (specializing in movement sense and fascia) from Maastricht University in the Netherlands in 1988. From 1973-2012 active as associate university professor in human anatomy and embryology. From 1990 founder and leader of the project Dynamension with the objective of spreading understanding of the human embryo based on phenomenological approach. Publishes and gives courses on The Embryo in Us, also called Embryo in Motion: about mind and body, connection between spirituality and science. In addition, specializes in the phenomenology of fascia.","sameAs":["https:\/\/embryo.nl","https:\/\/www.facebook.com\/jaapvanderwal01","https:\/\/www.youtube.com\/@walembryo"]}]}},"_links":{"self":[{"href":"https:\/\/www.embryo.nl\/de\/wp-json\/wp\/v2\/pages\/437","targetHints":{"allow":["GET"]}}],"collection":[{"href":"https:\/\/www.embryo.nl\/de\/wp-json\/wp\/v2\/pages"}],"about":[{"href":"https:\/\/www.embryo.nl\/de\/wp-json\/wp\/v2\/types\/page"}],"author":[{"embeddable":true,"href":"https:\/\/www.embryo.nl\/de\/wp-json\/wp\/v2\/users\/2"}],"replies":[{"embeddable":true,"href":"https:\/\/www.embryo.nl\/de\/wp-json\/wp\/v2\/comments?post=437"}],"version-history":[{"count":65,"href":"https:\/\/www.embryo.nl\/de\/wp-json\/wp\/v2\/pages\/437\/revisions"}],"predecessor-version":[{"id":18527,"href":"https:\/\/www.embryo.nl\/de\/wp-json\/wp\/v2\/pages\/437\/revisions\/18527"}],"wp:featuredmedia":[{"embeddable":true,"href":"https:\/\/www.embryo.nl\/de\/wp-json\/wp\/v2\/media\/206"}],"wp:attachment":[{"href":"https:\/\/www.embryo.nl\/de\/wp-json\/wp\/v2\/media?parent=437"}],"wp:term":[{"taxonomy":"category","embeddable":true,"href":"https:\/\/www.embryo.nl\/de\/wp-json\/wp\/v2\/categories?post=437"}],"curies":[{"name":"wp","href":"https:\/\/api.w.org\/{rel}","templated":true}]}}