{"id":435,"date":"2023-05-05T14:06:17","date_gmt":"2023-05-05T14:06:17","guid":{"rendered":"https:\/\/embryo.nl\/11-welkom-inhoud\/"},"modified":"2026-02-24T13:48:32","modified_gmt":"2026-02-24T13:48:32","slug":"embryo-in-uns","status":"publish","type":"page","link":"https:\/\/www.embryo.nl\/de\/","title":{"rendered":"Der Embryo in Uns Homepage DE"},"content":{"rendered":"<div style=\"text-align: right;\" align=\"center\">\n<p><b><span style=\"color: #851521;\"><span style=\"font-size: 100%;\"><a title=\"To Homepage English version\" href=\"https:\/\/embryo.nl\/en\/\"><span style=\"color: #851521;\">Zu: ENGLISH<\/span><\/a>\u00a0&#8211;\u00a0<a title=\"Zum Homepage auf Deutsch\" href=\"https:\/\/embryo.nl\/\"><span style=\"color: #851521;\">HOLL\u00c4NDISCH<\/span><\/a><br \/>\n<\/span><\/span><\/b><\/p>\n<\/div>\n<div style=\"text-align: center;\">\n<div align=\"center\">\n<div align=\"center\">\n<div>\n<h4>Neu ab 2026:\u00a0 Der ganz Kurs auf Video (EN) \u00fcber NTC (Klick hier)<a href=\"https:\/\/ntc.ie\/the-embryo-in-us\/\" target=\"_blank\" rel=\"noopener\"><img loading=\"lazy\" decoding=\"async\" class=\"alignnone wp-image-21352 aligncenter\" src=\"https:\/\/www.embryo.nl\/wp-content\/uploads\/2026\/02\/graphic-NTC-Emryo-in-Us-strip-300x24.jpg\" alt=\"\" width=\"326\" height=\"26\" srcset=\"https:\/\/www.embryo.nl\/wp-content\/uploads\/2026\/02\/graphic-NTC-Emryo-in-Us-strip-300x24.jpg 300w, https:\/\/www.embryo.nl\/wp-content\/uploads\/2026\/02\/graphic-NTC-Emryo-in-Us-strip-1024x82.jpg 1024w, https:\/\/www.embryo.nl\/wp-content\/uploads\/2026\/02\/graphic-NTC-Emryo-in-Us-strip-768x62.jpg 768w, https:\/\/www.embryo.nl\/wp-content\/uploads\/2026\/02\/graphic-NTC-Emryo-in-Us-strip.jpg 1436w\" sizes=\"auto, (max-width: 326px) 100vw, 326px\" \/><\/a><\/h4>\n<h3 style=\"text-align: center;\"><span style=\"color: #993300;\">Der Embryo in Uns<br \/>\nNeue Ansicht auf bekannte Dinge<\/span><\/h3>\n<\/div>\n<div>Was antwortest Du auf die Frage eines Kindes: Woher komme ich?<br \/>\nHast Du eine Idee, was wir tats\u00e4chlich tun, wenn wir ein Embryo sind?<\/div>\n<\/div>\n<\/div>\n<div>Beginnt unsere Existenz bereits als Embryo, bei der Empf\u00e4ngnis?<\/div>\n<div>Denkst Du noch immer dass einer Art Super sperm, die Eizelle &#8222;befruchtet&#8220;?<\/div>\n<div>Meinst Du, dass wir anfangen als &#8222;befruchtetes Ei&#8220; und aus Zellen aufgebaut sind?<\/div>\n<div>\n<div>Dass wir &#8218;gemacht&#8216; worden sind ? Von wem dann? Kommen die Kinder <strong>von<\/strong> uns oder <strong>durch<\/strong> uns?<\/div>\n<div>\n<p><strong>Neugierig auf Antwort auf diese Fragen?<\/strong><br \/>\n<span style=\"color: #851521;\">(<strong>Sehe (*) unten auf dieser Seite <\/strong>)<\/span><\/p>\n<p><a href=\"https:\/\/ntc.ie\/the-embryo-in-us\/\" target=\"_blank\" rel=\"noopener\"><img loading=\"lazy\" decoding=\"async\" class=\"alignnone wp-image-21351\" src=\"https:\/\/www.embryo.nl\/wp-content\/uploads\/2026\/02\/graphic-NTC-Emryo-in-Us-1-300x300.jpg\" alt=\"\" width=\"263\" height=\"263\" srcset=\"https:\/\/www.embryo.nl\/wp-content\/uploads\/2026\/02\/graphic-NTC-Emryo-in-Us-1-300x300.jpg 300w, https:\/\/www.embryo.nl\/wp-content\/uploads\/2026\/02\/graphic-NTC-Emryo-in-Us-1-1024x1024.jpg 1024w, https:\/\/www.embryo.nl\/wp-content\/uploads\/2026\/02\/graphic-NTC-Emryo-in-Us-1-150x150.jpg 150w, https:\/\/www.embryo.nl\/wp-content\/uploads\/2026\/02\/graphic-NTC-Emryo-in-Us-1-768x768.jpg 768w, https:\/\/www.embryo.nl\/wp-content\/uploads\/2026\/02\/graphic-NTC-Emryo-in-Us-1.jpg 1440w\" sizes=\"auto, (max-width: 263px) 100vw, 263px\" \/>\u00a0 \u00a0 \u00a0 \u00a0 \u00a0 \u00a0 \u00a0 \u00a0 \u00a0<img loading=\"lazy\" decoding=\"async\" class=\"wp-image-19797 alignnone\" src=\"https:\/\/embryo.nl\/wp-content\/uploads\/2023\/09\/Screenshot_20230628_080431_Samsung-Internet.jpg\" alt=\"\" width=\"263\" height=\"263\" \/><\/a><\/p>\n<p>Hier ist eine andere Ansicht unserer Existenz vor der Geburt. Eine &#8222;Embryosophie&#8220;, die deutlich macht, dass die gegenw\u00e4rtige Wissenschaft mit nur biologischen Erkl\u00e4rungen nicht das letzte Wort hat, wenn es um die Bedeutung unserer (embryonalen) Existenz geht.\u00a0Sind wir vielleicht Wesen von Geist\u00a0<b>und<\/b> K\u00f6rper? Wusstest Du, dass der Embryo nicht der Vergangenheit angeh\u00f6rt, aber in uns immer noch als &#8222;Embryo in uns&#8220; aktiv ist? Dass unser K\u00f6rper keine Art biologische Maschine ist, sondern ein Prozess, eine Erscheinung in der Zeit, der K\u00f6rper als Bewegung. Mehr als ein herumwanderendes Genoom und Gehirn? Wir kommen <strong>durch<\/strong> den K\u00f6rper, nich <strong>aus <\/strong>dem K\u00f6rper!<\/p>\n<\/div>\n<\/div>\n<\/div>\n<p style=\"text-align: center;\"><i><span style=\"color: #851521; text-align: left;\"><span style=\"font-size: 133.333%;\">&#8222;<span style=\"color: #993300;\">Der K\u00f6rper entwickelt sich aus uns, nicht umgekehrt.<\/span><br \/>\n<span style=\"color: #993300;\">Wir schufen den K\u00f6rper.Zelle um Zelle haben wir ihn geschaffen&#8220;<\/span><br \/>\n<\/span><\/span><\/i><span style=\"color: #993300;\"><i><span style=\"text-align: left;\"><span style=\"font-size: 133.333%;\">(Rumi 1207-1273)<\/span><\/span><\/i><\/span><\/p>\n<h2 style=\"text-align: center;\"><span style=\"color: #800000;\">Wie ist das? Interessiert an der Embryosophie von<br \/>\nJaap van der Wal, Arzt-Anatom-Embryologe?<\/span><\/h2>\n<div style=\"text-align: center;\">\n<div style=\"text-align: center;\">Am 14. November 2023 wurde ich in die &#8222;Hall of Honor&#8220; (&#8222;Ehrensaal&#8220;) der pr\u00e4natalen Wissenschaft aufgenommen, wie es so sch\u00f6n hei\u00dft. Mein sogenannter &#8222;Award Talk&#8220; gipfelte in einer Art Credo, in dem ich darlegte, was ich mit meinen Kursen \u00fcber den Embryo in uns bezwecke und anstrebe. Kurz und auf den Punkt gebracht.<br \/>\n<span style=\"color: #993300;\"><span style=\"color: #993300;\"><a style=\"color: #993300;\" href=\"https:\/\/embryo.nl\/de\/embryo-in-hall-of-fame\/\"><strong>CREDO<\/strong> eines EMBRYOSOPHEN mit Folien<\/a>.<\/span><\/span><\/div>\n<\/div>\n<div style=\"text-align: center;\">\n<p><a href=\"https:\/\/www.youtube.com\/watch?v=ERsBpXHeadY&#038;t=40s\" target=\"_blank\" rel=\"noopener\"><img loading=\"lazy\" decoding=\"async\" class=\"alignnone wp-image-326\" title=\"Embryo in Uns in Musik, Bild und Text von Andrea Wandel\" src=\"https:\/\/embryo.nl\/wp-content\/uploads\/2023\/01\/Verwaal-embryo-rugaanzicht.jpg\" alt=\"\" width=\"167\" height=\"197\" \/><\/a><\/p>\n<\/div>\n<div style=\"text-align: center;\">\n<p>Der Embryo in Uns<br \/>\nBild, Musik und Text von Andrea Wandel<\/p>\n<h3><span style=\"color: #00ccff;\"><span style=\"font-size: 16px;\">Interessiert in einem <\/span><strong style=\"font-size: 16px;\"><a style=\"color: #00ccff;\" title=\"\" href=\"https:\/\/embryo.nl\/de\/course-calendar\/\">Kurs <\/a><\/strong><span style=\"font-size: 16px;\">oder Webinar von Jaap. <\/span><strong style=\"font-size: 16px;\"><a style=\"color: #00ccff;\" title=\"\" href=\"https:\/\/embryo.nl\/de\/mission-and-vision\/\">Mehr lesen?<\/a>.<\/strong><\/span><\/h3>\n<\/div>\n<div style=\"text-align: center;\">\n<div>\n<p><span style=\"color: #00ccff;\"><strong>Suche mich auch auf <a style=\"color: #00ccff;\" href=\"https:\/\/www.facebook.com\/jaapvanderwal01\" target=\"_blank\" rel=\"noopener\">Facebook<\/a><\/strong><\/span><\/p>\n<\/div>\n<\/div>\n<p style=\"text-align: center;\"><span style=\"color: #993300;\">Jaap h\u00f6ren und sehen?<\/span><strong style=\"color: #800000;\"><br \/>\n<\/strong><span style=\"color: #00ccff;\"><a style=\"color: #00ccff;\" title=\"\" href=\"https:\/\/www.youtube.com\/watch?v=CE-1wwEZBH0&#038;list=PL2ySrSp5igSH-34jy3XpN-31I9bSfc8CC&#038;index=1&#038;t=339s\" target=\"_blank\" rel=\"noopener\"><b>Lessons from the Embryo about Growth<\/b><\/a><\/span><br \/>\n<span style=\"color: #00ccff;\">2017 (Englisch)<\/span><\/p>\n<p style=\"text-align: center;\">NOCH NEUEREN DATUMS! NOVEMBER 2023<br \/>\n<strong><span style=\"color: #993300;\">Podcast \u00fcber The Trueman Show #148<\/span><\/strong><br \/>\n<span style=\"color: #000000;\">Jaap van der Wal<\/span><br \/>\n<a href=\"https:\/\/www.youtube.com\/watch?v=RPQNQk4vh8k&#038;list=PPSV\" target=\"_blank\" rel=\"noopener\"><strong><span style=\"color: #00ccff;\">&#8218;Fenomenologische Embryologie&#8216;<\/span><\/strong><\/a><br \/>\nBildunterschrift wir vorbereitet<\/p>\n<p style=\"text-align: right;\"><span style=\"color: #000000;\"><strong>(*)\u00a0<a style=\"color: #000000;\" title=\"\" href=\"https:\/\/embryo.nl\/de\/first-answers-to-questions\/\"><i><\/i><i>Erste vorl\u00e4ufige\u00a0<\/i><i>Antworten<br \/>\nzu den gestellten Fragen?<\/i><\/a><\/strong><\/span><\/p>\n<div style=\"text-align: center;\"><\/div>\n","protected":false},"excerpt":{"rendered":"<p>Zu: ENGLISH\u00a0&#8211;\u00a0HOLL\u00c4NDISCH Neu ab 2026:\u00a0 Der ganz Kurs auf Video (EN) \u00fcber NTC (Klick hier) Der Embryo in Uns Neue [&hellip;]<\/p>\n","protected":false},"author":2,"featured_media":206,"parent":0,"menu_order":2,"comment_status":"closed","ping_status":"closed","template":"page-templates\/blogmetheader.php","meta":{"footnotes":""},"categories":[43],"class_list":["post-435","page","type-page","status-publish","has-post-thumbnail","hentry","category-voorpagina"],"yoast_head":"<!-- This site is optimized with the Yoast SEO plugin v27.4 - https:\/\/yoast.com\/product\/yoast-seo-wordpress\/ -->\n<title>Der Embryo in Uns Homepage DE<\/title>\n<meta name=\"description\" content=\"Vorgeburtliches Sein? Ein weiterer Blick auf die pr\u00e4natale Existenz. \u00dcber Geist und K\u00f6rper vor und nach der Geburt. Jaap van der Wal \u00fcber Den Embryo in uns.\" \/>\n<meta name=\"robots\" content=\"index, follow, max-snippet:-1, max-image-preview:large, max-video-preview:-1\" \/>\n<link rel=\"canonical\" href=\"https:\/\/www.embryo.nl\/de\/\" \/>\n<meta property=\"og:locale\" content=\"de_DE\" \/>\n<meta property=\"og:locale:alternate\" content=\"en_US\" \/>\n<meta property=\"og:locale:alternate\" content=\"nl_NL\" \/>\n<meta property=\"og:type\" content=\"article\" \/>\n<meta property=\"og:title\" content=\"Der Embryo in Uns Homepage DE\" \/>\n<meta property=\"og:description\" content=\"Vorgeburtliches Sein? Ein weiterer Blick auf die pr\u00e4natale Existenz. \u00dcber Geist und K\u00f6rper vor und nach der Geburt. Jaap van der Wal \u00fcber Den Embryo in uns.\" \/>\n<meta property=\"og:url\" content=\"https:\/\/www.embryo.nl\/de\/\" \/>\n<meta property=\"og:site_name\" content=\"Der Embryo in Uns\" \/>\n<meta property=\"article:publisher\" content=\"https:\/\/www.facebook.com\/jaapvanderwal01\" \/>\n<meta property=\"article:modified_time\" content=\"2026-02-24T13:48:32+00:00\" \/>\n<meta property=\"og:image\" content=\"https:\/\/www.embryo.nl\/wp-content\/uploads\/2023\/01\/Header-2016-cursus-1.jpg\" \/>\n\t<meta property=\"og:image:width\" content=\"4677\" \/>\n\t<meta property=\"og:image:height\" content=\"653\" \/>\n\t<meta property=\"og:image:type\" content=\"image\/jpeg\" \/>\n<meta name=\"twitter:card\" content=\"summary_large_image\" \/>\n<meta name=\"twitter:label1\" content=\"Gesch\u00e4tzte Lesezeit\" \/>\n\t<meta name=\"twitter:data1\" content=\"3\u00a0Minuten\" \/>\n<script type=\"application\/ld+json\" class=\"yoast-schema-graph\">{\"@context\":\"https:\\\/\\\/schema.org\",\"@graph\":[{\"@type\":\"WebPage\",\"@id\":\"https:\\\/\\\/www.embryo.nl\\\/en\\\/\",\"url\":\"https:\\\/\\\/www.embryo.nl\\\/en\\\/\",\"name\":\"Der Embryo in Uns Homepage DE\",\"isPartOf\":{\"@id\":\"https:\\\/\\\/www.embryo.nl\\\/#website\"},\"primaryImageOfPage\":{\"@id\":\"https:\\\/\\\/www.embryo.nl\\\/en\\\/#primaryimage\"},\"image\":{\"@id\":\"https:\\\/\\\/www.embryo.nl\\\/en\\\/#primaryimage\"},\"thumbnailUrl\":\"https:\\\/\\\/www.embryo.nl\\\/wp-content\\\/uploads\\\/2023\\\/01\\\/Header-2016-cursus-1.jpg\",\"datePublished\":\"2023-05-05T14:06:17+00:00\",\"dateModified\":\"2026-02-24T13:48:32+00:00\",\"description\":\"Vorgeburtliches Sein? Ein weiterer Blick auf die pr\u00e4natale Existenz. \u00dcber Geist und K\u00f6rper vor und nach der Geburt. Jaap van der Wal \u00fcber Den Embryo in uns.\",\"breadcrumb\":{\"@id\":\"https:\\\/\\\/www.embryo.nl\\\/en\\\/#breadcrumb\"},\"inLanguage\":\"de-DE\",\"potentialAction\":[{\"@type\":\"ReadAction\",\"target\":[\"https:\\\/\\\/www.embryo.nl\\\/en\\\/\"]}]},{\"@type\":\"ImageObject\",\"inLanguage\":\"de-DE\",\"@id\":\"https:\\\/\\\/www.embryo.nl\\\/en\\\/#primaryimage\",\"url\":\"https:\\\/\\\/www.embryo.nl\\\/wp-content\\\/uploads\\\/2023\\\/01\\\/Header-2016-cursus-1.jpg\",\"contentUrl\":\"https:\\\/\\\/www.embryo.nl\\\/wp-content\\\/uploads\\\/2023\\\/01\\\/Header-2016-cursus-1.jpg\",\"width\":4677,\"height\":653},{\"@type\":\"BreadcrumbList\",\"@id\":\"https:\\\/\\\/www.embryo.nl\\\/en\\\/#breadcrumb\",\"itemListElement\":[{\"@type\":\"ListItem\",\"position\":1,\"name\":\"Home\",\"item\":\"https:\\\/\\\/www.embryo.nl\\\/en\\\/\"},{\"@type\":\"ListItem\",\"position\":2,\"name\":\"The Embryo in Us Homepage EN\"}]},{\"@type\":\"WebSite\",\"@id\":\"https:\\\/\\\/www.embryo.nl\\\/#website\",\"url\":\"https:\\\/\\\/www.embryo.nl\\\/\",\"name\":\"The Embryo in us - Embryo in Motion\",\"description\":\"Seele und K\u00f6rper bevor und nach der Geburt\",\"publisher\":{\"@id\":\"https:\\\/\\\/www.embryo.nl\\\/#\\\/schema\\\/person\\\/0d402ade5f58756241163dc72bbedbe5\"},\"potentialAction\":[{\"@type\":\"SearchAction\",\"target\":{\"@type\":\"EntryPoint\",\"urlTemplate\":\"https:\\\/\\\/www.embryo.nl\\\/?s={search_term_string}\"},\"query-input\":{\"@type\":\"PropertyValueSpecification\",\"valueRequired\":true,\"valueName\":\"search_term_string\"}}],\"inLanguage\":\"de-DE\"},{\"@type\":[\"Person\",\"Organization\"],\"@id\":\"https:\\\/\\\/www.embryo.nl\\\/#\\\/schema\\\/person\\\/0d402ade5f58756241163dc72bbedbe5\",\"name\":\"Jaap van der Wal\",\"image\":{\"@type\":\"ImageObject\",\"inLanguage\":\"de-DE\",\"@id\":\"https:\\\/\\\/www.embryo.nl\\\/wp-content\\\/uploads\\\/2023\\\/06\\\/banner-EiB-1-kopie.jpg\",\"url\":\"https:\\\/\\\/www.embryo.nl\\\/wp-content\\\/uploads\\\/2023\\\/06\\\/banner-EiB-1-kopie.jpg\",\"contentUrl\":\"https:\\\/\\\/www.embryo.nl\\\/wp-content\\\/uploads\\\/2023\\\/06\\\/banner-EiB-1-kopie.jpg\",\"width\":872,\"height\":622,\"caption\":\"Jaap van der Wal\"},\"logo\":{\"@id\":\"https:\\\/\\\/www.embryo.nl\\\/wp-content\\\/uploads\\\/2023\\\/06\\\/banner-EiB-1-kopie.jpg\"},\"description\":\"Born 1947. Graduated as a physician in 1973 and received a PHD (specializing in movement sense and fascia) from Maastricht University in the Netherlands in 1988. From 1973-2012 active as associate university professor in human anatomy and embryology. From 1990 founder and leader of the project Dynamension with the objective of spreading understanding of the human embryo based on phenomenological approach. Publishes and gives courses on The Embryo in Us, also called Embryo in Motion: about mind and body, connection between spirituality and science. In addition, specializes in the phenomenology of fascia.\",\"sameAs\":[\"https:\\\/\\\/embryo.nl\",\"https:\\\/\\\/www.facebook.com\\\/jaapvanderwal01\",\"https:\\\/\\\/www.youtube.com\\\/@walembryo\"]}]}<\/script>\n<!-- \/ Yoast SEO plugin. -->","yoast_head_json":{"title":"Der Embryo in Uns Homepage DE","description":"Vorgeburtliches Sein? Ein weiterer Blick auf die pr\u00e4natale Existenz. \u00dcber Geist und K\u00f6rper vor und nach der Geburt. Jaap van der Wal \u00fcber Den Embryo in uns.","robots":{"index":"index","follow":"follow","max-snippet":"max-snippet:-1","max-image-preview":"max-image-preview:large","max-video-preview":"max-video-preview:-1"},"canonical":"https:\/\/www.embryo.nl\/de\/","og_locale":"de_DE","og_type":"article","og_title":"[:en]The Embryo in Us Homepage[:nl]Het Embryo in Ons Homepage[:de]Der Embryo in Uns Homepage DE[:]","og_description":"[:en]Preborn existence? Another view of prenatal existence. On Mind and Body before and after birth. Jaap van der Wal on The Embryo in Us.[:nl]Voorgeboortelijk bestaan? Een andere kijk op het prenatale bestaan. Over Geest en Lichaam voor en na de geboorte. Jaap van der Wal over Het Embryo in Ons.[:de]Vorgeburtliches Sein? Ein weiterer Blick auf die pr\u00e4natale Existenz. \u00dcber Geist und K\u00f6rper vor und nach der Geburt. Jaap van der Wal \u00fcber Den Embryo in uns.[:]","og_url":"https:\/\/www.embryo.nl\/de\/","og_site_name":"Der Embryo in Uns","article_publisher":"https:\/\/www.facebook.com\/jaapvanderwal01","article_modified_time":"2026-02-24T13:48:32+00:00","og_image":[{"width":4677,"height":653,"url":"https:\/\/www.embryo.nl\/wp-content\/uploads\/2023\/01\/Header-2016-cursus-1.jpg","type":"image\/jpeg"}],"twitter_card":"summary_large_image","twitter_misc":{"Gesch\u00e4tzte Lesezeit":"3\u00a0Minuten"},"schema":{"@context":"https:\/\/schema.org","@graph":[{"@type":"WebPage","@id":"https:\/\/www.embryo.nl\/en\/","url":"https:\/\/www.embryo.nl\/en\/","name":"Der Embryo in Uns Homepage DE","isPartOf":{"@id":"https:\/\/www.embryo.nl\/#website"},"primaryImageOfPage":{"@id":"https:\/\/www.embryo.nl\/en\/#primaryimage"},"image":{"@id":"https:\/\/www.embryo.nl\/en\/#primaryimage"},"thumbnailUrl":"https:\/\/www.embryo.nl\/wp-content\/uploads\/2023\/01\/Header-2016-cursus-1.jpg","datePublished":"2023-05-05T14:06:17+00:00","dateModified":"2026-02-24T13:48:32+00:00","description":"Vorgeburtliches Sein? Ein weiterer Blick auf die pr\u00e4natale Existenz. \u00dcber Geist und K\u00f6rper vor und nach der Geburt. Jaap van der Wal \u00fcber Den Embryo in uns.","breadcrumb":{"@id":"https:\/\/www.embryo.nl\/en\/#breadcrumb"},"inLanguage":"de-DE","potentialAction":[{"@type":"ReadAction","target":["https:\/\/www.embryo.nl\/en\/"]}]},{"@type":"ImageObject","inLanguage":"de-DE","@id":"https:\/\/www.embryo.nl\/en\/#primaryimage","url":"https:\/\/www.embryo.nl\/wp-content\/uploads\/2023\/01\/Header-2016-cursus-1.jpg","contentUrl":"https:\/\/www.embryo.nl\/wp-content\/uploads\/2023\/01\/Header-2016-cursus-1.jpg","width":4677,"height":653},{"@type":"BreadcrumbList","@id":"https:\/\/www.embryo.nl\/en\/#breadcrumb","itemListElement":[{"@type":"ListItem","position":1,"name":"Home","item":"https:\/\/www.embryo.nl\/en\/"},{"@type":"ListItem","position":2,"name":"The Embryo in Us Homepage EN"}]},{"@type":"WebSite","@id":"https:\/\/www.embryo.nl\/#website","url":"https:\/\/www.embryo.nl\/","name":"The Embryo in us - Embryo in Motion","description":"Seele und K\u00f6rper bevor und nach der Geburt","publisher":{"@id":"https:\/\/www.embryo.nl\/#\/schema\/person\/0d402ade5f58756241163dc72bbedbe5"},"potentialAction":[{"@type":"SearchAction","target":{"@type":"EntryPoint","urlTemplate":"https:\/\/www.embryo.nl\/?s={search_term_string}"},"query-input":{"@type":"PropertyValueSpecification","valueRequired":true,"valueName":"search_term_string"}}],"inLanguage":"de-DE"},{"@type":["Person","Organization"],"@id":"https:\/\/www.embryo.nl\/#\/schema\/person\/0d402ade5f58756241163dc72bbedbe5","name":"Jaap van der Wal","image":{"@type":"ImageObject","inLanguage":"de-DE","@id":"https:\/\/www.embryo.nl\/wp-content\/uploads\/2023\/06\/banner-EiB-1-kopie.jpg","url":"https:\/\/www.embryo.nl\/wp-content\/uploads\/2023\/06\/banner-EiB-1-kopie.jpg","contentUrl":"https:\/\/www.embryo.nl\/wp-content\/uploads\/2023\/06\/banner-EiB-1-kopie.jpg","width":872,"height":622,"caption":"Jaap van der Wal"},"logo":{"@id":"https:\/\/www.embryo.nl\/wp-content\/uploads\/2023\/06\/banner-EiB-1-kopie.jpg"},"description":"Born 1947. Graduated as a physician in 1973 and received a PHD (specializing in movement sense and fascia) from Maastricht University in the Netherlands in 1988. From 1973-2012 active as associate university professor in human anatomy and embryology. From 1990 founder and leader of the project Dynamension with the objective of spreading understanding of the human embryo based on phenomenological approach. Publishes and gives courses on The Embryo in Us, also called Embryo in Motion: about mind and body, connection between spirituality and science. In addition, specializes in the phenomenology of fascia.","sameAs":["https:\/\/embryo.nl","https:\/\/www.facebook.com\/jaapvanderwal01","https:\/\/www.youtube.com\/@walembryo"]}]}},"_links":{"self":[{"href":"https:\/\/www.embryo.nl\/de\/wp-json\/wp\/v2\/pages\/435","targetHints":{"allow":["GET"]}}],"collection":[{"href":"https:\/\/www.embryo.nl\/de\/wp-json\/wp\/v2\/pages"}],"about":[{"href":"https:\/\/www.embryo.nl\/de\/wp-json\/wp\/v2\/types\/page"}],"author":[{"embeddable":true,"href":"https:\/\/www.embryo.nl\/de\/wp-json\/wp\/v2\/users\/2"}],"replies":[{"embeddable":true,"href":"https:\/\/www.embryo.nl\/de\/wp-json\/wp\/v2\/comments?post=435"}],"version-history":[{"count":320,"href":"https:\/\/www.embryo.nl\/de\/wp-json\/wp\/v2\/pages\/435\/revisions"}],"predecessor-version":[{"id":21369,"href":"https:\/\/www.embryo.nl\/de\/wp-json\/wp\/v2\/pages\/435\/revisions\/21369"}],"wp:featuredmedia":[{"embeddable":true,"href":"https:\/\/www.embryo.nl\/de\/wp-json\/wp\/v2\/media\/206"}],"wp:attachment":[{"href":"https:\/\/www.embryo.nl\/de\/wp-json\/wp\/v2\/media?parent=435"}],"wp:term":[{"taxonomy":"category","embeddable":true,"href":"https:\/\/www.embryo.nl\/de\/wp-json\/wp\/v2\/categories?post=435"}],"curies":[{"name":"wp","href":"https:\/\/api.w.org\/{rel}","templated":true}]}}