{"id":18669,"date":"2023-09-09T17:45:00","date_gmt":"2023-09-09T17:45:00","guid":{"rendered":"https:\/\/embryo.nl\/en\/?page_id=18669"},"modified":"2023-09-16T18:55:25","modified_gmt":"2023-09-16T18:55:25","slug":"publicaciones-en-espanol","status":"publish","type":"page","link":"https:\/\/www.embryo.nl\/de\/publicaciones-en-espanol\/","title":{"rendered":"Publicaciones en espa\u00f1ol"},"content":{"rendered":"<p>LEER<\/p>\n<p><a href=\"https:\/\/embryo.nl\/en\/1839-interview-lidia-estany-2016-es\/\">video-interview-jaap-vida-intrauterina-2016-en<\/a><\/p>\n<p><a href=\"https:\/\/embryo.nl\/en\/discorso-del-embrion-2014-es\/\">Discorso del Embr\u00edon &#8211; 2014 ES<\/a><\/p>\n<p><a href=\"https:\/\/embryo.nl\/en\/el-embrion-en-nosotros-2011-es\/\">El Embr\u00edon en nosotros &#8211; 2011 ES<\/a><\/p>\n<p>&nbsp;<\/p>\n","protected":false},"excerpt":{"rendered":"<p>LEER video-interview-jaap-vida-intrauterina-2016-en Discorso del Embr\u00edon &#8211; 2014 ES El Embr\u00edon en nosotros &#8211; 2011 ES &nbsp;<\/p>\n","protected":false},"author":2,"featured_media":0,"parent":0,"menu_order":45,"comment_status":"closed","ping_status":"closed","template":"page-templates\/blogmetheader.php","meta":{"footnotes":""},"categories":[33,40],"class_list":["post-18669","page","type-page","status-publish","hentry","category-document","category-spaans"],"yoast_head":"<!-- This site is optimized with the Yoast SEO plugin v27.4 - https:\/\/yoast.com\/product\/yoast-seo-wordpress\/ -->\n<title>Publicaciones en espa\u00f1ol<\/title>\n<meta name=\"robots\" content=\"index, follow, max-snippet:-1, max-image-preview:large, max-video-preview:-1\" \/>\n<link rel=\"canonical\" href=\"https:\/\/www.embryo.nl\/de\/publicaciones-en-espanol\/\" \/>\n<meta property=\"og:locale\" content=\"de_DE\" \/>\n<meta property=\"og:locale:alternate\" content=\"en_US\" \/>\n<meta property=\"og:locale:alternate\" content=\"nl_NL\" \/>\n<meta property=\"og:type\" content=\"article\" \/>\n<meta property=\"og:title\" content=\"Publicaciones en espa\u00f1ol\" \/>\n<meta property=\"og:description\" content=\"LEER video-interview-jaap-vida-intrauterina-2016-en Discorso del Embr\u00edon &#8211; 2014 ES El Embr\u00edon en nosotros &#8211; 2011 ES &nbsp;\" \/>\n<meta property=\"og:url\" content=\"https:\/\/www.embryo.nl\/de\/publicaciones-en-espanol\/\" \/>\n<meta property=\"og:site_name\" content=\"Der Embryo in Uns\" \/>\n<meta property=\"article:publisher\" content=\"https:\/\/www.facebook.com\/jaapvanderwal01\" \/>\n<meta property=\"article:modified_time\" content=\"2023-09-16T18:55:25+00:00\" \/>\n<meta name=\"twitter:card\" content=\"summary_large_image\" \/>\n<meta name=\"twitter:label1\" content=\"Gesch\u00e4tzte Lesezeit\" \/>\n\t<meta name=\"twitter:data1\" content=\"1\u00a0Minute\" \/>\n<script type=\"application\/ld+json\" class=\"yoast-schema-graph\">{\"@context\":\"https:\\\/\\\/schema.org\",\"@graph\":[{\"@type\":\"WebPage\",\"@id\":\"https:\\\/\\\/www.embryo.nl\\\/publicaciones-en-espanol\\\/\",\"url\":\"https:\\\/\\\/www.embryo.nl\\\/publicaciones-en-espanol\\\/\",\"name\":\"Publicaciones en espa\u00f1ol\",\"isPartOf\":{\"@id\":\"https:\\\/\\\/www.embryo.nl\\\/#website\"},\"datePublished\":\"2023-09-09T17:45:00+00:00\",\"dateModified\":\"2023-09-16T18:55:25+00:00\",\"breadcrumb\":{\"@id\":\"https:\\\/\\\/www.embryo.nl\\\/publicaciones-en-espanol\\\/#breadcrumb\"},\"inLanguage\":\"de-DE\",\"potentialAction\":[{\"@type\":\"ReadAction\",\"target\":[\"https:\\\/\\\/www.embryo.nl\\\/publicaciones-en-espanol\\\/\"]}]},{\"@type\":\"BreadcrumbList\",\"@id\":\"https:\\\/\\\/www.embryo.nl\\\/publicaciones-en-espanol\\\/#breadcrumb\",\"itemListElement\":[{\"@type\":\"ListItem\",\"position\":1,\"name\":\"Home\",\"item\":\"https:\\\/\\\/www.embryo.nl\\\/en\\\/\"},{\"@type\":\"ListItem\",\"position\":2,\"name\":\"Publicaciones en espa\u00f1ol\"}]},{\"@type\":\"WebSite\",\"@id\":\"https:\\\/\\\/www.embryo.nl\\\/#website\",\"url\":\"https:\\\/\\\/www.embryo.nl\\\/\",\"name\":\"The Embryo in us - Embryo in Motion\",\"description\":\"Seele und K\u00f6rper bevor und nach der Geburt\",\"publisher\":{\"@id\":\"https:\\\/\\\/www.embryo.nl\\\/#\\\/schema\\\/person\\\/0d402ade5f58756241163dc72bbedbe5\"},\"potentialAction\":[{\"@type\":\"SearchAction\",\"target\":{\"@type\":\"EntryPoint\",\"urlTemplate\":\"https:\\\/\\\/www.embryo.nl\\\/?s={search_term_string}\"},\"query-input\":{\"@type\":\"PropertyValueSpecification\",\"valueRequired\":true,\"valueName\":\"search_term_string\"}}],\"inLanguage\":\"de-DE\"},{\"@type\":[\"Person\",\"Organization\"],\"@id\":\"https:\\\/\\\/www.embryo.nl\\\/#\\\/schema\\\/person\\\/0d402ade5f58756241163dc72bbedbe5\",\"name\":\"Jaap van der Wal\",\"image\":{\"@type\":\"ImageObject\",\"inLanguage\":\"de-DE\",\"@id\":\"https:\\\/\\\/www.embryo.nl\\\/wp-content\\\/uploads\\\/2023\\\/06\\\/banner-EiB-1-kopie.jpg\",\"url\":\"https:\\\/\\\/www.embryo.nl\\\/wp-content\\\/uploads\\\/2023\\\/06\\\/banner-EiB-1-kopie.jpg\",\"contentUrl\":\"https:\\\/\\\/www.embryo.nl\\\/wp-content\\\/uploads\\\/2023\\\/06\\\/banner-EiB-1-kopie.jpg\",\"width\":872,\"height\":622,\"caption\":\"Jaap van der Wal\"},\"logo\":{\"@id\":\"https:\\\/\\\/www.embryo.nl\\\/wp-content\\\/uploads\\\/2023\\\/06\\\/banner-EiB-1-kopie.jpg\"},\"description\":\"Born 1947. Graduated as a physician in 1973 and received a PHD (specializing in movement sense and fascia) from Maastricht University in the Netherlands in 1988. From 1973-2012 active as associate university professor in human anatomy and embryology. From 1990 founder and leader of the project Dynamension with the objective of spreading understanding of the human embryo based on phenomenological approach. Publishes and gives courses on The Embryo in Us, also called Embryo in Motion: about mind and body, connection between spirituality and science. In addition, specializes in the phenomenology of fascia.\",\"sameAs\":[\"https:\\\/\\\/embryo.nl\",\"https:\\\/\\\/www.facebook.com\\\/jaapvanderwal01\",\"https:\\\/\\\/www.youtube.com\\\/@walembryo\"]}]}<\/script>\n<!-- \/ Yoast SEO plugin. -->","yoast_head_json":{"title":"Publicaciones en espa\u00f1ol","robots":{"index":"index","follow":"follow","max-snippet":"max-snippet:-1","max-image-preview":"max-image-preview:large","max-video-preview":"max-video-preview:-1"},"canonical":"https:\/\/www.embryo.nl\/de\/publicaciones-en-espanol\/","og_locale":"de_DE","og_type":"article","og_title":"[:en]Publicaciones en espa\u00f1ol[:nl]Publicaciones en espa\u00f1ol[:de]Publicaciones en espa\u00f1ol[:] - Der Embryo in Uns","og_description":"LEER video-interview-jaap-vida-intrauterina-2016-en Discorso del Embr\u00edon &#8211; 2014 ES El Embr\u00edon en nosotros &#8211; 2011 ES &nbsp;","og_url":"https:\/\/www.embryo.nl\/de\/publicaciones-en-espanol\/","og_site_name":"Der Embryo in Uns","article_publisher":"https:\/\/www.facebook.com\/jaapvanderwal01","article_modified_time":"2023-09-16T18:55:25+00:00","twitter_card":"summary_large_image","twitter_misc":{"Gesch\u00e4tzte Lesezeit":"1\u00a0Minute"},"schema":{"@context":"https:\/\/schema.org","@graph":[{"@type":"WebPage","@id":"https:\/\/www.embryo.nl\/publicaciones-en-espanol\/","url":"https:\/\/www.embryo.nl\/publicaciones-en-espanol\/","name":"Publicaciones en espa\u00f1ol","isPartOf":{"@id":"https:\/\/www.embryo.nl\/#website"},"datePublished":"2023-09-09T17:45:00+00:00","dateModified":"2023-09-16T18:55:25+00:00","breadcrumb":{"@id":"https:\/\/www.embryo.nl\/publicaciones-en-espanol\/#breadcrumb"},"inLanguage":"de-DE","potentialAction":[{"@type":"ReadAction","target":["https:\/\/www.embryo.nl\/publicaciones-en-espanol\/"]}]},{"@type":"BreadcrumbList","@id":"https:\/\/www.embryo.nl\/publicaciones-en-espanol\/#breadcrumb","itemListElement":[{"@type":"ListItem","position":1,"name":"Home","item":"https:\/\/www.embryo.nl\/en\/"},{"@type":"ListItem","position":2,"name":"Publicaciones en espa\u00f1ol"}]},{"@type":"WebSite","@id":"https:\/\/www.embryo.nl\/#website","url":"https:\/\/www.embryo.nl\/","name":"The Embryo in us - Embryo in Motion","description":"Seele und K\u00f6rper bevor und nach der Geburt","publisher":{"@id":"https:\/\/www.embryo.nl\/#\/schema\/person\/0d402ade5f58756241163dc72bbedbe5"},"potentialAction":[{"@type":"SearchAction","target":{"@type":"EntryPoint","urlTemplate":"https:\/\/www.embryo.nl\/?s={search_term_string}"},"query-input":{"@type":"PropertyValueSpecification","valueRequired":true,"valueName":"search_term_string"}}],"inLanguage":"de-DE"},{"@type":["Person","Organization"],"@id":"https:\/\/www.embryo.nl\/#\/schema\/person\/0d402ade5f58756241163dc72bbedbe5","name":"Jaap van der Wal","image":{"@type":"ImageObject","inLanguage":"de-DE","@id":"https:\/\/www.embryo.nl\/wp-content\/uploads\/2023\/06\/banner-EiB-1-kopie.jpg","url":"https:\/\/www.embryo.nl\/wp-content\/uploads\/2023\/06\/banner-EiB-1-kopie.jpg","contentUrl":"https:\/\/www.embryo.nl\/wp-content\/uploads\/2023\/06\/banner-EiB-1-kopie.jpg","width":872,"height":622,"caption":"Jaap van der Wal"},"logo":{"@id":"https:\/\/www.embryo.nl\/wp-content\/uploads\/2023\/06\/banner-EiB-1-kopie.jpg"},"description":"Born 1947. Graduated as a physician in 1973 and received a PHD (specializing in movement sense and fascia) from Maastricht University in the Netherlands in 1988. From 1973-2012 active as associate university professor in human anatomy and embryology. From 1990 founder and leader of the project Dynamension with the objective of spreading understanding of the human embryo based on phenomenological approach. Publishes and gives courses on The Embryo in Us, also called Embryo in Motion: about mind and body, connection between spirituality and science. In addition, specializes in the phenomenology of fascia.","sameAs":["https:\/\/embryo.nl","https:\/\/www.facebook.com\/jaapvanderwal01","https:\/\/www.youtube.com\/@walembryo"]}]}},"_links":{"self":[{"href":"https:\/\/www.embryo.nl\/de\/wp-json\/wp\/v2\/pages\/18669","targetHints":{"allow":["GET"]}}],"collection":[{"href":"https:\/\/www.embryo.nl\/de\/wp-json\/wp\/v2\/pages"}],"about":[{"href":"https:\/\/www.embryo.nl\/de\/wp-json\/wp\/v2\/types\/page"}],"author":[{"embeddable":true,"href":"https:\/\/www.embryo.nl\/de\/wp-json\/wp\/v2\/users\/2"}],"replies":[{"embeddable":true,"href":"https:\/\/www.embryo.nl\/de\/wp-json\/wp\/v2\/comments?post=18669"}],"version-history":[{"count":15,"href":"https:\/\/www.embryo.nl\/de\/wp-json\/wp\/v2\/pages\/18669\/revisions"}],"predecessor-version":[{"id":19741,"href":"https:\/\/www.embryo.nl\/de\/wp-json\/wp\/v2\/pages\/18669\/revisions\/19741"}],"wp:attachment":[{"href":"https:\/\/www.embryo.nl\/de\/wp-json\/wp\/v2\/media?parent=18669"}],"wp:term":[{"taxonomy":"category","embeddable":true,"href":"https:\/\/www.embryo.nl\/de\/wp-json\/wp\/v2\/categories?post=18669"}],"curies":[{"name":"wp","href":"https:\/\/api.w.org\/{rel}","templated":true}]}}