{"id":17076,"date":"2023-06-23T15:21:08","date_gmt":"2023-06-23T15:21:08","guid":{"rendered":"https:\/\/embryo.nl\/en\/?page_id=17076"},"modified":"2024-01-17T16:39:31","modified_gmt":"2024-01-17T16:39:31","slug":"wall-paper","status":"publish","type":"page","link":"https:\/\/www.embryo.nl\/de\/wall-paper\/","title":{"rendered":"Mauerzeitung  AKTUELLE PUBLIKATIONEN"},"content":{"rendered":"<p><strong>ESSAYS\u00a0&#8211; Buch in Arbeit<\/strong><\/p>\n<p>Hier werden, hoffentlich mit einiger Regelm\u00e4\u00dfigkeit, Aufs\u00e4tze erscheinen, die als Vorentw\u00fcrfe f\u00fcr Kapitel eines Buches \u00fcber den Embryo in uns dienen k\u00f6nnten. Die Idee ist, dass m\u00f6glicherweise die Zusammenstellung einiger dieser Aufs\u00e4tze beim <a href=\"https:\/\/www.kiener-press.com\/team.html\">Kiener Verlag<\/a> als Buchausgabe erscheinen k\u00f6nnte. Wenn du mir bei diesem Work in Progress folgen willst, gehe auf die <a href=\"https:\/\/embryo.nl\/de\/essays-embryo\/\">Seite Essays<\/a><\/p>\n<p><strong>KOLUMNE &#8211; Embryo und Aktualit\u00e4<\/strong>t<\/p>\n<p>Von den Beitr\u00e4gen, die ich regelm\u00e4\u00dfig auf meiner <a href=\"https:\/\/www.facebook.com\/jaapvanderwal01\">Facebook-Seite<\/a> ver\u00f6ffentliche, werden regelm\u00e4\u00dfig Kopien hier auf der Website unter der Rubrik <strong>Waln\u00fcsse<\/strong> gepostet. Diese Posts werden (k\u00f6nnen) nicht immer dreisprachig ver\u00f6ffentlicht werden; die am h\u00e4ufigsten verwendete Sprache wird Englisch sein.\u00a0 Gehe auf die <a href=\"https:\/\/embryo.nl\/de\/embryo-and-actuality\/\">Seite Kolumne<\/a><\/p>\n<p><strong>EXTRA DER MEHRSPRACHIGE EMBRYO <b>(Francais &#8211; Italiano &#8211; Espa\u00f1ol &#8211; \u0420\u0423\u0421\u0421\u041a\u0418\u0419 &#8211; Portugese)<\/b><\/strong><br \/>Hier findest du einige Artikel, Kapitel und andere Ver\u00f6ffentlichungen von Jaap , die in einige Fremdsprachen \u00fcbersetzt wurden:<br \/>FRANZ\u00d6SISCH <img loading=\"lazy\" decoding=\"async\" class=\"alignnone wp-image-18600\" src=\"https:\/\/embryo.nl\/wp-content\/uploads\/2023\/09\/france-flag-icon-64.png\" alt=\"\" width=\"18\" height=\"11\" \/> &#8211; ITALIENISCH <img loading=\"lazy\" decoding=\"async\" class=\"alignnone wp-image-18602\" src=\"https:\/\/embryo.nl\/wp-content\/uploads\/2023\/09\/italy-flag-icon-64.png\" alt=\"\" width=\"18\" height=\"12\" \/> &#8211; SPANISCH <img loading=\"lazy\" decoding=\"async\" class=\"alignnone wp-image-18605\" src=\"https:\/\/embryo.nl\/wp-content\/uploads\/2023\/09\/spain-flag-icon-64-1.png\" alt=\"\" width=\"21\" height=\"14\" \/> &#8211; RUSSISCH <img loading=\"lazy\" decoding=\"async\" class=\"alignnone wp-image-18604\" src=\"https:\/\/embryo.nl\/wp-content\/uploads\/2023\/09\/russia-flag-icon-64.png\" alt=\"\" width=\"17\" height=\"12\" \/> &#8211; PORTUGIESISCH <img loading=\"lazy\" decoding=\"async\" class=\"alignnone  wp-image-18929\" src=\"https:\/\/embryo.nl\/wp-content\/uploads\/2023\/09\/portugal.png\" alt=\"\" width=\"15\" height=\"10\" \/><\/p>\n","protected":false},"excerpt":{"rendered":"<p>ESSAYS\u00a0&#8211; Buch in Arbeit Hier werden, hoffentlich mit einiger Regelm\u00e4\u00dfigkeit, Aufs\u00e4tze erscheinen, die als Vorentw\u00fcrfe f\u00fcr Kapitel eines Buches \u00fcber [&hellip;]<\/p>\n","protected":false},"author":2,"featured_media":214,"parent":0,"menu_order":3,"comment_status":"closed","ping_status":"closed","template":"","meta":{"footnotes":""},"categories":[],"class_list":["post-17076","page","type-page","status-publish","has-post-thumbnail","hentry"],"yoast_head":"<!-- This site is optimized with the Yoast SEO plugin v27.4 - https:\/\/yoast.com\/product\/yoast-seo-wordpress\/ -->\n<title>Muurkrant Essays en columns - Het Embryo in Ons<\/title>\n<meta name=\"description\" content=\"Jaap van der Wal arbeitet an der Ver\u00f6ffentlichung &quot;seiner&quot; ph\u00e4nomenologischen Embryologie. Essays und kurze Anekdoten als Zutaten f\u00fcr ein Buch.\" \/>\n<meta name=\"robots\" content=\"index, follow, max-snippet:-1, max-image-preview:large, max-video-preview:-1\" \/>\n<link rel=\"canonical\" href=\"https:\/\/www.embryo.nl\/de\/wall-paper\/\" \/>\n<meta property=\"og:locale\" content=\"de_DE\" \/>\n<meta property=\"og:locale:alternate\" content=\"en_US\" \/>\n<meta property=\"og:locale:alternate\" content=\"nl_NL\" \/>\n<meta property=\"og:type\" content=\"article\" \/>\n<meta property=\"og:title\" content=\"Muurkrant Essays en columns - Het Embryo in Ons\" \/>\n<meta property=\"og:description\" content=\"ESSAYS\u00a0&#8211; Buch in Arbeit Hier werden, hoffentlich mit einiger Regelm\u00e4\u00dfigkeit, Aufs\u00e4tze erscheinen, die als Vorentw\u00fcrfe f\u00fcr Kapitel eines Buches \u00fcber [&hellip;]\" \/>\n<meta property=\"og:url\" content=\"https:\/\/www.embryo.nl\/de\/wall-paper\/\" \/>\n<meta property=\"og:site_name\" content=\"Der Embryo in Uns\" \/>\n<meta property=\"article:publisher\" content=\"https:\/\/www.facebook.com\/jaapvanderwal01\" \/>\n<meta property=\"article:modified_time\" content=\"2024-01-17T16:39:31+00:00\" \/>\n<meta property=\"og:image\" content=\"https:\/\/www.embryo.nl\/wp-content\/uploads\/2023\/01\/header-embryo-ontwikkeling.jpg\" \/>\n\t<meta property=\"og:image:width\" content=\"1031\" \/>\n\t<meta property=\"og:image:height\" content=\"182\" \/>\n\t<meta property=\"og:image:type\" content=\"image\/jpeg\" \/>\n<meta name=\"twitter:card\" content=\"summary_large_image\" \/>\n<meta name=\"twitter:label1\" content=\"Gesch\u00e4tzte Lesezeit\" \/>\n\t<meta name=\"twitter:data1\" content=\"2\u00a0Minuten\" \/>\n<script type=\"application\/ld+json\" class=\"yoast-schema-graph\">{\"@context\":\"https:\\\/\\\/schema.org\",\"@graph\":[{\"@type\":\"WebPage\",\"@id\":\"https:\\\/\\\/www.embryo.nl\\\/wall-paper\\\/\",\"url\":\"https:\\\/\\\/www.embryo.nl\\\/wall-paper\\\/\",\"name\":\"Muurkrant Essays en columns - Het Embryo in Ons\",\"isPartOf\":{\"@id\":\"https:\\\/\\\/www.embryo.nl\\\/#website\"},\"primaryImageOfPage\":{\"@id\":\"https:\\\/\\\/www.embryo.nl\\\/wall-paper\\\/#primaryimage\"},\"image\":{\"@id\":\"https:\\\/\\\/www.embryo.nl\\\/wall-paper\\\/#primaryimage\"},\"thumbnailUrl\":\"https:\\\/\\\/www.embryo.nl\\\/wp-content\\\/uploads\\\/2023\\\/01\\\/header-embryo-ontwikkeling.jpg\",\"datePublished\":\"2023-06-23T15:21:08+00:00\",\"dateModified\":\"2024-01-17T16:39:31+00:00\",\"breadcrumb\":{\"@id\":\"https:\\\/\\\/www.embryo.nl\\\/wall-paper\\\/#breadcrumb\"},\"inLanguage\":\"de-DE\",\"potentialAction\":[{\"@type\":\"ReadAction\",\"target\":[\"https:\\\/\\\/www.embryo.nl\\\/wall-paper\\\/\"]}]},{\"@type\":\"ImageObject\",\"inLanguage\":\"de-DE\",\"@id\":\"https:\\\/\\\/www.embryo.nl\\\/wall-paper\\\/#primaryimage\",\"url\":\"https:\\\/\\\/www.embryo.nl\\\/wp-content\\\/uploads\\\/2023\\\/01\\\/header-embryo-ontwikkeling.jpg\",\"contentUrl\":\"https:\\\/\\\/www.embryo.nl\\\/wp-content\\\/uploads\\\/2023\\\/01\\\/header-embryo-ontwikkeling.jpg\",\"width\":1031,\"height\":182},{\"@type\":\"BreadcrumbList\",\"@id\":\"https:\\\/\\\/www.embryo.nl\\\/wall-paper\\\/#breadcrumb\",\"itemListElement\":[{\"@type\":\"ListItem\",\"position\":1,\"name\":\"Home\",\"item\":\"https:\\\/\\\/www.embryo.nl\\\/en\\\/\"},{\"@type\":\"ListItem\",\"position\":2,\"name\":\"Muurkrant RECENTE PUBLICATIES\"}]},{\"@type\":\"WebSite\",\"@id\":\"https:\\\/\\\/www.embryo.nl\\\/#website\",\"url\":\"https:\\\/\\\/www.embryo.nl\\\/\",\"name\":\"The Embryo in us - Embryo in Motion\",\"description\":\"Seele und K\u00f6rper bevor und nach der Geburt\",\"publisher\":{\"@id\":\"https:\\\/\\\/www.embryo.nl\\\/#\\\/schema\\\/person\\\/0d402ade5f58756241163dc72bbedbe5\"},\"potentialAction\":[{\"@type\":\"SearchAction\",\"target\":{\"@type\":\"EntryPoint\",\"urlTemplate\":\"https:\\\/\\\/www.embryo.nl\\\/?s={search_term_string}\"},\"query-input\":{\"@type\":\"PropertyValueSpecification\",\"valueRequired\":true,\"valueName\":\"search_term_string\"}}],\"inLanguage\":\"de-DE\"},{\"@type\":[\"Person\",\"Organization\"],\"@id\":\"https:\\\/\\\/www.embryo.nl\\\/#\\\/schema\\\/person\\\/0d402ade5f58756241163dc72bbedbe5\",\"name\":\"Jaap van der Wal\",\"image\":{\"@type\":\"ImageObject\",\"inLanguage\":\"de-DE\",\"@id\":\"https:\\\/\\\/www.embryo.nl\\\/wp-content\\\/uploads\\\/2023\\\/06\\\/banner-EiB-1-kopie.jpg\",\"url\":\"https:\\\/\\\/www.embryo.nl\\\/wp-content\\\/uploads\\\/2023\\\/06\\\/banner-EiB-1-kopie.jpg\",\"contentUrl\":\"https:\\\/\\\/www.embryo.nl\\\/wp-content\\\/uploads\\\/2023\\\/06\\\/banner-EiB-1-kopie.jpg\",\"width\":872,\"height\":622,\"caption\":\"Jaap van der Wal\"},\"logo\":{\"@id\":\"https:\\\/\\\/www.embryo.nl\\\/wp-content\\\/uploads\\\/2023\\\/06\\\/banner-EiB-1-kopie.jpg\"},\"description\":\"Born 1947. Graduated as a physician in 1973 and received a PHD (specializing in movement sense and fascia) from Maastricht University in the Netherlands in 1988. From 1973-2012 active as associate university professor in human anatomy and embryology. From 1990 founder and leader of the project Dynamension with the objective of spreading understanding of the human embryo based on phenomenological approach. Publishes and gives courses on The Embryo in Us, also called Embryo in Motion: about mind and body, connection between spirituality and science. In addition, specializes in the phenomenology of fascia.\",\"sameAs\":[\"https:\\\/\\\/embryo.nl\",\"https:\\\/\\\/www.facebook.com\\\/jaapvanderwal01\",\"https:\\\/\\\/www.youtube.com\\\/@walembryo\"]}]}<\/script>\n<!-- \/ Yoast SEO plugin. -->","yoast_head_json":{"title":"Muurkrant Essays en columns - Het Embryo in Ons","description":"Jaap van der Wal arbeitet an der Ver\u00f6ffentlichung \"seiner\" ph\u00e4nomenologischen Embryologie. Essays und kurze Anekdoten als Zutaten f\u00fcr ein Buch.","robots":{"index":"index","follow":"follow","max-snippet":"max-snippet:-1","max-image-preview":"max-image-preview:large","max-video-preview":"max-video-preview:-1"},"canonical":"https:\/\/www.embryo.nl\/de\/wall-paper\/","og_locale":"de_DE","og_type":"article","og_title":"Muurkrant Essays en columns - Het Embryo in Ons","og_description":"ESSAYS\u00a0&#8211; Buch in Arbeit Hier werden, hoffentlich mit einiger Regelm\u00e4\u00dfigkeit, Aufs\u00e4tze erscheinen, die als Vorentw\u00fcrfe f\u00fcr Kapitel eines Buches \u00fcber [&hellip;]","og_url":"https:\/\/www.embryo.nl\/de\/wall-paper\/","og_site_name":"Der Embryo in Uns","article_publisher":"https:\/\/www.facebook.com\/jaapvanderwal01","article_modified_time":"2024-01-17T16:39:31+00:00","og_image":[{"width":1031,"height":182,"url":"https:\/\/www.embryo.nl\/wp-content\/uploads\/2023\/01\/header-embryo-ontwikkeling.jpg","type":"image\/jpeg"}],"twitter_card":"summary_large_image","twitter_misc":{"Gesch\u00e4tzte Lesezeit":"2\u00a0Minuten"},"schema":{"@context":"https:\/\/schema.org","@graph":[{"@type":"WebPage","@id":"https:\/\/www.embryo.nl\/wall-paper\/","url":"https:\/\/www.embryo.nl\/wall-paper\/","name":"Muurkrant Essays en columns - Het Embryo in Ons","isPartOf":{"@id":"https:\/\/www.embryo.nl\/#website"},"primaryImageOfPage":{"@id":"https:\/\/www.embryo.nl\/wall-paper\/#primaryimage"},"image":{"@id":"https:\/\/www.embryo.nl\/wall-paper\/#primaryimage"},"thumbnailUrl":"https:\/\/www.embryo.nl\/wp-content\/uploads\/2023\/01\/header-embryo-ontwikkeling.jpg","datePublished":"2023-06-23T15:21:08+00:00","dateModified":"2024-01-17T16:39:31+00:00","breadcrumb":{"@id":"https:\/\/www.embryo.nl\/wall-paper\/#breadcrumb"},"inLanguage":"de-DE","potentialAction":[{"@type":"ReadAction","target":["https:\/\/www.embryo.nl\/wall-paper\/"]}]},{"@type":"ImageObject","inLanguage":"de-DE","@id":"https:\/\/www.embryo.nl\/wall-paper\/#primaryimage","url":"https:\/\/www.embryo.nl\/wp-content\/uploads\/2023\/01\/header-embryo-ontwikkeling.jpg","contentUrl":"https:\/\/www.embryo.nl\/wp-content\/uploads\/2023\/01\/header-embryo-ontwikkeling.jpg","width":1031,"height":182},{"@type":"BreadcrumbList","@id":"https:\/\/www.embryo.nl\/wall-paper\/#breadcrumb","itemListElement":[{"@type":"ListItem","position":1,"name":"Home","item":"https:\/\/www.embryo.nl\/en\/"},{"@type":"ListItem","position":2,"name":"Muurkrant RECENTE PUBLICATIES"}]},{"@type":"WebSite","@id":"https:\/\/www.embryo.nl\/#website","url":"https:\/\/www.embryo.nl\/","name":"The Embryo in us - Embryo in Motion","description":"Seele und K\u00f6rper bevor und nach der Geburt","publisher":{"@id":"https:\/\/www.embryo.nl\/#\/schema\/person\/0d402ade5f58756241163dc72bbedbe5"},"potentialAction":[{"@type":"SearchAction","target":{"@type":"EntryPoint","urlTemplate":"https:\/\/www.embryo.nl\/?s={search_term_string}"},"query-input":{"@type":"PropertyValueSpecification","valueRequired":true,"valueName":"search_term_string"}}],"inLanguage":"de-DE"},{"@type":["Person","Organization"],"@id":"https:\/\/www.embryo.nl\/#\/schema\/person\/0d402ade5f58756241163dc72bbedbe5","name":"Jaap van der Wal","image":{"@type":"ImageObject","inLanguage":"de-DE","@id":"https:\/\/www.embryo.nl\/wp-content\/uploads\/2023\/06\/banner-EiB-1-kopie.jpg","url":"https:\/\/www.embryo.nl\/wp-content\/uploads\/2023\/06\/banner-EiB-1-kopie.jpg","contentUrl":"https:\/\/www.embryo.nl\/wp-content\/uploads\/2023\/06\/banner-EiB-1-kopie.jpg","width":872,"height":622,"caption":"Jaap van der Wal"},"logo":{"@id":"https:\/\/www.embryo.nl\/wp-content\/uploads\/2023\/06\/banner-EiB-1-kopie.jpg"},"description":"Born 1947. Graduated as a physician in 1973 and received a PHD (specializing in movement sense and fascia) from Maastricht University in the Netherlands in 1988. From 1973-2012 active as associate university professor in human anatomy and embryology. From 1990 founder and leader of the project Dynamension with the objective of spreading understanding of the human embryo based on phenomenological approach. Publishes and gives courses on The Embryo in Us, also called Embryo in Motion: about mind and body, connection between spirituality and science. In addition, specializes in the phenomenology of fascia.","sameAs":["https:\/\/embryo.nl","https:\/\/www.facebook.com\/jaapvanderwal01","https:\/\/www.youtube.com\/@walembryo"]}]}},"_links":{"self":[{"href":"https:\/\/www.embryo.nl\/de\/wp-json\/wp\/v2\/pages\/17076","targetHints":{"allow":["GET"]}}],"collection":[{"href":"https:\/\/www.embryo.nl\/de\/wp-json\/wp\/v2\/pages"}],"about":[{"href":"https:\/\/www.embryo.nl\/de\/wp-json\/wp\/v2\/types\/page"}],"author":[{"embeddable":true,"href":"https:\/\/www.embryo.nl\/de\/wp-json\/wp\/v2\/users\/2"}],"replies":[{"embeddable":true,"href":"https:\/\/www.embryo.nl\/de\/wp-json\/wp\/v2\/comments?post=17076"}],"version-history":[{"count":132,"href":"https:\/\/www.embryo.nl\/de\/wp-json\/wp\/v2\/pages\/17076\/revisions"}],"predecessor-version":[{"id":20524,"href":"https:\/\/www.embryo.nl\/de\/wp-json\/wp\/v2\/pages\/17076\/revisions\/20524"}],"wp:featuredmedia":[{"embeddable":true,"href":"https:\/\/www.embryo.nl\/de\/wp-json\/wp\/v2\/media\/214"}],"wp:attachment":[{"href":"https:\/\/www.embryo.nl\/de\/wp-json\/wp\/v2\/media?parent=17076"}],"wp:term":[{"taxonomy":"category","embeddable":true,"href":"https:\/\/www.embryo.nl\/de\/wp-json\/wp\/v2\/categories?post=17076"}],"curies":[{"name":"wp","href":"https:\/\/api.w.org\/{rel}","templated":true}]}}